{"id":98,"date":"2025-09-30T20:55:57","date_gmt":"2025-09-30T20:55:57","guid":{"rendered":"https:\/\/lightgray-crow-170497.hostingersite.com\/?post_type=product&#038;p=98"},"modified":"2025-09-30T20:55:57","modified_gmt":"2025-09-30T20:55:57","slug":"tondeuse-autoportee-a-ejection-arriere-mountfield-84-m","status":"publish","type":"product","link":"https:\/\/routinesfashione.com\/es\/produit\/tondeuse-autoportee-a-ejection-arriere-mountfield-84-m\/","title":{"rendered":"Tondeuse autoport\u00e9e \u00e0 \u00e9jection arri\u00e8re Mountfield 84 M"},"content":{"rendered":"<h2 class=\"mb-lg font-bold\">D\u00e9tails du produit<\/h2>\n<div class=\"grid-cols-2 md:grid md:gap-md lg:gap-lg\">\n<div class=\"pb-xl md:pb-0\">\n<div class=\"md:line-clamp-none line-clamp-4\" data-testid=\"product-details-description\">\n<h3 class=\"mb-md pt-lg first:pt-0\">Informations sur le produit<\/h3>\n<p class=\"mb-md whitespace-break-spaces\">Tondeuse autoport\u00e9e \u00e0 \u00e9jection arri\u00e8re Mountfield 84 M<\/p>\n<ul class=\"list-disc pl-md\">\n<li class=\"whitespace-break-spaces\">Id\u00e9al pour un Grand jardin<\/li>\n<li class=\"whitespace-break-spaces\">Dot\u00e9 d&#8217;une largeur de coupe de 84 cm et de 25 \u00e0 80 mm<\/li>\n<li class=\"whitespace-break-spaces\">Moteur Briggs &amp; Stratton de 344 cc<\/li>\n<li class=\"whitespace-break-spaces\">Code livraison : LSHW<\/li>\n<\/ul>\n<h3 class=\"mb-md pt-lg first:pt-0\">Caract\u00e9ristiques et avantages<\/h3>\n<ul class=\"list-disc pl-md\">\n<li class=\"whitespace-break-spaces\">Ajustement hauteur de coupe : 7 positions<\/li>\n<\/ul>\n<\/div>\n<\/div>\n<div>\n<h3 id=\"specifications\" class=\"mb-md\">Sp\u00e9cifications techniques<\/h3>\n<table class=\"border-t-0\" aria-labelledby=\"specifications\">\n<tbody>\n<tr>\n<th class=\"py-sm text-sm\"><span dir=\"auto\" style=\"vertical-align: inherit;\">Type d&#8217;article<\/span><\/th>\n<td class=\"py-sm text-sm\">Calendrier de l&#8217;avent<\/td>\n<\/tr>\n<tr>\n<th class=\"py-sm text-sm\">Marque<\/th>\n<td class=\"py-sm text-sm\"><span dir=\"auto\" style=\"vertical-align: inherit;\">Mountfield<\/span><\/td>\n<\/tr>\n<tr>\n<th class=\"py-sm text-sm\">Largeur de coupe<\/th>\n<td class=\"py-sm text-sm\"><span dir=\"auto\" style=\"vertical-align: inherit;\">84 cm<\/span><\/td>\n<\/tr>\n<tr>\n<th class=\"py-sm text-sm\">Hauteur maximale de coupe<\/th>\n<td class=\"py-sm text-sm\"><span dir=\"auto\" style=\"vertical-align: inherit;\">80 mm<\/span><\/td>\n<\/tr>\n<tr>\n<th class=\"py-sm text-sm\">Dimension de coupe de la lame<\/th>\n<td class=\"py-sm text-sm\"><span dir=\"auto\" style=\"vertical-align: inherit;\">840 mm<\/span><\/td>\n<\/tr>\n<tr>\n<th class=\"py-sm text-sm\">Source d&#8217;alimentation<\/th>\n<td class=\"py-sm text-sm\">Thermique<\/td>\n<\/tr>\n<tr>\n<th class=\"py-sm text-sm\">Type de tondeuse<\/th>\n<td class=\"py-sm text-sm\">Autoport\u00e9e<\/td>\n<\/tr>\n<tr>\n<th class=\"py-sm text-sm\">Capacit\u00e9 de collecte (L)<\/th>\n<td class=\"py-sm text-sm\"><span dir=\"auto\" style=\"vertical-align: inherit;\">200L<\/span><\/td>\n<\/tr>\n<tr>\n<th class=\"py-sm text-sm\">Constructeur du moteur<\/th>\n<td class=\"py-sm text-sm\"><span dir=\"auto\" style=\"vertical-align: inherit;\">Briggs &amp; Stratton<\/span><\/td>\n<\/tr>\n<tr>\n<th class=\"py-sm text-sm\">Mod\u00e8le du moteur<\/th>\n<td class=\"py-sm text-sm\"><span dir=\"auto\" style=\"vertical-align: inherit;\">S\u00e9rie 3125<\/span><\/td>\n<\/tr>\n<tr>\n<th class=\"py-sm text-sm\">Cylindr\u00e9e<\/th>\n<td class=\"py-sm text-sm\"><span dir=\"auto\" style=\"vertical-align: inherit;\">344 cm3<\/span><\/td>\n<\/tr>\n<tr>\n<th class=\"py-sm text-sm\">Capacit\u00e9 du r\u00e9servoir de carburant<\/th>\n<td class=\"py-sm text-sm\"><span dir=\"auto\" style=\"vertical-align: inherit;\">6L<\/span><\/td>\n<\/tr>\n<tr>\n<th class=\"py-sm text-sm\">Fonction mulching<\/th>\n<td class=\"py-sm text-sm\">Sans fonction mulching<\/td>\n<\/tr>\n<tr>\n<th class=\"py-sm text-sm\">Fonction(s)<\/th>\n<td class=\"py-sm text-sm\">Mod\u00e8le du moteur : PowerBuilt<\/td>\n<\/tr>\n<tr>\n<th class=\"py-sm text-sm\">R\u00e9f\u00e9rence produit<\/th>\n<td class=\"py-sm text-sm\"><span dir=\"auto\" style=\"vertical-align: inherit;\">8008984835870<\/span><\/td>\n<\/tr>\n<\/tbody>\n<\/table>\n<\/div>\n<\/div>","protected":false},"excerpt":{"rendered":"<p>D\u00e9tails du produit Informations sur le produit Tondeuse autoport\u00e9e \u00e0 \u00e9jection arri\u00e8re Mountfield 84 M Id\u00e9al pour un Grand jardin<\/p>","protected":false},"featured_media":12898,"template":"","meta":[],"product_brand":[],"product_cat":[61],"product_tag":[],"product_country":[1503],"class_list":{"0":"post-98","1":"product","2":"type-product","3":"status-publish","4":"has-post-thumbnail","6":"product_cat-sale-france","7":"product_country-france","9":"first","10":"instock","11":"sale","12":"taxable","13":"shipping-taxable","14":"purchasable","15":"product-type-simple"},"_links":{"self":[{"href":"https:\/\/routinesfashione.com\/es\/wp-json\/wp\/v2\/product\/98","targetHints":{"allow":["GET"]}}],"collection":[{"href":"https:\/\/routinesfashione.com\/es\/wp-json\/wp\/v2\/product"}],"about":[{"href":"https:\/\/routinesfashione.com\/es\/wp-json\/wp\/v2\/types\/product"}],"wp:featuredmedia":[{"embeddable":true,"href":"https:\/\/routinesfashione.com\/es\/wp-json\/wp\/v2\/media\/12898"}],"wp:attachment":[{"href":"https:\/\/routinesfashione.com\/es\/wp-json\/wp\/v2\/media?parent=98"}],"wp:term":[{"taxonomy":"product_brand","embeddable":true,"href":"https:\/\/routinesfashione.com\/es\/wp-json\/wp\/v2\/product_brand?post=98"},{"taxonomy":"product_cat","embeddable":true,"href":"https:\/\/routinesfashione.com\/es\/wp-json\/wp\/v2\/product_cat?post=98"},{"taxonomy":"product_tag","embeddable":true,"href":"https:\/\/routinesfashione.com\/es\/wp-json\/wp\/v2\/product_tag?post=98"},{"taxonomy":"product_country","embeddable":true,"href":"https:\/\/routinesfashione.com\/es\/wp-json\/wp\/v2\/product_country?post=98"}],"curies":[{"name":"wp","href":"https:\/\/api.w.org\/{rel}","templated":true}]}}