{"id":994,"date":"2025-09-30T20:53:40","date_gmt":"2025-09-30T20:53:40","guid":{"rendered":"https:\/\/lightgray-crow-170497.hostingersite.com\/?post_type=product&#038;p=994"},"modified":"2025-09-30T20:53:40","modified_gmt":"2025-09-30T20:53:40","slug":"tronconneuse-elagueuse-echo-cs-2511-tes","status":"publish","type":"product","link":"https:\/\/routinesfashione.com\/es\/produit\/tronconneuse-elagueuse-echo-cs-2511-tes\/","title":{"rendered":"Tron\u00e7onneuse \u00e9lagueuse Echo CS 2511 TES"},"content":{"rendered":"<h3 data-start=\"137\" data-end=\"172\"><strong data-start=\"144\" data-end=\"170\">Description du produit<\/strong><\/h3>\n<p data-start=\"173\" data-end=\"581\">La <strong data-start=\"176\" data-end=\"195\">Echo CS-2511TES<\/strong> est l\u2019une des <strong data-start=\"210\" data-end=\"296\">tron\u00e7onneuses \u00e9lagueuses thermiques les plus l\u00e9g\u00e8res et puissantes de sa cat\u00e9gorie<\/strong>. Con\u00e7ue pour les professionnels de l\u2019\u00e9lagage et de l\u2019entretien des arbres, elle allie <strong data-start=\"383\" data-end=\"424\">maniabilit\u00e9, pr\u00e9cision et performance<\/strong>. Gr\u00e2ce \u00e0 son <strong data-start=\"438\" data-end=\"471\">moteur 2 temps haut rendement<\/strong> et \u00e0 son <strong data-start=\"481\" data-end=\"499\">design compact<\/strong>, elle permet un travail efficace et s\u00e9curis\u00e9 dans les zones difficiles d\u2019acc\u00e8s.<\/p>\n<p data-start=\"583\" data-end=\"722\">Son <strong data-start=\"587\" data-end=\"602\">poids plume<\/strong>, sa <strong data-start=\"607\" data-end=\"630\">poign\u00e9e ergonomique<\/strong> et son <strong data-start=\"638\" data-end=\"662\">\u00e9quilibrage optimis\u00e9<\/strong> assurent un grand confort d\u2019utilisation, m\u00eame en hauteur.<\/p>\n<hr data-start=\"724\" data-end=\"727\" \/>\n<h3 data-start=\"729\" data-end=\"769\"><strong data-start=\"736\" data-end=\"767\">Caract\u00e9ristiques techniques<\/strong><\/h3>\n<ul data-start=\"771\" data-end=\"1529\">\n<li data-start=\"771\" data-end=\"792\">\n<p data-start=\"773\" data-end=\"792\"><strong data-start=\"773\" data-end=\"783\">Marque<\/strong> : Echo<\/p>\n<\/li>\n<li data-start=\"793\" data-end=\"820\">\n<p data-start=\"795\" data-end=\"820\"><strong data-start=\"795\" data-end=\"805\">Mod\u00e8le<\/strong> : CS-2511TES<\/p>\n<\/li>\n<li data-start=\"821\" data-end=\"884\">\n<p data-start=\"823\" data-end=\"884\"><strong data-start=\"823\" data-end=\"831\">Type<\/strong> : Tron\u00e7onneuse \u00e9lagueuse thermique professionnelle<\/p>\n<\/li>\n<li data-start=\"885\" data-end=\"950\">\n<p data-start=\"887\" data-end=\"950\"><strong data-start=\"887\" data-end=\"900\">Cylindr\u00e9e<\/strong> : 25,0 cm\u00b3 (moteur 2 temps Echo haut rendement)<\/p>\n<\/li>\n<li data-start=\"951\" data-end=\"988\">\n<p data-start=\"953\" data-end=\"988\"><strong data-start=\"953\" data-end=\"966\">Puissance<\/strong> : \u2248 1,1 kW (1,5 ch)<\/p>\n<\/li>\n<li data-start=\"989\" data-end=\"1060\">\n<p data-start=\"991\" data-end=\"1060\"><strong data-start=\"991\" data-end=\"1019\">Longueur du guide-cha\u00eene<\/strong> : 25 cm ou 30 cm (selon configuration)<\/p>\n<\/li>\n<li data-start=\"1061\" data-end=\"1089\">\n<p data-start=\"1063\" data-end=\"1089\"><strong data-start=\"1063\" data-end=\"1080\">Pas de cha\u00eene<\/strong> : 3\/8&#8243;<\/p>\n<\/li>\n<li data-start=\"1090\" data-end=\"1143\">\n<p data-start=\"1092\" data-end=\"1143\"><strong data-start=\"1092\" data-end=\"1107\">Poids \u00e0 sec<\/strong> : \u2248 2,3 kg (sans guide ni cha\u00eene)<\/p>\n<\/li>\n<li data-start=\"1144\" data-end=\"1214\">\n<p data-start=\"1146\" data-end=\"1214\"><strong data-start=\"1146\" data-end=\"1159\">D\u00e9marrage<\/strong> : Syst\u00e8me de d\u00e9marrage assist\u00e9 pour un effort r\u00e9duit<\/p>\n<\/li>\n<li data-start=\"1215\" data-end=\"1253\">\n<p data-start=\"1217\" data-end=\"1253\"><strong data-start=\"1217\" data-end=\"1240\">R\u00e9servoir carburant<\/strong> : \u2248 0,19 L<\/p>\n<\/li>\n<li data-start=\"1254\" data-end=\"1300\">\n<p data-start=\"1256\" data-end=\"1300\"><strong data-start=\"1256\" data-end=\"1287\">R\u00e9servoir d\u2019huile de cha\u00eene<\/strong> : \u2248 0,14 L<\/p>\n<\/li>\n<li data-start=\"1301\" data-end=\"1380\">\n<p data-start=\"1303\" data-end=\"1380\"><strong data-start=\"1303\" data-end=\"1316\">Ergonomie<\/strong> : Poign\u00e9e sup\u00e9rieure pour \u00e9lagueurs, excellente prise en main<\/p>\n<\/li>\n<li data-start=\"1381\" data-end=\"1450\">\n<p data-start=\"1383\" data-end=\"1450\"><strong data-start=\"1383\" data-end=\"1392\">Usage<\/strong> : \u00c9lagage professionnel, taille et entretien des arbres<\/p>\n<\/li>\n<li data-start=\"1451\" data-end=\"1529\">\n<p data-start=\"1453\" data-end=\"1529\"><strong data-start=\"1453\" data-end=\"1470\">Particularit\u00e9<\/strong> : Rapport poids\/puissance exceptionnel dans sa cat\u00e9gorie<\/p>\n<\/li>\n<\/ul>","protected":false},"excerpt":{"rendered":"<p>Description du produit La Echo CS-2511TES est l\u2019une des tron\u00e7onneuses \u00e9lagueuses thermiques les plus l\u00e9g\u00e8res et puissantes de sa cat\u00e9gorie.<\/p>","protected":false},"featured_media":28928,"template":"","meta":[],"product_brand":[],"product_cat":[61],"product_tag":[1514],"product_country":[1503],"class_list":{"0":"post-994","1":"product","2":"type-product","3":"status-publish","4":"has-post-thumbnail","6":"product_cat-sale-france","7":"product_tag-sale-france","8":"product_country-france","10":"first","11":"instock","12":"sale","13":"taxable","14":"shipping-taxable","15":"purchasable","16":"product-type-simple"},"_links":{"self":[{"href":"https:\/\/routinesfashione.com\/es\/wp-json\/wp\/v2\/product\/994","targetHints":{"allow":["GET"]}}],"collection":[{"href":"https:\/\/routinesfashione.com\/es\/wp-json\/wp\/v2\/product"}],"about":[{"href":"https:\/\/routinesfashione.com\/es\/wp-json\/wp\/v2\/types\/product"}],"wp:featuredmedia":[{"embeddable":true,"href":"https:\/\/routinesfashione.com\/es\/wp-json\/wp\/v2\/media\/28928"}],"wp:attachment":[{"href":"https:\/\/routinesfashione.com\/es\/wp-json\/wp\/v2\/media?parent=994"}],"wp:term":[{"taxonomy":"product_brand","embeddable":true,"href":"https:\/\/routinesfashione.com\/es\/wp-json\/wp\/v2\/product_brand?post=994"},{"taxonomy":"product_cat","embeddable":true,"href":"https:\/\/routinesfashione.com\/es\/wp-json\/wp\/v2\/product_cat?post=994"},{"taxonomy":"product_tag","embeddable":true,"href":"https:\/\/routinesfashione.com\/es\/wp-json\/wp\/v2\/product_tag?post=994"},{"taxonomy":"product_country","embeddable":true,"href":"https:\/\/routinesfashione.com\/es\/wp-json\/wp\/v2\/product_country?post=994"}],"curies":[{"name":"wp","href":"https:\/\/api.w.org\/{rel}","templated":true}]}}