{"id":11486,"date":"2025-07-29T21:24:22","date_gmt":"2025-07-29T21:24:22","guid":{"rendered":"https:\/\/lightgray-crow-170497.hostingersite.com\/?page_id=11486"},"modified":"2025-10-29T13:52:24","modified_gmt":"2025-10-29T13:52:24","slug":"ueber-uns","status":"publish","type":"page","link":"https:\/\/routinesfashione.com\/fr\/ueber-uns\/","title":{"rendered":"\u00c0 propos de nous"},"content":{"rendered":"<p data-start=\"87\" data-end=\"118\"><strong data-start=\"87\" data-end=\"118\">Bienvenue \u00e0 <a href=\"https:\/\/routinesfashione.com\/fr\">Routines Mode<\/a><\/strong><\/p>\n<p data-start=\"120\" data-end=\"364\">\u00c0 <a href=\"https:\/\/routinesfashione.com\/fr\">Routines Mode<\/a> est synonyme de technologie de pointe et de produits \u00e9lectroniques fiables. Que vous soyez passionn\u00e9 de technologie, professionnel ou simplement \u00e0 la recherche de gadgets pratiques au quotidien, nous vous apportons innovation et performance directement chez vous.<\/p>\n<p data-start=\"366\" data-end=\"383\"><strong data-start=\"366\" data-end=\"383\">Qui sommes-nous ?<\/strong><\/p>\n<p data-start=\"385\" data-end=\"748\"><a href=\"https:\/\/routinesfashione.com\/fr\">Routines Mode<\/a> est une plateforme e-commerce d\u00e9di\u00e9e \u00e0 la vente d&#039;\u00e9lectronique haut de gamme \u00e0 des prix comp\u00e9titifs, avec un excellent service client et une livraison rapide et s\u00e9curis\u00e9e. Des smartphones et montres connect\u00e9es les plus r\u00e9cents aux appareils \u00e9lectrom\u00e9nagers et accessoires, notre s\u00e9lection est soigneusement s\u00e9lectionn\u00e9e pour vous offrir le meilleur.<\/p>\n<p data-start=\"750\" data-end=\"780\"><strong data-start=\"750\" data-end=\"780\">Pourquoi <a href=\"https:\/\/routinesfashione.com\/fr\">Routines Mode<\/a> choisir?<\/strong><\/p>\n<ul data-start=\"782\" data-end=\"1236\">\n<li data-start=\"782\" data-end=\"859\">\n<p data-start=\"784\" data-end=\"859\"><strong data-start=\"784\" data-end=\"809\">Large choix de produits :<\/strong> Des marques d&#039;\u00e9lectronique fiables pour tous les besoins.<\/p>\n<\/li>\n<li data-start=\"860\" data-end=\"935\">\n<p data-start=\"862\" data-end=\"935\"><strong data-start=\"862\" data-end=\"885\">Livraison rapide :<\/strong> Livraison s\u00fbre et rapide de votre commande.<\/p>\n<\/li>\n<li data-start=\"936\" data-end=\"1045\">\n<p data-start=\"938\" data-end=\"1045\"><strong data-start=\"938\" data-end=\"964\">Un support fiable :<\/strong> Notre \u00e9quipe est toujours l\u00e0 pour vous \u2013 contactez-nous au <a href=\"mailto:support@routinesfashione.com\">support@routinesfashione.com<\/a>.<\/p>\n<\/li>\n<li data-start=\"1046\" data-end=\"1138\">\n<p data-start=\"1048\" data-end=\"1138\"><strong data-start=\"1048\" data-end=\"1070\">Paiements s\u00e9curis\u00e9s :<\/strong> Gr\u00e2ce \u00e0 un cryptage moderne et \u00e0 des fournisseurs de paiement certifi\u00e9s.<\/p>\n<\/li>\n<li data-start=\"1139\" data-end=\"1236\">\n<p data-start=\"1141\" data-end=\"1236\"><strong data-start=\"1141\" data-end=\"1170\">Satisfaction garantie :<\/strong> Nous \u00e9coutons, am\u00e9liorons et \u00e9voluons \u2013 pour vous.<\/p>\n<\/li>\n<\/ul>\n<p data-start=\"1238\" data-end=\"1255\"><strong data-start=\"1238\" data-end=\"1255\">Notre vision<\/strong><\/p>\n<p data-start=\"1257\" data-end=\"1394\">Nous voulons devenir votre boutique d\u2019\u00e9lectronique en ligne incontournable \u2013 o\u00f9 l\u2019innovation, la simplicit\u00e9 et la confiance sont toujours au c\u0153ur.<\/p>\n<p data-start=\"1396\" data-end=\"1412\"><strong data-start=\"1396\" data-end=\"1412\">Nos valeurs<\/strong><\/p>\n<ul data-start=\"1414\" data-end=\"1739\">\n<li data-start=\"1414\" data-end=\"1478\">\n<p data-start=\"1416\" data-end=\"1478\"><strong data-start=\"1416\" data-end=\"1431\">Int\u00e9grit\u00e9:<\/strong> Transparence et respect dans les relations clients.<\/p>\n<\/li>\n<li data-start=\"1479\" data-end=\"1537\">\n<p data-start=\"1481\" data-end=\"1537\"><strong data-start=\"1481\" data-end=\"1494\">Qualit\u00e9:<\/strong> Des produits puissants et durables.<\/p>\n<\/li>\n<li data-start=\"1538\" data-end=\"1616\">\n<p data-start=\"1540\" data-end=\"1616\"><strong data-start=\"1540\" data-end=\"1563\">Orientation client :<\/strong> Vous \u00eates au c\u0153ur de toutes nos activit\u00e9s.<\/p>\n<\/li>\n<li data-start=\"1617\" data-end=\"1739\">\n<p data-start=\"1619\" data-end=\"1739\"><strong data-start=\"1619\" data-end=\"1635\">Progr\u00e8s:<\/strong> Nous continuons d&#039;\u00e9voluer avec la technologie pour garantir que nous vous offrons toujours les derniers produits.<\/p>\n<\/li>\n<\/ul>\n<p data-start=\"1741\" data-end=\"1765\"><strong data-start=\"1741\" data-end=\"1765\">Contactez-nous<\/strong><\/p>\n<p data-start=\"1767\" data-end=\"1866\">Des questions sur nos produits, votre commande ou un probl\u00e8me technique\u00a0? Nous sommes l\u00e0 pour vous aider\u00a0:<\/p>\n<p><strong>Adresse:<\/strong>\u00a0400 U.S. Rte 1, Ormond Beach, FL 32174, United States.<\/p>\n<p><strong>Email:<\/strong>\u00a0support@routinesfashione.com<\/p>\n<p><strong>T\u00e9l\u00e9phone:<\/strong>\u00a0+1 903-787-3060<\/p>\n<p><strong>Unterst\u00fctzung:<\/strong>\u00a0Montag bis Freitag: 9:00\u201318:00 Uhr<\/p>","protected":false},"excerpt":{"rendered":"<p>Willkommen bei Bei dreht sich alles um Spitzentechnologie und zuverl\u00e4ssige Elektronikprodukte. Ob Technikliebhaber, Profi oder einfach auf der Suche nach<\/p>","protected":false},"author":4,"featured_media":0,"parent":0,"menu_order":0,"comment_status":"closed","ping_status":"closed","template":"","meta":{"footnotes":""},"class_list":["post-11486","page","type-page","status-publish","hentry"],"_hostinger_reach_plugin_has_subscription_block":false,"_hostinger_reach_plugin_is_elementor":false,"_links":{"self":[{"href":"https:\/\/routinesfashione.com\/fr\/wp-json\/wp\/v2\/pages\/11486","targetHints":{"allow":["GET"]}}],"collection":[{"href":"https:\/\/routinesfashione.com\/fr\/wp-json\/wp\/v2\/pages"}],"about":[{"href":"https:\/\/routinesfashione.com\/fr\/wp-json\/wp\/v2\/types\/page"}],"author":[{"embeddable":true,"href":"https:\/\/routinesfashione.com\/fr\/wp-json\/wp\/v2\/users\/4"}],"replies":[{"embeddable":true,"href":"https:\/\/routinesfashione.com\/fr\/wp-json\/wp\/v2\/comments?post=11486"}],"version-history":[{"count":1,"href":"https:\/\/routinesfashione.com\/fr\/wp-json\/wp\/v2\/pages\/11486\/revisions"}],"predecessor-version":[{"id":29946,"href":"https:\/\/routinesfashione.com\/fr\/wp-json\/wp\/v2\/pages\/11486\/revisions\/29946"}],"wp:attachment":[{"href":"https:\/\/routinesfashione.com\/fr\/wp-json\/wp\/v2\/media?parent=11486"}],"curies":[{"name":"wp","href":"https:\/\/api.w.org\/{rel}","templated":true}]}}