{"id":11586,"date":"2025-07-29T21:24:52","date_gmt":"2025-07-29T21:24:52","guid":{"rendered":"https:\/\/lightgray-crow-170497.hostingersite.com\/?page_id=11586"},"modified":"2025-11-17T09:23:24","modified_gmt":"2025-11-17T09:23:24","slug":"versandpolitik","status":"publish","type":"page","link":"https:\/\/routinesfashione.com\/fr\/versandpolitik\/","title":{"rendered":"Politique d&#039;exp\u00e9dition"},"content":{"rendered":"<p dir=\"ltr\"><span dir=\"auto\">Bei Routines Fashion ist es unser Ziel, Ihre Bestellung so schnell und reibungslos wie m\u00f6glich zuzustellen. Nachfolgend finden Sie alle Details zu unserem Versandprozess, einschlie\u00dflich Lieferzeiten, Kosten und Sendungsverfolgung. Bei Fragen k\u00f6nnen Sie sich jederzeit an uns wenden; wir helfen Ihnen gerne weiter.<\/span><\/p>\n<h3 dir=\"ltr\"><span dir=\"auto\">1. Wohin wir liefern:<\/span><\/h3>\n<p dir=\"ltr\">Wir liefern derzeit nach Frankreich, Deutschland und in die Niederlande.<\/p>\n<h3 dir=\"ltr\"><span dir=\"auto\">2. Bearbeitungszeit:<\/span><\/h3>\n<p dir=\"ltr\"><span dir=\"auto\">Bestellungen werden innerhalb von 1\u20132 Werktagen bearbeitet. Bestellungen, die nach 15:00 Uhr eingehen, werden am n\u00e4chsten Werktag bearbeitet.<\/span><\/p>\n<h3 dir=\"ltr\"><span dir=\"auto\">3. Lieferzeiten:<\/span><\/h3>\n<p dir=\"ltr\"><span dir=\"auto\">Der Standardversand dauert 3 bis 5 Werktage.<\/span><b><\/b><\/p>\n<h3 dir=\"ltr\"><span dir=\"auto\">4. Versandkosten:<\/span><\/h3>\n<p dir=\"ltr\"><span dir=\"auto\">Wir bieten kostenlosen Standardversand f\u00fcr alle Bestellungen an.<\/span><\/p>\n<h3 dir=\"ltr\"><span dir=\"auto\">5. Versanddienstleister:<\/span><\/h3>\n<p dir=\"ltr\"><span dir=\"auto\">Wir versenden mit UPS.<\/span><\/p>\n<h3 dir=\"ltr\"><span dir=\"auto\">6. Ihre Bestellung verfolgen:<\/span><\/h3>\n<p dir=\"ltr\"><span dir=\"auto\">Sobald Ihre Bestellung versandt wurde, senden wir Ihnen per E-Mail eine Sendungsverfolgungsnummer sowie einen Link, \u00fcber den Sie Ihr Paket online verfolgen k\u00f6nnen.<\/span><b><\/b><\/p>\n<h3 dir=\"ltr\"><span dir=\"auto\">7. Kontaktieren Sie uns:<\/span><\/h3>\n<p><span dir=\"auto\">Unser Kundenservice ist von Montag bis Freitag von 9:00 bis 18:00 Uhr erreichbar. Bei Fragen oder Problemen kontaktieren Sie uns bitte; wir antworten Ihnen innerhalb von 24 Stunden.<\/span><\/p>\n<p><b><span dir=\"auto\">Anschrift:\u00a0<\/span><\/b><span dir=\"auto\">\u00a0\u00a0400 US Rte 1, Ormond Beach, FL 32174, USA<\/span><\/p>\n<p><b><span dir=\"auto\">T\u00e9l\u00e9phone:\u00a0<\/span><\/b><span dir=\"auto\">\u00a0\u00a0+1 903-787-3060<\/span><\/p>\n<p><b><span dir=\"auto\">E-mail:\u00a0<\/span><\/b><span dir=\"auto\">\u00a0\u00a0\u00a0support@routinesfashione.com<\/span><\/p>","protected":false},"excerpt":{"rendered":"<p>Bei Routines Fashion ist es unser Ziel, Ihre Bestellung so schnell und reibungslos wie m\u00f6glich zuzustellen. Nachfolgend finden Sie alle<\/p>","protected":false},"author":4,"featured_media":0,"parent":0,"menu_order":0,"comment_status":"closed","ping_status":"closed","template":"","meta":{"footnotes":""},"class_list":["post-11586","page","type-page","status-publish","hentry"],"_hostinger_reach_plugin_has_subscription_block":false,"_hostinger_reach_plugin_is_elementor":false,"_links":{"self":[{"href":"https:\/\/routinesfashione.com\/fr\/wp-json\/wp\/v2\/pages\/11586","targetHints":{"allow":["GET"]}}],"collection":[{"href":"https:\/\/routinesfashione.com\/fr\/wp-json\/wp\/v2\/pages"}],"about":[{"href":"https:\/\/routinesfashione.com\/fr\/wp-json\/wp\/v2\/types\/page"}],"author":[{"embeddable":true,"href":"https:\/\/routinesfashione.com\/fr\/wp-json\/wp\/v2\/users\/4"}],"replies":[{"embeddable":true,"href":"https:\/\/routinesfashione.com\/fr\/wp-json\/wp\/v2\/comments?post=11586"}],"version-history":[{"count":10,"href":"https:\/\/routinesfashione.com\/fr\/wp-json\/wp\/v2\/pages\/11586\/revisions"}],"predecessor-version":[{"id":29979,"href":"https:\/\/routinesfashione.com\/fr\/wp-json\/wp\/v2\/pages\/11586\/revisions\/29979"}],"wp:attachment":[{"href":"https:\/\/routinesfashione.com\/fr\/wp-json\/wp\/v2\/media?parent=11586"}],"curies":[{"name":"wp","href":"https:\/\/api.w.org\/{rel}","templated":true}]}}