{"id":1112,"date":"2025-09-30T20:53:40","date_gmt":"2025-09-30T20:53:40","guid":{"rendered":"https:\/\/lightgray-crow-170497.hostingersite.com\/?post_type=product&#038;p=1112"},"modified":"2025-09-30T20:53:40","modified_gmt":"2025-09-30T20:53:40","slug":"coupe-herbe-a-batterie-stihl-fsa-86-r","status":"publish","type":"product","link":"https:\/\/routinesfashione.com\/fr\/produit\/coupe-herbe-a-batterie-stihl-fsa-86-r\/","title":{"rendered":"Coupe-herbe \u00e0 batterie STIHL FSA 86 R"},"content":{"rendered":"<h2 class=\"default\">Description du produit<\/h2>\n<div id=\"productDescription\" class=\"a-section a-spacing-small\">\n<p>D\u00e9broussailleuse KU FSA 86 R : tonte puissante et pr\u00e9cise La d\u00e9broussailleuse sans fil STIHL FSA 86 R vous permet de couper proprement et efficacement les bordures de gazon le long des chemins et des obstacles. M\u00eame les petites pelouses tondent les jardiniers amateurs, les petites entreprises et les concierges gr\u00e2ce au puissant moteur EC avec une puissance de travail constante. En outre, le fonctionnement particuli\u00e8rement silencieux de la d\u00e9broussailleuse permet de travailler sans protection auditive dans des environnements sensibles au bruit. Gr\u00e2ce \u00e0 la technologie de la batterie, le d\u00e9marrage est particuli\u00e8rement simple et sans grand effort et la FSA 86 R est imm\u00e9diatement op\u00e9rationnelle par simple pression d&#8217;un bouton. Les batteries du syst\u00e8me Stihl AP sont prot\u00e9g\u00e9es dans le bo\u00eetier du moteur sur la poign\u00e9e, de sorte que le faible poids et le centre de gravit\u00e9 \u00e9quilibr\u00e9 de la batterie dans l&#8217;axe de la tige assurent un travail en douceur avec la faux-faux. La poign\u00e9e ergonomique avec surface douce et le r\u00e9glage en continu de la vitesse de rotation de la d\u00e9broussailleuse sans fil STIHL FSA 86 R offrent en outre un confort de travail \u00e9lev\u00e9. La d\u00e9broussailleuse est compatible avec trois outils de coupe diff\u00e9rents que vous pouvez remplacer sans outil. Vous pouvez recharger la t\u00eate de tondeuse \u00e0 deux fils int\u00e9gr\u00e9e de s\u00e9rie STIHL AutoCut C 6-2 avec un diam\u00e8tre de cercle de coupe de 350 mm. Pour ce faire, ins\u00e9rez simplement le fil de coupe de l&#8217;ext\u00e9rieur dans le bo\u00eetier. Selon vos besoins, vous pouvez \u00e9galement utiliser la t\u00eate de tondeuse STIHL PolyCut 6-2 avec des lames en plastique ou la t\u00eate de tondeuse STIHL DuroCut 5-2 avec des morceaux de fil avec la d\u00e9broussailleuse sans fil FSA 86 R. Dans notre section de conseils, vous apprendrez comment changer l&#8217;outil de coupe sur une d\u00e9broussailleuse. L&#8217;entretoise sur le FSA 86 R \u00e9vite d&#8217;endommager les plantes, les objets et l&#8217;appareil lui-m\u00eame lorsque vous travaillez avec les diff\u00e9rentes t\u00eates de tonte. Tous les appareils sans fil du syst\u00e8me STIHL AP sont con\u00e7us pour les utilisateurs professionnels et pour une utilisation quotidienne, m\u00eame dans des conditions m\u00e9t\u00e9orologiques d\u00e9favorables. C&#8217;est pourquoi ils disposent d&#8217;une<\/p>\n<table class=\"a-normal a-spacing-micro\" style=\"height: 249px;\" role=\"list\" width=\"565\">\n<tbody>\n<tr class=\"a-spacing-small po-brand\" role=\"listitem\">\n<td class=\"a-span3\" role=\"presentation\"><span class=\"a-size-base a-text-bold\">Marque<\/span><\/td>\n<td class=\"a-span9\" role=\"presentation\"><span class=\"a-size-base po-break-word\">Stihl<\/span><\/td>\n<\/tr>\n<tr class=\"a-spacing-small po-power_source_type\" role=\"listitem\">\n<td class=\"a-span3\" role=\"presentation\"><span class=\"a-size-base a-text-bold\">Source d&#039;alimentation<\/span><\/td>\n<td class=\"a-span9\" role=\"presentation\"><span class=\"a-size-base po-break-word\">Aliment\u00e9 par pile<\/span><\/td>\n<\/tr>\n<tr class=\"a-spacing-small po-color\" role=\"listitem\">\n<td class=\"a-span3\" role=\"presentation\"><span class=\"a-size-base a-text-bold\">Couleur<\/span><\/td>\n<td class=\"a-span9\" role=\"presentation\"><span class=\"a-size-base po-break-word\">Noir<\/span><\/td>\n<\/tr>\n<tr class=\"a-spacing-small po-item_weight\" role=\"listitem\">\n<td class=\"a-span3\" role=\"presentation\"><span class=\"a-size-base a-text-bold\">Poids de l&#039;article<\/span><\/td>\n<td class=\"a-span9\" role=\"presentation\"><span class=\"a-size-base po-break-word\">3,2 Kilogrammes<\/span><\/td>\n<\/tr>\n<tr class=\"a-spacing-small po-cutting_width\" role=\"listitem\">\n<td class=\"a-span3\" role=\"presentation\"><span class=\"a-size-base a-text-bold\">Largeur de mignonne<\/span><\/td>\n<td class=\"a-span9\" role=\"presentation\"><span class=\"a-size-base po-break-word\">350 Millim\u00e8tres<\/span><\/td>\n<\/tr>\n<tr class=\"a-spacing-small po-item_length_width\" role=\"listitem\">\n<td class=\"a-span3\" role=\"presentation\"><span class=\"a-size-base a-text-bold\">Dimensions du produit<\/span><\/td>\n<td class=\"a-span9\" role=\"presentation\"><span class=\"a-size-base po-break-word\">165L x 20l centim\u00e8tres<\/span><\/td>\n<\/tr>\n<tr class=\"a-spacing-small po-speed\" role=\"listitem\">\n<td class=\"a-span3\" role=\"presentation\"><span class=\"a-size-base a-text-bold\">Vitesse<\/span><\/td>\n<td class=\"a-span9\" role=\"presentation\"><span class=\"a-size-base po-break-word\">9000 tr\/min<\/span><\/td>\n<\/tr>\n<tr class=\"a-spacing-small po-is_assembly_required\" role=\"listitem\">\n<td class=\"a-span3\" role=\"presentation\"><span class=\"a-size-base a-text-bold\">Assemblage requis<\/span><\/td>\n<td class=\"a-span9\" role=\"presentation\"><span class=\"a-size-base po-break-word\">Oui<\/span><\/td>\n<\/tr>\n<tr class=\"a-spacing-small po-gtin\" role=\"listitem\">\n<td class=\"a-span3\" role=\"presentation\"><\/td>\n<td class=\"a-span9\" role=\"presentation\"><\/td>\n<\/tr>\n<tr class=\"a-spacing-small po-is_cordless\" role=\"listitem\">\n<td class=\"a-span3\" role=\"presentation\"><span class=\"a-size-base a-text-bold\">Sans fil\u00a0?<\/span><\/td>\n<td class=\"a-span9\" role=\"presentation\"><span class=\"a-size-base po-break-word\">Oui<\/span><\/td>\n<\/tr>\n<\/tbody>\n<\/table>\n<h1 class=\"a-size-base-plus a-text-bold\">\u00c0 propos de cet article<\/h1>\n<ul class=\"a-unordered-list a-vertical a-spacing-mini\">\n<li class=\"a-spacing-mini\"><span class=\"a-list-item\">Avec t\u00eate de coupe AutoCut C 6-2 pour couper et nettoyer<\/span><\/li>\n<li class=\"a-spacing-mini\"><span class=\"a-list-item\">D\u00e9broussailleuse sans fil polyvalente pour les travaux de tonte exigeants<\/span><\/li>\n<li class=\"a-spacing-mini\"><span class=\"a-list-item\">Pour une utilisation dans les zones sensibles au bruit<\/span><\/li>\n<\/ul>\n<\/div>","protected":false},"excerpt":{"rendered":"<p>Description du produit D\u00e9broussailleuse KU FSA 86 R : tonte puissante et pr\u00e9cise La d\u00e9broussailleuse sans fil STIHL FSA 86<\/p>","protected":false},"featured_media":13642,"template":"","meta":[],"product_brand":[],"product_cat":[61],"product_tag":[1514],"product_country":[1503],"class_list":{"0":"post-1112","1":"product","2":"type-product","3":"status-publish","4":"has-post-thumbnail","6":"product_cat-sale-france","7":"product_tag-sale-france","8":"product_country-france","10":"first","11":"instock","12":"sale","13":"taxable","14":"shipping-taxable","15":"purchasable","16":"product-type-simple"},"_links":{"self":[{"href":"https:\/\/routinesfashione.com\/fr\/wp-json\/wp\/v2\/product\/1112","targetHints":{"allow":["GET"]}}],"collection":[{"href":"https:\/\/routinesfashione.com\/fr\/wp-json\/wp\/v2\/product"}],"about":[{"href":"https:\/\/routinesfashione.com\/fr\/wp-json\/wp\/v2\/types\/product"}],"wp:featuredmedia":[{"embeddable":true,"href":"https:\/\/routinesfashione.com\/fr\/wp-json\/wp\/v2\/media\/13642"}],"wp:attachment":[{"href":"https:\/\/routinesfashione.com\/fr\/wp-json\/wp\/v2\/media?parent=1112"}],"wp:term":[{"taxonomy":"product_brand","embeddable":true,"href":"https:\/\/routinesfashione.com\/fr\/wp-json\/wp\/v2\/product_brand?post=1112"},{"taxonomy":"product_cat","embeddable":true,"href":"https:\/\/routinesfashione.com\/fr\/wp-json\/wp\/v2\/product_cat?post=1112"},{"taxonomy":"product_tag","embeddable":true,"href":"https:\/\/routinesfashione.com\/fr\/wp-json\/wp\/v2\/product_tag?post=1112"},{"taxonomy":"product_country","embeddable":true,"href":"https:\/\/routinesfashione.com\/fr\/wp-json\/wp\/v2\/product_country?post=1112"}],"curies":[{"name":"wp","href":"https:\/\/api.w.org\/{rel}","templated":true}]}}