{"id":11219,"date":"2025-09-30T20:11:31","date_gmt":"2025-09-30T20:11:31","guid":{"rendered":"https:\/\/lightgray-crow-170497.hostingersite.com\/?post_type=product&#038;p=11219"},"modified":"2025-09-30T21:20:05","modified_gmt":"2025-09-30T21:20:05","slug":"kastenanhaenger-humbaur-ha152513-kv","status":"publish","type":"product","link":"https:\/\/routinesfashione.com\/fr\/produit\/kastenanhaenger-humbaur-ha152513-kv\/","title":{"rendered":"Remorque fourgon Humbaur HA152513 KV"},"content":{"rendered":"<ul>\n<li>Barre transversale de s\u00e9rie<\/li>\n<li>Barre de traction galvanis\u00e9e par immersion<\/li>\n<li>construction unique du cadre et des parois lat\u00e9rales en aluminium robuste et anodis\u00e9<\/li>\n<li>Parquet sp\u00e9cial multiplis imperm\u00e9able coll\u00e9 de 15 mm avec rev\u00eatement antid\u00e9rapant en r\u00e9sine ph\u00e9nolique<\/li>\n<li>6 supports d&#039;arrimage encastr\u00e9s pour la s\u00e9curisation de la charge dans les parois lat\u00e9rales<\/li>\n<li>Force de traction de 400 kg par support d&#039;arrimage, test\u00e9 Dekra<\/li>\n<li>fabrication soign\u00e9e et mat\u00e9riaux de haute qualit\u00e9 tels que des barres de traction galvanis\u00e9es \u00e0 chaud<\/li>\n<li>paroi avant pliable<\/li>\n<\/ul>\n<table class=\"product--properties-table\">\n<tbody>\n<tr class=\"product--properties-row\">\n<td class=\"product--properties-label is--bold\">Poids total autoris\u00e9 :<\/td>\n<td class=\"product--properties-value\">1500 kg<\/td>\n<\/tr>\n<tr class=\"product--properties-row\">\n<td class=\"product--properties-label is--bold\">Charge utile:<\/td>\n<td class=\"product--properties-value\">1248 kg<\/td>\n<\/tr>\n<tr class=\"product--properties-row\">\n<td class=\"product--properties-label is--bold\">Poids \u00e0 vide :<\/td>\n<td class=\"product--properties-value\">252 kg<\/td>\n<\/tr>\n<tr class=\"product--properties-row\">\n<td class=\"product--properties-label is--bold\">Hauteur de chargement :<\/td>\n<td class=\"product--properties-value\">565 mm<\/td>\n<\/tr>\n<tr class=\"product--properties-row\" data-combined-properties=\"true\" data-originalposition=\"5\">\n<td class=\"product--properties-label is--bold\">Zone de chargement :<\/td>\n<td class=\"product--properties-value property--combined\">\n<div class=\"property--value\">Longueur : 2510 mm<\/div>\n<div class=\"property--value\">Largeur : 1310 mm<\/div>\n<div class=\"property--value\">Hauteur : 350 mm<\/div>\n<\/td>\n<\/tr>\n<tr class=\"product--properties-row\" data-combined-properties=\"true\" data-originalposition=\"6\">\n<td class=\"product--properties-label is--bold\">Dimensions hors tout :<\/td>\n<td class=\"product--properties-value property--combined\">\n<div class=\"property--value\">Longueur : 3760 mm<\/div>\n<div class=\"property--value\">Largeur : 1810 mm<\/div>\n<div class=\"property--value\">H: 915 mm<\/div>\n<\/td>\n<\/tr>\n<tr class=\"product--properties-row\">\n<td class=\"product--properties-label is--bold\">Essieux :<\/td>\n<td class=\"product--properties-value\">1<\/td>\n<\/tr>\n<tr class=\"product--properties-row\">\n<td class=\"product--properties-label is--bold\">Construction:<\/td>\n<td class=\"product--properties-value\">aluminium<\/td>\n<\/tr>\n<tr class=\"product--properties-row\">\n<td class=\"product--properties-label is--bold\">Pneus:<\/td>\n<td class=\"product--properties-value\">13 pouces<\/td>\n<\/tr>\n<tr class=\"product--properties-row\">\n<td class=\"product--properties-label is--bold\">Frein:<\/td>\n<td class=\"product--properties-value\">Oui<\/td>\n<\/tr>\n<tr class=\"product--properties-row\">\n<td class=\"product--properties-label is--bold\">100 km\/h :<\/td>\n<td class=\"product--properties-value\">facultatif<\/td>\n<\/tr>\n<\/tbody>\n<\/table>","protected":false},"excerpt":{"rendered":"<p>Les remorques surbaiss\u00e9es Humbaur HA sont dot\u00e9es d&#039;un ch\u00e2ssis\/paroi lat\u00e9rale unique en aluminium anodis\u00e9 robuste.<\/p>","protected":false},"featured_media":11220,"template":"","meta":[],"product_brand":[],"product_cat":[36],"product_tag":[1508,1509],"product_country":[1501],"class_list":{"0":"post-11219","1":"product","2":"type-product","3":"status-publish","4":"has-post-thumbnail","6":"product_cat-anhanger-kippanhanger","7":"product_tag-anhaenger","8":"product_tag-kippanhaenger","9":"product_country-germany","11":"first","12":"instock","13":"sale","14":"taxable","15":"shipping-taxable","16":"purchasable","17":"product-type-simple"},"_links":{"self":[{"href":"https:\/\/routinesfashione.com\/fr\/wp-json\/wp\/v2\/product\/11219","targetHints":{"allow":["GET"]}}],"collection":[{"href":"https:\/\/routinesfashione.com\/fr\/wp-json\/wp\/v2\/product"}],"about":[{"href":"https:\/\/routinesfashione.com\/fr\/wp-json\/wp\/v2\/types\/product"}],"wp:featuredmedia":[{"embeddable":true,"href":"https:\/\/routinesfashione.com\/fr\/wp-json\/wp\/v2\/media\/11220"}],"wp:attachment":[{"href":"https:\/\/routinesfashione.com\/fr\/wp-json\/wp\/v2\/media?parent=11219"}],"wp:term":[{"taxonomy":"product_brand","embeddable":true,"href":"https:\/\/routinesfashione.com\/fr\/wp-json\/wp\/v2\/product_brand?post=11219"},{"taxonomy":"product_cat","embeddable":true,"href":"https:\/\/routinesfashione.com\/fr\/wp-json\/wp\/v2\/product_cat?post=11219"},{"taxonomy":"product_tag","embeddable":true,"href":"https:\/\/routinesfashione.com\/fr\/wp-json\/wp\/v2\/product_tag?post=11219"},{"taxonomy":"product_country","embeddable":true,"href":"https:\/\/routinesfashione.com\/fr\/wp-json\/wp\/v2\/product_country?post=11219"}],"curies":[{"name":"wp","href":"https:\/\/api.w.org\/{rel}","templated":true}]}}