{"id":11372,"date":"2025-09-30T20:11:31","date_gmt":"2025-09-30T20:11:31","guid":{"rendered":"https:\/\/lightgray-crow-170497.hostingersite.com\/?post_type=product&#038;p=11372"},"modified":"2025-09-30T21:20:12","modified_gmt":"2025-09-30T21:20:12","slug":"kaffeevollautomat-delonghi-ecam292-33-sb-magnifica-evo-silber-und-schwarz","status":"publish","type":"product","link":"https:\/\/routinesfashione.com\/fr\/produit\/kaffeevollautomat-delonghi-ecam292-33-sb-magnifica-evo-silber-und-schwarz\/","title":{"rendered":"Kaffeevollautomat De\u2019Longhi ECAM292.33.SB Magnifica Evo Silber und Schwarz"},"content":{"rendered":"<div>Das hochentwickelte 13-stufige Kegelmahlwerk erm\u00f6glicht eine individuelle Anpassung des Mahlgrads, sodass der pers\u00f6nliche Geschmack optimal zur Geltung kommt. Der integrierte Beh\u00e4lter bietet Platz f\u00fcr bis zu 250 g Kaffeebohnen und die Maschine ist zudem f\u00fcr die Verwendung von Kaffeepulver geeignet. F\u00fcr ein barista\u00e4hnliches Erlebnis sorgt die spezielle Milchaufsch\u00e4umd\u00fcse, die perfekten Milchschaum f\u00fcr cremigen Cappuccino oder Latte Macchiato kreiert. Die Bedienung wird durch ein neues Bedienfeld mit farbigen Symbolen und LED-Beleuchtung zus\u00e4tzlich erleichtert, was die Auswahl der gew\u00fcnschten Kaffeespezialit\u00e4t zum Kinderspiel macht. Die kompakte Br\u00fchgruppe ist ein weiteres Highlight. Sie l\u00e4sst sich vollst\u00e4ndig aus der Maschine entnehmen, was die Reinigung des Innenraums erheblich vereinfacht. Dieser Kaffeevollautomat ist somit nicht nur funktional, sondern auch pflegeleicht und bietet ein rundum gelungenes Kaffeeerlebnis f\u00fcr jeden Kaffeeliebhaber.<\/div>\n<div><\/div>\n<div><\/div>\n<div><\/div>\n<div class=\"del-pdp__specifications__single\"><span class=\"del-pdp__specifications__single__label\">Abmessungen (BxTxH) (mm)<\/span> <span class=\"del-pdp__specifications__single__value\">240\u00a0x\u00a0360\u00a0x\u00a0440\u00a0mm <\/span><\/div>\n<div class=\"del-pdp__specifications__single\"><span class=\"del-pdp__specifications__single__label\">Gewicht (kg)<\/span> <span class=\"del-pdp__specifications__single__value\">9.4<\/span><\/div>\n<div class=\"del-pdp__specifications__single\"><span class=\"del-pdp__specifications__single__label\">Pumpendruck (Bar)<\/span> <span class=\"del-pdp__specifications__single__value\">15<\/span><\/div>\n<div class=\"del-pdp__specifications__single\"><span class=\"del-pdp__specifications__single__label\">Bohnenbeh\u00e4lterkapazit\u00e4t (g)<\/span> <span class=\"del-pdp__specifications__single__value\">250<\/span><\/div>\n<div class=\"del-pdp__specifications__single\"><span class=\"del-pdp__specifications__single__label\">Wasserbeh\u00e4lterkapazit\u00e4t (l)<\/span> <span class=\"del-pdp__specifications__single__value\">1.8<\/span><\/div>\n<div class=\"del-pdp__specifications__single\"><span class=\"del-pdp__specifications__single__label\">Kaffeesatzbeh\u00e4lterkapazit\u00e4t (n)<\/span> <span class=\"del-pdp__specifications__single__value\">14<\/span><\/div>\n<div class=\"del-pdp__specifications__single\"><span class=\"del-pdp__specifications__single__label\">Max. Tassenh\u00f6he (mm)<\/span> <span class=\"del-pdp__specifications__single__value\">140<\/span><\/div>\n<div class=\"del-pdp__specifications__single\"><span class=\"del-pdp__specifications__single__label\">Eingangsleistung (W)<\/span> <span class=\"del-pdp__specifications__single__value\">1.450<\/span><\/div>\n<div class=\"del-pdp__specifications__single\"><span class=\"del-pdp__specifications__single__label\">Nennspannung\/Frequenz (V~Hz)<\/span> <span class=\"del-pdp__specifications__single__value\">220\u2013240\u00a0V \/ 50\u201360\u00a0Hz<\/span><\/div>\n<div>\n<div class=\"del-simple-css-accordion__content-desktop\">\n<div class=\"del-pdp__specifications__single\"><span class=\"del-pdp__specifications__single__label\">Couleur<\/span> <span class=\"del-pdp__specifications__single__value\">Silber-Schwarz<\/span><\/div>\n<div class=\"del-pdp__specifications__single\"><span class=\"del-pdp__specifications__single__label\">Veredelung<\/span> <span class=\"del-pdp__specifications__single__value\">Lackierter Kunststoff<\/span><\/div>\n<div>\n<div class=\"del-pdp__specifications__single\"><span class=\"del-pdp__specifications__single__label\">Hei\u00dfe Kaffeegetr\u00e4nke<\/span> <span class=\"del-pdp__specifications__single__value\">Espresso \/ Kaffee \/ Lang \/ Americano<\/span><\/div>\n<div class=\"del-pdp__specifications__single\"><span class=\"del-pdp__specifications__single__label\">Sonstige Getr\u00e4nke<\/span> <span class=\"del-pdp__specifications__single__value\">Dampf<\/span><\/div>\n<div>\n<div class=\"del-simple-css-accordion__content-desktop\">\n<div class=\"del-pdp__specifications__single\"><span class=\"del-pdp__specifications__single__label\">Regelkn\u00f6pfe<\/span> <span class=\"del-pdp__specifications__single__value\">Soft-Touch-Buttons<\/span><\/div>\n<div>\n<div class=\"del-pdp__specifications__single\"><span class=\"del-pdp__specifications__single__label\">Tassenhalter<\/span> <span class=\"del-pdp__specifications__single__value\">Edelstahl<\/span><\/div>\n<\/p>\n<\/div>\n<\/div>\n<\/div>\n<\/div>\n<\/div>\n<\/div>","protected":false},"excerpt":{"rendered":"<p>Der De\u2019Longhi Magnifica Evo ECAM 292.33.SB Kaffeevollautomat vereint elegantes Design mit innovativer Technologie. In ansprechendem Silber und Schwarz gehalten, f\u00fcgt sich dieses Ger\u00e4t harmonisch in jede K\u00fccheneinrichtung ein. Mit f\u00fcnf intuitiven Direktwahltasten lassen sich auf Knopfdruck Espresso, Kaffee, Long Coffee und Americano aus frisch gemahlenen Bohnen zubereiten.<\/p>\n<table class=\"a-normal a-spacing-micro\">\n<tbody>\n<tr class=\"a-spacing-small po-brand\">\n<td class=\"a-span3\">marque<\/td>\n<td class=\"a-span9\"><span class=\"a-size-base po-break-word\">De&#039;Longhi<\/span><\/td>\n<\/tr>\n<tr class=\"a-spacing-small po-color\">\n<td class=\"a-span3\">Couleur<\/td>\n<td class=\"a-span9\"><strong>Silber und Schwarz<\/strong><\/td>\n<\/tr>\n<tr class=\"a-spacing-small po-item_depth_width_height\">\n<td class=\"a-span3\">Dimensions du produit<\/td>\n<td class=\"a-span9\"><span class=\"del-pdp__specifications__single__label\">(BxTxH) (mm)<\/span> <span class=\"del-pdp__specifications__single__value\">240\u00a0x\u00a0360\u00a0x\u00a0440\u00a0mm<\/span><\/td>\n<\/tr>\n<tr class=\"a-spacing-small po-special_feature\">\n<td class=\"a-span3\">Dossier sp\u00e9cial<\/td>\n<td class=\"a-span9\">\n<div class=\"translation-list__item\"><span class=\"translation-list__item-span\">Mousseur \u00e0 lait <\/span><\/div>\n<\/td>\n<\/tr>\n<tr class=\"a-spacing-small po-coffee_maker_type\">\n<td class=\"a-span3\">Type de machine \u00e0 caf\u00e9<\/td>\n<td class=\"a-span9\">\n<div class=\"translation-list__item\"><span class=\"translation-list__item-span\">Machine \u00e0 expresso <\/span><\/div>\n<\/td>\n<\/tr>\n<\/tbody>\n<\/table>\n<p><strong>Produit livr\u00e9 gratuitement en Allemagne en 3 jours<\/strong><\/p>","protected":false},"featured_media":11373,"template":"","meta":[],"product_brand":[],"product_cat":[29],"product_tag":[],"product_country":[1501],"class_list":{"0":"post-11372","1":"product","2":"type-product","3":"status-publish","4":"has-post-thumbnail","6":"product_cat-espressomaschinen","7":"product_country-germany","9":"first","10":"instock","11":"sale","12":"taxable","13":"shipping-taxable","14":"purchasable","15":"product-type-simple"},"_links":{"self":[{"href":"https:\/\/routinesfashione.com\/fr\/wp-json\/wp\/v2\/product\/11372","targetHints":{"allow":["GET"]}}],"collection":[{"href":"https:\/\/routinesfashione.com\/fr\/wp-json\/wp\/v2\/product"}],"about":[{"href":"https:\/\/routinesfashione.com\/fr\/wp-json\/wp\/v2\/types\/product"}],"wp:featuredmedia":[{"embeddable":true,"href":"https:\/\/routinesfashione.com\/fr\/wp-json\/wp\/v2\/media\/11373"}],"wp:attachment":[{"href":"https:\/\/routinesfashione.com\/fr\/wp-json\/wp\/v2\/media?parent=11372"}],"wp:term":[{"taxonomy":"product_brand","embeddable":true,"href":"https:\/\/routinesfashione.com\/fr\/wp-json\/wp\/v2\/product_brand?post=11372"},{"taxonomy":"product_cat","embeddable":true,"href":"https:\/\/routinesfashione.com\/fr\/wp-json\/wp\/v2\/product_cat?post=11372"},{"taxonomy":"product_tag","embeddable":true,"href":"https:\/\/routinesfashione.com\/fr\/wp-json\/wp\/v2\/product_tag?post=11372"},{"taxonomy":"product_country","embeddable":true,"href":"https:\/\/routinesfashione.com\/fr\/wp-json\/wp\/v2\/product_country?post=11372"}],"curies":[{"name":"wp","href":"https:\/\/api.w.org\/{rel}","templated":true}]}}