{"id":11382,"date":"2025-09-30T20:11:31","date_gmt":"2025-09-30T20:11:31","guid":{"rendered":"https:\/\/lightgray-crow-170497.hostingersite.com\/?post_type=product&#038;p=11382"},"modified":"2025-09-30T21:20:13","modified_gmt":"2025-09-30T21:20:13","slug":"kaffeevollautomat-delonghi-ecam292-52-gb-magnifica-evo-grau-und-schwarz","status":"publish","type":"product","link":"https:\/\/routinesfashione.com\/fr\/produit\/kaffeevollautomat-delonghi-ecam292-52-gb-magnifica-evo-grau-und-schwarz\/","title":{"rendered":"Machine \u00e0 caf\u00e9 enti\u00e8rement automatique De&#039;Longhi ECAM292.52.GB Magnifica Evo gris et noir"},"content":{"rendered":"<div class=\"del-pdp__specifications__single\"><span class=\"del-pdp__specifications__single__label\">Abmessungen (BxTxH) (mm)<\/span> <span class=\"del-pdp__specifications__single__value\">240x440x360<\/span><\/div>\n<div class=\"del-pdp__specifications__single\"><span class=\"del-pdp__specifications__single__label\">Gewicht (kg)<\/span> <span class=\"del-pdp__specifications__single__value\">9.6<\/span><\/div>\n<div class=\"del-pdp__specifications__single\"><span class=\"del-pdp__specifications__single__label\">Pumpendruck (Bar)<\/span> <span class=\"del-pdp__specifications__single__value\">15<\/span><\/div>\n<div class=\"del-pdp__specifications__single\"><span class=\"del-pdp__specifications__single__label\">Bohnenbeh\u00e4lterkapazit\u00e4t (g)<\/span> <span class=\"del-pdp__specifications__single__value\">250<\/span><\/div>\n<div class=\"del-pdp__specifications__single\"><span class=\"del-pdp__specifications__single__label\">Wasserbeh\u00e4lterkapazit\u00e4t (l)<\/span> <span class=\"del-pdp__specifications__single__value\">1.8<\/span><\/div>\n<div class=\"del-pdp__specifications__single\"><span class=\"del-pdp__specifications__single__label\">Kaffeesatzbeh\u00e4lterkapazit\u00e4t (n)<\/span> <span class=\"del-pdp__specifications__single__value\">14<\/span><\/div>\n<div class=\"del-pdp__specifications__single\"><span class=\"del-pdp__specifications__single__label\">Max. Tassenh\u00f6he (mm)<\/span> <span class=\"del-pdp__specifications__single__value\">140<\/span><\/div>\n<div class=\"del-pdp__specifications__single\"><span class=\"del-pdp__specifications__single__label\">Eingangsleistung (W)<\/span> <span class=\"del-pdp__specifications__single__value\">1450<\/span><\/div>\n<div class=\"del-pdp__specifications__single\"><span class=\"del-pdp__specifications__single__label\">Nennspannung\/Frequenz (V~Hz)<\/span> <span class=\"del-pdp__specifications__single__value\">220\u2013240\u00a0V \/ 50\u201360\u00a0Hz<\/span><\/div>\n<div>\n<div class=\"del-simple-css-accordion__content-desktop\">\n<div class=\"del-pdp__specifications__single\"><span class=\"del-pdp__specifications__single__label\">Couleur<\/span> <span class=\"del-pdp__specifications__single__value\">Grauschwarz<\/span><\/div>\n<div class=\"del-pdp__specifications__single\"><span class=\"del-pdp__specifications__single__label\">Veredelung<\/span> <span class=\"del-pdp__specifications__single__value\">Kunststoff<\/span><\/div>\n<div>\n<div class=\"del-pdp__specifications__single\"><span class=\"del-pdp__specifications__single__label\">Hei\u00dfe Kaffeegetr\u00e4nke<\/span> <span class=\"del-pdp__specifications__single__value\">Espresso \/ Kaffee<\/span><\/div>\n<div class=\"del-pdp__specifications__single\"><span class=\"del-pdp__specifications__single__label\">Hei\u00dfe Milchgetr\u00e4nke<\/span> <span class=\"del-pdp__specifications__single__value\">cappuccino<\/span><\/div>\n<div class=\"del-pdp__specifications__single\"><span class=\"del-pdp__specifications__single__label\">Sonstige Getr\u00e4nke<\/span> <span class=\"del-pdp__specifications__single__value\">Hei\u00dfwasser<\/span><\/div>\n<div>\n<div class=\"del-simple-css-accordion__content-desktop\">\n<div class=\"del-pdp__specifications__single\"><span class=\"del-pdp__specifications__single__label\">Regelkn\u00f6pfe<\/span> <span class=\"del-pdp__specifications__single__value\">Soft-Touch-Buttons<\/span><\/div>\n<div>\n<div class=\"del-pdp__specifications__single\"><span class=\"del-pdp__specifications__single__label\">Milchsystem<\/span> <span class=\"del-pdp__specifications__single__value\">LatteCrema Hot Technology<\/span><\/div>\n<div class=\"del-pdp__specifications__single\"><span class=\"del-pdp__specifications__single__label\">Tassenhalter<\/span> <span class=\"del-pdp__specifications__single__value\">Edelstahl<\/span><\/div>\n<div>\n<div class=\"del-simple-css-accordion__content-desktop\">\n<div class=\"del-pdp__specifications__single\"><span class=\"del-pdp__specifications__single__label\">M\u00f6glichkeit, Wasserfilter zu verwenden<\/span><i class=\"del-icon icon-ok-blue\"><\/i><\/div>\n<div class=\"del-pdp__specifications__single\"><span class=\"del-pdp__specifications__single__label\">Programmierbare Wasserh\u00e4rte<\/span><i class=\"del-icon icon-ok-blue\"><\/i><\/div>\n<div class=\"del-pdp__specifications__single\"><span class=\"del-pdp__specifications__single__label\">M\u00f6glichkeit, vorgemahlenen Kaffee zu verwenden<\/span><i class=\"del-icon icon-ok-blue\"><\/i><\/div>\n<\/p>\n<\/div>\n<\/div>\n<\/div>\n<\/div>\n<\/div>\n<\/div>\n<\/div>\n<\/div>","protected":false},"excerpt":{"rendered":"<p>\u2022 Mit ihrer fortschrittlichen Technologie, authentischen Getr\u00e4nken und dem schnittigen schwarzen Design verk\u00f6rpert die Magnifica Evo das ultimative De\u2019Longhi-Erlebnis.<br \/> \u2022 F\u00fcr den perfekten italienischen Espresso und eine Auswahl anderer Kaffee- und Milchgetr\u00e4nke stehen 5 One-Touch-Rezepte \u00fcber das intuitive Farbdisplay zur Verf\u00fcgung.<br \/> \u2022 Genie\u00dfen Sie die seidenweiche Textur von dickem, cremigem Milchschaum dank des exklusiven LatteCrema-Systems.<\/p>\n<table class=\"a-normal a-spacing-micro\">\n<tbody>\n<tr class=\"a-spacing-small po-brand\">\n<td class=\"a-span3\">marque<\/td>\n<td class=\"a-span9\"><span class=\"a-size-base po-break-word\">De&#039;Longhi<\/span><\/td>\n<\/tr>\n<tr class=\"a-spacing-small po-color\">\n<td class=\"a-span3\">Couleur<\/td>\n<td class=\"a-span9\">\n<table class=\"attribute table\">\n<tbody>\n<tr>\n<td><\/td>\n<td>Noir<\/td>\n<\/tr>\n<\/tbody>\n<\/table>\n<\/td>\n<\/tr>\n<tr class=\"a-spacing-small po-item_depth_width_height\">\n<td class=\"a-span3\">Dimensions du produit<\/td>\n<td class=\"a-span9\">240x360x440 mm<\/td>\n<\/tr>\n<tr class=\"a-spacing-small po-special_feature\">\n<td class=\"a-span3\">Dossier sp\u00e9cial<\/td>\n<td class=\"a-span9\">\n<div class=\"translation-list__item\"><span class=\"translation-list__item-span\">Mousseur \u00e0 lait <\/span><\/div>\n<\/td>\n<\/tr>\n<tr class=\"a-spacing-small po-coffee_maker_type\">\n<td class=\"a-span3\">Type de machine \u00e0 caf\u00e9<\/td>\n<td class=\"a-span9\">\n<div class=\"translation-list__item\"><span class=\"translation-list__item-span\">Machine \u00e0 expresso <\/span><\/div>\n<\/td>\n<\/tr>\n<\/tbody>\n<\/table>\n<p><strong>Produit livr\u00e9 gratuitement en Allemagne en 3 jours<\/strong><\/p>","protected":false},"featured_media":11384,"template":"","meta":[],"product_brand":[],"product_cat":[29],"product_tag":[],"product_country":[1501],"class_list":{"0":"post-11382","1":"product","2":"type-product","3":"status-publish","4":"has-post-thumbnail","6":"product_cat-espressomaschinen","7":"product_country-germany","9":"first","10":"instock","11":"sale","12":"taxable","13":"shipping-taxable","14":"purchasable","15":"product-type-simple"},"_links":{"self":[{"href":"https:\/\/routinesfashione.com\/fr\/wp-json\/wp\/v2\/product\/11382","targetHints":{"allow":["GET"]}}],"collection":[{"href":"https:\/\/routinesfashione.com\/fr\/wp-json\/wp\/v2\/product"}],"about":[{"href":"https:\/\/routinesfashione.com\/fr\/wp-json\/wp\/v2\/types\/product"}],"wp:featuredmedia":[{"embeddable":true,"href":"https:\/\/routinesfashione.com\/fr\/wp-json\/wp\/v2\/media\/11384"}],"wp:attachment":[{"href":"https:\/\/routinesfashione.com\/fr\/wp-json\/wp\/v2\/media?parent=11382"}],"wp:term":[{"taxonomy":"product_brand","embeddable":true,"href":"https:\/\/routinesfashione.com\/fr\/wp-json\/wp\/v2\/product_brand?post=11382"},{"taxonomy":"product_cat","embeddable":true,"href":"https:\/\/routinesfashione.com\/fr\/wp-json\/wp\/v2\/product_cat?post=11382"},{"taxonomy":"product_tag","embeddable":true,"href":"https:\/\/routinesfashione.com\/fr\/wp-json\/wp\/v2\/product_tag?post=11382"},{"taxonomy":"product_country","embeddable":true,"href":"https:\/\/routinesfashione.com\/fr\/wp-json\/wp\/v2\/product_country?post=11382"}],"curies":[{"name":"wp","href":"https:\/\/api.w.org\/{rel}","templated":true}]}}