{"id":1142,"date":"2025-09-30T20:53:39","date_gmt":"2025-09-30T20:53:39","guid":{"rendered":"https:\/\/lightgray-crow-170497.hostingersite.com\/?post_type=product&#038;p=1142"},"modified":"2025-09-30T20:53:39","modified_gmt":"2025-09-30T20:53:39","slug":"husqvarna-545fr-debroussailleuse","status":"publish","type":"product","link":"https:\/\/routinesfashione.com\/fr\/produit\/husqvarna-545fr-debroussailleuse\/","title":{"rendered":"Husqvarna 545FR D\u00e9broussailleuse"},"content":{"rendered":"<table class=\"table\">\n<tbody>\n<tr>\n<td><strong><span class=\"\">Produit<\/span><\/strong><\/td>\n<td class=\"\">D\u00e9broussailleuse<\/td>\n<\/tr>\n<tr>\n<td><strong>Poign\u00e9e anti-vibration<\/strong><\/td>\n<td class=\"\">Non<\/td>\n<\/tr>\n<tr>\n<td><strong>Largeur de mignonne<\/strong><\/td>\n<td class=\"\">19<\/td>\n<\/tr>\n<tr>\n<td><strong>Type d&#8217;entra\u00eenement<\/strong><\/td>\n<td class=\"\">Portable<\/td>\n<\/tr>\n<tr>\n<td><strong>Moteur<\/strong><\/td>\n<td class=\"\">2 Coup<\/td>\n<\/tr>\n<tr>\n<td><strong>Cylindr\u00e9e du moteur<\/strong><\/td>\n<td class=\"\">45,88 cc<\/td>\n<\/tr>\n<tr>\n<td><strong>Caract\u00e9ristiques<\/strong><\/td>\n<td class=\"truncate-text\">Guidon r\u00e9glable, \u0153illet de harnais r\u00e9glable, interrupteur d&#8217;arr\u00eat \u00e0 retour automatique, Balance X, Combi-Guard, changement facile de l&#8217;\u00e9quipement de coup\u00e9, conception ergonomique, grande capacit\u00e9 de f\u00a0<span class=\"resant\">&#8230;Lire plus<\/span><\/td>\n<\/tr>\n<tr>\n<td><strong>Capacit\u00e9 du r\u00e9servoir de carburant<\/strong><\/td>\n<td class=\"\">0,9 L<\/td>\n<\/tr>\n<tr>\n<td><strong>Poign\u00e9e anti-vibration<\/strong><\/td>\n<td class=\"\">Oui<\/td>\n<\/tr>\n<tr>\n<td><strong>Conforme aux glucides<\/strong><\/td>\n<td class=\"\">Conforme aux normes CARB<\/td>\n<\/tr>\n<tr>\n<td><strong>Marque de moteur<\/strong><\/td>\n<td class=\"\">X-Torq<\/td>\n<\/tr>\n<tr>\n<td><strong>Cycle moteur<\/strong><\/td>\n<td class=\"\">Cycle 2<\/td>\n<\/tr>\n<tr>\n<td><strong>Rapport de d\u00e9multiplication<\/strong><\/td>\n<td class=\"\">1.4:1<\/td>\n<\/tr>\n<tr>\n<td><strong>cheval vapeur<\/strong><\/td>\n<td class=\"\">2,8 canaux<\/td>\n<\/tr>\n<tr>\n<td><strong>Y compris<\/strong><\/td>\n<td class=\"\">Harnais<\/td>\n<\/tr>\n<tr>\n<td><strong>T\u00eate interchangeable<\/strong><\/td>\n<td class=\"\">Non<\/td>\n<\/tr>\n<tr>\n<td><strong>Avancement de la ligne<\/strong><\/td>\n<td class=\"\">patron<\/td>\n<\/tr>\n<tr>\n<td><strong>Diam\u00e8tre de la ligne<\/strong><\/td>\n<td class=\"\">0,11<\/td>\n<\/tr>\n<tr>\n<td><strong>Source d&#8217;\u00e9nergie<\/strong><\/td>\n<td class=\"\">Aliment\u00e9 au gaz<\/td>\n<\/tr>\n<tr>\n<td><strong>Type de produit<\/strong><\/td>\n<td class=\"\">D\u00e9broussailleuse \u00e0 essence<\/td>\n<\/tr>\n<tr>\n<td><strong>Longueur de l&#8217;arbre<\/strong><\/td>\n<td class=\"\">58,39<\/td>\n<\/tr>\n<tr>\n<td><strong>Type d&#8217;arbre<\/strong><\/td>\n<td class=\"\">Cheveux lisses<\/td>\n<\/tr>\n<tr>\n<td><strong>Niveau sonore<\/strong><\/td>\n<td class=\"\">117 dbA<\/td>\n<\/tr>\n<tr>\n<td><strong>Poids de l&#8217;outil<\/strong><\/td>\n<td class=\"\">19,2 livres<\/td>\n<\/tr>\n<\/tbody>\n<\/table>\n<h2>les informations de livraison:<\/h2>\n<table class=\"table\">\n<tbody>\n<tr>\n<td><strong>Poids du navire (kg)<\/strong><\/td>\n<td>9.423<\/td>\n<\/tr>\n<tr>\n<td><strong>Hauteur du navire (cm)<\/strong><\/td>\n<td>2,54<\/td>\n<\/tr>\n<tr>\n<td><strong>Longueur du navire (cm)<\/strong><\/td>\n<td>2,54<\/td>\n<\/tr>\n<tr>\n<td><strong>Largeur du navire (cm)<\/strong><\/td>\n<td>2,54<\/td>\n<\/tr>\n<\/tbody>\n<\/table>","protected":false},"excerpt":{"rendered":"<p>Produit D\u00e9broussailleuse Poign\u00e9e anti-vibration Non Largeur de coupe 19 Type d&#8217;entra\u00eenement Portable Moteur 2 Coup Cylindr\u00e9e du moteur 45,88 cc<\/p>","protected":false},"featured_media":29020,"template":"","meta":[],"product_brand":[],"product_cat":[61],"product_tag":[1514],"product_country":[1503],"class_list":{"0":"post-1142","1":"product","2":"type-product","3":"status-publish","4":"has-post-thumbnail","6":"product_cat-sale-france","7":"product_tag-sale-france","8":"product_country-france","10":"first","11":"instock","12":"sale","13":"taxable","14":"shipping-taxable","15":"purchasable","16":"product-type-simple"},"_links":{"self":[{"href":"https:\/\/routinesfashione.com\/fr\/wp-json\/wp\/v2\/product\/1142","targetHints":{"allow":["GET"]}}],"collection":[{"href":"https:\/\/routinesfashione.com\/fr\/wp-json\/wp\/v2\/product"}],"about":[{"href":"https:\/\/routinesfashione.com\/fr\/wp-json\/wp\/v2\/types\/product"}],"wp:featuredmedia":[{"embeddable":true,"href":"https:\/\/routinesfashione.com\/fr\/wp-json\/wp\/v2\/media\/29020"}],"wp:attachment":[{"href":"https:\/\/routinesfashione.com\/fr\/wp-json\/wp\/v2\/media?parent=1142"}],"wp:term":[{"taxonomy":"product_brand","embeddable":true,"href":"https:\/\/routinesfashione.com\/fr\/wp-json\/wp\/v2\/product_brand?post=1142"},{"taxonomy":"product_cat","embeddable":true,"href":"https:\/\/routinesfashione.com\/fr\/wp-json\/wp\/v2\/product_cat?post=1142"},{"taxonomy":"product_tag","embeddable":true,"href":"https:\/\/routinesfashione.com\/fr\/wp-json\/wp\/v2\/product_tag?post=1142"},{"taxonomy":"product_country","embeddable":true,"href":"https:\/\/routinesfashione.com\/fr\/wp-json\/wp\/v2\/product_country?post=1142"}],"curies":[{"name":"wp","href":"https:\/\/api.w.org\/{rel}","templated":true}]}}