{"id":11466,"date":"2025-09-30T20:11:30","date_gmt":"2025-09-30T20:11:30","guid":{"rendered":"https:\/\/lightgray-crow-170497.hostingersite.com\/?post_type=product&#038;p=11466"},"modified":"2025-09-30T21:20:17","modified_gmt":"2025-09-30T21:20:17","slug":"kaffeevollautomat-delonghi-exam440-35-w-rivelia-weiss","status":"publish","type":"product","link":"https:\/\/routinesfashione.com\/fr\/produit\/kaffeevollautomat-delonghi-exam440-35-w-rivelia-weiss\/","title":{"rendered":"Machine \u00e0 caf\u00e9 enti\u00e8rement automatique De&#039;Longhi EXAM440.35.W Rivelia, blanche"},"content":{"rendered":"<div class=\"del-pdp__specifications__single\"><span class=\"del-pdp__specifications__single__label\">Abmessungen (BxTxH) (mm)<\/span> <span class=\"del-pdp__specifications__single__value\">245 x 430 x 385<\/span><\/div>\n<div class=\"del-pdp__specifications__single\"><span class=\"del-pdp__specifications__single__label\">Gewicht (kg)<\/span> <span class=\"del-pdp__specifications__single__value\">9.8<\/span><\/div>\n<div class=\"del-pdp__specifications__single\"><span class=\"del-pdp__specifications__single__label\">Pumpendruck (Bar)<\/span> <span class=\"del-pdp__specifications__single__value\">19<\/span><\/div>\n<div class=\"del-pdp__specifications__single\"><span class=\"del-pdp__specifications__single__label\">Bohnenbeh\u00e4lterkapazit\u00e4t (g)<\/span> <span class=\"del-pdp__specifications__single__value\">250<\/span><\/div>\n<div class=\"del-pdp__specifications__single\"><span class=\"del-pdp__specifications__single__label\">Wasserbeh\u00e4lterkapazit\u00e4t (l)<\/span> <span class=\"del-pdp__specifications__single__value\">1.4<\/span><\/div>\n<div class=\"del-pdp__specifications__single\"><span class=\"del-pdp__specifications__single__label\">Kaffeesatzbeh\u00e4lterkapazit\u00e4t (n)<\/span> <span class=\"del-pdp__specifications__single__value\">10<\/span><\/div>\n<div class=\"del-pdp__specifications__single\"><span class=\"del-pdp__specifications__single__label\">Max. Tassenh\u00f6he (mm)<\/span> <span class=\"del-pdp__specifications__single__value\">140<\/span><\/div>\n<div class=\"del-pdp__specifications__single\"><span class=\"del-pdp__specifications__single__label\">Eingangsleistung (W)<\/span> <span class=\"del-pdp__specifications__single__value\">1450<\/span><\/div>\n<div class=\"del-pdp__specifications__single\"><span class=\"del-pdp__specifications__single__label\">Nennspannung\/Frequenz (V~Hz)<\/span> <span class=\"del-pdp__specifications__single__value\">220\u2013240\u00a0V \/ 50\u201360\u00a0Hz<\/span><\/div>\n<div><\/div>\n<div>\n<div class=\"del-simple-css-accordion__content-desktop\">\n<div class=\"del-pdp__specifications__single\"><span class=\"del-pdp__specifications__single__label\">Couleur<\/span> <span class=\"del-pdp__specifications__single__value\">Sand Beige<\/span><\/div>\n<div class=\"del-pdp__specifications__single\"><span class=\"del-pdp__specifications__single__label\">Veredelung<\/span> <span class=\"del-pdp__specifications__single__value\">Kunststoff mit Metallteilen<\/span><\/div>\n<\/p>\n<\/div>\n<div>\n<div class=\"del-simple-css-accordion__content-desktop\">\n<div class=\"del-pdp__specifications__single\"><span class=\"del-pdp__specifications__single__label\">Kalte Milchgetr\u00e4nke<\/span> <span class=\"del-pdp__specifications__single__value\">Kalter Kaffee \/ Kalter Espresso \/ Cold Americano<\/span><\/div>\n<div class=\"del-pdp__specifications__single\"><span class=\"del-pdp__specifications__single__label\">Hei\u00dfe Kaffeegetr\u00e4nke<\/span> <span class=\"del-pdp__specifications__single__value\">Espresso \/ Espresso Lungo \/ Kaffee \/ Lang \/ Americano<\/span><\/div>\n<div class=\"del-pdp__specifications__single\"><span class=\"del-pdp__specifications__single__label\">Sonstige Getr\u00e4nke<\/span> <span class=\"del-pdp__specifications__single__value\">Hei\u00dfwasser \/ Dampf<\/span><\/div>\n<div class=\"del-pdp__specifications__single\"><span class=\"del-pdp__specifications__single__label\">Aromafunktion<\/span><\/div>\n<div class=\"del-pdp__specifications__single\"><span class=\"del-pdp__specifications__single__label\">M\u00f6glichkeit zur Anpassung der L\u00e4nge<\/span><\/div>\n<div class=\"del-pdp__specifications__single\"><span class=\"del-pdp__specifications__single__label\">Erweiterte Personalisierung<\/span> <span class=\"del-pdp__specifications__single__value\">Vier Benutzerprofile<\/span><\/div>\n<\/p>\n<\/div>\n<div>\n<div class=\"del-simple-css-accordion__content-desktop\">\n<div class=\"del-pdp__specifications__single\"><span class=\"del-pdp__specifications__single__label\">Regelkn\u00f6pfe<\/span> <span class=\"del-pdp__specifications__single__value\">Touch-Display<\/span><\/div>\n<div class=\"del-pdp__specifications__single\"><span class=\"del-pdp__specifications__single__label\">Anzeige<\/span> <span class=\"del-pdp__specifications__single__value\">3,5\u00a0Zoll TFT-Farbdisplay<\/span><\/div>\n<div>\n<div class=\"del-simple-css-accordion__content-desktop\">\n<div class=\"del-pdp__specifications__single\"><span class=\"del-pdp__specifications__single__label\">Milchsystem<\/span> <span class=\"del-pdp__specifications__single__value\">Regulierbares Cappuccino-System<\/span><\/div>\n<div class=\"del-pdp__specifications__single\"><span class=\"del-pdp__specifications__single__label\">2x Espresso<\/span><\/div>\n<div><\/div>\n<\/p>\n<\/div>\n<div>\n<div class=\"del-pdp__specifications__single\"><span class=\"del-pdp__specifications__single__label\">M\u00f6glichkeit, Wasserfilter zu verwenden<\/span><i class=\"del-icon icon-ok-blue\"><\/i><\/div>\n<div class=\"del-pdp__specifications__single\"><span class=\"del-pdp__specifications__single__label\">Programmierbare Wasserh\u00e4rte<\/span><i class=\"del-icon icon-ok-blue\"><\/i><\/div>\n<div class=\"del-pdp__specifications__single\"><span class=\"del-pdp__specifications__single__label\">M\u00f6glichkeit, vorgemahlenen Kaffee zu verwenden<\/span><\/div>\n<\/p>\n<\/div>\n<\/div>\n<\/div>\n<\/div>\n<\/div>\n<\/div>","protected":false},"excerpt":{"rendered":"<div class=\"del-pdp__info__content --summary\">\n<p>Plongez dans l&#039;univers du caf\u00e9 avec Rivelia. D\u00e9couvrez une infinit\u00e9 de vari\u00e9t\u00e9s de grains gr\u00e2ce au syst\u00e8me Bean Switch et vivez une exp\u00e9rience immersive gr\u00e2ce \u00e0 un \u00e9cran couleur de 3,5 pouces proposant des animations riches et des routines caf\u00e9 personnalis\u00e9es. Cr\u00e9ez une mousse onctueuse gr\u00e2ce au mousseur \u00e0 lait manuel, dans une machine compacte qui s&#039;adapte \u00e0 votre style.<\/p>\n<\/p>\n<\/div>\n<div class=\"del-pdp__info__content --summary\">\n<ul>\n<li>Avec le syst\u00e8me Bean Switch, vous pouvez facilement basculer entre diff\u00e9rents types de haricots et les essayer.<\/li>\n<li>La technologie Bean-Adapt ajuste facilement la mouture, le dosage du caf\u00e9 et la temp\u00e9rature d&#039;infusion en fonction des grains que vous choisissez.<\/li>\n<li>\u00c9cran couleur intuitif de 3,5 pouces avec huit boissons sur simple pression d&#039;un bouton.<\/li>\n<li>Pr\u00e9parez manuellement une mousse de lait cr\u00e9meuse pour compl\u00e9ter vos boissons lact\u00e9es.<\/li>\n<li>Stilvolles und kompaktes Design mit weichen Winkeln, in Sand Beige.<\/li>\n<\/ul>\n<p>\u00a0<\/p>\n<table class=\"a-normal a-spacing-micro\">\n<tbody>\n<tr class=\"a-spacing-small po-brand\">\n<td class=\"a-span3\">marque<\/td>\n<td class=\"a-span9\"><span class=\"a-size-base po-break-word\">De&#039;Longhi<\/span><\/td>\n<\/tr>\n<tr class=\"a-spacing-small po-color\">\n<td class=\"a-span3\">Couleur<\/td>\n<td class=\"a-span9\"><strong>Blanc<\/strong><\/td>\n<\/tr>\n<tr class=\"a-spacing-small po-item_depth_width_height\">\n<td class=\"a-span3\">Dimensions du produit<\/td>\n<td class=\"a-span9\"><span class=\"del-pdp__specifications__single__value\">245 x 430 x 385<\/span><\/td>\n<\/tr>\n<tr class=\"a-spacing-small po-special_feature\">\n<td class=\"a-span3\">Dossier sp\u00e9cial<\/td>\n<td class=\"a-span9\">\n<div class=\"translation-list__item\"><span class=\"translation-list__item-span\">Mousseur \u00e0 lait <\/span><\/div>\n<\/td>\n<\/tr>\n<tr class=\"a-spacing-small po-coffee_maker_type\">\n<td class=\"a-span3\">Type de machine \u00e0 caf\u00e9<\/td>\n<td class=\"a-span9\">\n<div class=\"translation-list__item\"><span class=\"translation-list__item-span\">Machine \u00e0 expresso <\/span><\/div>\n<\/td>\n<\/tr>\n<\/tbody>\n<\/table>\n<p><strong>Produit livr\u00e9 gratuitement en Allemagne en 3 jours<\/strong><\/p>\n<\/p>\n<\/div>","protected":false},"featured_media":11467,"template":"","meta":[],"product_brand":[],"product_cat":[29],"product_tag":[],"product_country":[1501],"class_list":{"0":"post-11466","1":"product","2":"type-product","3":"status-publish","4":"has-post-thumbnail","6":"product_cat-espressomaschinen","7":"product_country-germany","9":"first","10":"instock","11":"sale","12":"taxable","13":"shipping-taxable","14":"purchasable","15":"product-type-simple"},"_links":{"self":[{"href":"https:\/\/routinesfashione.com\/fr\/wp-json\/wp\/v2\/product\/11466","targetHints":{"allow":["GET"]}}],"collection":[{"href":"https:\/\/routinesfashione.com\/fr\/wp-json\/wp\/v2\/product"}],"about":[{"href":"https:\/\/routinesfashione.com\/fr\/wp-json\/wp\/v2\/types\/product"}],"wp:featuredmedia":[{"embeddable":true,"href":"https:\/\/routinesfashione.com\/fr\/wp-json\/wp\/v2\/media\/11467"}],"wp:attachment":[{"href":"https:\/\/routinesfashione.com\/fr\/wp-json\/wp\/v2\/media?parent=11466"}],"wp:term":[{"taxonomy":"product_brand","embeddable":true,"href":"https:\/\/routinesfashione.com\/fr\/wp-json\/wp\/v2\/product_brand?post=11466"},{"taxonomy":"product_cat","embeddable":true,"href":"https:\/\/routinesfashione.com\/fr\/wp-json\/wp\/v2\/product_cat?post=11466"},{"taxonomy":"product_tag","embeddable":true,"href":"https:\/\/routinesfashione.com\/fr\/wp-json\/wp\/v2\/product_tag?post=11466"},{"taxonomy":"product_country","embeddable":true,"href":"https:\/\/routinesfashione.com\/fr\/wp-json\/wp\/v2\/product_country?post=11466"}],"curies":[{"name":"wp","href":"https:\/\/api.w.org\/{rel}","templated":true}]}}