{"id":11496,"date":"2025-09-30T20:11:30","date_gmt":"2025-09-30T20:11:30","guid":{"rendered":"https:\/\/lightgray-crow-170497.hostingersite.com\/?post_type=product&#038;p=11496"},"modified":"2025-09-30T21:20:21","modified_gmt":"2025-09-30T21:20:21","slug":"honda-versamow-antriebsmaeher-hrx-476c2-vy-modell-2025","status":"publish","type":"product","link":"https:\/\/routinesfashione.com\/fr\/produit\/honda-versamow-antriebsmaeher-hrx-476c2-vy-modell-2025\/","title":{"rendered":"Tondeuse \u00e0 gazon Honda Versamow HRX 476C2 VY \u2013 mod\u00e8le 2025"},"content":{"rendered":"<h4>Avantages<\/h4>\n<div>\n<div class=\"table-wrapper\">\n<table class=\"UserAttributes\">\n<tbody>\n<tr class=\"PSR1\">\n<td class=\"AttributeLabel VerticalAlignMiddle\"><\/td>\n<td class=\"AttributeContent\">Ausgestattet mit einem Honda Motor: Honda Motoren stehen f\u00fcr Langlebigkeit und besondere Laufruhe.<\/td>\n<\/tr>\n<tr class=\"PSR2\">\n<td class=\"AttributeLabel VerticalAlignMiddle\"><\/td>\n<td class=\"AttributeContent\">L&#039;embrayage de lame d\u00e9couple les lames du moteur, prot\u00e9geant ainsi le vilebrequin. Vous pouvez d\u00e9placer la machine en mode conduite sans utiliser les lames, et le bac de ramassage peut \u00eatre vid\u00e9 sans red\u00e9marrer le moteur.<\/td>\n<\/tr>\n<tr class=\"PSR3\">\n<td class=\"AttributeLabel VerticalAlignMiddle\"><\/td>\n<td class=\"AttributeContent\">Gr\u00e2ce au r\u00e9glage centralis\u00e9 de la hauteur de coupe, la hauteur de coupe peut \u00eatre facilement r\u00e9gl\u00e9e avec une seule poign\u00e9e.<\/td>\n<\/tr>\n<tr class=\"PSR4\">\n<td class=\"AttributeLabel VerticalAlignMiddle\"><\/td>\n<td class=\"AttributeContent\">Gr\u00e2ce au guidon pliable, la tondeuse \u00e0 gazon peut \u00eatre rang\u00e9e ou transport\u00e9e de mani\u00e8re peu encombrante.<\/td>\n<\/tr>\n<tr class=\"PSR5\">\n<td class=\"AttributeLabel VerticalAlignMiddle\"><\/td>\n<td class=\"AttributeContent\">Das M\u00e4hdeck ist aus einem Hightech-Spezialpolymer welches sich durch seine Robustheit und dem vergleichsweise leichtem Gewicht auszeichnet. Das Material ist besonders UV- und rostbest\u00e4ndig.<\/td>\n<\/tr>\n<tr class=\"PSR6\">\n<td class=\"AttributeLabel VerticalAlignMiddle\"><\/td>\n<td class=\"AttributeContent\">Beim Mulchen wird das Schnittgut so klein geh\u00e4ckselt, dass es als nat\u00fcrlicher, biologischer D\u00fcnger auf der gem\u00e4hten Fl\u00e4che verbleiben kann. Besonders vorteilhaft in wachstumsstarken Perioden, da Entsorgung des Schnittguts entf\u00e4llt.<\/td>\n<\/tr>\n<tr class=\"PSR7\">\n<td class=\"AttributeLabel VerticalAlignMiddle\"><\/td>\n<td class=\"AttributeContent\">Durch das Versamow\u2122 variabel M\u00e4hsystem von Honda k\u00f6nnen Sie ganz einfach mit einem Hebel stufenlos zwischen Mulchen, Fangen oder Auswerfen einen Funktionswechsel durchf\u00fchren. Der Anbau einer separaten Mulcheinheit entf\u00e4llt.<\/td>\n<\/tr>\n<tr class=\"PSR8\">\n<td class=\"AttributeLabel VerticalAlignMiddle\"><\/td>\n<td class=\"AttributeContent\">Manipulation particuli\u00e8rement confortable et facile m\u00eame sur terrain accident\u00e9 gr\u00e2ce aux roues \u00e0 roulement \u00e0 billes.<\/td>\n<\/tr>\n<tr class=\"PSR9\">\n<td class=\"AttributeLabel VerticalAlignMiddle\"><\/td>\n<td class=\"AttributeContent\">Durch die Spritzschmierung gelangt das Motor\u00f6l zuverl\u00e4ssig an die relevanten Motorkomponenten. Ein Verstopfen in kleinen Passagen wird verhindert, so dass der Motor lange zuverl\u00e4ssig l\u00e4uft.<\/td>\n<\/tr>\n<tr class=\"PSR10\">\n<td class=\"AttributeLabel VerticalAlignMiddle\"><\/td>\n<td class=\"AttributeContent\">Beim Honda Select Drive wird durch das nach vorn Dr\u00fccken des Hebels der Radantrieb aktiviert. Die Geschwindigkeit wird \u00fcber den Drehknopf eingestellt und sorgt f\u00fcr eine konstant gleiche Geschwindigkeit.<\/td>\n<\/tr>\n<tr class=\"PSR11\">\n<td class=\"AttributeLabel VerticalAlignMiddle\"><\/td>\n<td class=\"AttributeContent\">Dank der Honda Super-Leichtstart Technologie springt der Motor m\u00fchelos und mit geringstem Kraftaufwand an<\/td>\n<\/tr>\n<tr class=\"PSR12\">\n<td class=\"AttributeLabel VerticalAlignMiddle\"><\/td>\n<td class=\"AttributeContent\">Dank Autochoke startet Motor einfach und ohne Chokehebel. Egal ob Kalt- oder Warmstart: einfach starten und losm\u00e4hen<\/td>\n<\/tr>\n<\/tbody>\n<\/table>\n<\/div>\n<\/div>\n<p>\u00a0<\/p>\n<h4>D\u00e9tails de l&#039;article<\/h4>\n<div class=\"table-wrapper\">\n<table class=\"HBOUserAttributes\">\n<tbody>\n<tr>\n<td class=\"AttributeGroupHeader\" colspan=\"2\">Moteur et \u00e9quipement<\/td>\n<\/tr>\n<tr>\n<td class=\"AttributeName VerticalAlignMiddle AttributeBorder\">Moteur de marque<\/td>\n<td class=\"AttributeContent AttributeBorder\">Honda<\/td>\n<\/tr>\n<tr>\n<td class=\"AttributeName VerticalAlignMiddle AttributeBorder\">Type de moteur<\/td>\n<td class=\"AttributeContent AttributeBorder\">moteur \u00e0 essence 4 temps OHC<\/td>\n<\/tr>\n<tr>\n<td class=\"AttributeName VerticalAlignMiddle AttributeBorder\">D\u00e9signation du moteur<\/td>\n<td class=\"AttributeContent AttributeBorder\">GCVx 170<\/td>\n<\/tr>\n<tr>\n<td class=\"AttributeName VerticalAlignMiddle AttributeBorder\">d\u00e9placement<\/td>\n<td class=\"AttributeContent AttributeBorder\">166 cm\u00b3<\/td>\n<\/tr>\n<tr>\n<td class=\"AttributeName VerticalAlignMiddle AttributeBorder\">Puissance du moteur<\/td>\n<td class=\"AttributeContent AttributeBorder\">3,6 kW \/ 4,9 PS bei 3600 U\/Min<\/td>\n<\/tr>\n<tr>\n<td class=\"AttributeName VerticalAlignMiddle AttributeBorder\">Performances de l&#039;appareil<\/td>\n<td class=\"AttributeContent AttributeBorder\">3,1 kW \/ 4,2 PS bei 2800 U\/Min<\/td>\n<\/tr>\n<tr>\n<td class=\"AttributeName VerticalAlignMiddle AttributeBorder\">D\u00e9marrage du moteur<\/td>\n<td class=\"AttributeContent AttributeBorder\">Honda Super-Leichtstart \u00fcber Seilzug<\/td>\n<\/tr>\n<tr>\n<td class=\"AttributeName VerticalAlignMiddle AttributeBorder\">r\u00e9servoir \u00e0 carburant<\/td>\n<td class=\"AttributeContent AttributeBorder\">0,91 Liter<\/td>\n<\/tr>\n<tr>\n<td class=\"AttributeName VerticalAlignMiddle AttributeBorder\">r\u00e9servoir d&#039;huile<\/td>\n<td class=\"AttributeContent AttributeBorder\">0,4 Liter<\/td>\n<\/tr>\n<tr>\n<td class=\"AttributeName VerticalAlignMiddle AttributeBorder\">Type de lubrification du moteur<\/td>\n<td class=\"AttributeContent AttributeBorder\">Spritzschmierung<\/td>\n<\/tr>\n<tr>\n<td class=\"AttributeName VerticalAlignMiddle AttributeBorder\">\u00e9touffer<\/td>\n<td class=\"AttributeContent AttributeBorder\">Autochoke<\/td>\n<\/tr>\n<tr>\n<td class=\"AttributeGroupHeader\" colspan=\"2\">Donn\u00e9es de tonte<\/td>\n<\/tr>\n<tr>\n<td class=\"AttributeName VerticalAlignMiddle AttributeBorder\">Largeur de coupe<\/td>\n<td class=\"AttributeContent AttributeBorder\">47 cm<\/td>\n<\/tr>\n<tr>\n<td class=\"AttributeName VerticalAlignMiddle AttributeBorder\">Hauteur de coupe, min-max<\/td>\n<td class=\"AttributeContent AttributeBorder\">25-79 mm<\/td>\n<\/tr>\n<tr>\n<td class=\"AttributeName VerticalAlignMiddle AttributeBorder\">Nombre de hauteurs de coupe<\/td>\n<td class=\"AttributeContent AttributeBorder\">7<\/td>\n<\/tr>\n<tr>\n<td class=\"AttributeName VerticalAlignMiddle AttributeBorder\">R\u00e9glage de la hauteur de coupe<\/td>\n<td class=\"AttributeContent AttributeBorder\">central<\/td>\n<\/tr>\n<tr>\n<td class=\"AttributeName VerticalAlignMiddle AttributeBorder\">Volume du panier de collecte<\/td>\n<td class=\"AttributeContent AttributeBorder\">69 Liter<\/td>\n<\/tr>\n<tr>\n<td class=\"AttributeName VerticalAlignMiddle AttributeBorder\">M\u00e9thodes de tonte<\/td>\n<td class=\"AttributeContent AttributeBorder\">Attrapage, paillage, andainage arri\u00e8re<\/td>\n<\/tr>\n<tr>\n<td class=\"AttributeName VerticalAlignMiddle AttributeBorder\">Kit de paillage<\/td>\n<td class=\"AttributeContent AttributeBorder\">Honda Versamow\u2122 variabel<\/td>\n<\/tr>\n<tr>\n<td class=\"AttributeName VerticalAlignMiddle AttributeBorder\">Type de bo\u00eete de r\u00e9cup\u00e9ration<\/td>\n<td class=\"AttributeContent AttributeBorder\">Textilfangkorb mit Partikelfilter<\/td>\n<\/tr>\n<tr>\n<td class=\"AttributeName VerticalAlignMiddle AttributeBorder\">Indicateur de niveau<\/td>\n<td class=\"AttributeContent AttributeBorder\">optisch<\/td>\n<\/tr>\n<tr>\n<td class=\"AttributeGroupHeader\" colspan=\"2\">\u00e9quipement<\/td>\n<\/tr>\n<tr>\n<td class=\"AttributeName VerticalAlignMiddle AttributeBorder\">Roues \u00e0 roulement \u00e0 billes<\/td>\n<td class=\"AttributeContent AttributeBorder\">Oui<\/td>\n<\/tr>\n<tr>\n<td class=\"AttributeName VerticalAlignMiddle AttributeBorder\">Embrayage \u00e0 couteau<\/td>\n<td class=\"AttributeContent AttributeBorder\">Oui<\/td>\n<\/tr>\n<tr>\n<td class=\"AttributeName VerticalAlignMiddle AttributeBorder\">Taille de la roue avant<\/td>\n<td class=\"AttributeContent AttributeBorder\">212 mm<\/td>\n<\/tr>\n<tr>\n<td class=\"AttributeName VerticalAlignMiddle AttributeBorder\">Taille de la roue arri\u00e8re<\/td>\n<td class=\"AttributeContent AttributeBorder\">212 mm<\/td>\n<\/tr>\n<tr>\n<td class=\"AttributeName VerticalAlignMiddle AttributeBorder\">Type de lecteur<\/td>\n<td class=\"AttributeContent AttributeBorder\">Honda Select Drive<\/td>\n<\/tr>\n<tr>\n<td class=\"AttributeName VerticalAlignMiddle AttributeBorder\">Mat\u00e9riau, plateau de coupe<\/td>\n<td class=\"AttributeContent AttributeBorder\">Polystrong<\/td>\n<\/tr>\n<tr>\n<td class=\"AttributeName VerticalAlignMiddle AttributeBorder\">Guidon pliable<\/td>\n<td class=\"AttributeContent AttributeBorder\">Oui<\/td>\n<\/tr>\n<tr>\n<td class=\"AttributeName VerticalAlignMiddle AttributeBorder\">Type de faisceau<\/td>\n<td class=\"AttributeContent AttributeBorder\">ergonomisch mit Schnellspanner<\/td>\n<\/tr>\n<tr>\n<td class=\"AttributeName VerticalAlignMiddle AttributeBorder\">Nombre de vitesses (AV\/AR)<\/td>\n<td class=\"AttributeContent AttributeBorder\">variable en continu<\/td>\n<\/tr>\n<tr>\n<td class=\"AttributeName VerticalAlignMiddle AttributeBorder\">Avance rapide<\/td>\n<td class=\"AttributeContent AttributeBorder\">0 \u2013 5,04 km\/h<\/td>\n<\/tr>\n<tr>\n<td class=\"AttributeGroupHeader\" colspan=\"2\">Environnement, dimensions et poids<\/td>\n<\/tr>\n<tr>\n<td class=\"AttributeName VerticalAlignMiddle AttributeBorder\">longueur<\/td>\n<td class=\"AttributeContent AttributeBorder\">158 cm<\/td>\n<\/tr>\n<tr>\n<td class=\"AttributeName VerticalAlignMiddle AttributeBorder\">Largeur<\/td>\n<td class=\"AttributeContent AttributeBorder\">53 cm<\/td>\n<\/tr>\n<tr>\n<td class=\"AttributeName VerticalAlignMiddle AttributeBorder\">Hauteur<\/td>\n<td class=\"AttributeContent AttributeBorder\">99,5 cm<\/td>\n<\/tr>\n<tr>\n<td class=\"AttributeName VerticalAlignMiddle AttributeBorder\">niveau de puissance acoustique garanti (LWA)<\/td>\n<td class=\"AttributeContent AttributeBorder\">94 dB(A)<\/td>\n<\/tr>\n<tr>\n<td class=\"AttributeName VerticalAlignMiddle AttributeBorder\">Poids<\/td>\n<td class=\"AttributeContent AttributeBorder\">42 kg<\/td>\n<\/tr>\n<\/tbody>\n<\/table>\n<\/div>","protected":false},"excerpt":{"rendered":"<p>Il ne s\u2019agit pas vraiment d\u2019une tondeuse, mais plut\u00f4t d\u2019une technologie de pelouse avanc\u00e9e.<\/p>\n<p>Nos nouvelles tondeuses HRX sont con\u00e7ues pour vous simplifier la vie et la rendre plus agr\u00e9able. Elles offrent non seulement plus de puissance, mais aussi un niveau sonore r\u00e9duit.<\/p>","protected":false},"featured_media":11497,"template":"","meta":[],"product_brand":[],"product_cat":[33],"product_tag":[],"product_country":[1501],"class_list":{"0":"post-11496","1":"product","2":"type-product","3":"status-publish","4":"has-post-thumbnail","6":"product_cat-profi-maher-rasenmaher","7":"product_country-germany","9":"first","10":"instock","11":"sale","12":"taxable","13":"shipping-taxable","14":"purchasable","15":"product-type-simple"},"_links":{"self":[{"href":"https:\/\/routinesfashione.com\/fr\/wp-json\/wp\/v2\/product\/11496","targetHints":{"allow":["GET"]}}],"collection":[{"href":"https:\/\/routinesfashione.com\/fr\/wp-json\/wp\/v2\/product"}],"about":[{"href":"https:\/\/routinesfashione.com\/fr\/wp-json\/wp\/v2\/types\/product"}],"wp:featuredmedia":[{"embeddable":true,"href":"https:\/\/routinesfashione.com\/fr\/wp-json\/wp\/v2\/media\/11497"}],"wp:attachment":[{"href":"https:\/\/routinesfashione.com\/fr\/wp-json\/wp\/v2\/media?parent=11496"}],"wp:term":[{"taxonomy":"product_brand","embeddable":true,"href":"https:\/\/routinesfashione.com\/fr\/wp-json\/wp\/v2\/product_brand?post=11496"},{"taxonomy":"product_cat","embeddable":true,"href":"https:\/\/routinesfashione.com\/fr\/wp-json\/wp\/v2\/product_cat?post=11496"},{"taxonomy":"product_tag","embeddable":true,"href":"https:\/\/routinesfashione.com\/fr\/wp-json\/wp\/v2\/product_tag?post=11496"},{"taxonomy":"product_country","embeddable":true,"href":"https:\/\/routinesfashione.com\/fr\/wp-json\/wp\/v2\/product_country?post=11496"}],"curies":[{"name":"wp","href":"https:\/\/api.w.org\/{rel}","templated":true}]}}