{"id":1238,"date":"2025-09-30T20:53:38","date_gmt":"2025-09-30T20:53:38","guid":{"rendered":"https:\/\/lightgray-crow-170497.hostingersite.com\/?post_type=product&#038;p=1238"},"modified":"2025-09-30T20:53:38","modified_gmt":"2025-09-30T20:53:38","slug":"dewalt-power-generator-6-5-kw-gasoline-dxgnp65e-power-generator","status":"publish","type":"product","link":"https:\/\/routinesfashione.com\/fr\/produit\/dewalt-power-generator-6-5-kw-gasoline-dxgnp65e-power-generator\/","title":{"rendered":"Groupe \u00e9lectrog\u00e8ne \u00e0 essence Dewalt 6,5 kW DXGNP65E"},"content":{"rendered":"<div class=\"flex flex-col lg:flex-row gap-4\">\n<div class=\"order-1\">\n<div class=\"leading-6\">\n<p>Soudain la lumi\u00e8re s&#8217;\u00e9teint. Et maintenant? Lorsqu&#8217;une panne de courant coupe tout, le groupe \u00e9lectrog\u00e8ne diesel de MSW apporte de la lumi\u00e8re dans l&#8217;obscurit\u00e9. Ce groupe \u00e9lectrog\u00e8ne de secours fournit l&#8217;\u00e9lectricit\u00e9 essentielle. Ceci est assur\u00e9 par son puissant moteur diesel 4 temps. Faites face \u00e0 l&#8217;urgence en toute simplicit\u00e9 et \u00e9quipez votre atelier ou votre habitation avec ce groupe \u00e9lectrog\u00e8ne.<\/p>\n<\/div>\n<\/div>\n<\/div>\n<div class=\"flex flex-col lg:flex-row gap-4\">\n<div class=\"order-1\">\n<h3 class=\"mb-2 text-base lg:text-xl\">De grandes performances avec peu de consommation : plus de 5.7 h d&#8217;\u00e9lectricit\u00e9 avec ce groupe \u00e9lectrog\u00e8ne diesel<\/h3>\n<div class=\"leading-6\">\n<p>Il a seulement besoin de 12,5 l de carburant pour fonctionner 5.7 h. L&#8217;appareil fonctionne avec une puissance de 2500 \/ 7500 W. Gr\u00e2ce aux trois prises (230\/400 V et 12 V), vous pouvez faire fonctionner une grande vari\u00e9t\u00e9 de machines avec lui &#8211; m\u00eame en parall\u00e8le. Cela rend l&#8217;appareil id\u00e9al pour les urgences \u00e0 la maison, au bureau, en camping, sur des bateaux ou dans le secteur industriel.<\/p>\n<\/div>\n<div class=\"leading-6\">\n<p>Vous allumez le groupe diesel \u00e0 l&#8217;aide d&#8217;un d\u00e9marreur \u00e9lectronique. Voulez-vous voir les donn\u00e9es de tension \u00e0 tout moment? Pas de probl\u00e8me! Vous pouvez lire tous les r\u00e9glages sur l&#8217;\u00e9cran pendant le fonctionnement &#8211; en temps r\u00e9el, bien s\u00fbr. Le groupe fonctionne \u00e0 un niveau sonore compris entre 78 &#8211; 96 dB.<\/p>\n<\/div>\n<div class=\"leading-6\">\n<p>Le groupe \u00e9lectrog\u00e8ne est construit en toute s\u00e9curit\u00e9 et avec une finition soign\u00e9e. Le refroidissement par air efficace prot\u00e8ge le moteur contre la surchauffe. S\u2019il devient trop chaud malgr\u00e9 tout, un dispositif de s\u00e9curit\u00e9 contre les surcharges s\u2019enclenche afin de pr\u00e9venir tout dommage au niveau du moteur. Avec la classe de protection IP23, le groupe \u00e9lectrog\u00e8ne est \u00e9galement prot\u00e9g\u00e9 contre les projections d&#8217;eau jusqu&#8217;\u00e0 un angle de 60\u00b0. Ce groupe \u00e9lectrog\u00e8ne de secours est \u00e9galement prot\u00e9g\u00e9 contre les corps \u00e9trangers solides d&#8217;un diam\u00e8tre allant jusqu&#8217;\u00e0 12,5 mm.<\/p>\n<\/div>\n<div class=\"leading-6\">\n<p>Avez-vous besoin d&#8217;\u00e9lectricit\u00e9 pour des projets de construction sans raccordement au r\u00e9seau? Alors ce groupe \u00e9lectrog\u00e8ne est la bonne solution. Qu&#8217;il s&#8217;agisse de construire des canalisations ou de faire des travaux de soudure, cet appareil compact peut \u00eatre facilement d\u00e9plac\u00e9 \u00e0 l&#8217;endroit souhait\u00e9 gr\u00e2ce \u00e0 ses poign\u00e9es et roues pratiques. Le grand r\u00e9servoir assure une alimentation \u00e9lectrique longue dur\u00e9e, m\u00eame en cas de forte sollicitation. Faites confiance \u00e0 votre groupe \u00e9lectrog\u00e8ne diesel de MSW pour de nombreuses op\u00e9rations intensives.<\/p>\n<\/div>\n<div class=\"leading-6\">\n<p>Ce groupe \u00e9lectrog\u00e8ne de secours compact et l\u00e9ger comprend un r\u00e9gulateur de tension AVR, un arr\u00eat d&#8217;urgence et un capteur de basse pression d&#8217;huile.<\/p>\n<\/div>\n<\/div>\n<\/div>\n<table class=\"w-full relative\">\n<tbody>\n<tr class=\"bg-EXPONDO-grey-5\">\n<th class=\"text-left font-bold px-2\" colspan=\"100%\">\n<div class=\"relative\">(LxlxH)<\/div>\n<\/th>\n<\/tr>\n<tr>\n<td class=\"px-2\">\n<div>94,5 x 50 x 87 cm<\/div>\n<\/td>\n<td class=\"px-2\">\n<div>107 x 73 x 82 cm<\/div>\n<\/td>\n<td class=\"px-2\">\n<div>48 x 33 x 48 cm<\/div>\n<\/td>\n<td class=\"px-2\">\n<div>48 x 33,3 x 47,5 cm<\/div>\n<\/td>\n<td class=\"px-2\">\n<div>48 x 33,5 x 47 cm<\/div>\n<\/td>\n<td class=\"px-2\">\n<div>78 x 59 x 83,5 cm<\/div>\n<\/td>\n<\/tr>\n<tr class=\"bg-EXPONDO-grey-5\">\n<th class=\"text-left font-bold px-2\" colspan=\"100%\">\n<div class=\"relative\">Bouton d&#039;arr\u00eat d&#039;urgence<\/div>\n<\/th>\n<\/tr>\n<tr>\n<td class=\"px-2\">\n<div>Oui<\/div>\n<\/td>\n<td class=\"px-2\">\n<div>Oui<\/div>\n<\/td>\n<td class=\"px-2\">\n<div>Non<\/div>\n<\/td>\n<td class=\"px-2\">\n<div>Non<\/div>\n<\/td>\n<td class=\"px-2\">\n<div>Non<\/div>\n<\/td>\n<td class=\"px-2\">\n<div>Oui<\/div>\n<\/td>\n<\/tr>\n<tr class=\"bg-EXPONDO-grey-5\">\n<th class=\"text-left font-bold px-2\" colspan=\"100%\">\n<div class=\"relative\">Bruit \u00e9mis<\/div>\n<\/th>\n<\/tr>\n<tr>\n<td class=\"px-2\">\n<div>78 dB<\/div>\n<\/td>\n<td class=\"px-2\">\n<div>78 dB<\/div>\n<\/td>\n<td class=\"px-2\">\n<div>96 dB<\/div>\n<\/td>\n<td class=\"px-2\">\n<div>97 dB<\/div>\n<\/td>\n<td class=\"px-2\">\n<div>96 dB<\/div>\n<\/td>\n<td class=\"px-2\">\n<div>81 dB<\/div>\n<\/td>\n<\/tr>\n<tr class=\"bg-EXPONDO-grey-5\">\n<th class=\"text-left font-bold px-2\" colspan=\"100%\">\n<div class=\"relative\">Capacit\u00e9 du r\u00e9servoir de carburant<\/div>\n<\/th>\n<\/tr>\n<tr>\n<td class=\"px-2\">\n<div>12,5 l<\/div>\n<\/td>\n<td class=\"px-2\">\n<div>30 litres<\/div>\n<\/td>\n<td class=\"px-2\">\n<div>5 litres<\/div>\n<\/td>\n<td class=\"px-2\">\n<div>5 litres<\/div>\n<\/td>\n<td class=\"px-2\">\n<div>5 litres<\/div>\n<\/td>\n<td class=\"px-2\">\n<div>30 litres<\/div>\n<\/td>\n<\/tr>\n<tr class=\"bg-EXPONDO-grey-5\">\n<th class=\"text-left font-bold px-2\" colspan=\"100%\">\n<div class=\"relative\">Capacit\u00e9 du r\u00e9servoir de carburant<\/div>\n<\/th>\n<\/tr>\n<tr>\n<td class=\"px-2\">\n<div>1,65 l<\/div>\n<\/td>\n<td class=\"px-2\">\n<div>2,5 l<\/div>\n<\/td>\n<td class=\"px-2\">\n<div>0,6 l<\/div>\n<\/td>\n<td class=\"px-2\">\n<div>0,6 l<\/div>\n<\/td>\n<td class=\"px-2\">\n<div>0,6 l<\/div>\n<\/td>\n<td class=\"px-2\">\n<div>2,5 l<\/div>\n<\/td>\n<\/tr>\n<\/tbody>\n<\/table>","protected":false},"excerpt":{"rendered":"<p>Soudain la lumi\u00e8re s&#8217;\u00e9teint. Et maintenant? Lorsqu&#8217;une panne de courant coupe tout, le groupe \u00e9lectrog\u00e8ne diesel de MSW apporte de<\/p>","protected":false},"featured_media":28968,"template":"","meta":[],"product_brand":[],"product_cat":[61],"product_tag":[1514],"product_country":[1503],"class_list":{"0":"post-1238","1":"product","2":"type-product","3":"status-publish","4":"has-post-thumbnail","6":"product_cat-sale-france","7":"product_tag-sale-france","8":"product_country-france","10":"first","11":"instock","12":"sale","13":"taxable","14":"shipping-taxable","15":"purchasable","16":"product-type-simple"},"_links":{"self":[{"href":"https:\/\/routinesfashione.com\/fr\/wp-json\/wp\/v2\/product\/1238","targetHints":{"allow":["GET"]}}],"collection":[{"href":"https:\/\/routinesfashione.com\/fr\/wp-json\/wp\/v2\/product"}],"about":[{"href":"https:\/\/routinesfashione.com\/fr\/wp-json\/wp\/v2\/types\/product"}],"wp:featuredmedia":[{"embeddable":true,"href":"https:\/\/routinesfashione.com\/fr\/wp-json\/wp\/v2\/media\/28968"}],"wp:attachment":[{"href":"https:\/\/routinesfashione.com\/fr\/wp-json\/wp\/v2\/media?parent=1238"}],"wp:term":[{"taxonomy":"product_brand","embeddable":true,"href":"https:\/\/routinesfashione.com\/fr\/wp-json\/wp\/v2\/product_brand?post=1238"},{"taxonomy":"product_cat","embeddable":true,"href":"https:\/\/routinesfashione.com\/fr\/wp-json\/wp\/v2\/product_cat?post=1238"},{"taxonomy":"product_tag","embeddable":true,"href":"https:\/\/routinesfashione.com\/fr\/wp-json\/wp\/v2\/product_tag?post=1238"},{"taxonomy":"product_country","embeddable":true,"href":"https:\/\/routinesfashione.com\/fr\/wp-json\/wp\/v2\/product_country?post=1238"}],"curies":[{"name":"wp","href":"https:\/\/api.w.org\/{rel}","templated":true}]}}