{"id":12442,"date":"2025-09-30T20:11:29","date_gmt":"2025-09-30T20:11:29","guid":{"rendered":"https:\/\/lightgray-crow-170497.hostingersite.com\/?post_type=product&#038;p=12442"},"modified":"2025-09-30T21:07:43","modified_gmt":"2025-09-30T21:07:43","slug":"philips-2200-series-3-kaffeespezialitaeten-ep2235-40-braun","status":"publish","type":"product","link":"https:\/\/routinesfashione.com\/fr\/produit\/philips-2200-series-3-kaffeespezialitaeten-ep2235-40-braun\/","title":{"rendered":"Philips 2200 Series, 3 Kaffeespezialit\u00e4ten, (EP2235\/40) Braun"},"content":{"rendered":"<div>\n<div>\n<div>\n<p><b>Einfache Reinigung dank vollst\u00e4ndig herausnehmbarer Br\u00fchgruppe<\/b><\/p>\n<p>Die Br\u00fchgruppe ist das Herz jedes Kaffeevollautomaten und sollte regelm\u00e4\u00dfig gereinigt werden. Die herausnehmbare Br\u00fchgruppe erm\u00f6glicht Ihnen eine gr\u00fcndliche Reinigung, indem Sie sie einfach unter flie\u00dfendem Wasser absp\u00fclen k\u00f6nnen.<\/p>\n<\/p>\n<\/div>\n<\/div>\n<div>\n<div>\n<p><b>2 Teile, keine Schl\u00e4uche. LatteGo ist besonders einfach zu reinigen<\/b><\/p>\n<p>Unser 2-teiliges Milchsystem kommt ganz ohne Schl\u00e4uche oder versteckte Teile aus und l\u00e4sst sich binnen weniger Sekunden unter flie\u00dfendem Wasser reinigen.<\/p>\n<\/p>\n<\/div>\n<\/div>\n<div>\n<div>\n<p><b>Ganz nach Ihrem Geschmack \u2013 mit 12 Mahlgradstufen<\/b><\/p>\n<p>Unser langlebiges Keramikmahlwerk kann in 12 Schritten eingestellt werden, sodass Sie Ihre Bohnen in extrem feines Pulver oder grobe St\u00fccke mahlen k\u00f6nnen.<\/p>\n<\/p>\n<\/div>\n<\/div>\n<\/div>\n<div>\n<div>\n<div>\n<p><b>20.000 Tassen aromatischer Kaffee dank langlebigem Keramikmahlwerk<\/b><\/p>\n<p>Unser widerstandsf\u00e4higes Keramik-Mahlwerk verleiht Ihrem Kaffee das volle Aroma. Das scharfkantige Mahlwerk holt das optimale Aroma und den besten Geschmack aus Ihren Bohnen.000 Tassen lang.<\/p>\n<\/p>\n<\/div>\n<\/div>\n<div>\n<div>\n<p><b>Sp\u00fclmaschinenfest f\u00fcr komfortable Reinigung<\/b><\/p>\n<p>F\u00fcr besonders komfortables Reinigen sind das Milchsystem und der Kaffeesatzbeh\u00e4lter sp\u00fclmaschinenfest.<\/p>\n<\/p>\n<\/div>\n<\/div>\n<div>\n<div>\n<p><b>Optimal in Temperatur, Aroma und Crema bei jeder Tasse**<\/b><\/p>\n<p>Das Aroma Extract System sorgt f\u00fcr ein optimales Gleichgewicht zwischen Br\u00fchtemperatur und Aromaentfaltung, indem die Wassertemperatur zwischen 90 \u00b0C und 98 \u00b0C gehalten und gleichzeitig die Wasserdurchflussrate reguliert wird, sodass Sie k\u00f6stliche Kaffeesorten genie\u00dfen k\u00f6nnen.<\/p>\n<\/p>\n<\/div>\n<\/div>\n<\/div>\n<div>\n<div>\n<div>\n<p><b>Bis zu 5.000 Tassen*** ohne Entkalken dank AquaClean Filter<\/b><\/p>\n<p>Dank des Filterwechsels nach Aufforderung sparen Sie sich das Entkalken Ihres Ger\u00e4ts f\u00fcr die Zubereitung von bis zu 5.000 Tassen*** Kaffee, w\u00e4hrend Sie sich jederzeit \u00fcber klares und gereinigtes Wasser freuen k\u00f6nnen.<\/p>\n<\/p>\n<\/div>\n<\/div>\n<div>\n<div>\n<p><b>Passen Sie die Aromast\u00e4rke und die Menge \u00fcber \u201cMeine Kaffeeauswahl\u201d an<\/b><\/p>\n<p>Passen Sie die St\u00e4rke und die Menge Ihres Getr\u00e4nks \u00fcber das Men\u00fc \u201cMeine Kaffeeauswahl\u201d an. W\u00e4hlen Sie einfach aus drei verschiedenen Einstellungen f\u00fcr Ihre Vorlieben.<\/p>\n<\/p>\n<\/div>\n<\/div>\n<div>\n<div>\n<p><b>Einfache Auswahl Ihres Kaffees \u00fcber die intuitive SensorTouch Oberfl\u00e4che<\/b><\/p>\n<p>Der unwiderstehliche Geschmack und das Aroma von Kaffee aus frischen Bohnen sind nur einen Tastendruck entfernt. Mit unserer intuitiven SensorTouch Oberfl\u00e4che k\u00f6nnen Sie ganz einfach Ihren Lieblingskaffee ausw\u00e4hlen.<\/p>\n<\/p>\n<\/div>\n<\/div>\n<\/div>\n<div>\n<div>\n<div>\n<p><b>Genie\u00dfen Sie 3 Kaffeespezialit\u00e4ten auf Knopfdruck<\/b><\/p>\n<p>Genie\u00dfen Sie eine Vielzahl an Getr\u00e4nken, passend f\u00fcr jede Gelegenheit. Egal ob Sie Lust auf einen starken Espresso, einen aromatischen Kaffee oder ein cremiges Milchgetr\u00e4nk haben \u2013 unser Kaffeevollautomat sorgt im Handumdrehen f\u00fcr eine leckere Tasse Ihres Wunschgetr\u00e4nks.<\/p>\n<\/p>\n<\/div>\n<\/div>\n<div>\n<div>\n<p><b>Halten Sie Ihre Bohnen dank Aromaschutzdeckel l\u00e4nger frisch<\/b><\/p>\n<\/p>\n<\/div>\n<\/div>\n<div>\n<div>\n<p><b>Samtiger Cappuccino, zu Hause frisch selbstgebr\u00fcht.<\/b><\/p>\n<p>Genie\u00dfen Sie samigen Cappuccino, auch mit Ihren bevorzugten pflanzlichen Milchalternativen. Dank der Zyklon-Aufsch\u00e4umtechnologie verwandelt LatteGo unterschiedliche Milchsorten und pflanzliche Alternativen mit angemessenem Fett- und Proteingehalt in den besten, dichtesten Schaum.<\/p>\n<\/p>\n<\/div>\n<\/div>\n<\/div>\n<p><small>Basierend auf Konsumententests in Deutschland, bei denen f\u00fchrende Kaffeevollautomaten verglichen wurden, die Kaffee und Milch auf Tastendruck zubereiten (2018).<\/small><\/p>\n<p><small>*Basierend auf einer Temperatur von 70 bis 82 \u00b0C<\/small><\/p>\n<p><small>**Basierend auf 8-maligem Filtertausch, wie von der Kaffeemaschine angegeben. Die tats\u00e4chliche Anzahl der Tassen ist abh\u00e4ngig von der Getr\u00e4nkewahl sowie von der Anzahl der Reinigungs- und Sp\u00fclvorg\u00e4nge.<\/small><\/p>\n<p>\u00a0<\/p>\n<p>\u00a0<\/p>\n<p>\u00a0<\/p>\n<p>\u00a0<\/p>","protected":false},"excerpt":{"rendered":"<p><strong>3\u00a0Kaffeespezialit\u00e4ten aus frischen Bohnen leicht gemacht<\/strong><\/p>\n<p class=\"p-body-copy-02\">Genie\u00dfen Sie aromatische Kaffeespezialit\u00e4ten wie Espresso, Kaffee und Cappuccino auf Tastendruck. Das LatteGo Milchsystem kr\u00f6nt Ihren Kaffee mit samtig-cremigem Milchschaum, ist einfach einzurichten und l\u00e4sst sich innerhalb weniger Sekunden reinigen.<\/p>\n<ul>\n<li><strong>En stock<\/strong><\/li>\n<li><strong>Livraison en Allemagne :\u00a0<\/strong>Livraison gratuite (3 \u2013 4 jours) : 0\u20ac<\/li>\n<li><strong>Livraison en Autriche, Danemark, Pologne, Pays-Bas, Finlande, Su\u00e8de, France, Belgique, Suisse :\u00a0<\/strong>(14 jours) : 39,99\u20ac<\/li>\n<li><strong>Retour sous 14 jours<\/strong><\/li>\n<\/ul>","protected":false},"featured_media":12443,"template":"","meta":[],"product_brand":[],"product_cat":[29],"product_tag":[],"product_country":[1501],"class_list":{"0":"post-12442","1":"product","2":"type-product","3":"status-publish","4":"has-post-thumbnail","6":"product_cat-espressomaschinen","7":"product_country-germany","9":"first","10":"instock","11":"sale","12":"taxable","13":"shipping-taxable","14":"purchasable","15":"product-type-simple"},"_links":{"self":[{"href":"https:\/\/routinesfashione.com\/fr\/wp-json\/wp\/v2\/product\/12442","targetHints":{"allow":["GET"]}}],"collection":[{"href":"https:\/\/routinesfashione.com\/fr\/wp-json\/wp\/v2\/product"}],"about":[{"href":"https:\/\/routinesfashione.com\/fr\/wp-json\/wp\/v2\/types\/product"}],"wp:featuredmedia":[{"embeddable":true,"href":"https:\/\/routinesfashione.com\/fr\/wp-json\/wp\/v2\/media\/12443"}],"wp:attachment":[{"href":"https:\/\/routinesfashione.com\/fr\/wp-json\/wp\/v2\/media?parent=12442"}],"wp:term":[{"taxonomy":"product_brand","embeddable":true,"href":"https:\/\/routinesfashione.com\/fr\/wp-json\/wp\/v2\/product_brand?post=12442"},{"taxonomy":"product_cat","embeddable":true,"href":"https:\/\/routinesfashione.com\/fr\/wp-json\/wp\/v2\/product_cat?post=12442"},{"taxonomy":"product_tag","embeddable":true,"href":"https:\/\/routinesfashione.com\/fr\/wp-json\/wp\/v2\/product_tag?post=12442"},{"taxonomy":"product_country","embeddable":true,"href":"https:\/\/routinesfashione.com\/fr\/wp-json\/wp\/v2\/product_country?post=12442"}],"curies":[{"name":"wp","href":"https:\/\/api.w.org\/{rel}","templated":true}]}}