{"id":12480,"date":"2025-09-30T20:11:28","date_gmt":"2025-09-30T20:11:28","guid":{"rendered":"https:\/\/lightgray-crow-170497.hostingersite.com\/?post_type=product&#038;p=12480"},"modified":"2025-09-30T21:07:45","modified_gmt":"2025-09-30T21:07:45","slug":"quick-mill-orione-3000","status":"publish","type":"product","link":"https:\/\/routinesfashione.com\/fr\/produit\/quick-mill-orione-3000\/","title":{"rendered":"Quick Mill Orione 3000"},"content":{"rendered":"<h2>Quick Mill Orione Modell 3000 Espresso- und Siebtr\u00e4germaschine<\/h2>\n<p>Espressomaschinen m\u00fcssen nur guten Kaffee liefern? Sicher ist dies das Wichtigste \u2013 dennoch kann ein Hauch von Sch\u00f6nheit und Eleganz nicht schaden. Und die Quick Mill Orione Modell 3000 hat beides: Stil und Funktionalit\u00e4t. Die halbautomatische Siebtr\u00e4germaschine hat einen Thermoblock mit Durchlauferhitzer f\u00fcr eine geringe Aufheizzeit. Als Einkreiser k\u00f6nnen sie gegen\u00fcber dem Zweikreiser nicht gleichzeitig Espresso br\u00fchen und Milch aufsch\u00e4umen. Jedoch ist die Dampffunktion innerhalb einiger Sekunden einsatzbereit. Ideal also um nicht nur einen Espresso zu genie\u00dfen sondern auch gelegentlich einen Cappuccino oder einen Latte Macchiato.<\/p>\n<ul>\n<li>Einkreiser Espressomaschine mit Thermoblock<\/li>\n<li>Br\u00fchgruppe f\u00fcr konstanten Br\u00fchdruck<\/li>\n<li>Vibrationspumpe, leise Ausf\u00fchrung<\/li>\n<li>Pumpendruck: 16 bar<\/li>\n<li>Manometer mit Anzeige des Pumpendrucks<\/li>\n<li>hochwertiger Thermoblock mit Durchlauferhitzer<\/li>\n<li>mit exklusivem Filterkopf mit einrastendem Schraubsystem<\/li>\n<li>mit Dampflanze zur Hei\u00dfwasser- und Dampfentnahme<\/li>\n<li>nach dem Umschalten ist die Dampffunktion schnell verf\u00fcgbar<\/li>\n<li>seitlich entnehmbarer Wassertank (1,5 Liter)<\/li>\n<li>kompakte Bauweise mit Tassenablage und Tassenw\u00e4rmer<\/li>\n<li>aus Edelstahl im matten Design<\/li>\n<\/ul>\n<h3>Leistungsf\u00e4higkeit, die \u00fcberzeugt: die Orione Modell 3000<\/h3>\n<p>Wie alle Produkte aus dem Hause Quick Mill \u00fcberzeugt auch die Orione Modell 3000 mit der Verwendung bester Materialien, hochwertiger Verarbeitung und technischer Exzellenz. Die Maschine verf\u00fcgt \u00fcber einen exklusiven Filterkopf aus Edelstahl und einen Thermoblock aus Metall mit Durchlauferhitzer. Dieser ist mit einer thermostatischen Kontrolle und einer Schmelzsicherung ausgestattet. Wie \u00fcblich bei Quick Mill k\u00f6nnen Dampf und Hei\u00dfwasser unbeschr\u00e4nkt entnommen werden, und der Dampfauslass verf\u00fcgt auch \u00fcber einen Lufteinzug, mit Hilfe dessen sich Getr\u00e4nke aufw\u00e4rmen oder Espressospezialit\u00e4ten wie Cappuccino, Caff\u00e8 Latte oder Latte Macchiato herstellen lassen. Bitte beachten sie, dass die Dampflanze stets nach Au\u00dfen zeigt.<\/p>\n<h3>Quick Mill Orione Modell 3000 \u2013 die ideale Espressomaschine f\u00fcr Genie\u00dfer<\/h3>\n<p>Die Quick Mill Orione Modell 3000 \u00fcberzeugt als Einkreiser Siebtr\u00e4germaschine damit, dass sie einen Espresso beziehen und gelegentlich auch einen Cappuccino oder Latte Macchiato zubereiten k\u00f6nnen. Durch die kompakten Ma\u00dfe und die Funktionen ist die Espresso- und Siebtr\u00e4germaschine ideal f\u00fcr den kleinen Haushalt oder den spontanen Kaffeegenuss. Folgendes Zubeh\u00f6r ist im Lieferumfang enthalten: Siebtr\u00e4ger (58mm) mit 2er Auslauf, Eintassen- und Zewitassensieb, Reinigungspinsel, Tamper aus Kunststoff, Messl\u00f6ffel.<\/p>","protected":false},"excerpt":{"rendered":"<ul>\n<li>Ma\u00dfe: (BxHxT) 25x38x25 cm<\/li>\n<li>Gewicht: 9 kg<\/li>\n<li>Leistung: 1080 W<\/li>\n<li>Spannung: 220 \u2013 230 V<\/li>\n<li>Fr\u00e9quence du secteur : 50\/60 Hz<\/li>\n<li>avec prise d&#039;alimentation<\/li>\n<\/ul>","protected":false},"featured_media":12481,"template":"","meta":[],"product_brand":[],"product_cat":[29],"product_tag":[],"product_country":[1501],"class_list":{"0":"post-12480","1":"product","2":"type-product","3":"status-publish","4":"has-post-thumbnail","6":"product_cat-espressomaschinen","7":"product_country-germany","9":"first","10":"instock","11":"sale","12":"taxable","13":"shipping-taxable","14":"purchasable","15":"product-type-simple"},"_links":{"self":[{"href":"https:\/\/routinesfashione.com\/fr\/wp-json\/wp\/v2\/product\/12480","targetHints":{"allow":["GET"]}}],"collection":[{"href":"https:\/\/routinesfashione.com\/fr\/wp-json\/wp\/v2\/product"}],"about":[{"href":"https:\/\/routinesfashione.com\/fr\/wp-json\/wp\/v2\/types\/product"}],"wp:featuredmedia":[{"embeddable":true,"href":"https:\/\/routinesfashione.com\/fr\/wp-json\/wp\/v2\/media\/12481"}],"wp:attachment":[{"href":"https:\/\/routinesfashione.com\/fr\/wp-json\/wp\/v2\/media?parent=12480"}],"wp:term":[{"taxonomy":"product_brand","embeddable":true,"href":"https:\/\/routinesfashione.com\/fr\/wp-json\/wp\/v2\/product_brand?post=12480"},{"taxonomy":"product_cat","embeddable":true,"href":"https:\/\/routinesfashione.com\/fr\/wp-json\/wp\/v2\/product_cat?post=12480"},{"taxonomy":"product_tag","embeddable":true,"href":"https:\/\/routinesfashione.com\/fr\/wp-json\/wp\/v2\/product_tag?post=12480"},{"taxonomy":"product_country","embeddable":true,"href":"https:\/\/routinesfashione.com\/fr\/wp-json\/wp\/v2\/product_country?post=12480"}],"curies":[{"name":"wp","href":"https:\/\/api.w.org\/{rel}","templated":true}]}}