{"id":12507,"date":"2025-09-30T20:11:28","date_gmt":"2025-09-30T20:11:28","guid":{"rendered":"https:\/\/lightgray-crow-170497.hostingersite.com\/?post_type=product&#038;p=12507"},"modified":"2025-09-30T21:07:46","modified_gmt":"2025-09-30T21:07:46","slug":"siemens-eq-500-classic-tp503d04-grau","status":"publish","type":"product","link":"https:\/\/routinesfashione.com\/fr\/produit\/siemens-eq-500-classic-tp503d04-grau\/","title":{"rendered":"Siemens EQ.500 classic TP503D04 grau"},"content":{"rendered":"<h3>Einfach k\u00f6stlich: mit komfortabler Handhabung und intuitiver Bedienung zum perfekten Kaffee<\/h3>\n<p>\u2013 Kaffee zubereiten war noch nie einfacher dank farbigem und intuitivem coffeeSelect Display<br \/> \u2013 Perfekter Milchschaum f\u00fcr gelegentliche Kaffeemilchspezialit\u00e4tenTrinker mit dem Cappucinatore. Kein Reinigungsaufwand dank autoMilk Clean.<br \/> \u2013\u00a0Jeden Kaffee und jede Milchspezialit\u00e4t einfach auf Tastendruck zubereiten mit der oneTouch Function.<br \/> \u2013\u00a0Mit der leicht zug\u00e4nglichen Servicet\u00fcr an der Ger\u00e4tefront ist eine einfache Wartung und schnelle Reinigung garantiert<br \/> \u2013 Optimale Zubereitung und perfekter Geschmack dank der ausgefeilten Technologie iAroma System.<\/p>\n<h3>Zubeh\u00f6r<\/h3>\n<p>1 x Wasserfilterpatrone BRITA INTENZA<br \/> 1 x Teststreifen f. Wasserh\u00e4rtegrad-Bestimmg<br \/> 1 x Welcome-Box<\/p>\n<h3>\u00e9quipement<\/h3>\n<p><b>Geschmack<\/b><\/p>\n<p>Kaffeevielfalt auf Tastendruck: Espresso, Caffe Crema, Cappuccino,Latte Macchiato. Schnell und bequem.<br \/> aromaDouble Shot: Extra starker Kaffee mit reduziertemBitterstoffgehalt durch zwei Mahl- und Br\u00fchvorg\u00e4nge<br \/> Inklusive BRITA Intenza Wasserfilter: Verringert den Kalkgehalt desWassers und reduziert geruchs- und geschmacksst\u00f6rende Stoffe<\/p>\n<p><b>confort<\/b><\/p>\n<p>Einfache Handhabung dank des farbigen und intuitivencoffeeSelect Displays.<br \/> Kaffeeauslauf und Milchsch\u00e4umer h\u00f6henverstellbar: Bis zu 14 cm(max) hohe Latte Macchiato Gl\u00e4ser passen darunter<br \/> Wassertank entnehmbar zum leichten Bef\u00fcllen (1.7 l Volumen)<br \/> Flexible Milchl\u00f6sung: Entscheiden Sie selbst, ob Sie den separaterh\u00e4ltlichen Milchbeh\u00e4lter anschlie\u00dfen oder ein anderes Beh\u00e4ltnisverwenden, z.B. einen Milchkarton<\/p>\n<p><b>Performance<br \/> <\/b><br \/> ceramDrive: Hochwertiges Mahlwerk aus verschlei\u00dffreier Keramik<br \/> Mit nur einem Knopfdruck werden alle Kaffee- und Milchgetr\u00e4nkeautomatisch zubereitet, dank der oneTouch Funktion.<br \/> Zus\u00e4tzlich zu den Getr\u00e4nken auch einzeln ausw\u00e4hlbar: gesch\u00e4umteMilch, Hei\u00dfwasser<br \/> Minimierung der Aufheizzeit: Schnelle erste Tasse<br \/> Wasserpumpe mit 15 bar Druck<br \/> Separater Einf\u00fcllschacht f\u00fcr gemahlenen Kaffee, z.B. koffeinfreienKaffee<\/p>\n<p><b>Hygiene<br \/> <\/b><br \/> Mit der leicht zug\u00e4nglichen Servicet\u00fcr an der Ger\u00e4tefront ist eineWartung und schnelle Reinigung garantiert<br \/> Entnehmbare Br\u00fcheinheit: Einfaches und hygienisches Reinigenunter flie\u00dfendem Wasser<br \/> Automatisches Sp\u00fclprogramm beim Ausschalten, Einschalten<br \/> Automatische Dampfreinigung nach jedem Getr\u00e4nk mit autoMilkClean.<br \/> Milchsch\u00e4umer entnehmbar und sp\u00fclmaschinengeeignet<br \/> Tropfschale und Kaffeesatzbeh\u00e4lter entnehmbar undsp\u00fclmaschinengeeignet<br \/> calc\u2019nClean: Automatisches Reinigungs- und Entkalkungsprogramm<br \/> Erinnert rechtzeitig an Wasserfilterwechsel, Entkalkung, Reinigung<\/p>\n<p><b>Sonstiges<\/b><\/p>\n<p>Beleuchtung von Tasten,<br \/> Bohnenbeh\u00e4lter mit Aromaschutzdeckel (270 g Volumen)<br \/> Mahlgrad mehrstufig einstellbar<br \/> Displaysprache ausw\u00e4hlbar<br \/> Kindersicherung: Unbeabsichtigter Br\u00fchvorgang nicht m\u00f6glich<br \/> Anschlusswert: 1500 Watt<\/p>\n<p>\u00a0<\/p>\n<table class=\"data-table content\">\n<tbody>\n<tr>\n<td class=\"description\">Typ der Kaffee-\/Espresso-Maschine: Kombinierte Espresso-\/Kaffee-Maschine<\/td>\n<\/tr>\n<tr>\n<td class=\"description\">Steuerung: Elektronisch<\/td>\n<\/tr>\n<tr>\n<td class=\"description\">Bedienelemente: Display, Schalter Ein\/Aus, separate LED\/\u2019s, Touch-Tasten<\/td>\n<\/tr>\n<tr>\n<td class=\"description\">Anschlusswert: 1500 W<\/td>\n<\/tr>\n<tr>\n<td class=\"description\">Spannung: 220-240 V<\/td>\n<\/tr>\n<tr>\n<td class=\"description\">Frequenz: 50 Hz<\/td>\n<\/tr>\n<tr>\n<td class=\"description\">Ger\u00e4teh\u00f6he: 373 mm<\/td>\n<\/tr>\n<tr>\n<td class=\"description\">Ger\u00e4tebreite: 276 mm<\/td>\n<\/tr>\n<tr>\n<td class=\"description\">Ger\u00e4tetiefe: 452 mm<\/td>\n<\/tr>\n<tr>\n<td class=\"description\">H\u00f6he verpacktes Ger\u00e4t: 510 mm<\/td>\n<\/tr>\n<tr>\n<td class=\"description\">Breite verpacktes Ger\u00e4t: 343 mm<\/td>\n<\/tr>\n<tr>\n<td class=\"description\">Tiefe verpacktes Produkt: 428 mm<\/td>\n<\/tr>\n<tr>\n<td class=\"description\">Nettogewicht: 8.258 kg<\/td>\n<\/tr>\n<tr>\n<td class=\"description\">Bruttogewicht: 9.5 kg<\/td>\n<\/tr>\n<tr>\n<td class=\"description\">L\u00e4nge Anschlusskabel: 100.0 cm<\/td>\n<\/tr>\n<tr>\n<td class=\"description\">Kabelunterbringung: Ohne Kabelgeh\u00e4use<\/td>\n<\/tr>\n<tr>\n<td class=\"description\">Steckerart: Schuko-\/Gardy.m.Erdung<\/td>\n<\/tr>\n<tr>\n<td class=\"description\">Approbationszertifikate: CE, VDE<\/td>\n<\/tr>\n<tr>\n<td class=\"description\">Material Kontrollblende: Kunststoff<\/td>\n<\/tr>\n<tr>\n<td class=\"description\">Stand-by Display: Display<\/td>\n<\/tr>\n<tr>\n<td class=\"description\">F\u00fcllmenge Kaffeebohnenbeh\u00e4lter: 270 g<\/td>\n<\/tr>\n<tr>\n<td class=\"description\">Beleuchtung: Ja<\/td>\n<\/tr>\n<tr>\n<td class=\"description\">Tassenbeleuchtung vorhanden: Nein<\/td>\n<\/tr>\n<tr>\n<td class=\"description\">Temperatur: 3<\/td>\n<\/tr>\n<tr>\n<td class=\"description\">Pumpendruck: 15.0 bar<\/td>\n<\/tr>\n<tr>\n<td class=\"description\">Br\u00fchsystem abnehmbar: Ja<\/td>\n<\/tr>\n<tr>\n<td class=\"description\">Trichter f\u00fcr Kaffeemehl vorhanden: Ja<\/td>\n<\/tr>\n<tr>\n<td class=\"description\">Material des Mahlwerks: Keramik<\/td>\n<\/tr>\n<tr>\n<td class=\"description\">Mahlgrad-Einstellung: mehrstufig<\/td>\n<\/tr>\n<tr>\n<td class=\"description\">Auswahl der Getr\u00e4nke: Cappuccino, Cappuccino, Kaffee, Latte Macchiato<\/td>\n<\/tr>\n<tr>\n<td class=\"description\">Liste der Milchgetr\u00e4nke, die mit dem Druck einer Taste ohne Bewegen der Tasse erhalten werden k\u00f6nnen: Cappuccino, Latte Macchiato<\/td>\n<\/tr>\n<tr>\n<td class=\"description\">Aroma DoubleShot-Funktion vorhanden: Ja<\/td>\n<\/tr>\n<tr>\n<td class=\"description\">Aufsch\u00e4umhilfe: Integriert in Kaffeeauslass<\/td>\n<\/tr>\n<tr>\n<td class=\"description\">Milchbeh\u00e4lter vorhanden: Nein<\/td>\n<\/tr>\n<tr>\n<td class=\"description\">Hei\u00dfwasserfunktion vorhanden: Ja<\/td>\n<\/tr>\n<tr>\n<td class=\"description\">Wasserf\u00fcllmenge: 1.70 l<\/td>\n<\/tr>\n<tr>\n<td class=\"description\">H\u00f6henverstellbarer Kaffeeauslass vorhanden: Ja<\/td>\n<\/tr>\n<tr>\n<td class=\"description\">Heizungsart: Durchlauferhitzer<\/td>\n<\/tr>\n<tr>\n<td class=\"description\">Entkalker-Anzeige vorhanden: Ja<\/td>\n<\/tr>\n<tr>\n<td class=\"description\">Art der Entkalkungsmethode: Entkalkungs-Programm<\/td>\n<\/tr>\n<tr>\n<td class=\"description\">Automatisches Reinigungssystem vorhanden: Ja<\/td>\n<\/tr>\n<tr>\n<td class=\"description\">Sp\u00fclmaschinenfeste Teile: Abtropfplatte, Abtropfschale, Kaffeesatz-Beh\u00e4lter, Milchbeh\u00e4lter, Milchd\u00fcse, Milchleitung<\/td>\n<\/tr>\n<tr>\n<td class=\"description\">Anzahl Programme: 6<\/td>\n<\/tr>\n<tr>\n<td class=\"description\">Mitgeliefertes Zubeh\u00f6r: 1 x Wasserfilterpatrone BRITA INTENZA, 1 x Teststreifen f. Wasserh\u00e4rtegrad-Bestimmg, 1 x Welcome-Box<\/td>\n<\/tr>\n<\/tbody>\n<\/table>\n<p>\u00a0<\/p>","protected":false},"excerpt":{"rendered":"<ul>\n<li>Pression de la pompe : 15 bar<\/li>\n<li>Cappuccino, Kaffee, Latte Macchiato<\/li>\n<li>Fassungsverm\u00f6gen Kaffeebohnen: 270 g<\/li>\n<li>Wasserf\u00fcllmenge: 1.7 l<\/li>\n<li>Display, Schalter Ein\/Aus, separate LED\/\u2019s, Touch-Tasten<\/li>\n<li>Aufsch\u00e4umhilfe: Integriert in Kaffeeauslass<\/li>\n<li>Herausnehmbare Br\u00fchgruppe<\/li>\n<li>Automatisches Reinigungssystem<\/li>\n<li>Entkalkungs-Programm<\/li>\n<\/ul>\n<ul>\n<li><strong>En stock<\/strong><\/li>\n<li><strong>Livraison en Allemagne :\u00a0<\/strong>Livraison gratuite (3 \u2013 4 jours) : 0\u20ac<\/li>\n<li><strong>Livraison en Autriche, Danemark, Pologne, Pays-Bas, Finlande, Su\u00e8de, France, Belgique, Suisse :\u00a0<\/strong>(14 jours) : 39,99\u20ac<\/li>\n<li><strong>Retour sous 14 jours<\/strong><\/li>\n<\/ul>","protected":false},"featured_media":12508,"template":"","meta":[],"product_brand":[],"product_cat":[29],"product_tag":[],"product_country":[1501],"class_list":{"0":"post-12507","1":"product","2":"type-product","3":"status-publish","4":"has-post-thumbnail","6":"product_cat-espressomaschinen","7":"product_country-germany","9":"first","10":"instock","11":"sale","12":"taxable","13":"shipping-taxable","14":"purchasable","15":"product-type-simple"},"_links":{"self":[{"href":"https:\/\/routinesfashione.com\/fr\/wp-json\/wp\/v2\/product\/12507","targetHints":{"allow":["GET"]}}],"collection":[{"href":"https:\/\/routinesfashione.com\/fr\/wp-json\/wp\/v2\/product"}],"about":[{"href":"https:\/\/routinesfashione.com\/fr\/wp-json\/wp\/v2\/types\/product"}],"wp:featuredmedia":[{"embeddable":true,"href":"https:\/\/routinesfashione.com\/fr\/wp-json\/wp\/v2\/media\/12508"}],"wp:attachment":[{"href":"https:\/\/routinesfashione.com\/fr\/wp-json\/wp\/v2\/media?parent=12507"}],"wp:term":[{"taxonomy":"product_brand","embeddable":true,"href":"https:\/\/routinesfashione.com\/fr\/wp-json\/wp\/v2\/product_brand?post=12507"},{"taxonomy":"product_cat","embeddable":true,"href":"https:\/\/routinesfashione.com\/fr\/wp-json\/wp\/v2\/product_cat?post=12507"},{"taxonomy":"product_tag","embeddable":true,"href":"https:\/\/routinesfashione.com\/fr\/wp-json\/wp\/v2\/product_tag?post=12507"},{"taxonomy":"product_country","embeddable":true,"href":"https:\/\/routinesfashione.com\/fr\/wp-json\/wp\/v2\/product_country?post=12507"}],"curies":[{"name":"wp","href":"https:\/\/api.w.org\/{rel}","templated":true}]}}