{"id":12759,"date":"2025-09-30T20:11:27","date_gmt":"2025-09-30T20:11:27","guid":{"rendered":"https:\/\/lightgray-crow-170497.hostingersite.com\/?post_type=product&#038;p=12759"},"modified":"2025-09-30T21:14:35","modified_gmt":"2025-09-30T21:14:35","slug":"practixx-maehroboter-px-rrm-2000wi","status":"publish","type":"product","link":"https:\/\/routinesfashione.com\/fr\/produit\/practixx-maehroboter-px-rrm-2000wi\/","title":{"rendered":"Tondeuse robotis\u00e9e Practixx PX-RRM-2000Wi"},"content":{"rendered":"<div>\n<div class=\"flex flex-wrap justify-between items-center bg-scheppach-shades-0 b-b c-scheppach-shades-100 py-2 px-5\">\n<div>\n<div class=\"flex flex-wrap justify-between items-center bg-scheppach-shades-0 b-b c-scheppach-shades-100 py-2 px-5\">\n<p>Hauteur de la machine :<\/p>\n<div>\n<p class=\"font-700 mr-1\">255 mm<\/p>\n<\/p>\n<\/div>\n<\/div>\n<\/div>\n<div>\n<div class=\"flex flex-wrap justify-between items-center bg-scheppach-shades-0 b-b c-scheppach-shades-100 py-2 px-5\">\n<p>Longueur de la machine :<\/p>\n<div>\n<p class=\"font-700 mr-1\">605 mm<\/p>\n<\/p>\n<\/div>\n<\/div>\n<\/div>\n<div>\n<div class=\"flex flex-wrap justify-between items-center bg-scheppach-shades-0 b-b c-scheppach-shades-100 py-2 px-5\">\n<p>Largeur de la machine :<\/p>\n<div>\n<p class=\"font-700 mr-1\">465 mm<\/p>\n<\/p>\n<\/div>\n<\/div>\n<\/div>\n<p>EAN:<\/p>\n<div>\n<p class=\"font-700 mr-1\">4046664221692<\/p>\n<\/p>\n<\/div>\n<\/div>\n<\/div>\n<div>\n<div class=\"flex flex-wrap justify-between items-center bg-scheppach-shades-0 b-b c-scheppach-shades-100 py-2 px-5\">\n<p>Groupe de machines :<\/p>\n<div>\n<p class=\"font-700 mr-1\">Tondeuse \u00e0 gazon robotis\u00e9e<\/p>\n<\/p>\n<\/div>\n<\/div>\n<\/div>\n<div>\n<div class=\"flex flex-wrap justify-between items-center bg-scheppach-shades-0 b-b c-scheppach-shades-100 py-2 px-5\">\n<p>Poids brut :<\/p>\n<div>\n<p class=\"font-700 mr-1\">19,5 kg<\/p>\n<\/p>\n<\/div>\n<\/div>\n<\/div>\n<div>\n<div class=\"flex flex-wrap justify-between items-center bg-scheppach-shades-0 b-b c-scheppach-shades-100 py-2 px-5\">\n<p>Poids net:<\/p>\n<div>\n<p class=\"font-700 mr-1\">10,6 kg<\/p>\n<\/p>\n<\/div>\n<\/div>\n<\/div>\n<div>\n<div class=\"flex flex-wrap justify-between items-center bg-scheppach-shades-0 b-b c-scheppach-shades-100 py-2 px-5\">\n<p>Description du mod\u00e8le :<\/p>\n<div>\n<p class=\"font-700 mr-1\">PX-RRM-2000Wi<\/p>\n<\/p>\n<\/div>\n<\/div>\n<\/div>\n<div>\n<div class=\"flex flex-wrap justify-between items-center bg-scheppach-shades-0 b-b c-scheppach-shades-100 py-2 px-5\">\n<p>Num\u00e9ro d&#039;article :<\/p>\n<div>\n<p class=\"font-700 mr-1\">39130039969<\/p>\n<\/p>\n<\/div>\n<\/div>\n<\/div>\n<div>\n<div class=\"flex flex-wrap justify-between items-center bg-scheppach-shades-0 b-b c-scheppach-shades-100 py-2 px-5\">\n<p>Titre:<\/p>\n<div>\n<p class=\"font-700 mr-1\">Tondeuse \u00e0 gazon robotis\u00e9e PX-RRM-2000Wi Practixx<\/p>\n<\/p>\n<\/div>\n<\/div>\n<\/div>","protected":false},"excerpt":{"rendered":"<p>Ce puissant robot de tonte tond la pelouse de mani\u00e8re autonome et al\u00e9atoire. La hauteur de coupe est r\u00e9glable individuellement et en continu de 20 \u00e0 60 mm. Le robot tond m\u00eame les bordures en toute s\u00e9curit\u00e9, sans aucune tonte suppl\u00e9mentaire. La t\u00eate de coupe flottante compense efficacement les irr\u00e9gularit\u00e9s du sol. Gr\u00e2ce \u00e0 la d\u00e9tection automatique des passages, m\u00eame les passages \u00e9troits ne posent aucun probl\u00e8me. L&#039;entretien de la pelouse est simplifi\u00e9 gr\u00e2ce au robot de tonte Practixx PX-RRM-2000Wi. Avec une largeur de coupe de 22 cm, le robot convient \u00e9galement aux grandes pelouses jusqu&#039;\u00e0 2000 m\u00b2. Son puissant moteur sans balais, sans entretien, garantit une autonomie prolong\u00e9e, une longue dur\u00e9e de vie et une usure r\u00e9duite.<\/p>","protected":false},"featured_media":12760,"template":"","meta":[],"product_brand":[],"product_cat":[57],"product_tag":[],"product_country":[1501],"class_list":{"0":"post-12759","1":"product","2":"type-product","3":"status-publish","4":"has-post-thumbnail","6":"product_cat-mahroboter-rasenmaher","7":"product_country-germany","9":"first","10":"instock","11":"sale","12":"taxable","13":"shipping-taxable","14":"purchasable","15":"product-type-simple"},"_links":{"self":[{"href":"https:\/\/routinesfashione.com\/fr\/wp-json\/wp\/v2\/product\/12759","targetHints":{"allow":["GET"]}}],"collection":[{"href":"https:\/\/routinesfashione.com\/fr\/wp-json\/wp\/v2\/product"}],"about":[{"href":"https:\/\/routinesfashione.com\/fr\/wp-json\/wp\/v2\/types\/product"}],"wp:featuredmedia":[{"embeddable":true,"href":"https:\/\/routinesfashione.com\/fr\/wp-json\/wp\/v2\/media\/12760"}],"wp:attachment":[{"href":"https:\/\/routinesfashione.com\/fr\/wp-json\/wp\/v2\/media?parent=12759"}],"wp:term":[{"taxonomy":"product_brand","embeddable":true,"href":"https:\/\/routinesfashione.com\/fr\/wp-json\/wp\/v2\/product_brand?post=12759"},{"taxonomy":"product_cat","embeddable":true,"href":"https:\/\/routinesfashione.com\/fr\/wp-json\/wp\/v2\/product_cat?post=12759"},{"taxonomy":"product_tag","embeddable":true,"href":"https:\/\/routinesfashione.com\/fr\/wp-json\/wp\/v2\/product_tag?post=12759"},{"taxonomy":"product_country","embeddable":true,"href":"https:\/\/routinesfashione.com\/fr\/wp-json\/wp\/v2\/product_country?post=12759"}],"curies":[{"name":"wp","href":"https:\/\/api.w.org\/{rel}","templated":true}]}}