{"id":1300,"date":"2025-09-30T20:53:38","date_gmt":"2025-09-30T20:53:38","guid":{"rendered":"https:\/\/lightgray-crow-170497.hostingersite.com\/?post_type=product&#038;p=1300"},"modified":"2025-09-30T20:53:38","modified_gmt":"2025-09-30T20:53:38","slug":"cremmaet-tempo-cafetiere-super-automatique-avec-ecran-tft-7","status":"publish","type":"product","link":"https:\/\/routinesfashione.com\/fr\/produit\/cremmaet-tempo-cafetiere-super-automatique-avec-ecran-tft-7\/","title":{"rendered":"Cremmaet Tempo Cafeti\u00e8re super automatique avec \u00e9cran TFT 7\u2033"},"content":{"rendered":"<p><strong><span class=\"e1pizqy31 css-hga4sk\">Description<\/span><\/strong><\/p>\n<div class=\"css-1aprn8v e1pizqy32\">\n<ul>\n<li>13 recettes de caf\u00e9 fra\u00eechement moulu. Livre de recettes avec caf\u00e9s chauds et froids qui vous permet de pr\u00e9parer confortablement et rapidement la boisson id\u00e9ale pour chaque instant.<\/li>\n<li>Personnalisation totale de chaque caf\u00e9. Fonction DIY pour la quantit\u00e9 de grains, les millilitres d&#8217;eau et le niveau de mousse, entre autres. Personnalisation compl\u00e8te pour que vous puissiez d\u00e9guster votre caf\u00e9 pr\u00e9f\u00e9r\u00e9 \u00e0 la maison.<\/li>\n<li>Enregistrez votre personnalisation de caf\u00e9 pr\u00e9f\u00e9r\u00e9e. Jusqu&#8217;\u00e0 6 utilisateurs pour pr\u00e9parer votre caf\u00e9 id\u00e9al avec vos r\u00e9glages pr\u00e9f\u00e9r\u00e9s de la mani\u00e8re la plus confortable.<\/li>\n<li>Contr\u00f4le confortable et intuitif. \u00c9cran tactile TFT de 7 pouces qui vous permet de parcourir le livre de recettes, de personnaliser chaque caf\u00e9 et de contr\u00f4ler la cafeti\u00e8re en tout confort.<\/li>\n<li>Du grain \u00e0 la tasse instantan\u00e9ment. 1450 W de puissance qui atteint rapidement la temp\u00e9rature parfaite gr\u00e2ce au syst\u00e8me Thermoblock pour pr\u00e9parer rapidement des caf\u00e9s parfaits.<\/li>\n<li>9 niveaux de mouture. Broyeur en c\u00e9ramique int\u00e9gr\u00e9 avec jusqu&#8217;\u00e0 9 niveaux de mouture pour obtenir la texture parfaite pour chaque vari\u00e9t\u00e9 de grain.<\/li>\n<li>Conserve toutes les nuances de chaque grain. Contenant herm\u00e9tique de 200 g qui permet de pr\u00e9server tout l&#8217;ar\u00f4me et la saveur de chaque grain.<\/li>\n<\/ul>\n<\/div>","protected":false},"excerpt":{"rendered":"<p>Description 13 recettes de caf\u00e9 fra\u00eechement moulu. Livre de recettes avec caf\u00e9s chauds et froids qui vous permet de pr\u00e9parer<\/p>","protected":false},"featured_media":28882,"template":"","meta":[],"product_brand":[],"product_cat":[61],"product_tag":[1514],"product_country":[1503],"class_list":{"0":"post-1300","1":"product","2":"type-product","3":"status-publish","4":"has-post-thumbnail","6":"product_cat-sale-france","7":"product_tag-sale-france","8":"product_country-france","10":"first","11":"instock","12":"sale","13":"taxable","14":"shipping-taxable","15":"purchasable","16":"product-type-simple"},"_links":{"self":[{"href":"https:\/\/routinesfashione.com\/fr\/wp-json\/wp\/v2\/product\/1300","targetHints":{"allow":["GET"]}}],"collection":[{"href":"https:\/\/routinesfashione.com\/fr\/wp-json\/wp\/v2\/product"}],"about":[{"href":"https:\/\/routinesfashione.com\/fr\/wp-json\/wp\/v2\/types\/product"}],"wp:featuredmedia":[{"embeddable":true,"href":"https:\/\/routinesfashione.com\/fr\/wp-json\/wp\/v2\/media\/28882"}],"wp:attachment":[{"href":"https:\/\/routinesfashione.com\/fr\/wp-json\/wp\/v2\/media?parent=1300"}],"wp:term":[{"taxonomy":"product_brand","embeddable":true,"href":"https:\/\/routinesfashione.com\/fr\/wp-json\/wp\/v2\/product_brand?post=1300"},{"taxonomy":"product_cat","embeddable":true,"href":"https:\/\/routinesfashione.com\/fr\/wp-json\/wp\/v2\/product_cat?post=1300"},{"taxonomy":"product_tag","embeddable":true,"href":"https:\/\/routinesfashione.com\/fr\/wp-json\/wp\/v2\/product_tag?post=1300"},{"taxonomy":"product_country","embeddable":true,"href":"https:\/\/routinesfashione.com\/fr\/wp-json\/wp\/v2\/product_country?post=1300"}],"curies":[{"name":"wp","href":"https:\/\/api.w.org\/{rel}","templated":true}]}}