{"id":131,"date":"2025-09-30T20:55:56","date_gmt":"2025-09-30T20:55:56","guid":{"rendered":"https:\/\/lightgray-crow-170497.hostingersite.com\/?post_type=product&#038;p=131"},"modified":"2025-09-30T20:55:56","modified_gmt":"2025-09-30T20:55:56","slug":"scheppach-benzine-grasmaaier-ms225-53e-224cc-14pk","status":"publish","type":"product","link":"https:\/\/routinesfashione.com\/fr\/produit\/scheppach-benzine-grasmaaier-ms225-53e-224cc-14pk\/","title":{"rendered":"Scheppach Tondeuse \u00e0 essence MS225-53E 224cc 14PK"},"content":{"rendered":"<h3 data-start=\"66\" data-end=\"101\"><strong data-start=\"73\" data-end=\"99\">Description du produit<\/strong><\/h3>\n<p data-start=\"102\" data-end=\"604\">La <strong data-start=\"105\" data-end=\"128\">Scheppach MS225-53E<\/strong> est une tondeuse \u00e0 gazon thermique autopropuls\u00e9e tr\u00e8s puissante, id\u00e9ale pour les grandes pelouses. Elle est \u00e9quip\u00e9e d\u2019un moteur 4 temps de 224 cm\u00b3 offrant une puissance \u00e9lev\u00e9e et une transmission robuste pour un couple optimal. Sa largeur de coupe de 53 cm permet de travailler rapidement sur de larges surfaces. Avec son d\u00e9marrage \u00e9lectrique (E-Start), ses r\u00e9glages de hauteur de coupe et ses fonctions mulching ou \u00e9jection, elle allie confort, performance et polyvalence.<\/p>\n<hr data-start=\"606\" data-end=\"609\" \/>\n<h3 data-start=\"611\" data-end=\"651\"><strong data-start=\"618\" data-end=\"649\">Caract\u00e9ristiques techniques<\/strong><\/h3>\n<div class=\"_tableContainer_1rjym_1\">\n<div class=\"group _tableWrapper_1rjym_13 flex w-fit flex-col-reverse\" tabindex=\"-1\">\n<table class=\"w-fit min-w-(--thread-content-width)\" data-start=\"653\" data-end=\"1502\">\n<thead data-start=\"653\" data-end=\"689\">\n<tr data-start=\"653\" data-end=\"689\">\n<th data-start=\"653\" data-end=\"675\" data-col-size=\"sm\"><strong data-start=\"655\" data-end=\"674\">Caract\u00e9ristiques<\/strong><\/th>\n<th data-start=\"675\" data-end=\"689\" data-col-size=\"md\"><strong data-start=\"677\" data-end=\"687\">D\u00e9tail<\/strong><\/th>\n<\/tr>\n<\/thead>\n<tbody data-start=\"727\" data-end=\"1502\">\n<tr data-start=\"727\" data-end=\"774\">\n<td data-start=\"727\" data-end=\"738\" data-col-size=\"sm\"><strong data-start=\"729\" data-end=\"737\">Taper<\/strong><\/td>\n<td data-start=\"738\" data-end=\"774\" data-col-size=\"md\">Tondeuse thermique autopropuls\u00e9e<\/td>\n<\/tr>\n<tr data-start=\"775\" data-end=\"811\">\n<td data-start=\"775\" data-end=\"788\" data-col-size=\"sm\"><strong data-start=\"777\" data-end=\"787\">Mod\u00e8le<\/strong><\/td>\n<td data-start=\"788\" data-end=\"811\" data-col-size=\"md\">Scheppach MS225-53E<\/td>\n<\/tr>\n<tr data-start=\"812\" data-end=\"853\">\n<td data-start=\"812\" data-end=\"825\" data-col-size=\"sm\"><strong data-start=\"814\" data-end=\"824\">Moteur<\/strong><\/td>\n<td data-start=\"825\" data-end=\"853\" data-col-size=\"md\">4 temps monocylindre OHV<\/td>\n<\/tr>\n<tr data-start=\"854\" data-end=\"881\">\n<td data-start=\"854\" data-end=\"870\" data-col-size=\"sm\"><strong data-start=\"856\" data-end=\"869\">Cylindree<\/strong><\/td>\n<td data-start=\"870\" data-end=\"881\" data-col-size=\"md\">224 cm\u00b3<\/td>\n<\/tr>\n<tr data-start=\"882\" data-end=\"932\">\n<td data-start=\"882\" data-end=\"907\" data-col-size=\"sm\"><strong data-start=\"884\" data-end=\"906\">Puissance maximale<\/strong><\/td>\n<td data-start=\"907\" data-end=\"932\" data-col-size=\"md\">Environ 5,1 kW \/ 7 HP<\/td>\n<\/tr>\n<tr data-start=\"933\" data-end=\"995\">\n<td data-start=\"933\" data-end=\"952\" data-col-size=\"sm\"><strong data-start=\"935\" data-end=\"951\">transmission<\/strong><\/td>\n<td data-start=\"952\" data-end=\"995\" data-col-size=\"md\">Professionnelle GT pour un couple \u00e9lev\u00e9<\/td>\n<\/tr>\n<tr data-start=\"996\" data-end=\"1028\">\n<td data-start=\"996\" data-end=\"1019\" data-col-size=\"sm\"><strong data-start=\"998\" data-end=\"1018\">Largeur de mignonne<\/strong><\/td>\n<td data-start=\"1019\" data-end=\"1028\" data-col-size=\"md\">53 cm<\/td>\n<\/tr>\n<tr data-start=\"1029\" data-end=\"1079\">\n<td data-start=\"1029\" data-end=\"1052\" data-col-size=\"sm\"><strong data-start=\"1031\" data-end=\"1051\">Hauteur de coupe<\/strong><\/td>\n<td data-start=\"1052\" data-end=\"1079\" data-col-size=\"md\">25 \u00e0 75 mm, 7 positions<\/td>\n<\/tr>\n<tr data-start=\"1080\" data-end=\"1131\">\n<td data-start=\"1080\" data-end=\"1115\" data-col-size=\"sm\"><strong data-start=\"1082\" data-end=\"1114\">Capacit\u00e9 du bac de ramassage<\/strong><\/td>\n<td data-start=\"1115\" data-end=\"1131\" data-col-size=\"md\">65 L environ<\/td>\n<\/tr>\n<tr data-start=\"1132\" data-end=\"1200\">\n<td data-start=\"1132\" data-end=\"1159\" data-col-size=\"sm\"><strong data-start=\"1134\" data-end=\"1158\">Syst\u00e8me de d\u00e9marrage<\/strong><\/td>\n<td data-start=\"1159\" data-end=\"1200\" data-col-size=\"md\">\u00c9lectrique (E-Start) + lanceur manuel<\/td>\n<\/tr>\n<tr data-start=\"1201\" data-end=\"1256\">\n<td data-start=\"1201\" data-end=\"1239\" data-col-size=\"sm\"><strong data-start=\"1203\" data-end=\"1238\">Capacit\u00e9 du r\u00e9servoir carburant<\/strong><\/td>\n<td data-start=\"1239\" data-end=\"1256\" data-col-size=\"md\">1,2 L environ<\/td>\n<\/tr>\n<tr data-start=\"1257\" data-end=\"1288\">\n<td data-start=\"1257\" data-end=\"1269\" data-col-size=\"sm\"><strong data-start=\"1259\" data-end=\"1268\">Poids<\/strong><\/td>\n<td data-start=\"1269\" data-end=\"1288\" data-col-size=\"md\">Environ 35,8 kg<\/td>\n<\/tr>\n<tr data-start=\"1289\" data-end=\"1329\">\n<td data-start=\"1289\" data-end=\"1309\" data-col-size=\"sm\"><strong data-start=\"1291\" data-end=\"1308\">Niveau sonore<\/strong><\/td>\n<td data-start=\"1309\" data-end=\"1329\" data-col-size=\"md\">Environ 98 dB(A)<\/td>\n<\/tr>\n<tr data-start=\"1330\" data-end=\"1374\">\n<td data-start=\"1330\" data-end=\"1354\" data-col-size=\"sm\"><strong data-start=\"1332\" data-end=\"1353\">Vibration poign\u00e9e<\/strong><\/td>\n<td data-start=\"1354\" data-end=\"1374\" data-col-size=\"md\">Environ 7,3 m\/s\u00b2<\/td>\n<\/tr>\n<tr data-start=\"1375\" data-end=\"1502\">\n<td data-start=\"1375\" data-end=\"1407\" data-col-size=\"sm\"><strong data-start=\"1377\" data-end=\"1406\">Fonctions suppl\u00e9mentaires<\/strong><\/td>\n<td data-start=\"1407\" data-end=\"1502\" data-col-size=\"md\">Mulching int\u00e9gr\u00e9, \u00e9jection lat\u00e9rale, nettoyage du carter par raccord rapide, guidon pliable<\/td>\n<\/tr>\n<\/tbody>\n<\/table>\n<\/div>\n<\/div>","protected":false},"excerpt":{"rendered":"<p>Description du produit La Scheppach MS225-53E est une tondeuse \u00e0 gazon thermique autopropuls\u00e9e tr\u00e8s puissante, id\u00e9ale pour les grandes pelouses.<\/p>","protected":false},"featured_media":19429,"template":"","meta":[],"product_brand":[],"product_cat":[64],"product_tag":[65],"product_country":[1503],"class_list":{"0":"post-131","1":"product","2":"type-product","3":"status-publish","4":"has-post-thumbnail","6":"product_cat-movers","7":"product_tag-movers","8":"product_country-france","10":"first","11":"instock","12":"sale","13":"taxable","14":"shipping-taxable","15":"purchasable","16":"product-type-simple"},"_links":{"self":[{"href":"https:\/\/routinesfashione.com\/fr\/wp-json\/wp\/v2\/product\/131","targetHints":{"allow":["GET"]}}],"collection":[{"href":"https:\/\/routinesfashione.com\/fr\/wp-json\/wp\/v2\/product"}],"about":[{"href":"https:\/\/routinesfashione.com\/fr\/wp-json\/wp\/v2\/types\/product"}],"wp:featuredmedia":[{"embeddable":true,"href":"https:\/\/routinesfashione.com\/fr\/wp-json\/wp\/v2\/media\/19429"}],"wp:attachment":[{"href":"https:\/\/routinesfashione.com\/fr\/wp-json\/wp\/v2\/media?parent=131"}],"wp:term":[{"taxonomy":"product_brand","embeddable":true,"href":"https:\/\/routinesfashione.com\/fr\/wp-json\/wp\/v2\/product_brand?post=131"},{"taxonomy":"product_cat","embeddable":true,"href":"https:\/\/routinesfashione.com\/fr\/wp-json\/wp\/v2\/product_cat?post=131"},{"taxonomy":"product_tag","embeddable":true,"href":"https:\/\/routinesfashione.com\/fr\/wp-json\/wp\/v2\/product_tag?post=131"},{"taxonomy":"product_country","embeddable":true,"href":"https:\/\/routinesfashione.com\/fr\/wp-json\/wp\/v2\/product_country?post=131"}],"curies":[{"name":"wp","href":"https:\/\/api.w.org\/{rel}","templated":true}]}}