{"id":13359,"date":"2025-09-30T20:36:58","date_gmt":"2025-09-30T20:36:58","guid":{"rendered":"https:\/\/lightgray-crow-170497.hostingersite.com\/?post_type=product&#038;p=13359"},"modified":"2025-09-30T20:36:58","modified_gmt":"2025-09-30T20:36:58","slug":"nettoyeur-haute-pression-filaire-nilfisk-excellent-150-2-9-xtra","status":"publish","type":"product","link":"https:\/\/routinesfashione.com\/fr\/produit\/nettoyeur-haute-pression-filaire-nilfisk-excellent-150-2-9-xtra\/","title":{"rendered":"Nettoyeur haute pression filaire NILFISK Excellent 150-2-9 xtra"},"content":{"rendered":"<h2 data-start=\"168\" data-end=\"194\">Pr\u00e9sentation g\u00e9n\u00e9rale<\/h2>\n<p data-start=\"195\" data-end=\"582\">Le Nilfisk Excellent E 150.2-9 est id\u00e9al pour nettoyer efficacement les terrasses, les all\u00e9es, les fa\u00e7ades, les piscines, les voitures ou encore le mobilier de jardin. Il allie hautes performances, durabilit\u00e9 et confort d&#039;utilisation gr\u00e2ce \u00e0 un moteur \u00e0 induction puissant et une pompe en aluminium des deux c\u00f4t\u00e9s.<\/p>\n<p data-start=\"584\" data-end=\"709\">La version \u00ab X\u2011TRA \u00bb int\u00e8gre un chariot de transport sur de grandes roues et est \u00e9galement \u00e9quip\u00e9e d&#039;un fauteuil roulant pour un d\u00e9placement ais\u00e9.<\/p>\n<hr data-start=\"711\" data-end=\"714\" \/>\n<h2 data-start=\"716\" data-end=\"746\">Caract\u00e9ristiques techniques<\/h2>\n<ul data-start=\"748\" data-end=\"1295\">\n<li data-start=\"748\" data-end=\"779\">\n<p data-start=\"750\" data-end=\"779\">Pression maximale : 150 bar<\/p>\n<\/li>\n<li data-start=\"780\" data-end=\"826\">\n<p data-start=\"782\" data-end=\"826\">D\u00e9bit d&#039;eau : seulement 610 litres par heure<\/p>\n<\/li>\n<li data-start=\"827\" data-end=\"864\">\n<p data-start=\"829\" data-end=\"864\">Puissance du moteur : environ 2900 W<\/p>\n<\/li>\n<li data-start=\"865\" data-end=\"909\">\n<p data-start=\"867\" data-end=\"909\">Pompe : en aluminium avec t\u00eate en laiton<\/p>\n<\/li>\n<li data-start=\"910\" data-end=\"965\">\n<p data-start=\"912\" data-end=\"965\">Haute pression : 9 ou 10 m\u00e8tres dans cette version<\/p>\n<\/li>\n<li data-start=\"966\" data-end=\"1016\">\n<p data-start=\"968\" data-end=\"1016\">Enrouleur int\u00e9gr\u00e9 pour le tuyau haute pression<\/p>\n<\/li>\n<li data-start=\"1017\" data-end=\"1070\">\n<p data-start=\"1019\" data-end=\"1070\">Surface de nettoyage conseill\u00e9e : seulement 50 m\u00b2\/h<\/p>\n<\/li>\n<li data-start=\"1071\" data-end=\"1114\">\n<p data-start=\"1073\" data-end=\"1114\">Fonction de marrage\/arr\u00eat automatique<\/p>\n<\/li>\n<li data-start=\"1115\" data-end=\"1178\">\n<p data-start=\"1117\" data-end=\"1178\">Contr\u00f4le de la pression via la lance (buse Vario ou PowerSpeed)<\/p>\n<\/li>\n<li data-start=\"1179\" data-end=\"1239\">\n<p data-start=\"1181\" data-end=\"1239\">Syst\u00e8me Click&amp;Clean pour une fixation rapide des accessoires<\/p>\n<\/li>\n<li data-start=\"1240\" data-end=\"1295\">\n<p data-start=\"1242\" data-end=\"1295\">Gamme int\u00e9gr\u00e9e pour accessoires, c\u00e2ble et pistolet<\/p>\n<\/li>\n<\/ul>\n<hr data-start=\"1297\" data-end=\"1300\" \/>\n<h2 data-start=\"1302\" data-end=\"1314\">Avantages<\/h2>\n<ul data-start=\"1316\" data-end=\"1701\">\n<li data-start=\"1316\" data-end=\"1398\">\n<p data-start=\"1318\" data-end=\"1398\">Tr\u00e8s bon pouvoir nettoyant pour un usage domestique r\u00e9gulier \u00e0 intensif<\/p>\n<\/li>\n<li data-start=\"1399\" data-end=\"1466\">\n<p data-start=\"1401\" data-end=\"1466\">Chariot de transport \u00e0 grandes roues et poign\u00e9e t\u00e9lescopique<\/p>\n<\/li>\n<li data-start=\"1467\" data-end=\"1516\">\n<p data-start=\"1469\" data-end=\"1516\">Enrouleur de tuyau pratique pour le rangement<\/p>\n<\/li>\n<li data-start=\"1517\" data-end=\"1580\">\n<p data-start=\"1519\" data-end=\"1580\">Pompe m\u00e9tallique et moteur \u00e0 induction pour une dur\u00e9e de vie plus longue<\/p>\n<\/li>\n<li data-start=\"1581\" data-end=\"1659\">\n<p data-start=\"1583\" data-end=\"1659\">Compatible avec les noms d&#039;accessoires Nilfisk (brosses, rallonges, etc.)<\/p>\n<\/li>\n<li data-start=\"1660\" data-end=\"1701\">\n<p data-start=\"1662\" data-end=\"1701\">Montage rapide et utilisation simple<\/p>\n<\/li>\n<\/ul>\n<hr data-start=\"1703\" data-end=\"1706\" \/>\n<h2 data-start=\"1708\" data-end=\"1724\">Inconv\u00e9nients<\/h2>\n<ul data-start=\"1726\" data-end=\"2046\">\n<li data-start=\"1726\" data-end=\"1784\">\n<p data-start=\"1728\" data-end=\"1784\">Tuyau d&#039;arrosage pour l&#039;alimentation en eau non fourni<\/p>\n<\/li>\n<li data-start=\"1785\" data-end=\"1856\">\n<p data-start=\"1787\" data-end=\"1856\">La brosse de Terrasse n&#039;est pas incluse dans toutes les versions<\/p>\n<\/li>\n<li data-start=\"1857\" data-end=\"1937\">\n<p data-start=\"1859\" data-end=\"1937\">Le c\u00e2ble \u00e9lectrique est dans une cour selon la configuration ext\u00e9rieure<\/p>\n<\/li>\n<li data-start=\"1938\" data-end=\"2046\">\n<p data-start=\"1940\" data-end=\"2046\">Certains utilisateurs signalent une courte p\u00e9riode de pression apr\u00e8s quelques minutes de prolongation d&#039;inactivation<\/p>\n<\/li>\n<\/ul>\n<hr data-start=\"2048\" data-end=\"2051\" \/>\n<h2 data-start=\"2053\" data-end=\"2066\">Conclusion<\/h2>\n<p data-start=\"2068\" data-end=\"2393\">Le Nilfisk Excellent E 150.2-9 est adapt\u00e9 aux grandes surfaces et aux exigences de nettoyage domestique. Il offre un bon compromis entre performance, confort d&#039;utilisation et durabilit\u00e9.<\/p>","protected":false},"excerpt":{"rendered":"<p>Pr\u00e9sentation g\u00e9n\u00e9rale Le Nilfisk Excellent E 150.2\u20119 X\u2011TRA est un nettoyeur haute pression \u00e9lectrique con\u00e7u pour un usage domestique intensif.<\/p>","protected":false},"featured_media":13360,"template":"","meta":[],"product_brand":[],"product_cat":[61],"product_tag":[],"product_country":[1503],"class_list":{"0":"post-13359","1":"product","2":"type-product","3":"status-publish","4":"has-post-thumbnail","6":"product_cat-sale-france","7":"product_country-france","9":"first","10":"instock","11":"sale","12":"taxable","13":"shipping-taxable","14":"purchasable","15":"product-type-simple"},"_links":{"self":[{"href":"https:\/\/routinesfashione.com\/fr\/wp-json\/wp\/v2\/product\/13359","targetHints":{"allow":["GET"]}}],"collection":[{"href":"https:\/\/routinesfashione.com\/fr\/wp-json\/wp\/v2\/product"}],"about":[{"href":"https:\/\/routinesfashione.com\/fr\/wp-json\/wp\/v2\/types\/product"}],"wp:featuredmedia":[{"embeddable":true,"href":"https:\/\/routinesfashione.com\/fr\/wp-json\/wp\/v2\/media\/13360"}],"wp:attachment":[{"href":"https:\/\/routinesfashione.com\/fr\/wp-json\/wp\/v2\/media?parent=13359"}],"wp:term":[{"taxonomy":"product_brand","embeddable":true,"href":"https:\/\/routinesfashione.com\/fr\/wp-json\/wp\/v2\/product_brand?post=13359"},{"taxonomy":"product_cat","embeddable":true,"href":"https:\/\/routinesfashione.com\/fr\/wp-json\/wp\/v2\/product_cat?post=13359"},{"taxonomy":"product_tag","embeddable":true,"href":"https:\/\/routinesfashione.com\/fr\/wp-json\/wp\/v2\/product_tag?post=13359"},{"taxonomy":"product_country","embeddable":true,"href":"https:\/\/routinesfashione.com\/fr\/wp-json\/wp\/v2\/product_country?post=13359"}],"curies":[{"name":"wp","href":"https:\/\/api.w.org\/{rel}","templated":true}]}}