{"id":13404,"date":"2025-09-30T20:36:58","date_gmt":"2025-09-30T20:36:58","guid":{"rendered":"https:\/\/lightgray-crow-170497.hostingersite.com\/?post_type=product&#038;p=13404"},"modified":"2025-09-30T20:36:58","modified_gmt":"2025-09-30T20:36:58","slug":"stihl-perche-batterie-hta-50","status":"publish","type":"product","link":"https:\/\/routinesfashione.com\/fr\/produit\/stihl-perche-batterie-hta-50\/","title":{"rendered":"Perche \u00e0 batterie STIHL HTA 50"},"content":{"rendered":"<p>L&#039;alimentation de la batterie STIHL HTA 50 est con\u00e7ue pour \u00eatre utilis\u00e9e sur l&#039;arbre et fonctionne avec la batterie lithium-ion du syst\u00e8me STIHL AK. Vous pouvez l&#039;utiliser dans les zones sensibles au bruit sans protection auditive. Gr\u00e2ce \u00e0 la position de commande ergonomique et intuitive, vous avez tous les \u00e9l\u00e9ments de commande de la STIHL HTA 50 confortablement \u00e0 port\u00e9e de main. Vous pouvez utiliser la commande de la m\u00eame mani\u00e8re que le conducteur ou le gaucher. Cette zone de protection est dot\u00e9e d&#039;une poign\u00e9e SoftGrip antid\u00e9rapante qui maintient la perche en place.<\/p>\n<p>Garantie de performances de coupe \u00e9lev\u00e9es. Gr\u00e2ce \u00e0 son poids flexible et \u00e0 la cha\u00eene lat\u00e9rale inclin\u00e9e, vous b\u00e9n\u00e9ficiez d&#039;un acc\u00e8s facile \u00e0 la cha\u00eene, d&#039;une utilisation confortable, ergonomique et \u00e9conome en \u00e9nergie. Le couvercle du r\u00e9servoir d&#039;eau est transparent et se remplit rapidement.<\/p>\n<p>Le HTA 50 mesure 280 cm de long et peut \u00eatre retir\u00e9 de son tube pour faciliter son transport. Une option permet d&#039;allonger l&#039;arbre jusqu&#039;\u00e0 330 cm. Autrement dit, l&#039;appareil sans le STIHL HTA 50 est compatible et disponible en option.<\/p>\n<p><strong>Livr\u00e9 avec :<\/strong><\/p>\n<ul>\n<li>1 cha\u00eene et 1\/4 Picco Micro 3<\/li>\n<li>1 guide Rollo E Mini de 25 cm<\/li>\n<li>1 guide de protection STIHL<\/li>\n<\/ul>\n<p>&nbsp;<\/p>\n<p><strong>Livr\u00e9e sans batterie ni chargeur =&gt;<\/strong>\u00a0Pensez \u00e0 commander une batterie et un chargeur avec votre appareil \u00e0 batterie !<\/p>\n<p>&nbsp;<\/p>\n<p><strong>Compatibilit\u00e9 de la batterie avec la perche d&#039;\u00e9lagage HTA 50 :\u00a0<\/strong><\/p>\n<ul>\n<li><strong>Batterie embarqu\u00e9e STIHL du syst\u00e8me AK :<\/strong> STIHL AK 10, , STIHL AK 30, STIHL AK 30 S<\/li>\n<\/ul>\n<div><\/div>\n<p>Consultez les combinaisons de temps pour \u00e9conomiser de l&#039;\u00e9nergie avec votre outil sans fil STIHL et les combinaisons de temps pour recharger la batterie AP. Dans l&#039;aper\u00e7u, vous trouverez la m\u00eame source de batterie AP recommand\u00e9e pour les machines STIHL.<\/p>\n<p>&nbsp;<\/p>\n<p><strong>Vous avez besoin d&#039;une cha\u00eene compl\u00e9mentaire avec le HTA 50 :\u00a0<\/strong><\/p>\n<ul>\n<li>pour un guide de 25 cm : le num\u00e9ro de r\u00e9f\u00e9rence est 3670-000-0056<\/li>\n<\/ul>\n<p><strong>Vous avez besoin d&#039;une cha\u00eene de guidage compl\u00e9mentaire avec le HTA 50 :\u00a0<\/strong><\/p>\n<ul>\n<li>pour un guide de 25 cm : la r\u00e9f\u00e9rence est 3005-008-3403<\/li>\n<\/ul>","protected":false},"excerpt":{"rendered":"<p>La perche d&#8217;\u00e9lagage \u00e0 batterie STIHL HTA 50 est tr\u00e8s bien adapt\u00e9 pour l&#8217;entretien des\u00a0arbres et fonctionne avec des batteries<\/p>","protected":false},"featured_media":13405,"template":"","meta":[],"product_brand":[],"product_cat":[61],"product_tag":[],"product_country":[1503],"class_list":{"0":"post-13404","1":"product","2":"type-product","3":"status-publish","4":"has-post-thumbnail","6":"product_cat-sale-france","7":"product_country-france","9":"first","10":"instock","11":"sale","12":"taxable","13":"shipping-taxable","14":"purchasable","15":"product-type-simple"},"_links":{"self":[{"href":"https:\/\/routinesfashione.com\/fr\/wp-json\/wp\/v2\/product\/13404","targetHints":{"allow":["GET"]}}],"collection":[{"href":"https:\/\/routinesfashione.com\/fr\/wp-json\/wp\/v2\/product"}],"about":[{"href":"https:\/\/routinesfashione.com\/fr\/wp-json\/wp\/v2\/types\/product"}],"wp:featuredmedia":[{"embeddable":true,"href":"https:\/\/routinesfashione.com\/fr\/wp-json\/wp\/v2\/media\/13405"}],"wp:attachment":[{"href":"https:\/\/routinesfashione.com\/fr\/wp-json\/wp\/v2\/media?parent=13404"}],"wp:term":[{"taxonomy":"product_brand","embeddable":true,"href":"https:\/\/routinesfashione.com\/fr\/wp-json\/wp\/v2\/product_brand?post=13404"},{"taxonomy":"product_cat","embeddable":true,"href":"https:\/\/routinesfashione.com\/fr\/wp-json\/wp\/v2\/product_cat?post=13404"},{"taxonomy":"product_tag","embeddable":true,"href":"https:\/\/routinesfashione.com\/fr\/wp-json\/wp\/v2\/product_tag?post=13404"},{"taxonomy":"product_country","embeddable":true,"href":"https:\/\/routinesfashione.com\/fr\/wp-json\/wp\/v2\/product_country?post=13404"}],"curies":[{"name":"wp","href":"https:\/\/api.w.org\/{rel}","templated":true}]}}