{"id":13409,"date":"2025-09-30T20:36:57","date_gmt":"2025-09-30T20:36:57","guid":{"rendered":"https:\/\/lightgray-crow-170497.hostingersite.com\/?post_type=product&#038;p=13409"},"modified":"2025-09-30T20:36:57","modified_gmt":"2025-09-30T20:36:57","slug":"pompe-de-pulverisation-thermique-sur-chariot-geotech-sp-520-2s","status":"publish","type":"product","link":"https:\/\/routinesfashione.com\/fr\/produit\/pompe-de-pulverisation-thermique-sur-chariot-geotech-sp-520-2s\/","title":{"rendered":"Pompe de Pulv\u00e9risation thermique sur chariot GeoTech SP 520 2S"},"content":{"rendered":"<p data-start=\"174\" data-end=\"514\">Le <strong data-start=\"177\" data-end=\"198\">GeoTech SP 520 2S<\/strong> est une pompe de pulv\u00e9risation thermique mont\u00e9e sur chariot, con\u00e7ue pour des traitements agricoles, horticoles ou sanitaires sur des surfaces petites \u00e0 moyennes. Elle est \u00e9quip\u00e9e d\u2019un moteur thermique 2 temps et d\u2019un ch\u00e2ssis mobile avec r\u00e9servoir int\u00e9gr\u00e9, facilitant les d\u00e9placements et l\u2019autonomie en intervention.<\/p>\n<hr data-start=\"516\" data-end=\"519\" \/>\n<h2 data-start=\"521\" data-end=\"551\">Caract\u00e9ristiques techniques<\/h2>\n<ul data-start=\"553\" data-end=\"1159\">\n<li data-start=\"553\" data-end=\"605\">\n<p data-start=\"555\" data-end=\"605\"><strong data-start=\"555\" data-end=\"573\">Type de moteur<\/strong> : thermique 2 temps \u00e0 m\u00e9lange<\/p>\n<\/li>\n<li data-start=\"606\" data-end=\"640\">\n<p data-start=\"608\" data-end=\"640\"><strong data-start=\"608\" data-end=\"621\">Cylindree<\/strong> : environ 26 cm\u00b3<\/p>\n<\/li>\n<li data-start=\"641\" data-end=\"680\">\n<p data-start=\"643\" data-end=\"680\"><strong data-start=\"643\" data-end=\"663\">Puissance du moteur<\/strong> : environ 1 CV<\/p>\n<\/li>\n<li data-start=\"681\" data-end=\"733\">\n<p data-start=\"683\" data-end=\"733\"><strong data-start=\"683\" data-end=\"692\">Pompe<\/strong> : \u00e0 pistons, en bronze, auto-amor\u00e7ante<\/p>\n<\/li>\n<li data-start=\"734\" data-end=\"785\">\n<p data-start=\"736\" data-end=\"785\"><strong data-start=\"736\" data-end=\"745\">D\u00e9bit<\/strong> : r\u00e9glable de 3 \u00e0 8 litres par minute<\/p>\n<\/li>\n<li data-start=\"786\" data-end=\"832\">\n<p data-start=\"788\" data-end=\"832\"><strong data-start=\"788\" data-end=\"809\">Pression maximale<\/strong> : 25 bars (r\u00e9glable)<\/p>\n<\/li>\n<li data-start=\"833\" data-end=\"889\">\n<p data-start=\"835\" data-end=\"889\"><strong data-start=\"835\" data-end=\"848\">R\u00e9servoir<\/strong> : 50 litres, en poly\u00e9thyl\u00e8ne r\u00e9sistant<\/p>\n<\/li>\n<li data-start=\"890\" data-end=\"956\">\n<p data-start=\"892\" data-end=\"956\"><strong data-start=\"892\" data-end=\"918\">Tuyau de pulv\u00e9risation<\/strong> : 30 m\u00e8tres, avec enrouleur int\u00e9gr\u00e9<\/p>\n<\/li>\n<li data-start=\"957\" data-end=\"1038\">\n<p data-start=\"959\" data-end=\"1038\"><strong data-start=\"959\" data-end=\"976\">Port\u00e9e de jet<\/strong> : jusqu\u2019\u00e0 8 m\u00e8tres \u00e0 l\u2019horizontale, 6 m\u00e8tres \u00e0 la verticale<\/p>\n<\/li>\n<li data-start=\"1039\" data-end=\"1125\">\n<p data-start=\"1041\" data-end=\"1125\"><strong data-start=\"1041\" data-end=\"1052\">Char<\/strong> : en acier, avec roues pneumatiques (dont deux pivotantes avec freins)<\/p>\n<\/li>\n<li data-start=\"1126\" data-end=\"1159\">\n<p data-start=\"1128\" data-end=\"1159\"><strong data-start=\"1128\" data-end=\"1143\">Poids total<\/strong> : environ 35 kg<\/p>\n<\/li>\n<\/ul>\n<hr data-start=\"1161\" data-end=\"1164\" \/>\n<h2 data-start=\"1166\" data-end=\"1187\">\u00c9quipement inclus<\/h2>\n<ul data-start=\"1189\" data-end=\"1516\">\n<li data-start=\"1189\" data-end=\"1237\">\n<p data-start=\"1191\" data-end=\"1237\"><strong data-start=\"1191\" data-end=\"1216\">Lance professionnelle<\/strong> avec buse r\u00e9glable<\/p>\n<\/li>\n<li data-start=\"1238\" data-end=\"1290\">\n<p data-start=\"1240\" data-end=\"1290\"><strong data-start=\"1240\" data-end=\"1261\">Kit de protection<\/strong> : lunettes, gants, foulard<\/p>\n<\/li>\n<li data-start=\"1291\" data-end=\"1338\">\n<p data-start=\"1293\" data-end=\"1338\"><strong data-start=\"1293\" data-end=\"1316\">Filtre d\u2019aspiration<\/strong> avec anti-impuret\u00e9s<\/p>\n<\/li>\n<li data-start=\"1339\" data-end=\"1393\">\n<p data-start=\"1341\" data-end=\"1393\"><strong data-start=\"1341\" data-end=\"1366\">Syst\u00e8me antivibration<\/strong> pour un meilleur confort<\/p>\n<\/li>\n<li data-start=\"1394\" data-end=\"1440\">\n<p data-start=\"1396\" data-end=\"1440\"><strong data-start=\"1396\" data-end=\"1438\">R\u00e9servoir avec jauge de niveau visible<\/strong><\/p>\n<\/li>\n<li data-start=\"1441\" data-end=\"1516\">\n<p data-start=\"1443\" data-end=\"1516\"><strong data-start=\"1443\" data-end=\"1477\">Module moteur + pompe amovible<\/strong> pour une utilisation s\u00e9par\u00e9e si besoin<\/p>\n<\/li>\n<\/ul>\n<hr data-start=\"1518\" data-end=\"1521\" \/>\n<h2 data-start=\"1523\" data-end=\"1535\">Avantages<\/h2>\n<ul data-start=\"1537\" data-end=\"1961\">\n<li data-start=\"1537\" data-end=\"1600\">\n<p data-start=\"1539\" data-end=\"1600\">Bonne puissance de pulv\u00e9risation pour traitements intensifs<\/p>\n<\/li>\n<li data-start=\"1601\" data-end=\"1656\">\n<p data-start=\"1603\" data-end=\"1656\">R\u00e9servoir de 50 litres offrant une grande autonomie<\/p>\n<\/li>\n<li data-start=\"1657\" data-end=\"1743\">\n<p data-start=\"1659\" data-end=\"1743\">Long tuyau (30 m) permettant d\u2019atteindre des zones \u00e9loign\u00e9es sans d\u00e9placer l\u2019unit\u00e9<\/p>\n<\/li>\n<li data-start=\"1744\" data-end=\"1782\">\n<p data-start=\"1746\" data-end=\"1782\">Pompe en bronze robuste et durable<\/p>\n<\/li>\n<li data-start=\"1783\" data-end=\"1849\">\n<p data-start=\"1785\" data-end=\"1849\">Chariot mobile avec roues renforc\u00e9es pour terrains irr\u00e9guliers<\/p>\n<\/li>\n<li data-start=\"1850\" data-end=\"1922\">\n<p data-start=\"1852\" data-end=\"1922\">Pression et d\u00e9bit r\u00e9glables pour s\u2019adapter \u00e0 tous les types d\u2019usages<\/p>\n<\/li>\n<li data-start=\"1923\" data-end=\"1961\">\n<p data-start=\"1925\" data-end=\"1961\">Entretien simple, pi\u00e8ces accessibles<\/p>\n<\/li>\n<\/ul>\n<hr data-start=\"1963\" data-end=\"1966\" \/>\n<h2 data-start=\"1968\" data-end=\"1984\">Inconv\u00e9nients<\/h2>\n<ul data-start=\"1986\" data-end=\"2200\">\n<li data-start=\"1986\" data-end=\"2056\">\n<p data-start=\"1988\" data-end=\"2056\">Poids \u00e9lev\u00e9 : difficile \u00e0 d\u00e9placer sur pentes raides ou sol meuble<\/p>\n<\/li>\n<li data-start=\"2057\" data-end=\"2105\">\n<p data-start=\"2059\" data-end=\"2105\">N\u00e9cessite un m\u00e9lange huile\/essence (2 temps)<\/p>\n<\/li>\n<li data-start=\"2106\" data-end=\"2139\">\n<p data-start=\"2108\" data-end=\"2139\">R\u00e9glage manuel de la pression<\/p>\n<\/li>\n<li data-start=\"2140\" data-end=\"2200\">\n<p data-start=\"2142\" data-end=\"2200\">Non adapt\u00e9 aux tr\u00e8s grandes surfaces agricoles (&gt; 5000 m\u00b2)<\/p>\n<\/li>\n<\/ul>\n<hr data-start=\"2202\" data-end=\"2205\" \/>\n<h2 data-start=\"2207\" data-end=\"2239\">Recommandations d\u2019utilisation<\/h2>\n<p data-start=\"2241\" data-end=\"2278\">Le GeoTech SP 520 2S est id\u00e9al pour :<\/p>\n<ul data-start=\"2280\" data-end=\"2582\">\n<li data-start=\"2280\" data-end=\"2353\">\n<p data-start=\"2282\" data-end=\"2353\">Traitements phytosanitaires en mara\u00eechage, arboriculture, viticulture<\/p>\n<\/li>\n<li data-start=\"2354\" data-end=\"2404\">\n<p data-start=\"2356\" data-end=\"2404\">D\u00e9sinfection de serres, b\u00e2timents, \u00e9quipements<\/p>\n<\/li>\n<li data-start=\"2405\" data-end=\"2476\">\n<p data-start=\"2407\" data-end=\"2476\">Pulv\u00e9risations dans les zones \u00e0 acc\u00e8s difficile gr\u00e2ce au long tuyau<\/p>\n<\/li>\n<li data-start=\"2477\" data-end=\"2582\">\n<p data-start=\"2479\" data-end=\"2582\">Utilisateurs recherchant une solution mobile, autonome et puissante sans d\u00e9pendre du courant \u00e9lectrique<\/p>\n<\/li>\n<\/ul>","protected":false},"excerpt":{"rendered":"<p>Le GeoTech SP 520 2S est une pompe de pulv\u00e9risation thermique mont\u00e9e sur chariot, con\u00e7ue pour des traitements agricoles, horticoles<\/p>","protected":false},"featured_media":13410,"template":"","meta":[],"product_brand":[],"product_cat":[61],"product_tag":[1514],"product_country":[1503],"class_list":{"0":"post-13409","1":"product","2":"type-product","3":"status-publish","4":"has-post-thumbnail","6":"product_cat-sale-france","7":"product_tag-sale-france","8":"product_country-france","10":"first","11":"instock","12":"sale","13":"taxable","14":"shipping-taxable","15":"purchasable","16":"product-type-simple"},"_links":{"self":[{"href":"https:\/\/routinesfashione.com\/fr\/wp-json\/wp\/v2\/product\/13409","targetHints":{"allow":["GET"]}}],"collection":[{"href":"https:\/\/routinesfashione.com\/fr\/wp-json\/wp\/v2\/product"}],"about":[{"href":"https:\/\/routinesfashione.com\/fr\/wp-json\/wp\/v2\/types\/product"}],"wp:featuredmedia":[{"embeddable":true,"href":"https:\/\/routinesfashione.com\/fr\/wp-json\/wp\/v2\/media\/13410"}],"wp:attachment":[{"href":"https:\/\/routinesfashione.com\/fr\/wp-json\/wp\/v2\/media?parent=13409"}],"wp:term":[{"taxonomy":"product_brand","embeddable":true,"href":"https:\/\/routinesfashione.com\/fr\/wp-json\/wp\/v2\/product_brand?post=13409"},{"taxonomy":"product_cat","embeddable":true,"href":"https:\/\/routinesfashione.com\/fr\/wp-json\/wp\/v2\/product_cat?post=13409"},{"taxonomy":"product_tag","embeddable":true,"href":"https:\/\/routinesfashione.com\/fr\/wp-json\/wp\/v2\/product_tag?post=13409"},{"taxonomy":"product_country","embeddable":true,"href":"https:\/\/routinesfashione.com\/fr\/wp-json\/wp\/v2\/product_country?post=13409"}],"curies":[{"name":"wp","href":"https:\/\/api.w.org\/{rel}","templated":true}]}}