{"id":13449,"date":"2025-09-30T20:36:57","date_gmt":"2025-09-30T20:36:57","guid":{"rendered":"https:\/\/lightgray-crow-170497.hostingersite.com\/?post_type=product&#038;p=13449"},"modified":"2025-09-30T20:36:57","modified_gmt":"2025-09-30T20:36:57","slug":"alpina-al4-51-shq-tondeuse-a-gazon-thermique-autotractee","status":"publish","type":"product","link":"https:\/\/routinesfashione.com\/fr\/produit\/alpina-al4-51-shq-tondeuse-a-gazon-thermique-autotractee\/","title":{"rendered":"Alpina AL4 51 SHQ Tondeuse \u00e0 gazon thermique autotract\u00e9e"},"content":{"rendered":"<p>Avec ses hautes performances, l&#039;Alpina AL4 51 SHQ est un appareil formidable, riche, fonctionnel et facile \u00e0 utiliser pour l&#039;entretien de votre pelouse et une agr\u00e9able plut\u00f4t qu&#039;une corv\u00e9e !<br \/>\nLe moteur a des performances \u00e9lev\u00e9es dans la version 145 cm\u00b3, sign\u00e9e Honda, d\u00e9velopp\u00e9e avec un 4,2 ch, qui dispose d&#039;une alimentation et d&#039;un couple dans la m\u00eame cat\u00e9gorie, sans l&#039;ordinateur et tout le temps n\u00e9cessaire pour un d\u00e9marrage ultra-fiable.<br \/>\nL&#039;AL4 51 SHQ est une machine polyvalente qui propose quatre syst\u00e8mes de coup\u00e9 selon les conditions et votre finition pr\u00e9f\u00e9r\u00e9e : ramassage, mulching, \u00e9jection arri\u00e8re et \u00e9jection lat\u00e9rale.<br \/>\nIl dispose d&#039;un simple levier de pression qui offre la possibilit\u00e9 de r\u00e9gulateurs avec le plus haut niveau de coupe en six valeurs pr\u00e9d\u00e9termin\u00e9es, et ces grandes roues sont dispos\u00e9es \u00e0 280 mm, garantissant une excellente manipulation de l&#039;herbe la plus haute.<br \/>\nAvec une base massante de capacit\u00e9 (60 litres) et un grand coup\u00e9 large (51 cm), l&#039;AL4 51 SHQ est dans la mesure du volume et un grand colis dans un temps record.<br \/>\nUne indication de remplissage pratique \u00e9vite le risque de colmatage de la goulotte d&#039;\u00e9jection en vous pr\u00e9venant avant que le bac ne soit plein. La transmission des voies est autoris\u00e9e dans toutes les parties de la tondre sur les parcelles en pente ou couvertes d&#039;herbes hautes sans effort.<br \/>\nEn dehors de cela, il convient de mentionner un carter en un particuli\u00e8rement r\u00e9sistant aux chocs, et un guidon r\u00e9glable en hauteur associ\u00e9 \u00e0 une poign\u00e9e \u00e0 profil ergonomique pour le plus grand confort de l&#039;utilisateur.<\/p>","protected":false},"excerpt":{"rendered":"<p>Gr\u00e2ce \u00e0 ses hautes performances, la Alpina AL4 51 SHQ, puissante, riche en fonctionnalit\u00e9s et simple \u00e0 utiliser fera de<\/p>","protected":false},"featured_media":13450,"template":"","meta":[],"product_brand":[],"product_cat":[61],"product_tag":[],"product_country":[1503],"class_list":{"0":"post-13449","1":"product","2":"type-product","3":"status-publish","4":"has-post-thumbnail","6":"product_cat-sale-france","7":"product_country-france","9":"first","10":"instock","11":"sale","12":"taxable","13":"shipping-taxable","14":"purchasable","15":"product-type-simple"},"_links":{"self":[{"href":"https:\/\/routinesfashione.com\/fr\/wp-json\/wp\/v2\/product\/13449","targetHints":{"allow":["GET"]}}],"collection":[{"href":"https:\/\/routinesfashione.com\/fr\/wp-json\/wp\/v2\/product"}],"about":[{"href":"https:\/\/routinesfashione.com\/fr\/wp-json\/wp\/v2\/types\/product"}],"wp:featuredmedia":[{"embeddable":true,"href":"https:\/\/routinesfashione.com\/fr\/wp-json\/wp\/v2\/media\/13450"}],"wp:attachment":[{"href":"https:\/\/routinesfashione.com\/fr\/wp-json\/wp\/v2\/media?parent=13449"}],"wp:term":[{"taxonomy":"product_brand","embeddable":true,"href":"https:\/\/routinesfashione.com\/fr\/wp-json\/wp\/v2\/product_brand?post=13449"},{"taxonomy":"product_cat","embeddable":true,"href":"https:\/\/routinesfashione.com\/fr\/wp-json\/wp\/v2\/product_cat?post=13449"},{"taxonomy":"product_tag","embeddable":true,"href":"https:\/\/routinesfashione.com\/fr\/wp-json\/wp\/v2\/product_tag?post=13449"},{"taxonomy":"product_country","embeddable":true,"href":"https:\/\/routinesfashione.com\/fr\/wp-json\/wp\/v2\/product_country?post=13449"}],"curies":[{"name":"wp","href":"https:\/\/api.w.org\/{rel}","templated":true}]}}