{"id":13574,"date":"2025-09-30T20:36:56","date_gmt":"2025-09-30T20:36:56","guid":{"rendered":"https:\/\/lightgray-crow-170497.hostingersite.com\/?post_type=product&#038;p=13574"},"modified":"2025-09-30T20:36:56","modified_gmt":"2025-09-30T20:36:56","slug":"tondeuse-thermique-tractee-4-en-1-51cm-moteur-honda-166-cm%c2%b3-steiner","status":"publish","type":"product","link":"https:\/\/routinesfashione.com\/fr\/produit\/tondeuse-thermique-tractee-4-en-1-51cm-moteur-honda-166-cm%c2%b3-steiner\/","title":{"rendered":"Tondeuse Thermique Tractu\u00e9e 4 en 1 51cm Moteur Honda 166 cm\u00b3 Steiner"},"content":{"rendered":"<h3 data-start=\"171\" data-end=\"206\"><strong data-start=\"178\" data-end=\"204\">Description du produit<\/strong><\/h3>\n<p data-start=\"207\" data-end=\"500\">La <strong data-start=\"210\" data-end=\"255\">tondeuse thermique tract\u00e9e Steiner 4 en 1<\/strong> est con\u00e7ue pour offrir <strong data-start=\"279\" data-end=\"330\">puissance, polyvalence et confort d\u2019utilisation<\/strong>. Dot\u00e9e d\u2019un <strong data-start=\"343\" data-end=\"377\">large carter de coupe de 51 cm<\/strong> et d\u2019un <strong data-start=\"386\" data-end=\"413\">moteur Honda de 166 cm\u00b3<\/strong>, elle garantit une <strong data-start=\"433\" data-end=\"461\">tonte rapide et efficace<\/strong> sur des surfaces moyennes \u00e0 grandes.<\/p>\n<p data-start=\"502\" data-end=\"778\">Merci <strong data-start=\"514\" data-end=\"532\">syst\u00e8me 4 en 1<\/strong> (ramassage, \u00e9jection arri\u00e8re, \u00e9jection lat\u00e9rale et mulching), elle s\u2019adapte \u00e0 tous vos besoins et aux diff\u00e9rentes conditions de tonte. Sa <strong data-start=\"671\" data-end=\"692\">traction int\u00e9gr\u00e9e<\/strong> et son <strong data-start=\"700\" data-end=\"722\">guide ergonomique<\/strong> rendent son utilisation confortable et peu fatigante.<\/p>\n<hr data-start=\"780\" data-end=\"783\" \/>\n<h3 data-start=\"785\" data-end=\"825\"><strong data-start=\"792\" data-end=\"823\">Caract\u00e9ristiques techniques<\/strong><\/h3>\n<ul data-start=\"827\" data-end=\"1573\">\n<li data-start=\"827\" data-end=\"851\">\n<p data-start=\"829\" data-end=\"851\"><strong data-start=\"829\" data-end=\"839\">Marque<\/strong> : Steiner<\/p>\n<\/li>\n<li data-start=\"852\" data-end=\"900\">\n<p data-start=\"854\" data-end=\"900\"><strong data-start=\"854\" data-end=\"862\">Taper<\/strong> : Tondeuse thermique tract\u00e9e 4 en 1<\/p>\n<\/li>\n<li data-start=\"901\" data-end=\"933\">\n<p data-start=\"903\" data-end=\"933\"><strong data-start=\"903\" data-end=\"923\">Largeur de mignonne<\/strong> : 51 cm<\/p>\n<\/li>\n<li data-start=\"934\" data-end=\"994\">\n<p data-start=\"936\" data-end=\"994\"><strong data-start=\"936\" data-end=\"946\">Moteur<\/strong> : Honda 4 temps \u2013 166 cm\u00b3, puissant et fiable<\/p>\n<\/li>\n<li data-start=\"995\" data-end=\"1046\">\n<p data-start=\"997\" data-end=\"1046\"><strong data-start=\"997\" data-end=\"1013\">transmission<\/strong> : Tract\u00e9e (avancement assist\u00e9)<\/p>\n<\/li>\n<li data-start=\"1047\" data-end=\"1175\">\n<p data-start=\"1049\" data-end=\"1080\"><strong data-start=\"1049\" data-end=\"1069\">Syst\u00e8me de coupe<\/strong> : 4 en 1<\/p>\n<ul data-start=\"1083\" data-end=\"1175\">\n<li data-start=\"1083\" data-end=\"1105\">\n<p data-start=\"1085\" data-end=\"1105\">Ramassage dans bac<\/p>\n<\/li>\n<li data-start=\"1108\" data-end=\"1128\">\n<p data-start=\"1110\" data-end=\"1128\">\u00c9jection arri\u00e8re<\/p>\n<\/li>\n<li data-start=\"1131\" data-end=\"1152\">\n<p data-start=\"1133\" data-end=\"1152\">\u00c9jection lat\u00e9rale<\/p>\n<\/li>\n<li data-start=\"1155\" data-end=\"1175\">\n<p data-start=\"1157\" data-end=\"1175\">Mulching int\u00e9gr\u00e9<\/p>\n<\/li>\n<\/ul>\n<\/li>\n<li data-start=\"1176\" data-end=\"1235\">\n<p data-start=\"1178\" data-end=\"1235\"><strong data-start=\"1178\" data-end=\"1198\">Hauteur de coupe<\/strong> : R\u00e9glable sur plusieurs positions<\/p>\n<\/li>\n<li data-start=\"1236\" data-end=\"1292\">\n<p data-start=\"1238\" data-end=\"1292\"><strong data-start=\"1238\" data-end=\"1248\">Carter<\/strong> : Acier robuste pour une grande long\u00e9vit\u00e9<\/p>\n<\/li>\n<li data-start=\"1293\" data-end=\"1351\">\n<p data-start=\"1295\" data-end=\"1351\"><strong data-start=\"1295\" data-end=\"1306\">Poign\u00e9e<\/strong> : Ergonomique, repliable pour le rangement<\/p>\n<\/li>\n<li data-start=\"1352\" data-end=\"1418\">\n<p data-start=\"1354\" data-end=\"1418\"><strong data-start=\"1354\" data-end=\"1374\">Bac de ramassage<\/strong> : Grande capacit\u00e9 pour limiter les arr\u00eats<\/p>\n<\/li>\n<li data-start=\"1419\" data-end=\"1473\">\n<p data-start=\"1421\" data-end=\"1473\"><strong data-start=\"1421\" data-end=\"1444\">Surface recommand\u00e9e<\/strong> : Moyenne \u00e0 grande pelouse<\/p>\n<\/li>\n<\/ul>","protected":false},"excerpt":{"rendered":"<p>Description du produit La tondeuse thermique tract\u00e9e Steiner 4 en 1 est con\u00e7ue pour offrir puissance, polyvalence et confort d\u2019utilisation.<\/p>","protected":false},"featured_media":13575,"template":"","meta":[],"product_brand":[],"product_cat":[61],"product_tag":[1514],"product_country":[1503],"class_list":{"0":"post-13574","1":"product","2":"type-product","3":"status-publish","4":"has-post-thumbnail","6":"product_cat-sale-france","7":"product_tag-sale-france","8":"product_country-france","10":"first","11":"instock","12":"sale","13":"taxable","14":"shipping-taxable","15":"purchasable","16":"product-type-simple"},"_links":{"self":[{"href":"https:\/\/routinesfashione.com\/fr\/wp-json\/wp\/v2\/product\/13574","targetHints":{"allow":["GET"]}}],"collection":[{"href":"https:\/\/routinesfashione.com\/fr\/wp-json\/wp\/v2\/product"}],"about":[{"href":"https:\/\/routinesfashione.com\/fr\/wp-json\/wp\/v2\/types\/product"}],"wp:featuredmedia":[{"embeddable":true,"href":"https:\/\/routinesfashione.com\/fr\/wp-json\/wp\/v2\/media\/13575"}],"wp:attachment":[{"href":"https:\/\/routinesfashione.com\/fr\/wp-json\/wp\/v2\/media?parent=13574"}],"wp:term":[{"taxonomy":"product_brand","embeddable":true,"href":"https:\/\/routinesfashione.com\/fr\/wp-json\/wp\/v2\/product_brand?post=13574"},{"taxonomy":"product_cat","embeddable":true,"href":"https:\/\/routinesfashione.com\/fr\/wp-json\/wp\/v2\/product_cat?post=13574"},{"taxonomy":"product_tag","embeddable":true,"href":"https:\/\/routinesfashione.com\/fr\/wp-json\/wp\/v2\/product_tag?post=13574"},{"taxonomy":"product_country","embeddable":true,"href":"https:\/\/routinesfashione.com\/fr\/wp-json\/wp\/v2\/product_country?post=13574"}],"curies":[{"name":"wp","href":"https:\/\/api.w.org\/{rel}","templated":true}]}}