{"id":13589,"date":"2025-09-30T20:36:55","date_gmt":"2025-09-30T20:36:55","guid":{"rendered":"https:\/\/lightgray-crow-170497.hostingersite.com\/?post_type=product&#038;p=13589"},"modified":"2025-09-30T20:36:55","modified_gmt":"2025-09-30T20:36:55","slug":"debroussailleuse-makita-dur369lz-36v-li-ion","status":"publish","type":"product","link":"https:\/\/routinesfashione.com\/fr\/produit\/debroussailleuse-makita-dur369lz-36v-li-ion\/","title":{"rendered":"D\u00e9broussailleuse Makita DUR369LZ 36v Li-ion"},"content":{"rendered":"<h3>Description du produit<\/h3>\n<p>Coupe-herbe 36V 2 x 18 V Li-Ion MAKITA sans batterie \u2013 DUR369LZ<\/p>\n<h3>Avis de s\u00e9curit\u00e9<\/h3>\n<p>Attention : utilisez la qualit\u00e9 d&#039;origine Makita pour la durabilit\u00e9 et la robustesse. Le produit est un appareil encastrable sans 2 moteurs 18 V et un contr\u00f4le de vitesse de rotation \u00e0 3 niveaux. Il est \u00e9quip\u00e9 d&#039;un cercle de coupe de 43 cm avec t\u00eate de fil. Le moteur de puissance 1000 W peut provoquer des d\u00e9fauts de volants ou des coupures. Portez toujours des \u00e9quipements de protection appropri\u00e9s, tels que des gants, des lunettes de protection et des protections sonores. Lisez et suivez le manuel d&#039;utilisation avant d&#039;utiliser l&#039;appareil.<\/p>\n<table id=\"productDetails_techSpec_section_1\" class=\"a-keyvalue prodDetTable\">\n<tbody>\n<tr>\n<th class=\"a-color-secondary a-size-base prodDetSectionEntry\">Fabricant<\/th>\n<td class=\"a-size-base prodDetAttrValue\">Makita<\/td>\n<\/tr>\n<tr>\n<th class=\"a-color-secondary a-size-base prodDetSectionEntry\">Dimensions du produit (L xlxh)<\/th>\n<td class=\"a-size-base prodDetAttrValue\">184,6 x 40 x 26,9 cm ; 6,3 kilogrammes<\/td>\n<\/tr>\n<tr>\n<th class=\"a-color-secondary a-size-base prodDetSectionEntry\">Pile(s) \/ Batterie(s) :<\/th>\n<td class=\"a-size-base prodDetAttrValue\">\u200e1 pile lithium-ion requise.<\/td>\n<\/tr>\n<tr>\n<th class=\"a-color-secondary a-size-base prodDetSectionEntry\">R\u00e9f\u00e9rence<\/th>\n<td class=\"a-size-base prodDetAttrValue\">\u200eDUR369LZ<\/td>\n<\/tr>\n<tr>\n<th class=\"a-color-secondary a-size-base prodDetSectionEntry\">taille<\/th>\n<td class=\"a-size-base prodDetAttrValue\">60 x 450 mm<\/td>\n<\/tr>\n<tr>\n<th class=\"a-color-secondary a-size-base prodDetSectionEntry\">Couleur<\/th>\n<td class=\"a-size-base prodDetAttrValue\">Noir<\/td>\n<\/tr>\n<tr>\n<th class=\"a-color-secondary a-size-base prodDetSectionEntry\">Mat\u00e9riel<\/th>\n<td class=\"a-size-base prodDetAttrValue\">Aluminium<\/td>\n<\/tr>\n<tr>\n<th class=\"a-color-secondary a-size-base prodDetSectionEntry\">Type d&#039;alimentation<\/th>\n<td class=\"a-size-base prodDetAttrValue\">\u200eac<\/td>\n<\/tr>\n<tr>\n<th class=\"a-color-secondary a-size-base prodDetSectionEntry\">Tension<\/th>\n<td class=\"a-size-base prodDetAttrValue\">36 volts<\/td>\n<\/tr>\n<tr>\n<th class=\"a-color-secondary a-size-base prodDetSectionEntry\">Quantit\u00e9 d&#039;articles<\/th>\n<td class=\"a-size-base prodDetAttrValue\">\u200e1<\/td>\n<\/tr>\n<tr>\n<th class=\"a-color-secondary a-size-base prodDetSectionEntry\">Nombre de pi\u00e8ces<\/th>\n<td class=\"a-size-base prodDetAttrValue\">\u200e1<\/td>\n<\/tr>\n<tr>\n<th class=\"a-color-secondary a-size-base prodDetSectionEntry\">Vitesse<\/th>\n<td class=\"a-size-base prodDetAttrValue\">1E+3 Watts<\/td>\n<\/tr>\n<tr>\n<th class=\"a-color-secondary a-size-base prodDetSectionEntry\">Composants inclus<\/th>\n<td class=\"a-size-base prodDetAttrValue\">1 PRODUIT<\/td>\n<\/tr>\n<tr>\n<th class=\"a-color-secondary a-size-base prodDetSectionEntry\">Piles incluses ?<\/th>\n<td class=\"a-size-base prodDetAttrValue\">Non<\/td>\n<\/tr>\n<tr>\n<th class=\"a-color-secondary a-size-base prodDetSectionEntry\">Besoin(s) en batteries\/piles<\/th>\n<td class=\"a-size-base prodDetAttrValue\">Oui<\/td>\n<\/tr>\n<tr>\n<th class=\"a-color-secondary a-size-base prodDetSectionEntry\">Poids<\/th>\n<td class=\"a-size-base prodDetAttrValue\">6,3 kilogrammes<\/td>\n<\/tr>\n<tr>\n<th class=\"a-color-secondary a-size-base prodDetSectionEntry\">Garantie constructeur<\/th>\n<td class=\"a-size-base prodDetAttrValue\">\u200eMakita dur369lz \u2013 desbrozador 18vx2 lxt mangue \u00ab d \u00bb arri\u00e8re adt.<\/td>\n<\/tr>\n<tr>\n<th class=\"a-color-secondary a-size-base prodDetSectionEntry\">Disponibilit\u00e9 des pi\u00e8ces d\u00e9tach\u00e9es<\/th>\n<td class=\"a-size-base prodDetAttrValue\">\u200eInformation indisponible sur les pi\u00e8ces d\u00e9tach\u00e9es<\/td>\n<\/tr>\n<\/tbody>\n<\/table>","protected":false},"excerpt":{"rendered":"<p>Description du produit Coupe-herbe 36V 2 x 18 V Li-Ion MAKITA sans batterie &#8211; DUR369LZ Avertissement De S\u00fbret\u00e9 Attention :<\/p>","protected":false},"featured_media":13590,"template":"","meta":[],"product_brand":[],"product_cat":[61],"product_tag":[1514],"product_country":[1503],"class_list":{"0":"post-13589","1":"product","2":"type-product","3":"status-publish","4":"has-post-thumbnail","6":"product_cat-sale-france","7":"product_tag-sale-france","8":"product_country-france","10":"first","11":"instock","12":"sale","13":"taxable","14":"shipping-taxable","15":"purchasable","16":"product-type-simple"},"_links":{"self":[{"href":"https:\/\/routinesfashione.com\/fr\/wp-json\/wp\/v2\/product\/13589","targetHints":{"allow":["GET"]}}],"collection":[{"href":"https:\/\/routinesfashione.com\/fr\/wp-json\/wp\/v2\/product"}],"about":[{"href":"https:\/\/routinesfashione.com\/fr\/wp-json\/wp\/v2\/types\/product"}],"wp:featuredmedia":[{"embeddable":true,"href":"https:\/\/routinesfashione.com\/fr\/wp-json\/wp\/v2\/media\/13590"}],"wp:attachment":[{"href":"https:\/\/routinesfashione.com\/fr\/wp-json\/wp\/v2\/media?parent=13589"}],"wp:term":[{"taxonomy":"product_brand","embeddable":true,"href":"https:\/\/routinesfashione.com\/fr\/wp-json\/wp\/v2\/product_brand?post=13589"},{"taxonomy":"product_cat","embeddable":true,"href":"https:\/\/routinesfashione.com\/fr\/wp-json\/wp\/v2\/product_cat?post=13589"},{"taxonomy":"product_tag","embeddable":true,"href":"https:\/\/routinesfashione.com\/fr\/wp-json\/wp\/v2\/product_tag?post=13589"},{"taxonomy":"product_country","embeddable":true,"href":"https:\/\/routinesfashione.com\/fr\/wp-json\/wp\/v2\/product_country?post=13589"}],"curies":[{"name":"wp","href":"https:\/\/api.w.org\/{rel}","templated":true}]}}