{"id":13595,"date":"2025-09-30T20:36:55","date_gmt":"2025-09-30T20:36:55","guid":{"rendered":"https:\/\/lightgray-crow-170497.hostingersite.com\/?post_type=product&#038;p=13595"},"modified":"2025-09-30T20:36:55","modified_gmt":"2025-09-30T20:36:55","slug":"garland-balayeuse-ratissoire-electrique-pour-gazon-artificiel","status":"publish","type":"product","link":"https:\/\/routinesfashione.com\/fr\/produit\/garland-balayeuse-ratissoire-electrique-pour-gazon-artificiel\/","title":{"rendered":"Garland Balayeuse-ratissoire \u00e9lectrique pour gazon artificiel"},"content":{"rendered":"<h2 class=\"default\">Description du produit<\/h2>\n<div id=\"productDescription\" class=\"a-section a-spacing-small\">\n<p>Balayeuse aspirateur pour gazon artificiel \u00e9quip\u00e9e d&#8217;un rouleau de brosse robuste avec poils en nylon d&#8217;excellente qualit\u00e9 pour un r\u00e9sultat impeccable. Tr\u00e8s l\u00e9g\u00e8re, compacte et maniable gr\u00e2ce \u00e0 son faible poids et \u00e0 ses roues. Avec poign\u00e9e pliable et bac de ramassage d\u00e9montable pour faciliter le transport et le stockage. Caract\u00e9ristiques de la balayeuse : Con\u00e7u pour redresse la fibre du gazon artificiel r\u00e9sidentiel et lui restituer son aspect naturel et surprenant m\u00eame dans les endroits difficiles d&#8217;acc\u00e8s. Moteur \u00e9lectrique de 230 V ~ 50 Hz, poign\u00e9e r\u00e9glable. Puissance : 1600 W. Largeur de travail : 40 cm. Volume du sac de ramassage : 40 L. Poids : 15,6 kg. Mod\u00e8le brevet\u00e9 au niveau international. Contenu de la livraison : Rouleau\/brosse. Bac de ramassage. Poign\u00e9e sup\u00e9rieure. Poign\u00e9e interm\u00e9diaire. Poign\u00e9e inf\u00e9rieure. Boulon de la poign\u00e9e inf\u00e9rieure. Vis avec poign\u00e9e et manette. Crochet du c\u00e2ble. Cylindre scarificateur (mont\u00e9 sur la machine). Manuel d&#8217;instructions (fran\u00e7ais non garanti).<\/p>\n<table class=\"a-normal a-spacing-micro\" style=\"height: 53px;\" role=\"list\" width=\"642\">\n<tbody>\n<tr class=\"a-spacing-small po-brand\" role=\"listitem\">\n<td class=\"a-span3\" role=\"presentation\"><span class=\"a-size-base a-text-bold\">Marque<\/span><\/td>\n<td class=\"a-span9\" role=\"presentation\"><span class=\"a-size-base po-break-word\">Garland<\/span><\/td>\n<\/tr>\n<tr class=\"a-spacing-small po-unit_count\" role=\"listitem\">\n<td class=\"a-span3\" role=\"presentation\"><span class=\"a-size-base a-text-bold\">Nombre d&#8217;unit\u00e9s<\/span><\/td>\n<td class=\"a-span9\" role=\"presentation\"><span class=\"a-size-base po-break-word\">1 unit\u00e9<\/span><\/td>\n<\/tr>\n<tr class=\"a-spacing-small po-expected_plant_height\" role=\"listitem\">\n<td class=\"a-span3\" role=\"presentation\"><span class=\"a-size-base a-text-bold\">Hauteur de la plante pr\u00e9vue<\/span><\/td>\n<td class=\"a-span9\" role=\"presentation\"><span class=\"a-size-base po-break-word\">50 Centim\u00e8tres<\/span><\/td>\n<\/tr>\n<tr class=\"a-spacing-small po-number_of_pieces\" role=\"listitem\">\n<td class=\"a-span3\" role=\"presentation\"><span class=\"a-size-base a-text-bold\">Nombre de pi\u00e8ces<\/span><\/td>\n<td class=\"a-span9\" role=\"presentation\"><span class=\"a-size-base po-break-word\">1<\/span><\/td>\n<\/tr>\n<\/tbody>\n<\/table>\n<h1 class=\"a-size-base-plus a-text-bold\">\u00c0 propos de cet article<\/h1>\n<ul class=\"a-unordered-list a-vertical a-spacing-mini\">\n<li class=\"a-spacing-mini\"><span class=\"a-list-item\">Garland 502 E-V : balayeuse aspirateur pour gazon artificiel avec bac de ramassage.<\/span><\/li>\n<li class=\"a-spacing-mini\"><span class=\"a-list-item\">Moteur : \u00e9lectrique de 230 V ~ 50 Hz.<\/span><\/li>\n<li class=\"a-spacing-mini\"><span class=\"a-list-item\">Puissance : 1600 W.<\/span><\/li>\n<li class=\"a-spacing-mini\"><span class=\"a-list-item\">Largeur d\u2019aspiration : 40 cm.<\/span><\/li>\n<li class=\"a-spacing-mini\"><span class=\"a-list-item\">Volume du sac de collecte : 40 L.<\/span><\/li>\n<\/ul>\n<\/div>","protected":false},"excerpt":{"rendered":"<p>Description du produit Balayeuse aspirateur pour gazon artificiel \u00e9quip\u00e9e d&#8217;un rouleau de brosse robuste avec poils en nylon d&#8217;excellente qualit\u00e9<\/p>","protected":false},"featured_media":13596,"template":"","meta":[],"product_brand":[],"product_cat":[61],"product_tag":[1514],"product_country":[1503],"class_list":{"0":"post-13595","1":"product","2":"type-product","3":"status-publish","4":"has-post-thumbnail","6":"product_cat-sale-france","7":"product_tag-sale-france","8":"product_country-france","10":"first","11":"instock","12":"sale","13":"taxable","14":"shipping-taxable","15":"purchasable","16":"product-type-simple"},"_links":{"self":[{"href":"https:\/\/routinesfashione.com\/fr\/wp-json\/wp\/v2\/product\/13595","targetHints":{"allow":["GET"]}}],"collection":[{"href":"https:\/\/routinesfashione.com\/fr\/wp-json\/wp\/v2\/product"}],"about":[{"href":"https:\/\/routinesfashione.com\/fr\/wp-json\/wp\/v2\/types\/product"}],"wp:featuredmedia":[{"embeddable":true,"href":"https:\/\/routinesfashione.com\/fr\/wp-json\/wp\/v2\/media\/13596"}],"wp:attachment":[{"href":"https:\/\/routinesfashione.com\/fr\/wp-json\/wp\/v2\/media?parent=13595"}],"wp:term":[{"taxonomy":"product_brand","embeddable":true,"href":"https:\/\/routinesfashione.com\/fr\/wp-json\/wp\/v2\/product_brand?post=13595"},{"taxonomy":"product_cat","embeddable":true,"href":"https:\/\/routinesfashione.com\/fr\/wp-json\/wp\/v2\/product_cat?post=13595"},{"taxonomy":"product_tag","embeddable":true,"href":"https:\/\/routinesfashione.com\/fr\/wp-json\/wp\/v2\/product_tag?post=13595"},{"taxonomy":"product_country","embeddable":true,"href":"https:\/\/routinesfashione.com\/fr\/wp-json\/wp\/v2\/product_country?post=13595"}],"curies":[{"name":"wp","href":"https:\/\/api.w.org\/{rel}","templated":true}]}}