{"id":13599,"date":"2025-09-30T20:36:55","date_gmt":"2025-09-30T20:36:55","guid":{"rendered":"https:\/\/lightgray-crow-170497.hostingersite.com\/?post_type=product&#038;p=13599"},"modified":"2025-09-30T20:36:55","modified_gmt":"2025-09-30T20:36:55","slug":"staub-maxibeche-155k","status":"publish","type":"product","link":"https:\/\/routinesfashione.com\/fr\/produit\/staub-maxibeche-155k\/","title":{"rendered":"Staub Maxibeche 155K"},"content":{"rendered":"<p>La<strong>\u00a0motobineuse MAXIBECHE 155 K<\/strong>\u00a0convient parfaitement pour une utilisation domestique. Elle permet d\u2019entretenir vos sols\u00a0<strong>facilement et sans effort<\/strong>. Son poids de 30 kg en fait une machine tr\u00e8s\u00a0<strong>maniable et l\u00e9g\u00e8re<\/strong>, elle est parfaitement adapt\u00e9e pour les petits potagers ou les interlignes.<\/p>\n<p>&nbsp;<\/p>\n<ul class=\"list2column\">\n<li>Moteur\u00a0<strong>EMAK K300H<\/strong>\u00a0de 80 cm3d&#8217;une puissance de 2,3 ch (1,7kW).<\/li>\n<li><strong>3+3 fraises<\/strong>\u00a0(24 couteaux) : diam\u00e8tre de 25 cm offrant 2 largeurs de travail (22 et 45 cm)<\/li>\n<li>La\u00a0<strong>disposition des soupapes en t\u00eate (OHV)<\/strong>\u00a0permet des \u00e9conomies de carburant et une plus grande autonomie de travail.<\/li>\n<li>Levier regroupant\u00a0<strong>l&#8217;acc\u00e9l\u00e9rateur et la commande d&#8217;arr\u00eat<\/strong>.<\/li>\n<li><strong>Transmission \u00e0 cha\u00eene<\/strong>\u00a0lubrifi\u00e9e par graisse, profil tr\u00e8s \u00e9troit pour faciliter l&#8217;insertion et la progression des fraises dans la terre.\u00a0<strong>Joints de protection<\/strong>\u00a0sur l&#8217;arbre des fraises.<\/li>\n<li><strong>Levier d\u2019embrayage<\/strong>\u00a0des fraises avec syst\u00e8me de s\u00e9curit\u00e9 int\u00e9gr\u00e9.<\/li>\n<li><strong>Guidon r\u00e9glable en hauteur<\/strong>\u00a0sur 3 positions pour un meilleur confort d\u2019utilisation sur n\u2019importe quel type de terrain.<\/li>\n<li><strong>Roue de transport<\/strong>\u00a0facilitant les d\u00e9placements de la machine.\u00a0<strong>D\u00e9montable<\/strong>\u00a0du pic de terrage sans outils.<\/li>\n<li><strong>Support de roue de transport int\u00e9gr\u00e9<\/strong>\u00a0: permet sa fixation pendant l&#8217;utilisation de la machine.<\/li>\n<\/ul>","protected":false},"excerpt":{"rendered":"<p>La\u00a0motobineuse MAXIBECHE 155 K\u00a0convient parfaitement pour une utilisation domestique. Elle permet d\u2019entretenir vos sols\u00a0facilement et sans effort. Son poids de<\/p>","protected":false},"featured_media":13600,"template":"","meta":[],"product_brand":[],"product_cat":[61],"product_tag":[1514],"product_country":[1503],"class_list":{"0":"post-13599","1":"product","2":"type-product","3":"status-publish","4":"has-post-thumbnail","6":"product_cat-sale-france","7":"product_tag-sale-france","8":"product_country-france","10":"first","11":"instock","12":"sale","13":"taxable","14":"shipping-taxable","15":"purchasable","16":"product-type-simple"},"_links":{"self":[{"href":"https:\/\/routinesfashione.com\/fr\/wp-json\/wp\/v2\/product\/13599","targetHints":{"allow":["GET"]}}],"collection":[{"href":"https:\/\/routinesfashione.com\/fr\/wp-json\/wp\/v2\/product"}],"about":[{"href":"https:\/\/routinesfashione.com\/fr\/wp-json\/wp\/v2\/types\/product"}],"wp:featuredmedia":[{"embeddable":true,"href":"https:\/\/routinesfashione.com\/fr\/wp-json\/wp\/v2\/media\/13600"}],"wp:attachment":[{"href":"https:\/\/routinesfashione.com\/fr\/wp-json\/wp\/v2\/media?parent=13599"}],"wp:term":[{"taxonomy":"product_brand","embeddable":true,"href":"https:\/\/routinesfashione.com\/fr\/wp-json\/wp\/v2\/product_brand?post=13599"},{"taxonomy":"product_cat","embeddable":true,"href":"https:\/\/routinesfashione.com\/fr\/wp-json\/wp\/v2\/product_cat?post=13599"},{"taxonomy":"product_tag","embeddable":true,"href":"https:\/\/routinesfashione.com\/fr\/wp-json\/wp\/v2\/product_tag?post=13599"},{"taxonomy":"product_country","embeddable":true,"href":"https:\/\/routinesfashione.com\/fr\/wp-json\/wp\/v2\/product_country?post=13599"}],"curies":[{"name":"wp","href":"https:\/\/api.w.org\/{rel}","templated":true}]}}