{"id":13753,"date":"2025-09-30T20:36:54","date_gmt":"2025-09-30T20:36:54","guid":{"rendered":"https:\/\/lightgray-crow-170497.hostingersite.com\/?post_type=product&#038;p=13753"},"modified":"2025-09-30T20:36:54","modified_gmt":"2025-09-30T20:36:54","slug":"melitta-machine-a-expresso-automatique-varianza-csp","status":"publish","type":"product","link":"https:\/\/routinesfashione.com\/fr\/produit\/melitta-machine-a-expresso-automatique-varianza-csp\/","title":{"rendered":"Melitta Machine \u00e0 expresso automatique Varianza CSP"},"content":{"rendered":"<p>La machine \u00e0 expresso automatique Varianza\u00ae CSP vous donne acc\u00e8s \u00e0 de multiples boissons caf\u00e9in\u00e9es et lact\u00e9es\u00a0: caf\u00e9s, lait, mousse de lait, etc. Pour chaque tasse de caf\u00e9, vous pouvez choisir des grains de caf\u00e9 diff\u00e9rents. D&#8217;une simple pression, pr\u00e9parez un expresso, un caf\u00e9 long, un cappuccino ou un latte macchiato avec cette \u00e9l\u00e9gante machine qui vous garantit un go\u00fbt authentique.<\/p>\n<div class=\"properties-row\">\n<div class=\"properties-label\">Affichage de contr\u00f4le pour le changement de filtre \u00e0 eau:<\/div>\n<div class=\"properties-value\">Oui<\/div>\n<\/div>\n<div class=\"properties-row\">\n<div class=\"properties-label\">Ajustement individuel de la quantit\u00e9 d&#8217;eau:<\/div>\n<div class=\"properties-value\">25-220 ml (En continu)<\/div>\n<\/div>\n<div class=\"properties-row\">\n<div class=\"properties-label\">Alimentation en eau chaude:<\/div>\n<div class=\"properties-value\">Oui<\/div>\n<\/div>\n<div class=\"properties-row\">\n<div class=\"properties-label\">Alimentation en lait chaud:<\/div>\n<div class=\"properties-value\">Oui<\/div>\n<\/div>\n<div class=\"properties-row\">\n<div class=\"properties-label\">Aromasafe-Couverture:<\/div>\n<div class=\"properties-value\">Oui<\/div>\n<\/div>\n<div class=\"properties-row\">\n<div class=\"properties-label\">Arr\u00eat automatique:<\/div>\n<div class=\"properties-value\">Non<\/div>\n<\/div>\n<div class=\"properties-row\">\n<div class=\"properties-label\">Bean Select (Bac \u00e0 grains 2 compartiments):<\/div>\n<div class=\"properties-value\">Oui<\/div>\n<\/div>\n<div class=\"properties-row\">\n<div class=\"properties-label\">Bec verseur 2 Couvercle de tasse:<\/div>\n<div class=\"properties-value\">Oui<\/div>\n<\/div>\n<div class=\"properties-row\">\n<div class=\"properties-label\">Bec verseur r\u00e9glable en hauteur:<\/div>\n<div class=\"properties-value\">Oui<\/div>\n<\/div>\n<div class=\"properties-row\">\n<div class=\"properties-label\">Bec verseur tout-en-un pour 2 sp\u00e9cialit\u00e9s de caf\u00e9 au lait en m\u00eame temps:<\/div>\n<div class=\"properties-value\">Non<\/div>\n<\/div>\n<div class=\"properties-row\">\n<div class=\"properties-label\">Bouton de menu de d\u00e9marrage:<\/div>\n<div class=\"properties-value\">Oui<\/div>\n<\/div>\n<div class=\"properties-row\">\n<div class=\"properties-label\">Cat\u00e9gorie de produits:<\/div>\n<div class=\"properties-value\">Machine \u00e0 expresso automatique<\/div>\n<\/div>\n<div class=\"properties-row\">\n<div class=\"properties-label\">Chauffe-tasses (passif):<\/div>\n<div class=\"properties-value\">Oui<\/div>\n<\/div>\n<div class=\"properties-row\">\n<div class=\"properties-label\">Cl\u00e9s de r\u00e9f\u00e9rence programmables:<\/div>\n<div class=\"properties-value\">Oui<\/div>\n<\/div>\n<div class=\"properties-row\">\n<div class=\"properties-label\">Compartiment de rangement des c\u00e2bles:<\/div>\n<div class=\"properties-value\">Non<\/div>\n<\/div>\n<div class=\"properties-row\">\n<div class=\"properties-label\">Compatibilit\u00e9 des filtres \u00e0 eau:<\/div>\n<div class=\"properties-value\">Oui<\/div>\n<\/div>\n<div class=\"properties-row\">\n<div class=\"properties-label\">Dimensions de l&#8217;appareil (hauteur x largeur x profondeur en mm):<\/div>\n<div class=\"properties-value\">390 x 253 x 380<\/div>\n<\/div>\n<div class=\"properties-row\">\n<div class=\"properties-label\">Display:<\/div>\n<div class=\"properties-value\">\u00c9cran couleur TFT<\/div>\n<\/div>\n<div class=\"properties-row\">\n<div class=\"properties-label\">D\u00e9tartrage une fois par an:<\/div>\n<div class=\"properties-value\">Non<\/div>\n<\/div>\n<div class=\"properties-row\">\n<div class=\"properties-label\">Eclairage des gobelets par LED:<\/div>\n<div class=\"properties-value\">Oui<\/div>\n<\/div>\n<div class=\"properties-row\">\n<div class=\"properties-label\">Fonction de nettoyage \u00e0 la vapeur facile (nettoyage des pi\u00e8ces contenant du lait):<\/div>\n<div class=\"properties-value\">Oui<\/div>\n<\/div>\n<div class=\"properties-row\">\n<div class=\"properties-label\">Fonction de pr\u00e9-extraction:<\/div>\n<div class=\"properties-value\">Oui<\/div>\n<\/div>\n<div class=\"properties-row\">\n<div class=\"properties-label\">Fr\u00e9quence:<\/div>\n<div class=\"properties-value\">5060HZ<\/div>\n<\/div>\n<div class=\"properties-row\">\n<div class=\"properties-label\">Groupe d&#8217;extraction amovible:<\/div>\n<div class=\"properties-value\">Oui<\/div>\n<\/div>\n<div class=\"properties-row\">\n<div class=\"properties-label\">Interrupteur 0-Watt:<\/div>\n<div class=\"properties-value\">Oui<\/div>\n<\/div>\n<div class=\"properties-row\">\n<div class=\"properties-label\">La gamme de mod\u00e8les:<\/div>\n<div class=\"properties-value\">Varianza<\/div>\n<\/div>\n<div class=\"properties-row\">\n<div class=\"properties-label\">Mode \u00e9conomie d&#8217;\u00e9nergie:<\/div>\n<div class=\"properties-value\">Oui<\/div>\n<\/div>\n<div class=\"properties-row\">\n<div class=\"properties-label\">My Coffee Profile:<\/div>\n<div class=\"properties-value\">Non<\/div>\n<\/div>\n<div class=\"properties-row\">\n<div class=\"properties-label\">M\u00e9canisme de broyage silencieux:<\/div>\n<div class=\"properties-value\">Non<\/div>\n<\/div>\n<div class=\"properties-row\">\n<div class=\"properties-label\">Nombre de variantes de caf\u00e9 pr\u00e9\u00e9tablies:<\/div>\n<div class=\"properties-value\">10<\/div>\n<\/div>\n<div class=\"properties-row\">\n<div class=\"properties-label\">Num\u00e9ro de mod\u00e8le:<\/div>\n<div class=\"properties-value\">F570-101<\/div>\n<\/div>\n<div class=\"properties-row\">\n<div class=\"properties-label\">Op\u00e9ration:<\/div>\n<div class=\"properties-value\">Bouton<\/div>\n<\/div>\n<div class=\"properties-row\">\n<div class=\"properties-label\">Plateau r\u00e9colte gouttes:<\/div>\n<div class=\"properties-value\">Plateau d&#8217;\u00e9gouttage en acier inoxydable<\/div>\n<\/div>\n<div class=\"properties-row\">\n<div class=\"properties-label\">Poids (sans emballage):<\/div>\n<div class=\"properties-value\">8 kg<\/div>\n<\/div>\n<div class=\"properties-row\">\n<div class=\"properties-label\">Premium conical steel grinder:<\/div>\n<div class=\"properties-value\">Oui<\/div>\n<\/div>\n<div class=\"properties-row\">\n<div class=\"properties-label\">Processus de pr\u00e9paration \u00e0 l&#8217;italienne (ordre de la combinaison des ingr\u00e9dients selon la recette italienne originale):<\/div>\n<div class=\"properties-value\">Oui<\/div>\n<\/div>\n<div class=\"properties-row\">\n<div class=\"properties-label\">Puissance max.:<\/div>\n<div class=\"properties-value\">1450W<\/div>\n<\/div>\n<div class=\"properties-row\">\n<div class=\"properties-label\">R\u00e9glage automatique de la quantit\u00e9 de broyage:<\/div>\n<div class=\"properties-value\">Oui<\/div>\n<\/div>\n<div class=\"properties-row\">\n<div class=\"properties-label\">R\u00e9glage de l&#8217;intensit\u00e9 du caf\u00e9:<\/div>\n<div class=\"properties-value\">5 niveaux<\/div>\n<\/div>\n<div class=\"properties-row\">\n<div class=\"properties-label\">R\u00e9glage de la duret\u00e9 de l&#8217;eau:<\/div>\n<div class=\"properties-value\">Oui<\/div>\n<\/div>\n<div class=\"properties-row\">\n<div class=\"properties-label\">R\u00e9glage de la temp\u00e9rature d&#8217;extraction:<\/div>\n<div class=\"properties-value\">85\u00b0C\/ 90\u00b0C\/ 95\u00b0C<\/div>\n<\/div>\n<div class=\"properties-row\">\n<div class=\"properties-label\">R\u00e9glage du degr\u00e9 de broyage:<\/div>\n<div class=\"properties-value\">5 niveaux<\/div>\n<\/div>\n<div class=\"properties-row\">\n<div class=\"properties-label\">Surveillance active du niveau de remplissage des bacs \u00e0 grains:<\/div>\n<div class=\"properties-value\">Non<\/div>\n<\/div>\n<div class=\"properties-row\">\n<div class=\"properties-label\">Syst\u00e8me de mousse de lait:<\/div>\n<div class=\"properties-value\">Fonction de lait One Touch<\/div>\n<\/div>\n<div class=\"properties-row\">\n<div class=\"properties-label\">Syst\u00e8me de mousse de lait:<\/div>\n<div class=\"properties-value\">Non<\/div>\n<\/div>\n<div class=\"properties-row\">\n<div class=\"properties-label\">Syst\u00e8me de nettoyage et de d\u00e9tartrage automatique:<\/div>\n<div class=\"properties-value\">Oui<\/div>\n<\/div>\n<div class=\"properties-row\">\n<div class=\"properties-label\">Tension:<\/div>\n<div class=\"properties-value\">220-240<\/div>\n<\/div>\n<div class=\"properties-row\">\n<div class=\"properties-label\">Tige pour le caf\u00e9 instantan\u00e9:<\/div>\n<div class=\"properties-value\">Non<\/div>\n<\/div>\n<div class=\"properties-row\">\n<div class=\"properties-label\">Volume des bacs \u00e0 grains:<\/div>\n<div class=\"properties-value\">125g<\/div>\n<\/div>\n<div class=\"properties-row\">\n<div class=\"properties-label\">Volume du r\u00e9servoir d&#8217;eau:<\/div>\n<div class=\"properties-value\">1,2<\/div>\n<\/div>","protected":false},"excerpt":{"rendered":"<p>La machine \u00e0 expresso automatique Varianza\u00ae CSP vous donne acc\u00e8s \u00e0 de multiples boissons caf\u00e9in\u00e9es et lact\u00e9es\u00a0: caf\u00e9s, lait, mousse<\/p>","protected":false},"featured_media":29001,"template":"","meta":[],"product_brand":[],"product_cat":[61],"product_tag":[1514],"product_country":[1503],"class_list":{"0":"post-13753","1":"product","2":"type-product","3":"status-publish","4":"has-post-thumbnail","6":"product_cat-sale-france","7":"product_tag-sale-france","8":"product_country-france","10":"first","11":"instock","12":"sale","13":"taxable","14":"shipping-taxable","15":"purchasable","16":"product-type-simple"},"_links":{"self":[{"href":"https:\/\/routinesfashione.com\/fr\/wp-json\/wp\/v2\/product\/13753","targetHints":{"allow":["GET"]}}],"collection":[{"href":"https:\/\/routinesfashione.com\/fr\/wp-json\/wp\/v2\/product"}],"about":[{"href":"https:\/\/routinesfashione.com\/fr\/wp-json\/wp\/v2\/types\/product"}],"wp:featuredmedia":[{"embeddable":true,"href":"https:\/\/routinesfashione.com\/fr\/wp-json\/wp\/v2\/media\/29001"}],"wp:attachment":[{"href":"https:\/\/routinesfashione.com\/fr\/wp-json\/wp\/v2\/media?parent=13753"}],"wp:term":[{"taxonomy":"product_brand","embeddable":true,"href":"https:\/\/routinesfashione.com\/fr\/wp-json\/wp\/v2\/product_brand?post=13753"},{"taxonomy":"product_cat","embeddable":true,"href":"https:\/\/routinesfashione.com\/fr\/wp-json\/wp\/v2\/product_cat?post=13753"},{"taxonomy":"product_tag","embeddable":true,"href":"https:\/\/routinesfashione.com\/fr\/wp-json\/wp\/v2\/product_tag?post=13753"},{"taxonomy":"product_country","embeddable":true,"href":"https:\/\/routinesfashione.com\/fr\/wp-json\/wp\/v2\/product_country?post=13753"}],"curies":[{"name":"wp","href":"https:\/\/api.w.org\/{rel}","templated":true}]}}