{"id":13759,"date":"2025-09-30T20:36:54","date_gmt":"2025-09-30T20:36:54","guid":{"rendered":"https:\/\/lightgray-crow-170497.hostingersite.com\/?post_type=product&#038;p=13759"},"modified":"2025-09-30T20:36:54","modified_gmt":"2025-09-30T20:36:54","slug":"delonghi-expresso-specialista-maestro-ec9865-m","status":"publish","type":"product","link":"https:\/\/routinesfashione.com\/fr\/produit\/delonghi-expresso-specialista-maestro-ec9865-m\/","title":{"rendered":"DELONGHI Expresso Sp\u00e9cialiste Maestro EC9865.M"},"content":{"rendered":"<p>Profitez d&#039;un caf\u00e9 d&#039;exception avec nos bouches de fabrication italienne. Dot\u00e9 de 15 r\u00e9glages de mouture et de la technologie de broyage par capteur, l&#039;extrait la quintessence des ar\u00f4mes de vos grains frais et d\u00e9livre une dose pr\u00e9cise \u00e0 chaque utilisation. Dites adieu aux \u00e9claboussures et aux r\u00e9sidus de caf\u00e9 ! La station de gobelets intelligente garantit un plan de travail impeccable avec une pression uniforme de 20 kg sur votre filtre port professionnel. La technologie microbullet assure une texture sur l&#039;\u00e9cran et la fonction \u00ab cool touch \u00bb garantit une utilisation s\u00e9curis\u00e9e. Le plus, son netyage ais\u00e9 simplifie votre routine caf\u00e9. Plongez dans une exp\u00e9rience gustative intense avec l&#039;extraction \u00e0 froid. Pr\u00e9parez un caf\u00e9 froid exquis et rafra\u00eechissant, parfait pour vos cocktails, gr\u00e2ce \u00e0 l&#039;Espresso Cool exclusif de De&#039;Longhi. Obtenez l&#039;extraction parfaite du caf\u00e9 gr\u00e2ce aux technologies de DeLonghi. La machine dispose des r\u00e9glages de broyage et de cinq profils de temp\u00e9rature d&#039;infusion pour s&#039;adapter au type de grain que vous choisissez, et la pr\u00e9-infusion dynamique s\u00e9lectionne la dur\u00e9e et la fonction de la densit\u00e9 de broyage. La technologie Thermoblock avec un syst\u00e8me de temp\u00e9rature contr\u00f4l\u00e9e assure la stabilit\u00e9 de la temp\u00e9rature lors de la pr\u00e9paration, respecte le profil de temp\u00e9rature pour faire ressortir toute la saveur des grains. Cr\u00e9ez automatiquement une mousse de lait \u00e9paisse et cr\u00e9meuse directement dans votre tasse avec LatteCrema Hot, ou essayez le exp\u00e9rience authentique du barista avec le bus Vapeur My LatteArt pour une mousse de lait manuelle.Adapte automatiquement la dur\u00e9e de pr\u00e9-infusion \u00e0 la densit\u00e9 du broyage. La surface du pilon du caf\u00e9 est uniforme et d\u00e9licatement humide pour une extraction parfaite.<\/p>\n<div class=\"row productsFeature\">\n<div class=\"col-md-8 col-xs-8\">Pression de la pompe<\/div>\n<div class=\"col-md-4 col-xs-4\">19 bars<\/div>\n<\/div>\n<div class=\"row productsFeature\">\n<div class=\"col-md-8 col-xs-8\">Syst\u00e8me de chauffage par bloc thermique<\/div>\n<div class=\"col-md-4 col-xs-4\">1 thermobloc + 1 syst\u00e8me de chauffage<\/div>\n<\/div>\n<div class=\"row productsFeature\">\n<div class=\"col-md-8 col-xs-8\">Syst\u00e8me de lait<\/div>\n<div class=\"col-md-4 col-xs-4\">Bus \u00e0 vapeur\/Buse \u00e0 eau chaude<\/div>\n<\/div>\n<div class=\"row productsFeature\">\n<div class=\"col-md-8 col-xs-8\">Technologie syst\u00e8me de lait<\/div>\n<div class=\"col-md-4 col-xs-4\">LatteCrema Hot<br \/>\nMon Latte Art<br \/>\nSyst\u00e8me Lattecrema<\/div>\n<\/div>\n<div class=\"row productsFeature\">\n<div class=\"col-md-8 col-xs-8\">Interface \/ \u00c9cran<\/div>\n<div class=\"col-md-4 col-xs-4\">Boutons avec \u00e9cran<\/div>\n<\/div>\n<div class=\"row productsFeature\">\n<div class=\"col-md-8 col-xs-8\">Hauteur maximale de la tasse<\/div>\n<div class=\"col-md-4 col-xs-4\">140 mm<\/div>\n<\/div>\n<div class=\"row productsFeature\">\n<div class=\"col-md-8 col-xs-8\">Eau<\/div>\n<div class=\"col-md-4 col-xs-4\">2,5 L<\/div>\n<\/div>\n<div class=\"row productsFeature\">\n<div class=\"col-md-8 col-xs-8\">R\u00e9servoir \u00e0 grains<\/div>\n<div class=\"col-md-4 col-xs-4\">250g<\/div>\n<\/div>\n<div class=\"row productsFeature\">\n<div class=\"col-md-8 col-xs-8\">Tension<\/div>\n<div class=\"col-md-4 col-xs-4\">220 \u2013 240 V<\/div>\n<\/div>\n<div class=\"row productsFeature\">\n<div class=\"col-md-8 col-xs-8\">Pouvoir<\/div>\n<div class=\"col-md-4 col-xs-4\">1450 W<\/div>\n<\/div>","protected":false},"excerpt":{"rendered":"<p>Savourez un caf\u00e9 d&#8217;exception avec notre moulin \u00e0 meules de fabrication italienne. Dot\u00e9 de 15 r\u00e9glages de mouture et de<\/p>","protected":false},"featured_media":13760,"template":"","meta":[],"product_brand":[],"product_cat":[61],"product_tag":[1514],"product_country":[1503],"class_list":{"0":"post-13759","1":"product","2":"type-product","3":"status-publish","4":"has-post-thumbnail","6":"product_cat-sale-france","7":"product_tag-sale-france","8":"product_country-france","10":"first","11":"instock","12":"sale","13":"taxable","14":"shipping-taxable","15":"purchasable","16":"product-type-simple"},"_links":{"self":[{"href":"https:\/\/routinesfashione.com\/fr\/wp-json\/wp\/v2\/product\/13759","targetHints":{"allow":["GET"]}}],"collection":[{"href":"https:\/\/routinesfashione.com\/fr\/wp-json\/wp\/v2\/product"}],"about":[{"href":"https:\/\/routinesfashione.com\/fr\/wp-json\/wp\/v2\/types\/product"}],"wp:featuredmedia":[{"embeddable":true,"href":"https:\/\/routinesfashione.com\/fr\/wp-json\/wp\/v2\/media\/13760"}],"wp:attachment":[{"href":"https:\/\/routinesfashione.com\/fr\/wp-json\/wp\/v2\/media?parent=13759"}],"wp:term":[{"taxonomy":"product_brand","embeddable":true,"href":"https:\/\/routinesfashione.com\/fr\/wp-json\/wp\/v2\/product_brand?post=13759"},{"taxonomy":"product_cat","embeddable":true,"href":"https:\/\/routinesfashione.com\/fr\/wp-json\/wp\/v2\/product_cat?post=13759"},{"taxonomy":"product_tag","embeddable":true,"href":"https:\/\/routinesfashione.com\/fr\/wp-json\/wp\/v2\/product_tag?post=13759"},{"taxonomy":"product_country","embeddable":true,"href":"https:\/\/routinesfashione.com\/fr\/wp-json\/wp\/v2\/product_country?post=13759"}],"curies":[{"name":"wp","href":"https:\/\/api.w.org\/{rel}","templated":true}]}}