{"id":13855,"date":"2025-09-30T20:36:53","date_gmt":"2025-09-30T20:36:53","guid":{"rendered":"https:\/\/lightgray-crow-170497.hostingersite.com\/?post_type=product&#038;p=13855"},"modified":"2025-09-30T20:36:53","modified_gmt":"2025-09-30T20:36:53","slug":"delonghi-eletta-explore-ecam452-67-g-cafetera-superautomatica","status":"publish","type":"product","link":"https:\/\/routinesfashione.com\/fr\/produit\/delonghi-eletta-explore-ecam452-67-g-cafetera-superautomatica\/","title":{"rendered":"Delonghi Eletta Explore ECAM452.67.G Caf\u00e9t\u00e9ria Superautomatique"},"content":{"rendered":"<p>Derri\u00e8re sa fa\u00e7ade raffin\u00e9e grise fonc\u00e9e, l\u2019expresso broyeur automatique Eletta Explore propose plus de 50\u00a0boissons chaudes, froides et Cold Brew \u00e0 d\u00e9couvrir.<br \/>\nSavourez une mousse de lait chaud r\u00e9alis\u00e9e automatiquement gr\u00e2ce \u00e0 la LatteCrema Hot Technology*, et des boissons rafra\u00eechissantes \u00e0 base de caf\u00e9 froid et Cold Brew gr\u00e2ce aux LatteCrema Cool Technology* et Cold Extraction Technology, \u00e0 la maison ou en d\u00e9placement gr\u00e2ce \u00e0 la fonction To-Go tr\u00e8s pratique.<\/p>\n<div>\n<p>\u2022 Technologies LatteCrema Hot and Cool pour une mousse de lait chaude ou froide r\u00e9alis\u00e9e automatiquement*<br \/>\n\u2022 Technologie Cold Extraction pour les boissons Cold Brew les plus rafra\u00eechissantes en moins de 5\u00a0minutes<br \/>\n\u2022 \u00c9cran TFT 3,5\u00a0pouces avec ic\u00f4nes tactiles color\u00e9es<br \/>\n\u2022 La Technologie Bean Adapt ajuste automatiquement les r\u00e9glages de la machine pour chaque type de caf\u00e9 afin de garantir l\u2019extraction id\u00e9ale du caf\u00e9<br \/>\n\u2022 Connectivit\u00e9 Wi-Fi et application mobile<br \/>\n\u2022 Syst\u00e8me Automatic To-Go pour des mugs mesurant jusqu\u2019\u00e0 16\u00a0cm<br \/>\n\u2022 Carafe \u00e0 caf\u00e9 incluseQue vous pr\u00e9f\u00e9riez votre caf\u00e9 chaud ou froid,la technologie LatteCrema de De\u2019Longhi peut cr\u00e9er n\u2019importe quel caf\u00e9 chaud ou froid que vous aimez,d\u2019une simple pression sur un bouton. Un syst\u00e8me a\u00e9rodynamique automatique et pr\u00e9cis qui utilise l\u2019effet Venturi pour marier le lait et la vapeur,cr\u00e9ant ainsi une micromousse optimale pour un caf\u00e9 \u00e0 base de lait de qualit\u00e9 barista. Gr\u00e2ce aux cycles de nettoyage automatique \u00e0 la vapeur et aux composants amovibles compatibles lave-vaisselle,il est facile de maintenir votre carafe en parfait \u00e9tat.Il est d\u00e9sormais possible de pr\u00e9parer des caf\u00e9s Cold Brew \u00e0 la maison en moins de 5\u00a0minutes. L\u2019exclusive Cold Extraction Technology transforme vos grains pr\u00e9f\u00e9r\u00e9s,en les moulant et en les tassant automatiquement,puis en infusant la dose de caf\u00e9 avec de l\u2019eau \u00e0 temp\u00e9rature ambiante \u00e0 tr\u00e8s basse pression,en extrayant toutes les nuances de saveur du caf\u00e9 dans une excellente tasse de caf\u00e9 Cold Brew. La Cold Extraction Technology pr\u00e9pare automatiquement et \u00e0 la demande des boissons froides cold brew l\u00e9g\u00e8res et rafra\u00eechissantes,qui sont encore meilleures si elles sont servies avec de la glace.Gr\u00e2ce \u00e0 notre Bean Adapt Technology,quelle que soit la vari\u00e9t\u00e9 de grains de caf\u00e9 que vous choisissez,la machine adapte facilement ses param\u00e8tres pour garantir l\u2019extraction optimale du caf\u00e9,pr\u00e9server et exalter tous ses ar\u00f4mes,et vous permettre de savourer un caf\u00e9 encore plus aromatique et d\u00e9licieux.<\/p>\n<\/div>","protected":false},"excerpt":{"rendered":"<p>Derri\u00e8re sa fa\u00e7ade raffin\u00e9e grise fonc\u00e9e, l\u2019expresso broyeur automatique Eletta Explore propose plus de 50\u00a0boissons chaudes, froides et Cold Brew<\/p>","protected":false},"featured_media":13856,"template":"","meta":[],"product_brand":[],"product_cat":[61],"product_tag":[1514],"product_country":[1503],"class_list":{"0":"post-13855","1":"product","2":"type-product","3":"status-publish","4":"has-post-thumbnail","6":"product_cat-sale-france","7":"product_tag-sale-france","8":"product_country-france","10":"first","11":"instock","12":"sale","13":"taxable","14":"shipping-taxable","15":"purchasable","16":"product-type-simple"},"_links":{"self":[{"href":"https:\/\/routinesfashione.com\/fr\/wp-json\/wp\/v2\/product\/13855","targetHints":{"allow":["GET"]}}],"collection":[{"href":"https:\/\/routinesfashione.com\/fr\/wp-json\/wp\/v2\/product"}],"about":[{"href":"https:\/\/routinesfashione.com\/fr\/wp-json\/wp\/v2\/types\/product"}],"wp:featuredmedia":[{"embeddable":true,"href":"https:\/\/routinesfashione.com\/fr\/wp-json\/wp\/v2\/media\/13856"}],"wp:attachment":[{"href":"https:\/\/routinesfashione.com\/fr\/wp-json\/wp\/v2\/media?parent=13855"}],"wp:term":[{"taxonomy":"product_brand","embeddable":true,"href":"https:\/\/routinesfashione.com\/fr\/wp-json\/wp\/v2\/product_brand?post=13855"},{"taxonomy":"product_cat","embeddable":true,"href":"https:\/\/routinesfashione.com\/fr\/wp-json\/wp\/v2\/product_cat?post=13855"},{"taxonomy":"product_tag","embeddable":true,"href":"https:\/\/routinesfashione.com\/fr\/wp-json\/wp\/v2\/product_tag?post=13855"},{"taxonomy":"product_country","embeddable":true,"href":"https:\/\/routinesfashione.com\/fr\/wp-json\/wp\/v2\/product_country?post=13855"}],"curies":[{"name":"wp","href":"https:\/\/api.w.org\/{rel}","templated":true}]}}