{"id":13905,"date":"2025-09-30T20:36:52","date_gmt":"2025-09-30T20:36:52","guid":{"rendered":"https:\/\/lightgray-crow-170497.hostingersite.com\/?post_type=product&#038;p=13905"},"modified":"2025-09-30T20:36:52","modified_gmt":"2025-09-30T20:36:52","slug":"cafetiere-wmf-perfection-740","status":"publish","type":"product","link":"https:\/\/routinesfashione.com\/fr\/produit\/cafetiere-wmf-perfection-740\/","title":{"rendered":"Cafeti\u00e8re WMF Perfection 740"},"content":{"rendered":"<p>Cette machine \u00e0 caf\u00e9 automatique de la marque WMF sublime le caf\u00e9. Avec son design haut de gamme et son \u00e9cran tactile, elle offre une exp\u00e9rience caf\u00e9 personnalis\u00e9e gr\u00e2ce \u00e0 4 profils et 15 r\u00e9glages pr\u00e9programm\u00e9s. D&#039;une capacit\u00e9 de 2 tasses par cycle, cette machine \u00e0 caf\u00e9 en plastique noir utilise la technologie Double-Thermoblock de WMF pour un caf\u00e9 chaud et aromatique. Le programme de moussage automatique garantit un entretien facile et le syst\u00e8me de mousse de lait assure une mousse parfaite pour les cappuccinos et les lattes. D\u00e9couvrez la qualit\u00e9 d&#039;un barista de niveau caf\u00e9, mais chez vous.<\/p>\n<h2 class=\"heading-h2 heading-underlined\">Caract\u00e9ristiques<\/h2>\n<div class=\"description-list__item\">N\u00b0 de l&#8217;article\u00a0<span dir=\"auto\">3016661172250<\/span><\/div>\n<div class=\"description-list__item\">Cafeti\u00e8re<\/div>\n<div class=\"description-list__item\">Marque\u00a0<span dir=\"auto\">WMF<\/span><\/div>\n<div class=\"description-list__item\"><span dir=\"auto\">S\u00e9rie<\/span>\u00a0Perfectionnement<\/div>\n<div class=\"description-list__item\">Couleur\u00a0<span dir=\"auto\">Noir<\/span><\/div>\n<div class=\"description-list__item\">Mati\u00e8re\u00a0Plastique<\/div>\n<div class=\"description-list__item\">\u00c9cran tactile<\/div>\n<div class=\"description-list__item\">Conception de haute qualit\u00e9<\/div>\n<div class=\"description-list__item\">Programmes d&#8217;auto-nettoyage<\/div>\n<div class=\"description-list__item\">Maximum 2 tasses par infusion<\/div>\n<div class=\"description-list__item\">Fournit une d\u00e9licieuse mousse de lait<\/div>\n<div class=\"description-list__item\">4 profils avec 8 boissons favorites chacun<\/div>\n<div class=\"description-list__item\">Choix de 15 boissons pr\u00e9programm\u00e9es<\/div>\n<div class=\"description-list__item\">Fonctionnement intuitif, simple et facile \u00e0 utiliser<\/div>","protected":false},"excerpt":{"rendered":"<p>Cette machine \u00e0 caf\u00e9 automatique de la marque WMF apporte la perfection \u00e0 port\u00e9e de main. Avec un design haut<\/p>","protected":false},"featured_media":28755,"template":"","meta":[],"product_brand":[],"product_cat":[61],"product_tag":[1514],"product_country":[1503],"class_list":{"0":"post-13905","1":"product","2":"type-product","3":"status-publish","4":"has-post-thumbnail","6":"product_cat-sale-france","7":"product_tag-sale-france","8":"product_country-france","10":"first","11":"instock","12":"sale","13":"taxable","14":"shipping-taxable","15":"purchasable","16":"product-type-simple"},"_links":{"self":[{"href":"https:\/\/routinesfashione.com\/fr\/wp-json\/wp\/v2\/product\/13905","targetHints":{"allow":["GET"]}}],"collection":[{"href":"https:\/\/routinesfashione.com\/fr\/wp-json\/wp\/v2\/product"}],"about":[{"href":"https:\/\/routinesfashione.com\/fr\/wp-json\/wp\/v2\/types\/product"}],"wp:featuredmedia":[{"embeddable":true,"href":"https:\/\/routinesfashione.com\/fr\/wp-json\/wp\/v2\/media\/28755"}],"wp:attachment":[{"href":"https:\/\/routinesfashione.com\/fr\/wp-json\/wp\/v2\/media?parent=13905"}],"wp:term":[{"taxonomy":"product_brand","embeddable":true,"href":"https:\/\/routinesfashione.com\/fr\/wp-json\/wp\/v2\/product_brand?post=13905"},{"taxonomy":"product_cat","embeddable":true,"href":"https:\/\/routinesfashione.com\/fr\/wp-json\/wp\/v2\/product_cat?post=13905"},{"taxonomy":"product_tag","embeddable":true,"href":"https:\/\/routinesfashione.com\/fr\/wp-json\/wp\/v2\/product_tag?post=13905"},{"taxonomy":"product_country","embeddable":true,"href":"https:\/\/routinesfashione.com\/fr\/wp-json\/wp\/v2\/product_country?post=13905"}],"curies":[{"name":"wp","href":"https:\/\/api.w.org\/{rel}","templated":true}]}}