{"id":14094,"date":"2025-09-30T20:36:50","date_gmt":"2025-09-30T20:36:50","guid":{"rendered":"https:\/\/lightgray-crow-170497.hostingersite.com\/?post_type=product&#038;p=14094"},"modified":"2025-09-30T20:36:50","modified_gmt":"2025-09-30T20:36:50","slug":"delonghi-dinamica-feb3515-b","status":"publish","type":"product","link":"https:\/\/routinesfashione.com\/fr\/produit\/delonghi-dinamica-feb3515-b\/","title":{"rendered":"Delonghi Dinamica FEB3515.B"},"content":{"rendered":"<p>L&#039;expresso broyeur\u00a0<strong>DeLonghi Dinamica FEB 3515.B<\/strong>\u00a0C&#039;est un best-seller, et on comprend pourquoi. Avec fils\u00a0<strong>conception haut de gamme<\/strong>, un\u00a0<strong>simplicit\u00e9 d&#039;utilisation<\/strong>\u00a0remarquable et surtout un\u00a0<strong>superbe r\u00e9sultat<\/strong>\u00a0en tasse. Cette cafeti\u00e8re \u00e0 grain est i<strong>destin\u00e9 \u00e0 une famille,<\/strong>\u00a0avec un grand contenu, 4 boissons caf\u00e9 et un bus vape !<\/p>\n<h3 class=\"margin-t-0\">Cafeti\u00e8re DeLonghi Dinamica FEB 3515.B au look moderne<\/h3>\n<p>Elle dispose d&#039;un format plut\u00f4t compact avec toutefois de grands contenus :<\/p>\n<ul>\n<li>R\u00e9servoir d&#039;eau :\u00a0<strong>1,8 L<\/strong><\/li>\n<li>Bac \u00e0 grains :\u00a0<strong>300 g<\/strong><\/li>\n<li>Bac \u00e0 marc :\u00a0<strong>14 galettes<\/strong><\/li>\n<\/ul>\n<p>Le bac \u00e0 grain dispose d&#039;un\u00a0<strong>couvercle fum\u00e9<\/strong>\u00a0ainsi qu&#039;un\u00a0<strong>joint d&#039;\u00e9tanch\u00e9it\u00e9<\/strong>, pour pr\u00e9server la qualit\u00e9 et la fraicheur de votre caf\u00e9 en grain.<\/p>\n<h3 class=\"margin-t-0\">Broyeur expresso DeLonghi Dinamica FEB 3515.B intuitif<\/h3>\n<p>Le panneau de commande de la cafeti\u00e8re \u00e0 grain DeLonghi Dinamica est simple pour une grande facilit\u00e9 d&#039;utilisation. La navigation est une pens\u00e9e pour soi\u00a0<strong>Utilisation toujours plus intuitive<\/strong>.<\/p>\n<p>Vous pouvez simplement programmer l&#039;ensemble des propositions de bois de telle mani\u00e8re que le niveau de la bouche soit si beau\u00a0<strong>aci\u00e9rie (13 niveaux)<\/strong>. R\u00e9alisez votre bois id\u00e9al et personnalisez votre bois :\u00a0<strong>longueur, quantit\u00e9 de grains, intensit\u00e9, temp\u00e9rature\u2026<\/strong>\u00a0L&#039;affichage graphique est facilement accessible \u00e0 partir des param\u00e8tres de la machine en fonction des fonctions de saisie.<\/p>\n<h3 class=\"margin-t-0\">Machine \u00e0 caf\u00e9 \u00e0 grain Dinamica 3515.B : caf\u00e9 long<\/h3>\n<p>La cafeti\u00e8re DeLonghi Dinamica 3515.B dispose de touches d&#039;acc\u00e8s directement personnalisables. Tous les utilisateurs pourront en seul geste aux boissons pr\u00e9enregistr\u00e9es.<\/p>\n<p>D\u00e9couvrir\u00a0<strong>4 boissons au caf\u00e9\u00a0<\/strong>directement accessible :\u00a0<strong>espresso<\/strong>,\u00a0<strong>Caf\u00e9 Classique, Caf\u00e9 long et Lungo<\/strong>. Choisissez de r\u00e9aliser 1 ou 2 tasses simultan\u00e9ment. Pour les amateurs de caf\u00e9 long, tapez petit-d\u00e9jeuner, la recette\u00a0<strong>\u00ab caf\u00e9 filtre \u00bb\u00a0<\/strong>est fait pour vous. Le caf\u00e9 est\u00a0<strong>Extrait par \u00e0-coup et \u00e0 basse pression<\/strong>\u00a0afin d&#039;obtenir un caf\u00e9 long (l&#039;\u00e9quivalent d&#039;un mug) sans amertume et avec un maximum d&#039;ar\u00f4mes.<\/p>\n<p>Un\u00a0<strong>vapeur de bus<\/strong>\u00a0Simply vous permettra de r\u00e9aliser Cappuccino, Latte Macchiato, Caf\u00e9 Latte, Flat White et Lait Chaud\u2026 La buse vapeur offre la possibilit\u00e9 d&#039;obtenir le produit\u00a0<strong>eau chaude<\/strong>\u00a0pour vos th\u00e9s et tisanes.<\/p>\n<h3 class=\"margin-t-0\">Delonghi Dinamica Feb 3515 b : Simple d&#039;entretien<\/h3>\n<p>Le phare de la Dinamica dispose d&#039;une grille int\u00e9rieure qui peut \u00eatre d\u00e9plac\u00e9e et d\u00e9mont\u00e9e et le phare est passe au\u00a0<strong>machine \u00e0 laver<\/strong>\u00a0pour un entretien encore plus simple.<\/p>\n<p>Le syst\u00e8me de\u00a0<strong>rin\u00e7age et de d\u00e9tartrage<\/strong>\u00a0de la machine est\u00a0<strong>totalement automatis\u00e9<\/strong>. Le\u00a0<strong>le groupe de percolation est amovible<\/strong>\u00a0et plusieurs \u00e9l\u00e9ments de la machine adapt\u00e9s au lave-vaisselle.<\/p>","protected":false},"excerpt":{"rendered":"<p>L&#8217;expresso broyeur\u00a0DeLonghi Dinamica FEB 3515.B\u00a0est un best seller, et on comprend pourquoi. Avec son\u00a0design haut de gamme, une\u00a0simplicit\u00e9 d&#8217;utilisation\u00a0remarquable et<\/p>","protected":false},"featured_media":28686,"template":"","meta":[],"product_brand":[],"product_cat":[61],"product_tag":[1514],"product_country":[1503],"class_list":{"0":"post-14094","1":"product","2":"type-product","3":"status-publish","4":"has-post-thumbnail","6":"product_cat-sale-france","7":"product_tag-sale-france","8":"product_country-france","10":"first","11":"instock","12":"sale","13":"taxable","14":"shipping-taxable","15":"purchasable","16":"product-type-simple"},"_links":{"self":[{"href":"https:\/\/routinesfashione.com\/fr\/wp-json\/wp\/v2\/product\/14094","targetHints":{"allow":["GET"]}}],"collection":[{"href":"https:\/\/routinesfashione.com\/fr\/wp-json\/wp\/v2\/product"}],"about":[{"href":"https:\/\/routinesfashione.com\/fr\/wp-json\/wp\/v2\/types\/product"}],"wp:featuredmedia":[{"embeddable":true,"href":"https:\/\/routinesfashione.com\/fr\/wp-json\/wp\/v2\/media\/28686"}],"wp:attachment":[{"href":"https:\/\/routinesfashione.com\/fr\/wp-json\/wp\/v2\/media?parent=14094"}],"wp:term":[{"taxonomy":"product_brand","embeddable":true,"href":"https:\/\/routinesfashione.com\/fr\/wp-json\/wp\/v2\/product_brand?post=14094"},{"taxonomy":"product_cat","embeddable":true,"href":"https:\/\/routinesfashione.com\/fr\/wp-json\/wp\/v2\/product_cat?post=14094"},{"taxonomy":"product_tag","embeddable":true,"href":"https:\/\/routinesfashione.com\/fr\/wp-json\/wp\/v2\/product_tag?post=14094"},{"taxonomy":"product_country","embeddable":true,"href":"https:\/\/routinesfashione.com\/fr\/wp-json\/wp\/v2\/product_country?post=14094"}],"curies":[{"name":"wp","href":"https:\/\/api.w.org\/{rel}","templated":true}]}}