{"id":14437,"date":"2025-09-30T20:36:49","date_gmt":"2025-09-30T20:36:49","guid":{"rendered":"https:\/\/lightgray-crow-170497.hostingersite.com\/?post_type=product&#038;p=14437"},"modified":"2025-09-30T20:36:49","modified_gmt":"2025-09-30T20:36:49","slug":"groupe-electrogene-2kw","status":"publish","type":"product","link":"https:\/\/routinesfashione.com\/fr\/produit\/groupe-electrogene-2kw\/","title":{"rendered":"Groupe \u00e9lectromagn\u00e9tique \u2013 2Kw"},"content":{"rendered":"<p>Plus un demi-million de camping-cars circulant en France, et il y en a de plus en plus chaque jour. De plus, le nom de la personne qui d\u00e9couvre le camping est sur une croix constante. Cela n&#039;a rien d&#039;\u00e9tonnant, car d\u00e9couvrir le monde en camping-car et camper en plein air d\u00e9gage assur\u00e9ment un parfum de libert\u00e9, d&#039;aventure et d&#039;ind\u00e9pendance. La s\u00e9curit\u00e9 et le confort ne sont pas du tout visibles ! Pour ne pas avoir de surprises d\u00e9sagr\u00e9ables lors de longues excursions en solitaire, un groupe \u00e9lectrog\u00e8ne mobile doit absolument \u00eatre de la f\u00eate. L&#039;\u00e9quipement est un bon compagnon de voyage pour les campeurs dans une nature pr\u00e9serv\u00e9e.<\/p>\n<p>Toutes les passions des camping-caristes et des campeurs sont r\u00e9unies gr\u00e2ce aux onduleurs \u00e9lectriques polyvalents et de haute qualit\u00e9 DQ-2000 de DENQBAR. Ils permettent de recharger la batterie du v\u00e9hicule, par exemple, ou d&#039;assurer le bon fonctionnement des appareils \u00e9lectriques en camping. Si vous souhaitez savourer un caf\u00e9 chaud ou vos tartes pr\u00e9f\u00e9r\u00e9es, vous serez rembours\u00e9. Vous aurez \u00e9galement une impression de la fois sur la route et \u00e0 la maison\u00a0!<\/p>\n<p>Le groupe d&#039;onduleurs \u00e9lectriques DQ-2000, d&#039;une puissance maximale de 2,0 kW, est \u00e9quip\u00e9 de plusieurs appareils, notamment d&#039;un four \u00e0 micro-ondes. Gr\u00e2ce \u00e0 ses dimensions compactes et \u00e0 sa capacit\u00e9 de charge de 21 kg, ce mod\u00e8le convient aux personnes \u00e0 mobilit\u00e9 r\u00e9duite. Le syst\u00e8me de pr\u00e9paration des aliments est simple et garantit une distribution rapide des aliments, en plusieurs \u00e9tapes simples.<\/p>\n<p>Bien entendu, le groupe d&#039;onduleurs \u00e9lectriques DQ-2000 dispose de la technologie la plus r\u00e9cente. Il permet par exemple d&#039;\u00e9tendre la gamme \u00e0 la s\u00e9curit\u00e9 des appareils sensibles \u00e0 la tension (t\u00e9l\u00e9phones portables, cha\u00eenes st\u00e9r\u00e9o, t\u00e9l\u00e9viseurs, s\u00e8che-cheveux ou machines \u00e0 caf\u00e9). Des prises USB (1 x 1 A et 1 x 2,1 A) sont \u00e9galement disponibles. Ainsi, les t\u00e9l\u00e9phones portables et autres petits appareils peuvent \u00eatre recharg\u00e9s rapidement.<\/p>\n<p>Enfin, nous souhaitons vous pr\u00e9senter une fonctionnalit\u00e9 particuli\u00e8rement int\u00e9ressante. Le DQ-2000 est associ\u00e9 \u00e0 un deuxi\u00e8me appareil, qui affiche des performances doubles presque les globales. Il est connect\u00e9 via un c\u00e2ble de d\u00e9rivation parall\u00e8le, \u00e0 deux g\u00e9n\u00e9rateurs diff\u00e9rents pouvant \u00eatre connect\u00e9s en quelques secondes et sans syst\u00e8me de contr\u00f4le complexe. Cela ouvre naturellement de nouvelles possibilit\u00e9s !<\/p>\n<p>Si vous souhaitez confirmer : Gr\u00e2ce \u00e0 cet incroyable kit complet, le groupe \u00e9lectrique DENQBAR DQ-2000 vous offrira le monde merveilleux de la g\u00e9n\u00e9ration autonome d&#039;\u00e9nergie \u00e9lectrique, les deux et une partie du souhait. Et pour vous remercier de votre fid\u00e9lit\u00e9, nous vous proposons le groupe \u00e9lectrog\u00e8ne inverseur DENQBAR DQ-2000 \u00e0 un prix exceptionnel, que vous ne trouverez certainement plus sur le march\u00e9 \u00e0 ce lev\u00e9. Il n\u2019y a pas de restes et vous pouvez tenter votre chance et b\u00e9n\u00e9ficier de votre \u00e9nergie \u00e9lectrique\u00a0!<\/p>","protected":false},"excerpt":{"rendered":"<p>Plus d&#8217;un demi-million de camping-cars circulent en France, et il y en a de plus en plus chaque jour. De<\/p>","protected":false},"featured_media":14438,"template":"","meta":[],"product_brand":[],"product_cat":[61],"product_tag":[1514],"product_country":[1503],"class_list":{"0":"post-14437","1":"product","2":"type-product","3":"status-publish","4":"has-post-thumbnail","6":"product_cat-sale-france","7":"product_tag-sale-france","8":"product_country-france","10":"first","11":"instock","12":"sale","13":"taxable","14":"shipping-taxable","15":"purchasable","16":"product-type-simple"},"_links":{"self":[{"href":"https:\/\/routinesfashione.com\/fr\/wp-json\/wp\/v2\/product\/14437","targetHints":{"allow":["GET"]}}],"collection":[{"href":"https:\/\/routinesfashione.com\/fr\/wp-json\/wp\/v2\/product"}],"about":[{"href":"https:\/\/routinesfashione.com\/fr\/wp-json\/wp\/v2\/types\/product"}],"wp:featuredmedia":[{"embeddable":true,"href":"https:\/\/routinesfashione.com\/fr\/wp-json\/wp\/v2\/media\/14438"}],"wp:attachment":[{"href":"https:\/\/routinesfashione.com\/fr\/wp-json\/wp\/v2\/media?parent=14437"}],"wp:term":[{"taxonomy":"product_brand","embeddable":true,"href":"https:\/\/routinesfashione.com\/fr\/wp-json\/wp\/v2\/product_brand?post=14437"},{"taxonomy":"product_cat","embeddable":true,"href":"https:\/\/routinesfashione.com\/fr\/wp-json\/wp\/v2\/product_cat?post=14437"},{"taxonomy":"product_tag","embeddable":true,"href":"https:\/\/routinesfashione.com\/fr\/wp-json\/wp\/v2\/product_tag?post=14437"},{"taxonomy":"product_country","embeddable":true,"href":"https:\/\/routinesfashione.com\/fr\/wp-json\/wp\/v2\/product_country?post=14437"}],"curies":[{"name":"wp","href":"https:\/\/api.w.org\/{rel}","templated":true}]}}