{"id":1466,"date":"2025-09-30T20:13:41","date_gmt":"2025-09-30T20:13:41","guid":{"rendered":"https:\/\/lightgray-crow-170497.hostingersite.com\/?post_type=product&#038;p=1466"},"modified":"2025-09-30T21:02:13","modified_gmt":"2025-09-30T21:02:13","slug":"husqvarna-lc-551sp-modell-2025","status":"publish","type":"product","link":"https:\/\/routinesfashione.com\/fr\/produit\/husqvarna-lc-551sp-modell-2025\/","title":{"rendered":"Husqvarna LC 551SP \u2013 mod\u00e8le 2025"},"content":{"rendered":"<h4>Avantages<\/h4>\n<div>\n<div class=\"table-wrapper\">\n<table class=\"UserAttributes\">\n<tbody>\n<tr class=\"PSR1\">\n<td class=\"AttributeLabel VerticalAlignMiddle\"><\/td>\n<td class=\"AttributeContent\">Moteur fiable et durable de Kawasaki.<\/td>\n<\/tr>\n<tr class=\"PSR2\">\n<td class=\"AttributeLabel VerticalAlignMiddle\"><\/td>\n<td class=\"AttributeContent\">Gr\u00e2ce au r\u00e9glage centralis\u00e9 de la hauteur de coupe, la hauteur de coupe peut \u00eatre facilement r\u00e9gl\u00e9e avec une seule poign\u00e9e.<\/td>\n<\/tr>\n<tr class=\"PSR3\">\n<td class=\"AttributeLabel VerticalAlignMiddle\"><\/td>\n<td class=\"AttributeContent\">Le guidon r\u00e9glable en hauteur peut \u00eatre ajust\u00e9 individuellement \u00e0 votre taille, permettant un travail confortable et sans fatigue.<\/td>\n<\/tr>\n<tr class=\"PSR4\">\n<td class=\"AttributeLabel VerticalAlignMiddle\"><\/td>\n<td class=\"AttributeContent\">Outre son poids relativement faible, le bo\u00eetier en aluminium se caract\u00e9rise particuli\u00e8rement par sa grande stabilit\u00e9 et sa durabilit\u00e9.<\/td>\n<\/tr>\n<tr class=\"PSR5\">\n<td class=\"AttributeLabel VerticalAlignMiddle\"><\/td>\n<td class=\"AttributeContent\">Gr\u00e2ce au guidon pliable, la tondeuse \u00e0 gazon peut \u00eatre rang\u00e9e ou transport\u00e9e de mani\u00e8re peu encombrante.<\/td>\n<\/tr>\n<tr class=\"PSR6\">\n<td class=\"AttributeLabel VerticalAlignMiddle\"><\/td>\n<td class=\"AttributeContent\">Bo\u00eete de vitesses de haute qualit\u00e9 avec bo\u00eetier en aluminium pour une utilisation fr\u00e9quente et professionnelle.<\/td>\n<\/tr>\n<tr class=\"PSR7\">\n<td class=\"AttributeLabel VerticalAlignMiddle\"><\/td>\n<td class=\"AttributeContent\">Le tr\u00e8s grand r\u00e9servoir d&#039;essence permet des temps de tonte particuli\u00e8rement longs, ce qui signifie que de plus grandes surfaces peuvent \u00eatre tondues avec un seul r\u00e9servoir de carburant.<\/td>\n<\/tr>\n<tr class=\"PSR8\">\n<td class=\"AttributeLabel VerticalAlignMiddle\"><\/td>\n<td class=\"AttributeContent\">Gr\u00e2ce \u00e0 ses roues \u00e0 double roulement \u00e0 billes, cette machine fonctionne de mani\u00e8re particuli\u00e8rement fluide. Ces roues sont \u00e9galement tr\u00e8s r\u00e9sistantes.<\/td>\n<\/tr>\n<tr class=\"PSR9\">\n<td class=\"AttributeLabel VerticalAlignMiddle\"><\/td>\n<td class=\"AttributeContent\">Excellente maniabilit\u00e9 gr\u00e2ce au plateau de coupe compact<\/td>\n<\/tr>\n<tr class=\"PSR10\">\n<td class=\"AttributeLabel VerticalAlignMiddle\"><\/td>\n<td class=\"AttributeContent\">Le bo\u00eetier en aluminium est particuli\u00e8rement durable et antirouille<\/td>\n<\/tr>\n<tr class=\"PSR11\">\n<td class=\"AttributeLabel VerticalAlignMiddle\"><\/td>\n<td class=\"AttributeContent\">Le sac de collecte en tissu particuli\u00e8rement perm\u00e9able \u00e0 l&#039;air permet de tr\u00e8s bonnes propri\u00e9t\u00e9s de capture<\/td>\n<\/tr>\n<tr class=\"PSR12\">\n<td class=\"AttributeLabel VerticalAlignMiddle\"><\/td>\n<td class=\"AttributeContent\">La protection contre la poussi\u00e8re prot\u00e8ge l&#039;op\u00e9rateur de la poussi\u00e8re et du sable souffl\u00e9s<\/td>\n<\/tr>\n<tr class=\"PSR13\">\n<td class=\"AttributeLabel VerticalAlignMiddle\"><\/td>\n<td class=\"AttributeContent\">Les jantes en aluminium sont particuli\u00e8rement stables et peuvent r\u00e9sister m\u00eame \u00e0 une utilisation intensive<\/td>\n<\/tr>\n<\/tbody>\n<\/table>\n<\/div>\n<\/div>\n<p>\u00a0<\/p>\n<h4>Donn\u00e9es techniques<\/h4>\n<div class=\"table-wrapper\">\n<table class=\"HBOUserAttributes\">\n<tbody>\n<tr>\n<td class=\"AttributeGroupHeader\" colspan=\"2\">Moteur et \u00e9quipement<\/td>\n<\/tr>\n<tr>\n<td class=\"AttributeName VerticalAlignMiddle AttributeBorder\">Moteur de marque<\/td>\n<td class=\"AttributeContent AttributeBorder\">Kawasaki<\/td>\n<\/tr>\n<tr>\n<td class=\"AttributeName VerticalAlignMiddle AttributeBorder\">Type de moteur<\/td>\n<td class=\"AttributeContent AttributeBorder\">moteur \u00e0 essence 4 temps<\/td>\n<\/tr>\n<tr>\n<td class=\"AttributeName VerticalAlignMiddle AttributeBorder\">D\u00e9signation du moteur<\/td>\n<td class=\"AttributeContent AttributeBorder\">FJ180KAI<\/td>\n<\/tr>\n<tr>\n<td class=\"AttributeName VerticalAlignMiddle AttributeBorder\">d\u00e9placement<\/td>\n<td class=\"AttributeContent AttributeBorder\">179 cm\u00b3<\/td>\n<\/tr>\n<tr>\n<td class=\"AttributeName VerticalAlignMiddle AttributeBorder\">Performances de l&#039;appareil<\/td>\n<td class=\"AttributeContent AttributeBorder\">2,9 kW \/ 3,9 ch \u00e0 2800 tr\/min<\/td>\n<\/tr>\n<tr>\n<td class=\"AttributeName VerticalAlignMiddle AttributeBorder\">D\u00e9marrage du moteur<\/td>\n<td class=\"AttributeContent AttributeBorder\">tirage de c\u00e2ble<\/td>\n<\/tr>\n<tr>\n<td class=\"AttributeName VerticalAlignMiddle AttributeBorder\">r\u00e9servoir \u00e0 carburant<\/td>\n<td class=\"AttributeContent AttributeBorder\">1,9 litres<\/td>\n<\/tr>\n<tr>\n<td class=\"AttributeGroupHeader\" colspan=\"2\">Donn\u00e9es de tonte<\/td>\n<\/tr>\n<tr>\n<td class=\"AttributeName VerticalAlignMiddle AttributeBorder\">Largeur de coupe<\/td>\n<td class=\"AttributeContent AttributeBorder\">51 cm<\/td>\n<\/tr>\n<tr>\n<td class=\"AttributeName VerticalAlignMiddle AttributeBorder\">Hauteur de coupe, min-max<\/td>\n<td class=\"AttributeContent AttributeBorder\">26-74 mm<\/td>\n<\/tr>\n<tr>\n<td class=\"AttributeName VerticalAlignMiddle AttributeBorder\">Nombre de hauteurs de coupe<\/td>\n<td class=\"AttributeContent AttributeBorder\">6<\/td>\n<\/tr>\n<tr>\n<td class=\"AttributeName VerticalAlignMiddle AttributeBorder\">Type de couteau<\/td>\n<td class=\"AttributeContent AttributeBorder\">Collecter<\/td>\n<\/tr>\n<tr>\n<td class=\"AttributeName VerticalAlignMiddle AttributeBorder\">R\u00e9glage de la hauteur de coupe<\/td>\n<td class=\"AttributeContent AttributeBorder\">central<\/td>\n<\/tr>\n<tr>\n<td class=\"AttributeName VerticalAlignMiddle AttributeBorder\">Volume du panier de collecte<\/td>\n<td class=\"AttributeContent AttributeBorder\">65 litres<\/td>\n<\/tr>\n<tr>\n<td class=\"AttributeName VerticalAlignMiddle AttributeBorder\">M\u00e9thodes de tonte<\/td>\n<td class=\"AttributeContent AttributeBorder\">BioClip\u00ae \/ \u00e9jection arri\u00e8re<\/td>\n<\/tr>\n<tr>\n<td class=\"AttributeName VerticalAlignMiddle AttributeBorder\">Kit de paillage<\/td>\n<td class=\"AttributeContent AttributeBorder\">Kit BioClip disponible en accessoire<\/td>\n<\/tr>\n<tr>\n<td class=\"AttributeName VerticalAlignMiddle AttributeBorder\">Attraper<\/td>\n<td class=\"AttributeContent AttributeBorder\">Oui<\/td>\n<\/tr>\n<tr>\n<td class=\"AttributeName VerticalAlignMiddle AttributeBorder\">Type de bo\u00eete de r\u00e9cup\u00e9ration<\/td>\n<td class=\"AttributeContent AttributeBorder\">Sac de collecte en tissu avec protection contre la poussi\u00e8re<\/td>\n<\/tr>\n<tr>\n<td class=\"AttributeGroupHeader\" colspan=\"2\">\u00e9quipement<\/td>\n<\/tr>\n<tr>\n<td class=\"AttributeName VerticalAlignMiddle AttributeBorder\">Roues \u00e0 roulement \u00e0 billes<\/td>\n<td class=\"AttributeContent AttributeBorder\">oui, roues \u00e0 double roulement \u00e0 billes<\/td>\n<\/tr>\n<tr>\n<td class=\"AttributeName VerticalAlignMiddle AttributeBorder\">Roues motrices<\/td>\n<td class=\"AttributeContent AttributeBorder\">arri\u00e8re<\/td>\n<\/tr>\n<tr>\n<td class=\"AttributeName VerticalAlignMiddle AttributeBorder\">Mat\u00e9riel, \u00e9quipement<\/td>\n<td class=\"AttributeContent AttributeBorder\">bo\u00eetier en aluminium<\/td>\n<\/tr>\n<tr>\n<td class=\"AttributeName VerticalAlignMiddle AttributeBorder\">Taille de la roue avant<\/td>\n<td class=\"AttributeContent AttributeBorder\">210 mm<\/td>\n<\/tr>\n<tr>\n<td class=\"AttributeName VerticalAlignMiddle AttributeBorder\">Taille de la roue arri\u00e8re<\/td>\n<td class=\"AttributeContent AttributeBorder\">210 mm<\/td>\n<\/tr>\n<tr>\n<td class=\"AttributeName VerticalAlignMiddle AttributeBorder\">Type de lecteur<\/td>\n<td class=\"AttributeContent AttributeBorder\">Transmission \u00e0 1 vitesse<\/td>\n<\/tr>\n<tr>\n<td class=\"AttributeName VerticalAlignMiddle AttributeBorder\">Guidon r\u00e9glable en hauteur<\/td>\n<td class=\"AttributeContent AttributeBorder\">Oui<\/td>\n<\/tr>\n<tr>\n<td class=\"AttributeName VerticalAlignMiddle AttributeBorder\">Mat\u00e9riau de la jante<\/td>\n<td class=\"AttributeContent AttributeBorder\">aluminium<\/td>\n<\/tr>\n<tr>\n<td class=\"AttributeName VerticalAlignMiddle AttributeBorder\">Mat\u00e9riau, plateau de coupe<\/td>\n<td class=\"AttributeContent AttributeBorder\">aluminium<\/td>\n<\/tr>\n<tr>\n<td class=\"AttributeName VerticalAlignMiddle AttributeBorder\">Guidon pliable<\/td>\n<td class=\"AttributeContent AttributeBorder\">Oui<\/td>\n<\/tr>\n<tr>\n<td class=\"AttributeName VerticalAlignMiddle AttributeBorder\">Type de faisceau<\/td>\n<td class=\"AttributeContent AttributeBorder\">ergonomique<\/td>\n<\/tr>\n<tr>\n<td class=\"AttributeName VerticalAlignMiddle AttributeBorder\">Avance rapide<\/td>\n<td class=\"AttributeContent AttributeBorder\">4,1 km\/h<\/td>\n<\/tr>\n<tr>\n<td class=\"AttributeGroupHeader\" colspan=\"2\">Environnement, dimensions et poids<\/td>\n<\/tr>\n<tr>\n<td class=\"AttributeName VerticalAlignMiddle AttributeBorder\">garantie<\/td>\n<td class=\"AttributeContent AttributeBorder\">2 ans pour un usage priv\u00e9<\/td>\n<\/tr>\n<tr>\n<td class=\"AttributeName VerticalAlignMiddle AttributeBorder\">niveau de puissance acoustique garanti (LWA)<\/td>\n<td class=\"AttributeContent AttributeBorder\">98 dB(A)<\/td>\n<\/tr>\n<tr>\n<td class=\"AttributeName VerticalAlignMiddle AttributeBorder\">Vibrations sur la barre<\/td>\n<td class=\"AttributeContent AttributeBorder\">4,5 m\/s\u00b2<\/td>\n<\/tr>\n<tr>\n<td class=\"AttributeName VerticalAlignMiddle AttributeBorder\">Niveau de pression acoustique \u00e0 l&#039;oreille de l&#039;op\u00e9rateur<\/td>\n<td class=\"AttributeContent AttributeBorder\">87 dB(A)<\/td>\n<\/tr>\n<tr>\n<td class=\"AttributeName VerticalAlignMiddle AttributeBorder\">Poids<\/td>\n<td class=\"AttributeContent AttributeBorder\">50 kg<\/td>\n<\/tr>\n<\/tbody>\n<\/table>\n<\/div>","protected":false},"excerpt":{"rendered":"<p>La Husqvarna LC 551SP est une tondeuse compacte et robuste, dot\u00e9e d&#039;un moteur puissant, d&#039;un grand r\u00e9servoir de carburant et de roues \u00e0 double roulement \u00e0 billes pour une excellente traction. C&#039;est le choix id\u00e9al pour les professionnels qui recherchent une qualit\u00e9 abordable, des performances fiables et durables, pour des r\u00e9sultats exceptionnels.<\/p>\n<ul>\n<li>Largeur de coupe de 51 cm<\/li>\n<li>Moteur : 3,9 ch \/ 2,9 kW<\/li>\n<\/ul>\n<p>\u00a0<\/p>","protected":false},"featured_media":1467,"template":"","meta":[],"product_brand":[],"product_cat":[33],"product_tag":[],"product_country":[1501],"class_list":{"0":"post-1466","1":"product","2":"type-product","3":"status-publish","4":"has-post-thumbnail","6":"product_cat-profi-maher-rasenmaher","7":"product_country-germany","9":"first","10":"instock","11":"sale","12":"taxable","13":"shipping-taxable","14":"purchasable","15":"product-type-simple"},"_links":{"self":[{"href":"https:\/\/routinesfashione.com\/fr\/wp-json\/wp\/v2\/product\/1466","targetHints":{"allow":["GET"]}}],"collection":[{"href":"https:\/\/routinesfashione.com\/fr\/wp-json\/wp\/v2\/product"}],"about":[{"href":"https:\/\/routinesfashione.com\/fr\/wp-json\/wp\/v2\/types\/product"}],"wp:featuredmedia":[{"embeddable":true,"href":"https:\/\/routinesfashione.com\/fr\/wp-json\/wp\/v2\/media\/1467"}],"wp:attachment":[{"href":"https:\/\/routinesfashione.com\/fr\/wp-json\/wp\/v2\/media?parent=1466"}],"wp:term":[{"taxonomy":"product_brand","embeddable":true,"href":"https:\/\/routinesfashione.com\/fr\/wp-json\/wp\/v2\/product_brand?post=1466"},{"taxonomy":"product_cat","embeddable":true,"href":"https:\/\/routinesfashione.com\/fr\/wp-json\/wp\/v2\/product_cat?post=1466"},{"taxonomy":"product_tag","embeddable":true,"href":"https:\/\/routinesfashione.com\/fr\/wp-json\/wp\/v2\/product_tag?post=1466"},{"taxonomy":"product_country","embeddable":true,"href":"https:\/\/routinesfashione.com\/fr\/wp-json\/wp\/v2\/product_country?post=1466"}],"curies":[{"name":"wp","href":"https:\/\/api.w.org\/{rel}","templated":true}]}}