{"id":1497,"date":"2025-09-30T20:13:41","date_gmt":"2025-09-30T20:13:41","guid":{"rendered":"https:\/\/lightgray-crow-170497.hostingersite.com\/?post_type=product&#038;p=1497"},"modified":"2025-09-30T21:02:16","modified_gmt":"2025-09-30T21:02:16","slug":"sabo-47-vario-e-mit-radantrieb-modell-2025","status":"publish","type":"product","link":"https:\/\/routinesfashione.com\/fr\/produit\/sabo-47-vario-e-mit-radantrieb-modell-2025\/","title":{"rendered":"Sabo 47-VARIO E \u00e0 traction int\u00e9grale \u2013 mod\u00e8le 2025"},"content":{"rendered":"<h4>Avantages<\/h4>\n<div>\n<div class=\"table-wrapper\">\n<table class=\"UserAttributes\">\n<tbody>\n<tr class=\"PSR1\">\n<td class=\"AttributeLabel VerticalAlignMiddle\"><\/td>\n<td class=\"AttributeContent\">Kit de paillage disponible en option\u00a0: les brins d&#039;herbe sont hach\u00e9s si finement qu&#039;ils peuvent rester sur la zone tondue comme engrais organique naturel. Ce syst\u00e8me est particuli\u00e8rement utile en p\u00e9riode de forte croissance, car il n&#039;est pas n\u00e9cessaire de les jeter.<\/td>\n<\/tr>\n<tr class=\"PSR2\">\n<td class=\"AttributeLabel VerticalAlignMiddle\"><\/td>\n<td class=\"AttributeContent\">Gr\u00e2ce au r\u00e9glage centralis\u00e9 de la hauteur de coupe, la hauteur de coupe peut \u00eatre facilement r\u00e9gl\u00e9e avec une seule poign\u00e9e.<\/td>\n<\/tr>\n<tr class=\"PSR3\">\n<td class=\"AttributeLabel VerticalAlignMiddle\"><\/td>\n<td class=\"AttributeContent\">La transmission variable des roues permet un r\u00e9glage individuel de la vitesse en fonction de votre propre vitesse de marche et des conditions de l&#039;herbe.<\/td>\n<\/tr>\n<tr class=\"PSR4\">\n<td class=\"AttributeLabel VerticalAlignMiddle\"><\/td>\n<td class=\"AttributeContent\">Le guidon r\u00e9glable en hauteur peut \u00eatre ajust\u00e9 individuellement \u00e0 votre taille, permettant un travail confortable et sans fatigue.<\/td>\n<\/tr>\n<tr class=\"PSR5\">\n<td class=\"AttributeLabel VerticalAlignMiddle\"><\/td>\n<td class=\"AttributeContent\">Le sac de collecte en tissu particuli\u00e8rement perm\u00e9able \u00e0 l&#039;air permet de tr\u00e8s bonnes propri\u00e9t\u00e9s de capture<\/td>\n<\/tr>\n<tr class=\"PSR6\">\n<td class=\"AttributeLabel VerticalAlignMiddle\"><\/td>\n<td class=\"AttributeContent\">La poign\u00e9e de transport \u00e0 l&#039;avant et \u00e0 l&#039;arri\u00e8re rend le transport ou le stockage de cette machine particuli\u00e8rement facile<\/td>\n<\/tr>\n<tr class=\"PSR7\">\n<td class=\"AttributeLabel VerticalAlignMiddle\"><\/td>\n<td class=\"AttributeContent\">Tr\u00e8s bonnes propri\u00e9t\u00e9s de capture m\u00eame dans l&#039;herbe mouill\u00e9e gr\u00e2ce \u00e0 la technologie SABO TurboStar<\/td>\n<\/tr>\n<tr class=\"PSR8\">\n<td class=\"AttributeLabel VerticalAlignMiddle\"><\/td>\n<td class=\"AttributeContent\">Syst\u00e8me SABO TurboStar\u00a0: un ventilateur s\u00e9par\u00e9 aspire une quantit\u00e9 d&#039;air particuli\u00e8rement importante, redressant l&#039;herbe avant la coupe. Cela optimise la coupe et le ramassage de l&#039;herbe.<\/td>\n<\/tr>\n<tr class=\"PSR9\">\n<td class=\"AttributeLabel VerticalAlignMiddle\"><\/td>\n<td class=\"AttributeContent\">Le syst\u00e8me SABO TurboStar maximise la capacit\u00e9 du sac de collecte. Il doit \u00eatre vid\u00e9 moins souvent.<\/td>\n<\/tr>\n<tr class=\"PSR10\">\n<td class=\"AttributeLabel VerticalAlignMiddle\"><\/td>\n<td class=\"AttributeContent\">Le bo\u00eetier en aluminium moul\u00e9 sous pression est particuli\u00e8rement durable et antirouille<\/td>\n<\/tr>\n<tr class=\"PSR11\">\n<td class=\"AttributeLabel VerticalAlignMiddle\"><\/td>\n<td class=\"AttributeContent\">Manipulation particuli\u00e8rement confortable et facile m\u00eame sur terrain accident\u00e9 gr\u00e2ce aux roues \u00e0 roulement \u00e0 billes.<\/td>\n<\/tr>\n<tr class=\"PSR12\">\n<td class=\"AttributeLabel VerticalAlignMiddle\"><\/td>\n<td class=\"AttributeContent\">Outre son poids relativement faible, le bo\u00eetier en aluminium se caract\u00e9rise particuli\u00e8rement par sa grande stabilit\u00e9 et sa durabilit\u00e9.<\/td>\n<\/tr>\n<tr class=\"PSR13\">\n<td class=\"AttributeLabel VerticalAlignMiddle\"><\/td>\n<td class=\"AttributeContent\">Lorsque le bac de ramassage est vide et pendant la tonte, le TurboSignal SABO se gonfle sur le bac. Lorsque le bac est plein, le TurboSignal se replie.<\/td>\n<\/tr>\n<tr class=\"PSR14\">\n<td class=\"AttributeLabel VerticalAlignMiddle\"><\/td>\n<td class=\"AttributeContent\">Le guidon doublement pliable permet un rangement particuli\u00e8rement peu encombrant de la tondeuse \u00e0 gazon<\/td>\n<\/tr>\n<\/tbody>\n<\/table>\n<\/div>\n<\/div>\n<p>\u00a0<\/p>\n<h4>Donn\u00e9es techniques<\/h4>\n<div class=\"table-wrapper\">\n<table class=\"HBOUserAttributes\">\n<tbody>\n<tr>\n<td class=\"AttributeGroupHeader\" colspan=\"2\">Moteur et \u00e9quipement<\/td>\n<\/tr>\n<tr>\n<td class=\"AttributeName VerticalAlignMiddle AttributeBorder\">Moteur de marque<\/td>\n<td class=\"AttributeContent AttributeBorder\">Sabo<\/td>\n<\/tr>\n<tr>\n<td class=\"AttributeName VerticalAlignMiddle AttributeBorder\">Type de moteur<\/td>\n<td class=\"AttributeContent AttributeBorder\">moteur \u00e0 essence 4 temps OHC<\/td>\n<\/tr>\n<tr>\n<td class=\"AttributeName VerticalAlignMiddle AttributeBorder\">d\u00e9placement<\/td>\n<td class=\"AttributeContent AttributeBorder\">196 cm\u00b3<\/td>\n<\/tr>\n<tr>\n<td class=\"AttributeName VerticalAlignMiddle AttributeBorder\">Puissance du moteur<\/td>\n<td class=\"AttributeContent AttributeBorder\">4,5 kW \/ 6,1 ch \u00e0 3600 tr\/min<\/td>\n<\/tr>\n<tr>\n<td class=\"AttributeName VerticalAlignMiddle AttributeBorder\">Performances de l&#039;appareil<\/td>\n<td class=\"AttributeContent AttributeBorder\">3,4 kW \/ 4,6 ch \u00e0 2800 tr\/min<\/td>\n<\/tr>\n<tr>\n<td class=\"AttributeName VerticalAlignMiddle AttributeBorder\">D\u00e9marrage du moteur<\/td>\n<td class=\"AttributeContent AttributeBorder\">D\u00e9marrage \u00e9lectrique<\/td>\n<\/tr>\n<tr>\n<td class=\"AttributeName VerticalAlignMiddle AttributeBorder\">r\u00e9servoir \u00e0 carburant<\/td>\n<td class=\"AttributeContent AttributeBorder\">1,0 litre<\/td>\n<\/tr>\n<tr>\n<td class=\"AttributeName VerticalAlignMiddle AttributeBorder\">r\u00e9servoir d&#039;huile<\/td>\n<td class=\"AttributeContent AttributeBorder\">0,5 litre<\/td>\n<\/tr>\n<tr>\n<td class=\"AttributeGroupHeader\" colspan=\"2\">Donn\u00e9es de tonte<\/td>\n<\/tr>\n<tr>\n<td class=\"AttributeName VerticalAlignMiddle AttributeBorder\">performance de surface maximale<\/td>\n<td class=\"AttributeContent AttributeBorder\">1500 m\u00b2<\/td>\n<\/tr>\n<tr>\n<td class=\"AttributeName VerticalAlignMiddle AttributeBorder\">Largeur de coupe<\/td>\n<td class=\"AttributeContent AttributeBorder\">47 cm<\/td>\n<\/tr>\n<tr>\n<td class=\"AttributeName VerticalAlignMiddle AttributeBorder\">Hauteur de coupe, min-max<\/td>\n<td class=\"AttributeContent AttributeBorder\">25-80 mm<\/td>\n<\/tr>\n<tr>\n<td class=\"AttributeName VerticalAlignMiddle AttributeBorder\">Nombre de hauteurs de coupe<\/td>\n<td class=\"AttributeContent AttributeBorder\">8<\/td>\n<\/tr>\n<tr>\n<td class=\"AttributeName VerticalAlignMiddle AttributeBorder\">Type de couteau<\/td>\n<td class=\"AttributeContent AttributeBorder\">1 couteau<\/td>\n<\/tr>\n<tr>\n<td class=\"AttributeName VerticalAlignMiddle AttributeBorder\">R\u00e9glage de la hauteur de coupe<\/td>\n<td class=\"AttributeContent AttributeBorder\">central<\/td>\n<\/tr>\n<tr>\n<td class=\"AttributeName VerticalAlignMiddle AttributeBorder\">Volume du panier de collecte<\/td>\n<td class=\"AttributeContent AttributeBorder\">65 litres<\/td>\n<\/tr>\n<tr>\n<td class=\"AttributeName VerticalAlignMiddle AttributeBorder\">M\u00e9thodes de tonte<\/td>\n<td class=\"AttributeContent AttributeBorder\">Attrapage, paillage, andainage arri\u00e8re<\/td>\n<\/tr>\n<tr>\n<td class=\"AttributeName VerticalAlignMiddle AttributeBorder\">Kit de paillage<\/td>\n<td class=\"AttributeContent AttributeBorder\">Kit de paillage disponible en accessoire<\/td>\n<\/tr>\n<tr>\n<td class=\"AttributeName VerticalAlignMiddle AttributeBorder\">Attraper<\/td>\n<td class=\"AttributeContent AttributeBorder\">Oui<\/td>\n<\/tr>\n<tr>\n<td class=\"AttributeName VerticalAlignMiddle AttributeBorder\">Type de bo\u00eete de r\u00e9cup\u00e9ration<\/td>\n<td class=\"AttributeContent AttributeBorder\">Sac de collecte en tissu<\/td>\n<\/tr>\n<tr>\n<td class=\"AttributeName VerticalAlignMiddle AttributeBorder\">Indicateur de niveau<\/td>\n<td class=\"AttributeContent AttributeBorder\">oui, optiquement via SABO TurboSignal<\/td>\n<\/tr>\n<tr>\n<td class=\"AttributeName VerticalAlignMiddle AttributeBorder\">Syst\u00e8me de tonte<\/td>\n<td class=\"AttributeContent AttributeBorder\">Syst\u00e8me SABO TurboStar<\/td>\n<\/tr>\n<tr>\n<td class=\"AttributeName VerticalAlignMiddle AttributeBorder\">Tondre jusqu&#039;\u00e0 inclinaison<\/td>\n<td class=\"AttributeContent AttributeBorder\">25\u00b0<\/td>\n<\/tr>\n<tr>\n<td class=\"AttributeGroupHeader\" colspan=\"2\">\u00e9quipement<\/td>\n<\/tr>\n<tr>\n<td class=\"AttributeName VerticalAlignMiddle AttributeBorder\">Roues \u00e0 roulement \u00e0 billes<\/td>\n<td class=\"AttributeContent AttributeBorder\">oui, roulements \u00e0 billes coniques<\/td>\n<\/tr>\n<tr>\n<td class=\"AttributeName VerticalAlignMiddle AttributeBorder\">Roues motrices<\/td>\n<td class=\"AttributeContent AttributeBorder\">arri\u00e8re<\/td>\n<\/tr>\n<tr>\n<td class=\"AttributeName VerticalAlignMiddle AttributeBorder\">Taille de la roue avant<\/td>\n<td class=\"AttributeContent AttributeBorder\">180 mm<\/td>\n<\/tr>\n<tr>\n<td class=\"AttributeName VerticalAlignMiddle AttributeBorder\">Taille de la roue arri\u00e8re<\/td>\n<td class=\"AttributeContent AttributeBorder\">200 mm<\/td>\n<\/tr>\n<tr>\n<td class=\"AttributeName VerticalAlignMiddle AttributeBorder\">Type de lecteur<\/td>\n<td class=\"AttributeContent AttributeBorder\">transmission variable des roues<\/td>\n<\/tr>\n<tr>\n<td class=\"AttributeName VerticalAlignMiddle AttributeBorder\">Guidon r\u00e9glable en hauteur<\/td>\n<td class=\"AttributeContent AttributeBorder\">Guidon r\u00e9glable en hauteur sur 3 niveaux<\/td>\n<\/tr>\n<tr>\n<td class=\"AttributeName VerticalAlignMiddle AttributeBorder\">Mat\u00e9riau, plateau de coupe<\/td>\n<td class=\"AttributeContent AttributeBorder\">moulage sous pression en aluminium<\/td>\n<\/tr>\n<tr>\n<td class=\"AttributeName VerticalAlignMiddle AttributeBorder\">Poign\u00e9e de transport<\/td>\n<td class=\"AttributeContent AttributeBorder\">oui, devant et derri\u00e8re<\/td>\n<\/tr>\n<tr>\n<td class=\"AttributeName VerticalAlignMiddle AttributeBorder\">Guidon pliable<\/td>\n<td class=\"AttributeContent AttributeBorder\">oui, double pliage<\/td>\n<\/tr>\n<tr>\n<td class=\"AttributeName VerticalAlignMiddle AttributeBorder\">Type de faisceau<\/td>\n<td class=\"AttributeContent AttributeBorder\">Guidon stable et r\u00e9glable en hauteur<\/td>\n<\/tr>\n<tr>\n<td class=\"AttributeName VerticalAlignMiddle AttributeBorder\">Avance rapide<\/td>\n<td class=\"AttributeContent AttributeBorder\">2,7 \u2013 4,3 km\/h<\/td>\n<\/tr>\n<tr>\n<td class=\"AttributeGroupHeader\" colspan=\"2\">Environnement, dimensions et poids<\/td>\n<\/tr>\n<tr>\n<td class=\"AttributeName VerticalAlignMiddle AttributeBorder\">garantie<\/td>\n<td class=\"AttributeContent AttributeBorder\">2 ans pour un usage priv\u00e9<\/td>\n<\/tr>\n<tr>\n<td class=\"AttributeName VerticalAlignMiddle AttributeBorder\">longueur<\/td>\n<td class=\"AttributeContent AttributeBorder\">162,5 cm<\/td>\n<\/tr>\n<tr>\n<td class=\"AttributeName VerticalAlignMiddle AttributeBorder\">Largeur<\/td>\n<td class=\"AttributeContent AttributeBorder\">50 cm<\/td>\n<\/tr>\n<tr>\n<td class=\"AttributeName VerticalAlignMiddle AttributeBorder\">Hauteur<\/td>\n<td class=\"AttributeContent AttributeBorder\">93,5 cm<\/td>\n<\/tr>\n<tr>\n<td class=\"AttributeName VerticalAlignMiddle AttributeBorder\">niveau de puissance acoustique garanti (LWA)<\/td>\n<td class=\"AttributeContent AttributeBorder\">96 dB(A)<\/td>\n<\/tr>\n<tr>\n<td class=\"AttributeName VerticalAlignMiddle AttributeBorder\">Vibrations sur la barre<\/td>\n<td class=\"AttributeContent AttributeBorder\">5,1 m\/s\u00b2<\/td>\n<\/tr>\n<tr>\n<td class=\"AttributeName VerticalAlignMiddle AttributeBorder\">Niveau de pression acoustique \u00e0 l&#039;oreille de l&#039;op\u00e9rateur<\/td>\n<td class=\"AttributeContent AttributeBorder\">84 dB(A)<\/td>\n<\/tr>\n<tr>\n<td class=\"AttributeName VerticalAlignMiddle AttributeBorder\">Poids<\/td>\n<td class=\"AttributeContent AttributeBorder\">42 kg<\/td>\n<\/tr>\n<\/tbody>\n<\/table>\n<\/div>","protected":false},"excerpt":{"rendered":"<ul>\n<li>Largeur de coupe de 47 cm<\/li>\n<li>Moteur : 6,1 ch \/ 4,5 kW<\/li>\n<li>D\u00e9marrage \u00e9lectrique, bo\u00eetier en aluminium<\/li>\n<li>Syst\u00e8me SABO TurboStar, transmission variable des roues<\/li>\n<\/ul>","protected":false},"featured_media":1498,"template":"","meta":[],"product_brand":[],"product_cat":[33],"product_tag":[],"product_country":[1501],"class_list":{"0":"post-1497","1":"product","2":"type-product","3":"status-publish","4":"has-post-thumbnail","6":"product_cat-profi-maher-rasenmaher","7":"product_country-germany","9":"first","10":"instock","11":"sale","12":"taxable","13":"shipping-taxable","14":"purchasable","15":"product-type-simple"},"_links":{"self":[{"href":"https:\/\/routinesfashione.com\/fr\/wp-json\/wp\/v2\/product\/1497","targetHints":{"allow":["GET"]}}],"collection":[{"href":"https:\/\/routinesfashione.com\/fr\/wp-json\/wp\/v2\/product"}],"about":[{"href":"https:\/\/routinesfashione.com\/fr\/wp-json\/wp\/v2\/types\/product"}],"wp:featuredmedia":[{"embeddable":true,"href":"https:\/\/routinesfashione.com\/fr\/wp-json\/wp\/v2\/media\/1498"}],"wp:attachment":[{"href":"https:\/\/routinesfashione.com\/fr\/wp-json\/wp\/v2\/media?parent=1497"}],"wp:term":[{"taxonomy":"product_brand","embeddable":true,"href":"https:\/\/routinesfashione.com\/fr\/wp-json\/wp\/v2\/product_brand?post=1497"},{"taxonomy":"product_cat","embeddable":true,"href":"https:\/\/routinesfashione.com\/fr\/wp-json\/wp\/v2\/product_cat?post=1497"},{"taxonomy":"product_tag","embeddable":true,"href":"https:\/\/routinesfashione.com\/fr\/wp-json\/wp\/v2\/product_tag?post=1497"},{"taxonomy":"product_country","embeddable":true,"href":"https:\/\/routinesfashione.com\/fr\/wp-json\/wp\/v2\/product_country?post=1497"}],"curies":[{"name":"wp","href":"https:\/\/api.w.org\/{rel}","templated":true}]}}