{"id":1543,"date":"2025-09-30T20:13:40","date_gmt":"2025-09-30T20:13:40","guid":{"rendered":"https:\/\/lightgray-crow-170497.hostingersite.com\/?post_type=product&#038;p=1543"},"modified":"2025-09-30T21:02:21","modified_gmt":"2025-09-30T21:02:21","slug":"echo-cs-621sx-50-g-force-luftreinigung","status":"publish","type":"product","link":"https:\/\/routinesfashione.com\/fr\/produit\/echo-cs-621sx-50-g-force-luftreinigung\/","title":{"rendered":"ECHO CS-621SX \/ 50 \u2013 Purification de l&#039;air par force G"},"content":{"rendered":"<h2>\u00a0Donn\u00e9es techniques<\/h2>\n<div class=\"table-wrapper\">\n<table class=\"HBOUserAttributes\">\n<tbody>\n<tr>\n<td class=\"AttributeGroupHeader\" colspan=\"2\">Moteur et \u00e9quipement<\/td>\n<\/tr>\n<tr>\n<td class=\"AttributeName VerticalAlignMiddle AttributeBorder\">Puissance du moteur<\/td>\n<td class=\"AttributeContent AttributeBorder\">3,32 kW \/ 4,5 PS<\/td>\n<\/tr>\n<tr>\n<td class=\"AttributeName VerticalAlignMiddle AttributeBorder\">Type de moteur<\/td>\n<td class=\"AttributeContent AttributeBorder\">2-Takt-Benzinmotor<\/td>\n<\/tr>\n<tr>\n<td class=\"AttributeName VerticalAlignMiddle AttributeBorder\">d\u00e9placement<\/td>\n<td class=\"AttributeContent AttributeBorder\">59,8 cm\u00b3<\/td>\n<\/tr>\n<tr>\n<td class=\"AttributeName VerticalAlignMiddle AttributeBorder\">Luftreinigungssystem<\/td>\n<td class=\"AttributeContent AttributeBorder\">Echo G-Force Luftreinigung<\/td>\n<\/tr>\n<tr>\n<td class=\"AttributeName VerticalAlignMiddle AttributeBorder\">r\u00e9servoir \u00e0 carburant<\/td>\n<td class=\"AttributeContent AttributeBorder\">0,65 Liter<\/td>\n<\/tr>\n<tr>\n<td class=\"AttributeName VerticalAlignMiddle AttributeBorder\">Kraftstoffart<\/td>\n<td class=\"AttributeContent AttributeBorder\">2-Takt-Gemisch, Mischungsverh\u00e4ltnis gem\u00e4\u00df Motorenanleitung<\/td>\n<\/tr>\n<tr>\n<td class=\"AttributeName VerticalAlignMiddle AttributeBorder\">r\u00e9servoir d&#039;huile<\/td>\n<td class=\"AttributeContent AttributeBorder\">0,30 Liter<\/td>\n<\/tr>\n<tr>\n<td class=\"AttributeName VerticalAlignMiddle AttributeBorder\">\u00e9touffer<\/td>\n<td class=\"AttributeContent AttributeBorder\">Choke mit automatischer Drehzahlerh\u00f6hung<\/td>\n<\/tr>\n<tr>\n<td class=\"AttributeGroupHeader\" colspan=\"2\">Schneidgarnitur<\/td>\n<\/tr>\n<tr>\n<td class=\"AttributeName VerticalAlignMiddle AttributeBorder\">Kettenteilung<\/td>\n<td class=\"AttributeContent AttributeBorder\">3\/8\u2033<\/td>\n<\/tr>\n<tr>\n<td class=\"AttributeName VerticalAlignMiddle AttributeBorder\">Nutbreite<\/td>\n<td class=\"AttributeContent AttributeBorder\">0,058 mm<\/td>\n<\/tr>\n<tr>\n<td class=\"AttributeName VerticalAlignMiddle AttributeBorder\">Schwertl\u00e4nge<\/td>\n<td class=\"AttributeContent AttributeBorder\">50 cm<\/td>\n<\/tr>\n<tr>\n<td class=\"AttributeGroupHeader\" colspan=\"2\">confort<\/td>\n<\/tr>\n<tr>\n<td class=\"AttributeName VerticalAlignMiddle AttributeBorder\">pompe \u00e0 huile r\u00e9glable<\/td>\n<td class=\"AttributeContent AttributeBorder\">Oui<\/td>\n<\/tr>\n<tr>\n<td class=\"AttributeName VerticalAlignMiddle AttributeBorder\">Antivibrationssystem<\/td>\n<td class=\"AttributeContent AttributeBorder\">Oui<\/td>\n<\/tr>\n<tr>\n<td class=\"AttributeName VerticalAlignMiddle AttributeBorder\">\u00d6lpumpe<\/td>\n<td class=\"AttributeContent AttributeBorder\">automatisch<\/td>\n<\/tr>\n<tr>\n<td class=\"AttributeName VerticalAlignMiddle AttributeBorder\">verlustsichere Schienenbefestigungsmuttern<\/td>\n<td class=\"AttributeContent AttributeBorder\">Oui<\/td>\n<\/tr>\n<tr>\n<td class=\"AttributeName VerticalAlignMiddle AttributeBorder\">seitliche Kettenspannvorrichtung<\/td>\n<td class=\"AttributeContent AttributeBorder\">Oui<\/td>\n<\/tr>\n<tr>\n<td class=\"AttributeName VerticalAlignMiddle AttributeBorder\">soupape de d\u00e9compression<\/td>\n<td class=\"AttributeContent AttributeBorder\">Oui<\/td>\n<\/tr>\n<tr>\n<td class=\"AttributeGroupHeader\" colspan=\"2\">Contenu de la livraison<\/td>\n<\/tr>\n<tr>\n<td class=\"AttributeName VerticalAlignMiddle AttributeBorder\">Mode d&#039;emploi de l&#039;appareil<\/td>\n<td class=\"AttributeContent AttributeBorder\">1<\/td>\n<\/tr>\n<tr>\n<td class=\"AttributeGroupHeader\" colspan=\"2\">Umwelt und Sonstiges<\/td>\n<\/tr>\n<tr>\n<td class=\"AttributeName VerticalAlignMiddle AttributeBorder\">garantie<\/td>\n<td class=\"AttributeContent AttributeBorder\">5 Jahre bei privater Nutzung, 2 Jahre bei gewerblicher Nutzung<\/td>\n<\/tr>\n<tr>\n<td class=\"AttributeName VerticalAlignMiddle AttributeBorder\">Moteur<\/td>\n<td class=\"AttributeContent AttributeBorder\">2-Takt Motor<\/td>\n<\/tr>\n<tr>\n<td class=\"AttributeName VerticalAlignMiddle AttributeBorder\">Vibrationswert Handgriff hinten<\/td>\n<td class=\"AttributeContent AttributeBorder\">4,4 m\/s\u00b2<\/td>\n<\/tr>\n<tr>\n<td class=\"AttributeName VerticalAlignMiddle AttributeBorder\">Vibrationswert Handgriff vorne<\/td>\n<td class=\"AttributeContent AttributeBorder\">3,5 m\/s\u00b2<\/td>\n<\/tr>\n<tr>\n<td class=\"AttributeName VerticalAlignMiddle AttributeBorder\">niveau de puissance acoustique garanti (LWA)<\/td>\n<td class=\"AttributeContent AttributeBorder\">117 dB(A)<\/td>\n<\/tr>\n<tr>\n<td class=\"AttributeName VerticalAlignMiddle AttributeBorder\">Niveau de pression acoustique \u00e0 l&#039;oreille de l&#039;op\u00e9rateur<\/td>\n<td class=\"AttributeContent AttributeBorder\">103 dB(A)<\/td>\n<\/tr>\n<tr>\n<td class=\"AttributeName VerticalAlignMiddle AttributeBorder\">Poids<\/td>\n<td class=\"AttributeContent AttributeBorder\">6,3 kg<\/td>\n<\/tr>\n<tr>\n<td class=\"AttributeGroupHeader\" colspan=\"2\"><\/td>\n<\/tr>\n<tr>\n<td class=\"AttributeName VerticalAlignMiddle AttributeBorder\"><\/td>\n<td class=\"AttributeContent AttributeBorder\"><\/td>\n<\/tr>\n<\/tbody>\n<\/table>\n<\/div>","protected":false},"excerpt":{"rendered":"<p>Die CS-621SX ist der emmisionsreduzierte Nachfolger der CS-620SX. Zum F\u00e4llen und Aufarbeiten von mittleren bis starken Best\u00e4nden in Forst und S\u00e4gewerken bietet die verl\u00e4ssliche und robuste CS-621SX nicht nur einen drehmomentstarken Antrieb aus der Leistung von 3,2 kW, sondern auch die perfekte Balance aus reichlich Kraft und kompakter Bauweise. Diese S\u00e4ge ist sehr gut f\u00fcr die Durchforstung im Stangenholz und von mittelstarken Best\u00e4nden geeignet.<\/p>\n<p>\u2013 Garantie de 5 ans pour un usage priv\u00e9 ou de 2 ans si l\u2019entretien prescrit n\u2019est pas effectu\u00e9.<\/p>\n<p>\u2013 Garantie de 2 ans pour un usage commercial ou 1 an si l\u2019entretien prescrit n\u2019est pas effectu\u00e9.<\/p>\n<ul>\n<li>griffe d&#039;arr\u00eat<\/li>\n<li>Le bouchon du r\u00e9servoir peut \u00eatre ouvert sans outils<\/li>\n<li>bouchons de r\u00e9servoir sans outil<\/li>\n<li>Couvercle de pignon en magn\u00e9sium<\/li>\n<li>\u00e9crous de couvercle de pignon s\u00e9curis\u00e9s<\/li>\n<\/ul>\n<p>Le syst\u00e8me de purification d&#039;air G-Force d&#039;Echo fournit au moteur un air de meilleure qualit\u00e9 et garantit une dur\u00e9e de vie nettement plus longue du filtre \u00e0 air, ce qui permet \u00e9galement des performances plus \u00e9lev\u00e9es.<\/p>","protected":false},"featured_media":1544,"template":"","meta":[],"product_brand":[],"product_cat":[34],"product_tag":[],"product_country":[1501],"class_list":{"0":"post-1543","1":"product","2":"type-product","3":"status-publish","4":"has-post-thumbnail","6":"product_cat-motorsage-thermische-motorsage","7":"product_country-germany","9":"first","10":"instock","11":"sale","12":"taxable","13":"shipping-taxable","14":"purchasable","15":"product-type-simple"},"_links":{"self":[{"href":"https:\/\/routinesfashione.com\/fr\/wp-json\/wp\/v2\/product\/1543","targetHints":{"allow":["GET"]}}],"collection":[{"href":"https:\/\/routinesfashione.com\/fr\/wp-json\/wp\/v2\/product"}],"about":[{"href":"https:\/\/routinesfashione.com\/fr\/wp-json\/wp\/v2\/types\/product"}],"wp:featuredmedia":[{"embeddable":true,"href":"https:\/\/routinesfashione.com\/fr\/wp-json\/wp\/v2\/media\/1544"}],"wp:attachment":[{"href":"https:\/\/routinesfashione.com\/fr\/wp-json\/wp\/v2\/media?parent=1543"}],"wp:term":[{"taxonomy":"product_brand","embeddable":true,"href":"https:\/\/routinesfashione.com\/fr\/wp-json\/wp\/v2\/product_brand?post=1543"},{"taxonomy":"product_cat","embeddable":true,"href":"https:\/\/routinesfashione.com\/fr\/wp-json\/wp\/v2\/product_cat?post=1543"},{"taxonomy":"product_tag","embeddable":true,"href":"https:\/\/routinesfashione.com\/fr\/wp-json\/wp\/v2\/product_tag?post=1543"},{"taxonomy":"product_country","embeddable":true,"href":"https:\/\/routinesfashione.com\/fr\/wp-json\/wp\/v2\/product_country?post=1543"}],"curies":[{"name":"wp","href":"https:\/\/api.w.org\/{rel}","templated":true}]}}