{"id":1559,"date":"2025-09-30T20:13:40","date_gmt":"2025-09-30T20:13:40","guid":{"rendered":"https:\/\/lightgray-crow-170497.hostingersite.com\/?post_type=product&#038;p=1559"},"modified":"2025-09-30T21:02:22","modified_gmt":"2025-09-30T21:02:22","slug":"husqvarna-572-xp-45-x-torq","status":"publish","type":"product","link":"https:\/\/routinesfashione.com\/fr\/produit\/husqvarna-572-xp-45-x-torq\/","title":{"rendered":"Husqvarna 572 XP \/ 45 \u2013 X-Torq"},"content":{"rendered":"<h2>Donn\u00e9es techniques<\/h2>\n<div class=\"table-wrapper\">\n<table class=\"HBOUserAttributes\">\n<tbody>\n<tr>\n<td class=\"AttributeGroupHeader\" colspan=\"2\">Moteur et \u00e9quipement<\/td>\n<\/tr>\n<tr>\n<td class=\"AttributeName VerticalAlignMiddle AttributeBorder\">Puissance du moteur<\/td>\n<td class=\"AttributeContent AttributeBorder\">4,3 kW \/ 5,8 PS<\/td>\n<\/tr>\n<tr>\n<td class=\"AttributeName VerticalAlignMiddle AttributeBorder\">Type de moteur<\/td>\n<td class=\"AttributeContent AttributeBorder\">2-Takt-Benzinmotor<\/td>\n<\/tr>\n<tr>\n<td class=\"AttributeName VerticalAlignMiddle AttributeBorder\">Kraftstoffpumpe<\/td>\n<td class=\"AttributeContent AttributeBorder\">Oui<\/td>\n<\/tr>\n<tr>\n<td class=\"AttributeName VerticalAlignMiddle AttributeBorder\">d\u00e9placement<\/td>\n<td class=\"AttributeContent AttributeBorder\">70,6 cm\u00b3<\/td>\n<\/tr>\n<tr>\n<td class=\"AttributeName VerticalAlignMiddle AttributeBorder\">Rapport puissance\/poids<\/td>\n<td class=\"AttributeContent AttributeBorder\">1,5 kg\/kW<\/td>\n<\/tr>\n<tr>\n<td class=\"AttributeName VerticalAlignMiddle AttributeBorder\">Luftreinigungssystem<\/td>\n<td class=\"AttributeContent AttributeBorder\">zentrifugal, Husqvarna Air-InjectionTM<\/td>\n<\/tr>\n<tr>\n<td class=\"AttributeName VerticalAlignMiddle AttributeBorder\">D\u00e9marrage du moteur<\/td>\n<td class=\"AttributeContent AttributeBorder\">Seilzug, Husqvarna Smart Start<\/td>\n<\/tr>\n<tr>\n<td class=\"AttributeName VerticalAlignMiddle AttributeBorder\">Kraftstoffart<\/td>\n<td class=\"AttributeContent AttributeBorder\">2-Takt-Gemisch, Mischungsverh\u00e4ltnis gem\u00e4\u00df Motorenanleitung<\/td>\n<\/tr>\n<tr>\n<td class=\"AttributeName VerticalAlignMiddle AttributeBorder\">kombinierter Choke-Stopp-Schalter<\/td>\n<td class=\"AttributeContent AttributeBorder\">Oui<\/td>\n<\/tr>\n<tr>\n<td class=\"AttributeName VerticalAlignMiddle AttributeBorder\">automatische Motorsteuerung<\/td>\n<td class=\"AttributeContent AttributeBorder\">ja, Husqvarna AutoTune<\/td>\n<\/tr>\n<tr>\n<td class=\"AttributeName VerticalAlignMiddle AttributeBorder\">Vergaserheizung<\/td>\n<td class=\"AttributeContent AttributeBorder\">Non<\/td>\n<\/tr>\n<tr>\n<td class=\"AttributeName VerticalAlignMiddle AttributeBorder\">Material Kurbelgeh\u00e4use<\/td>\n<td class=\"AttributeContent AttributeBorder\">Magnesium<\/td>\n<\/tr>\n<tr>\n<td class=\"AttributeName VerticalAlignMiddle AttributeBorder\">Motortechnologie<\/td>\n<td class=\"AttributeContent AttributeBorder\">Husqvarna X-Torq<\/td>\n<\/tr>\n<tr>\n<td class=\"AttributeGroupHeader\" colspan=\"2\">Schneidgarnitur<\/td>\n<\/tr>\n<tr>\n<td class=\"AttributeName VerticalAlignMiddle AttributeBorder\">Kettenteilung<\/td>\n<td class=\"AttributeContent AttributeBorder\">3\/8\u2033<\/td>\n<\/tr>\n<tr>\n<td class=\"AttributeName VerticalAlignMiddle AttributeBorder\">empfohlene Schienenl\u00e4nge min. \u2013 max.<\/td>\n<td class=\"AttributeContent AttributeBorder\">38 \u2013 70 cm<\/td>\n<\/tr>\n<tr>\n<td class=\"AttributeName VerticalAlignMiddle AttributeBorder\">Marke Schwert<\/td>\n<td class=\"AttributeContent AttributeBorder\">Husqvarna<\/td>\n<\/tr>\n<tr>\n<td class=\"AttributeName VerticalAlignMiddle AttributeBorder\">Nutbreite<\/td>\n<td class=\"AttributeContent AttributeBorder\">1,5 mm<\/td>\n<\/tr>\n<tr>\n<td class=\"AttributeName VerticalAlignMiddle AttributeBorder\">Marke Kette<\/td>\n<td class=\"AttributeContent AttributeBorder\">C85<\/td>\n<\/tr>\n<tr>\n<td class=\"AttributeName VerticalAlignMiddle AttributeBorder\">Schienentyp<\/td>\n<td class=\"AttributeContent AttributeBorder\">X-Force<\/td>\n<\/tr>\n<tr>\n<td class=\"AttributeName VerticalAlignMiddle AttributeBorder\">Schwertl\u00e4nge<\/td>\n<td class=\"AttributeContent AttributeBorder\">45 cm<\/td>\n<\/tr>\n<tr>\n<td class=\"AttributeGroupHeader\" colspan=\"2\">confort<\/td>\n<\/tr>\n<tr>\n<td class=\"AttributeName VerticalAlignMiddle AttributeBorder\">Griff<\/td>\n<td class=\"AttributeContent AttributeBorder\">ergonomischer Handgriff<\/td>\n<\/tr>\n<tr>\n<td class=\"AttributeName VerticalAlignMiddle AttributeBorder\">pompe \u00e0 huile r\u00e9glable<\/td>\n<td class=\"AttributeContent AttributeBorder\">Oui<\/td>\n<\/tr>\n<tr>\n<td class=\"AttributeName VerticalAlignMiddle AttributeBorder\">Antivibrationssystem<\/td>\n<td class=\"AttributeContent AttributeBorder\">Oui<\/td>\n<\/tr>\n<tr>\n<td class=\"AttributeName VerticalAlignMiddle AttributeBorder\">Handgriffheizung<\/td>\n<td class=\"AttributeContent AttributeBorder\">Non<\/td>\n<\/tr>\n<tr>\n<td class=\"AttributeName VerticalAlignMiddle AttributeBorder\">Schwingungsd\u00e4mpfung<\/td>\n<td class=\"AttributeContent AttributeBorder\">Low Vib\u00ae<\/td>\n<\/tr>\n<tr>\n<td class=\"AttributeName VerticalAlignMiddle AttributeBorder\">Luftfilterabdeckung mit Schnellverschluss<\/td>\n<td class=\"AttributeContent AttributeBorder\">Oui<\/td>\n<\/tr>\n<tr>\n<td class=\"AttributeName VerticalAlignMiddle AttributeBorder\">Luftfilter<\/td>\n<td class=\"AttributeContent AttributeBorder\">Oui<\/td>\n<\/tr>\n<tr>\n<td class=\"AttributeName VerticalAlignMiddle AttributeBorder\">SmartStart<\/td>\n<td class=\"AttributeContent AttributeBorder\">Oui<\/td>\n<\/tr>\n<tr>\n<td class=\"AttributeName VerticalAlignMiddle AttributeBorder\">Zylinderabdeckung mit Schnellverschluss<\/td>\n<td class=\"AttributeContent AttributeBorder\">Oui<\/td>\n<\/tr>\n<tr>\n<td class=\"AttributeName VerticalAlignMiddle AttributeBorder\">verlustsichere Schienenbefestigungsmuttern<\/td>\n<td class=\"AttributeContent AttributeBorder\">Oui<\/td>\n<\/tr>\n<tr>\n<td class=\"AttributeName VerticalAlignMiddle AttributeBorder\">seitliche Kettenspannvorrichtung<\/td>\n<td class=\"AttributeContent AttributeBorder\">Oui<\/td>\n<\/tr>\n<tr>\n<td class=\"AttributeName VerticalAlignMiddle AttributeBorder\">werkzeuglose Kettenspannung<\/td>\n<td class=\"AttributeContent AttributeBorder\">Non<\/td>\n<\/tr>\n<tr>\n<td class=\"AttributeName VerticalAlignMiddle AttributeBorder\">Indicateur de niveau de carburant<\/td>\n<td class=\"AttributeContent AttributeBorder\">Oui<\/td>\n<\/tr>\n<tr>\n<td class=\"AttributeGroupHeader\" colspan=\"2\">Sicherheit<\/td>\n<\/tr>\n<tr>\n<td class=\"AttributeName VerticalAlignMiddle AttributeBorder\">tr\u00e4gheitsausgel\u00f6ste Kettenbremse<\/td>\n<td class=\"AttributeContent AttributeBorder\">Oui<\/td>\n<\/tr>\n<tr>\n<td class=\"AttributeName VerticalAlignMiddle AttributeBorder\">automatischer Start- \/ Stopp-Schalter<\/td>\n<td class=\"AttributeContent AttributeBorder\">Oui<\/td>\n<\/tr>\n<tr>\n<td class=\"AttributeGroupHeader\" colspan=\"2\">Contenu de la livraison<\/td>\n<\/tr>\n<tr>\n<td class=\"AttributeName VerticalAlignMiddle AttributeBorder\">Werkzeug<\/td>\n<td class=\"AttributeContent AttributeBorder\">1 Kombischl\u00fcssel<\/td>\n<\/tr>\n<tr>\n<td class=\"AttributeName VerticalAlignMiddle AttributeBorder\">Anzahl Ketten<\/td>\n<td class=\"AttributeContent AttributeBorder\">1<\/td>\n<\/tr>\n<tr>\n<td class=\"AttributeName VerticalAlignMiddle AttributeBorder\">Schwertschutz<\/td>\n<td class=\"AttributeContent AttributeBorder\">1 Schwertschutz aus Kunststoff<\/td>\n<\/tr>\n<tr>\n<td class=\"AttributeName VerticalAlignMiddle AttributeBorder\">Mode d&#039;emploi de l&#039;appareil<\/td>\n<td class=\"AttributeContent AttributeBorder\">1<\/td>\n<\/tr>\n<tr>\n<td class=\"AttributeName VerticalAlignMiddle AttributeBorder\">Anzahl Schwerter<\/td>\n<td class=\"AttributeContent AttributeBorder\">1<\/td>\n<\/tr>\n<tr>\n<td class=\"AttributeGroupHeader\" colspan=\"2\">Umwelt und Sonstiges<\/td>\n<\/tr>\n<tr>\n<td class=\"AttributeName VerticalAlignMiddle AttributeBorder\">garantie<\/td>\n<td class=\"AttributeContent AttributeBorder\">2 ans pour un usage exclusivement priv\u00e9, 1 an pour un usage commercial<\/td>\n<\/tr>\n<tr>\n<td class=\"AttributeName VerticalAlignMiddle AttributeBorder\">Vibrationswert Handgriff hinten<\/td>\n<td class=\"AttributeContent AttributeBorder\">4,1 m\/s\u00b2<\/td>\n<\/tr>\n<tr>\n<td class=\"AttributeName VerticalAlignMiddle AttributeBorder\">Vibrationswert Handgriff vorne<\/td>\n<td class=\"AttributeContent AttributeBorder\">5,0 m\/s\u00b2<\/td>\n<\/tr>\n<tr>\n<td class=\"AttributeName VerticalAlignMiddle AttributeBorder\">niveau de puissance acoustique garanti (LWA)<\/td>\n<td class=\"AttributeContent AttributeBorder\">120 dB(A)<\/td>\n<\/tr>\n<tr>\n<td class=\"AttributeName VerticalAlignMiddle AttributeBorder\">Niveau de pression acoustique \u00e0 l&#039;oreille de l&#039;op\u00e9rateur<\/td>\n<td class=\"AttributeContent AttributeBorder\">107 dB(A)<\/td>\n<\/tr>\n<tr>\n<td class=\"AttributeName VerticalAlignMiddle AttributeBorder\">Gewicht ohne Schneidgarnitur<\/td>\n<td class=\"AttributeContent AttributeBorder\">6,6 kg<\/td>\n<\/tr>\n<tr>\n<td class=\"AttributeGroupHeader\" colspan=\"2\"><\/td>\n<\/tr>\n<tr>\n<td class=\"AttributeName VerticalAlignMiddle AttributeBorder\"><\/td>\n<td class=\"AttributeContent AttributeBorder\"><\/td>\n<\/tr>\n<tr>\n<td class=\"AttributeName VerticalAlignMiddle AttributeBorder\">EAN:<\/td>\n<td class=\"AttributeContent AttributeBorder\">7391736353892<\/td>\n<\/tr>\n<\/tbody>\n<\/table>\n<\/div>","protected":false},"excerpt":{"rendered":"<p>Avec seulement 6,6 kg et un puissant moteur de 4,3 kW, la 572XP\u00ae offre un meilleur rapport poids\/puissance que toute autre scie Husqvarna de cylindr\u00e9e comparable et une capacit\u00e9 de coupe sup\u00e9rieure de 121 % \u00e0 celle des mod\u00e8les pr\u00e9c\u00e9dents. Un excellent refroidissement et une filtration haute performance garantissent une endurance et des performances \u00e9lev\u00e9es, tandis que sa conception intelligente et sa simplicit\u00e9 d&#039;utilisation garantissent une productivit\u00e9 \u00e9lev\u00e9e, m\u00eame avec de longs guide-cha\u00eenes. Gr\u00e2ce aux technologies AutoTune\u2122, Air Injection\u2122 et aux faibles vibrations, elle est con\u00e7ue pour durer toute la journ\u00e9e.<\/p>\n<p>La technologie du moteur X-Torq\u00ae r\u00e9duit les \u00e9missions d&#039;\u00e9chappement nocives jusqu&#039;\u00e0 75 % et la consommation de carburant jusqu&#039;\u00e0 20 %<\/p>","protected":false},"featured_media":1560,"template":"","meta":[],"product_brand":[],"product_cat":[34],"product_tag":[],"product_country":[1501],"class_list":{"0":"post-1559","1":"product","2":"type-product","3":"status-publish","4":"has-post-thumbnail","6":"product_cat-motorsage-thermische-motorsage","7":"product_country-germany","9":"first","10":"instock","11":"sale","12":"taxable","13":"shipping-taxable","14":"purchasable","15":"product-type-simple"},"_links":{"self":[{"href":"https:\/\/routinesfashione.com\/fr\/wp-json\/wp\/v2\/product\/1559","targetHints":{"allow":["GET"]}}],"collection":[{"href":"https:\/\/routinesfashione.com\/fr\/wp-json\/wp\/v2\/product"}],"about":[{"href":"https:\/\/routinesfashione.com\/fr\/wp-json\/wp\/v2\/types\/product"}],"wp:featuredmedia":[{"embeddable":true,"href":"https:\/\/routinesfashione.com\/fr\/wp-json\/wp\/v2\/media\/1560"}],"wp:attachment":[{"href":"https:\/\/routinesfashione.com\/fr\/wp-json\/wp\/v2\/media?parent=1559"}],"wp:term":[{"taxonomy":"product_brand","embeddable":true,"href":"https:\/\/routinesfashione.com\/fr\/wp-json\/wp\/v2\/product_brand?post=1559"},{"taxonomy":"product_cat","embeddable":true,"href":"https:\/\/routinesfashione.com\/fr\/wp-json\/wp\/v2\/product_cat?post=1559"},{"taxonomy":"product_tag","embeddable":true,"href":"https:\/\/routinesfashione.com\/fr\/wp-json\/wp\/v2\/product_tag?post=1559"},{"taxonomy":"product_country","embeddable":true,"href":"https:\/\/routinesfashione.com\/fr\/wp-json\/wp\/v2\/product_country?post=1559"}],"curies":[{"name":"wp","href":"https:\/\/api.w.org\/{rel}","templated":true}]}}