{"id":1653,"date":"2025-09-30T20:13:39","date_gmt":"2025-09-30T20:13:39","guid":{"rendered":"https:\/\/lightgray-crow-170497.hostingersite.com\/?post_type=product&#038;p=1653"},"modified":"2025-09-30T21:16:12","modified_gmt":"2025-09-30T21:16:12","slug":"stihl-ms-291-rm3-schienenlaenge-40cm-modell-2025","status":"publish","type":"product","link":"https:\/\/routinesfashione.com\/fr\/produit\/stihl-ms-291-rm3-schienenlaenge-40cm-modell-2025\/","title":{"rendered":"STIHL MS 291, RM3, longueur de guide-cha\u00eene 40 cm \u2013 Mod\u00e8le 2025"},"content":{"rendered":"<h2>Donn\u00e9es techniques<\/h2>\n<div class=\"table-wrapper\">\n<table cellspacing=\"2\" cellpadding=\"2\">\n<tbody>\n<tr>\n<td>d\u00e9placement<\/td>\n<td>55,5 cm\u00b3<\/td>\n<\/tr>\n<tr>\n<td>Performance<\/td>\n<td>2,8 kW \/ 3,8 PS<\/td>\n<\/tr>\n<tr>\n<td>Poids<\/td>\n<td>5,6 kg<\/td>\n<\/tr>\n<tr>\n<td>Poids du syst\u00e8me (kg)<\/td>\n<td>6,6 kg<\/td>\n<\/tr>\n<tr>\n<td>Rapport puissance\/poids<\/td>\n<td>2 kg\/kW<\/td>\n<\/tr>\n<tr>\n<td>Longueur du rail<\/td>\n<td>35-40 cm<\/td>\n<\/tr>\n<tr>\n<td>Poids du syst\u00e8me<\/td>\n<td>6,6 kg<\/td>\n<\/tr>\n<tr>\n<td>Filtre HD2<\/td>\n<td>R\u00e9novable<\/td>\n<\/tr>\n<tr>\n<td>CO2<\/td>\n<td>939 g\/kWh<\/td>\n<\/tr>\n<tr>\n<td>Niveau de pression acoustique<\/td>\n<td>103 dB(A)<\/td>\n<\/tr>\n<tr>\n<td>Type de cha\u00eene de scie STIHL Oilomatic<\/td>\n<td>Rapid Micro 3 (RM3)<\/td>\n<\/tr>\n<tr>\n<td>Niveau de puissance acoustique<\/td>\n<td>116 dB(A)<\/td>\n<\/tr>\n<tr>\n<td>Valeur de vibration gauche\/droite<\/td>\n<td>4,5\/4,5 m\/s\u00b2<\/td>\n<\/tr>\n<tr>\n<td>Pas de cha\u00eene de scie<\/td>\n<td>3\/8 &quot;<\/td>\n<\/tr>\n<\/tbody>\n<\/table>\n<\/div>\n<p>\u00a0<\/p>\n<div class=\"table-wrapper\">\n<table class=\"HBOUserAttributes\">\n<tbody>\n<tr>\n<td class=\"AttributeGroupHeader\" colspan=\"2\"><\/td>\n<\/tr>\n<tr>\n<td class=\"AttributeName VerticalAlignMiddle AttributeBorder\"><\/td>\n<td class=\"AttributeContent AttributeBorder\"><\/td>\n<\/tr>\n<tr>\n<td class=\"AttributeName VerticalAlignMiddle AttributeBorder\">EAN:<\/td>\n<td class=\"AttributeContent AttributeBorder\">0886661497485<\/td>\n<\/tr>\n<\/tbody>\n<\/table>\n<\/div>\n<div class=\"table-wrapper\">\n<table cellspacing=\"2\" cellpadding=\"2\">\n<tbody>\n<tr>\n<td>\n<div>Tension lat\u00e9rale de la cha\u00eene<\/div>\n<p>La vis de tension est actionn\u00e9e lat\u00e9ralement \u00e0 travers le carter du pignon. Cela \u00e9vite tout contact des mains avec la cha\u00eene tranchante et les extr\u00e9mit\u00e9s de la but\u00e9e \u00e0 griffes. (Image similaire)<\/td>\n<\/tr>\n<tr>\n<td>\n<div>Moteur STIHL 2-MIX<\/div>\n<p>Le moteur STIHL 2-MIX est \u00e0 la fois puissant et \u00e9conomique. La s\u00e9paration des gaz d&#039;\u00e9chappement et des gaz frais minimise les pertes par balayage, augmentant ainsi les performances tout en r\u00e9duisant la consommation de carburant.<\/td>\n<\/tr>\n<tr>\n<td>\n<div>Bouchons de r\u00e9servoir sans outil<\/div>\n<p>Fermetures sp\u00e9ciales brevet\u00e9es pour r\u00e9servoirs de carburant et d&#039;huile. Les r\u00e9servoirs des outils \u00e9lectriques \u00e9quip\u00e9s de ces fermetures s&#039;ouvrent et se ferment rapidement, sans effort et sans outils. (Image similaire)<\/td>\n<\/tr>\n<tr>\n<td>\n<div>Bouchon de r\u00e9servoir sans outil<\/div>\n<p>UTILISATION RAPIDE ET FACILE. Gr\u00e2ce au bouchon de r\u00e9servoir sans outil, vous pouvez ouvrir et fermer les r\u00e9servoirs d&#039;huile et de carburant en quelques gestes gr\u00e2ce \u00e0 la fermeture \u00e0 ba\u00efonnette.<\/td>\n<\/tr>\n<tr>\n<td>\n<div>SYST\u00c8ME DE FILTRE \u00c0 AIR LONGUE DUR\u00c9E POUR TRON\u00c7ONNEUSES<\/div>\n<p>DUR\u00c9E DE VIE DU FILTRE PROLONG\u00c9E. La pr\u00e9-s\u00e9paration \u00e9limine les particules grossi\u00e8res et plus grosses du flux d&#039;air avant qu&#039;elles n&#039;atteignent le filtre. Le filtre HD2 \u00e9loigne m\u00eame les poussi\u00e8res fines du moteur, garantissant ainsi\u2026<\/td>\n<\/tr>\n<tr>\n<td>\n<div>Syst\u00e8me de filtre \u00e0 air longue dur\u00e9e avec pr\u00e9-s\u00e9paration<\/div>\n<p>Das innovative Langzeit-Luftfiltersystem sorgt f\u00fcr eine erheblich l\u00e4ngere Filterstandzeit. Denn es entfernt durch Vorabscheidung grobe Schmutzpartikel und entlastet so den eigentlichen Filter. Sie k\u00f6nnen Ihre S\u00e4ge im Vergleich zu den Vorg\u00e4ngern do\u2026<\/td>\n<\/tr>\n<tr>\n<td>\n<div>Syst\u00e8me de filtre \u00e0 air longue dur\u00e9e pour tron\u00e7onneuses<\/div>\n<p>DUR\u00c9E DE VIE DU FILTRE PROLONG\u00c9E. La pr\u00e9-s\u00e9paration \u00e9limine les particules grossi\u00e8res et plus grosses du flux d&#039;air avant qu&#039;elles n&#039;atteignent le filtre. Le filtre HD2 \u00e9loigne m\u00eame les poussi\u00e8res fines du moteur, garantissant ainsi\u2026<\/td>\n<\/tr>\n<tr>\n<td>\n<div>BOUCHON DE R\u00c9SERVOIR SANS OUTIL POUR HUILE ET CARBURANT<\/div>\n<p>UTILISATION RAPIDE ET FACILE. Gr\u00e2ce au bouchon de r\u00e9servoir sans outil, vous pouvez ouvrir et fermer les r\u00e9servoirs d&#039;huile et de carburant en quelques gestes gr\u00e2ce \u00e0 la fermeture \u00e0 ba\u00efonnette.<\/td>\n<\/tr>\n<tr>\n<td>\n<div>Syst\u00e8me anti-vibrations STIHL<\/div>\n<p>De fortes vibrations au niveau des poign\u00e9es des outils \u00e9lectriques peuvent, \u00e0 long terme, entra\u00eener des probl\u00e8mes circulatoires au niveau des mains et des bras. C&#039;est pourquoi STIHL a d\u00e9velopp\u00e9 un syst\u00e8me anti-vibrations de haute qualit\u00e9. Les outils \u00e9lectriques \u00e9quip\u00e9s du syst\u00e8me AV sont \u00e9quip\u00e9s d&#039;amortisseurs de vibrations sur les poign\u00e9es\u2026<\/td>\n<\/tr>\n<tr>\n<td>\n<div>Fonctionnement \u00e0 levier unique<\/div>\n<p>Les fonctions de la machine, telles que le d\u00e9marrage \u00e0 froid et \u00e0 chaud, le fonctionnement et l&#039;arr\u00eat, sont contr\u00f4l\u00e9es par un seul levier. Cela rend l&#039;utilisation particuli\u00e8rement confortable et s\u00fbre, car la main droite peut rester sur la poign\u00e9e en permanence. (Image similaire)<\/td>\n<\/tr>\n<tr>\n<td>\n<div>compensateur<\/div>\n<p>Le compensateur STIHL, un syst\u00e8me de r\u00e9gulation int\u00e9gr\u00e9 au carburateur, garantit des performances du moteur, une qualit\u00e9 d&#039;\u00e9chappement et une consommation de carburant quasi constantes sur une longue p\u00e9riode, malgr\u00e9 un encrassement croissant du filtre \u00e0 air. Ce n&#039;est qu&#039;en cas de changement notable...<\/td>\n<\/tr>\n<tr>\n<td>\n<div>Syst\u00e8me Ematic<\/div>\n<p>Le syst\u00e8me STIHL Ematic se compose d&#039;un guide-cha\u00eene STIHL Ematic ou Ematic S, d&#039;une cha\u00eene STIHL Oilomatic et d&#039;une pompe \u00e0 huile \u00e0 d\u00e9bit r\u00e9glable ou r\u00e9duit. La conception sp\u00e9ciale du guide-cha\u00eene et de la cha\u00eene garantit que chaque goutte d&#039;huile de cha\u00eene\u2026<\/td>\n<\/tr>\n<tr>\n<td>\n<div>Syst\u00e8me STIHL Ematic<\/div>\n<p>R\u00c9DUIT LA CONSOMMATION D&#039;HUILE. Le syst\u00e8me STIHL Ematic se compose d&#039;un guide-cha\u00eene STIHL Ematic ou Ematic S, d&#039;une cha\u00eene STIHL Oilomatic et d&#039;une pompe \u00e0 huile \u00e0 d\u00e9bit r\u00e9glable. Il garantit que l&#039;huile de cha\u00eene arrive exactement l\u00e0 o\u00f9 elle est n\u00e9cessaire pour la lubrification.<\/td>\n<\/tr>\n<tr>\n<td>\n<div>STIHL Vier-Kanal-Technik<\/div>\n<p>Vier \u00dcberstr\u00f6mkan\u00e4le verwirbeln das Kraftstoff-Luft-Gemisch vor der Z\u00fcndung. So wird der Kraftstoff optimal verbrannt und der Wirkungsgrad des Motors deutlich erh\u00f6ht. Das Ergebnis: weniger Verbrauch und ein hohes Drehmoment \u00fcber einen weiten Drehz\u2026<\/td>\n<\/tr>\n<tr>\n<td>\n<div>Pr\u00e9chauffage du carburateur<\/div>\n<p>Les tron\u00e7onneuses STIHL avec pr\u00e9chauffage du carburateur sont fiables m\u00eame pendant les mois les plus froids\u00a0: en mode hiver, l&#039;air d&#039;admission pr\u00e9chauff\u00e9 circule autour du carburateur. Cela emp\u00eache le givrage. Pour passer du mode \u00e9t\u00e9 au mode hiver, il suffit de\u2026<\/td>\n<\/tr>\n<\/tbody>\n<\/table>\n<\/div>","protected":false},"excerpt":{"rendered":"<p>Id\u00e9al pour la r\u00e9colte du bois de chauffage. Il est \u00e9quip\u00e9 d&#039;un moteur 2-MIX \u00e9conomique, d&#039;un syst\u00e8me de filtre \u00e0 air longue dur\u00e9e pour une longue dur\u00e9e de vie du filtre, de bouchons de r\u00e9servoir sans outil pour un ravitaillement facile et s\u00fbr, et d&#039;une cha\u00eene RM3 de 3\/8&quot; pour une excellente performance de coupe.<\/p>\n<p><strong>Ce produit est soumis \u00e0 une inspection pr\u00e9-livraison gratuite conform\u00e9ment aux directives de STIHL. Il sera livr\u00e9 \u00e0 votre adresse assembl\u00e9, pr\u00eat \u00e0 l&#039;emploi et accompagn\u00e9 du rapport d&#039;inspection pr\u00e9-livraison Husqvarna.<\/strong><\/p>\n<ul>\n<li><strong>En stock<\/strong><\/li>\n<li><strong>Livraison en Allemagne :\u00a0<\/strong>Livraison gratuite (3 \u2013 4 jours) : 0\u20ac<\/li>\n<li><strong>Livraison en Autriche, Danemark, Pologne, Pays-Bas, Finlande, Su\u00e8de, France, Belgique, Suisse :\u00a0<\/strong>(14 jours) : 39,99\u20ac<\/li>\n<li><strong>Retour sous 14 jours<\/strong><\/li>\n<\/ul>","protected":false},"featured_media":1654,"template":"","meta":[],"product_brand":[],"product_cat":[34],"product_tag":[],"product_country":[1501],"class_list":{"0":"post-1653","1":"product","2":"type-product","3":"status-publish","4":"has-post-thumbnail","6":"product_cat-motorsage-thermische-motorsage","7":"product_country-germany","9":"first","10":"instock","11":"sale","12":"taxable","13":"shipping-taxable","14":"purchasable","15":"product-type-simple"},"_links":{"self":[{"href":"https:\/\/routinesfashione.com\/fr\/wp-json\/wp\/v2\/product\/1653","targetHints":{"allow":["GET"]}}],"collection":[{"href":"https:\/\/routinesfashione.com\/fr\/wp-json\/wp\/v2\/product"}],"about":[{"href":"https:\/\/routinesfashione.com\/fr\/wp-json\/wp\/v2\/types\/product"}],"wp:featuredmedia":[{"embeddable":true,"href":"https:\/\/routinesfashione.com\/fr\/wp-json\/wp\/v2\/media\/1654"}],"wp:attachment":[{"href":"https:\/\/routinesfashione.com\/fr\/wp-json\/wp\/v2\/media?parent=1653"}],"wp:term":[{"taxonomy":"product_brand","embeddable":true,"href":"https:\/\/routinesfashione.com\/fr\/wp-json\/wp\/v2\/product_brand?post=1653"},{"taxonomy":"product_cat","embeddable":true,"href":"https:\/\/routinesfashione.com\/fr\/wp-json\/wp\/v2\/product_cat?post=1653"},{"taxonomy":"product_tag","embeddable":true,"href":"https:\/\/routinesfashione.com\/fr\/wp-json\/wp\/v2\/product_tag?post=1653"},{"taxonomy":"product_country","embeddable":true,"href":"https:\/\/routinesfashione.com\/fr\/wp-json\/wp\/v2\/product_country?post=1653"}],"curies":[{"name":"wp","href":"https:\/\/api.w.org\/{rel}","templated":true}]}}