{"id":1733,"date":"2025-09-30T20:11:36","date_gmt":"2025-09-30T20:11:36","guid":{"rendered":"https:\/\/lightgray-crow-170497.hostingersite.com\/?post_type=product&#038;p=1733"},"modified":"2025-09-30T21:16:20","modified_gmt":"2025-09-30T21:16:20","slug":"stihl-ms-311-rm-schienenlaenge-45-cm-modell-2025","status":"publish","type":"product","link":"https:\/\/routinesfashione.com\/fr\/produit\/stihl-ms-311-rm-schienenlaenge-45-cm-modell-2025\/","title":{"rendered":"STIHL MS 311, RM, longueur de guide-cha\u00eene 45 cm \u2013 mod\u00e8le 2025"},"content":{"rendered":"<h2>Donn\u00e9es techniques<\/h2>\n<div class=\"table-wrapper\">\n<table cellspacing=\"2\" cellpadding=\"2\">\n<tbody>\n<tr>\n<td>d\u00e9placement<\/td>\n<td>59 cm\u00b3<\/td>\n<\/tr>\n<tr>\n<td>Performance<\/td>\n<td>3,1 kW \/ 4,2 ch<\/td>\n<\/tr>\n<tr>\n<td>Poids<\/td>\n<td>6,2 kg<\/td>\n<\/tr>\n<tr>\n<td>Longueur du rail<\/td>\n<td>40-45 cm<\/td>\n<\/tr>\n<tr>\n<td>Rapport puissance\/poids<\/td>\n<td>2 kg\/kW<\/td>\n<\/tr>\n<tr>\n<td>Poids du syst\u00e8me<\/td>\n<td>7,2 \/ 7,33 kg<\/td>\n<\/tr>\n<tr>\n<td>Niveau de pression acoustique<\/td>\n<td>105 dB(A)<\/td>\n<\/tr>\n<tr>\n<td>STIHL ElastoStart<\/td>\n<td>R\u00e9novable<\/td>\n<\/tr>\n<tr>\n<td>Niveau de puissance acoustique<\/td>\n<td>117 dB(A)<\/td>\n<\/tr>\n<tr>\n<td>Valeur de vibration gauche\/droite<\/td>\n<td>4\/4 m\/s\u00b2<\/td>\n<\/tr>\n<tr>\n<td>CO2<\/td>\n<td>874 g\/kWh<\/td>\n<\/tr>\n<tr>\n<td>Pas de cha\u00eene de scie<\/td>\n<td>3\/8 &quot;<\/td>\n<\/tr>\n<\/tbody>\n<\/table>\n<\/div>\n<p>\u00a0<\/p>\n<div class=\"table-wrapper\"><\/div>\n<div class=\"table-wrapper\">\n<table cellspacing=\"2\" cellpadding=\"2\">\n<tbody>\n<tr>\n<td>\n<div>TENSION DE LA CHA\u00ceNE LAT\u00c9RALE<\/div>\n<p>POUR UN RETENDAGE FACILE ET S\u00dbR. Le tendeur de cha\u00eene lat\u00e9ral permet un retendre et un remplacement s\u00fbrs, faciles et rapides. La vis de tension s&#039;actionne lat\u00e9ralement \u00e0 travers le carter du pignon.<\/td>\n<\/tr>\n<tr>\n<td>\n<div>BOUCHON DE R\u00c9SERVOIR SANS OUTIL POUR HUILE ET CARBURANT<\/div>\n<p>UTILISATION RAPIDE ET FACILE. Gr\u00e2ce au bouchon de r\u00e9servoir sans outil, vous pouvez ouvrir et fermer les r\u00e9servoirs d&#039;huile et de carburant en quelques gestes gr\u00e2ce \u00e0 la fermeture \u00e0 ba\u00efonnette.<\/td>\n<\/tr>\n<tr>\n<td>\n<div>POMPE \u00c0 HUILE R\u00c9GULATEUR DE D\u00c9BIT<\/div>\n<p>CONSOMMATION D&#039;HUILE INDIVIDUELLE. La pompe \u00e0 huile \u00e0 d\u00e9bit r\u00e9glable r\u00e9duit la consommation d&#039;huile de votre tron\u00e7onneuse jusqu&#039;\u00e0 50 %. S\u00e9lectionnez simplement la position E. Pour les accessoires de coupe tr\u00e8s longs ou le bois tr\u00e8s sec, une pompe suppl\u00e9mentaire\u2026<\/td>\n<\/tr>\n<tr>\n<td>\n<div>MOTEUR STIHL 2-MIX<\/div>\n<p>EXTR\u00caMEMENT \u00c9CONOMIQUE. Avec le moteur STIHL 2-Mix, vous r\u00e9duisez les \u00e9missions polluantes et la consommation de carburant, diminuant ainsi vos co\u00fbts d&#039;exploitation. Ce moteur 2 temps n\u00e9cessite peu d&#039;entretien et consomme peu de carburant, m\u00eame \u00e0 puissance \u00e9lev\u00e9e. Comme\u2026<\/td>\n<\/tr>\n<tr>\n<td>\n<div>D\u00c9COMPRESSION MANUELLE<\/div>\n<p>D\u00c9MARRAGE SANS EFFORT. La soupape de d\u00e9compression facilite le d\u00e9marrage de votre moteur. Au d\u00e9marrage, vous pouvez lib\u00e9rer une partie du m\u00e9lange comprim\u00e9 du cylindre en ouvrant la soupape. Cela prot\u00e8ge le syst\u00e8me de d\u00e9marrage et vous fait \u00e9conomiser\u2026<\/td>\n<\/tr>\n<tr>\n<td>\n<div>Bouchon de r\u00e9servoir sans outil<\/div>\n<p>UTILISATION RAPIDE ET FACILE. Gr\u00e2ce au bouchon de r\u00e9servoir sans outil, vous pouvez ouvrir et fermer les r\u00e9servoirs d&#039;huile et de carburant en quelques gestes gr\u00e2ce \u00e0 la fermeture \u00e0 ba\u00efonnette.<\/td>\n<\/tr>\n<tr>\n<td>\n<div>SYST\u00c8ME DE FILTRE \u00c0 AIR LONGUE DUR\u00c9E POUR TRON\u00c7ONNEUSES<\/div>\n<p>DUR\u00c9E DE VIE DU FILTRE PROLONG\u00c9E. La pr\u00e9-s\u00e9paration \u00e9limine les particules grossi\u00e8res et plus grosses du flux d&#039;air avant qu&#039;elles n&#039;atteignent le filtre. Le filtre HD2 \u00e9loigne m\u00eame les poussi\u00e8res fines du moteur, garantissant ainsi\u2026<\/td>\n<\/tr>\n<tr>\n<td>\n<div>SYST\u00c8ME ANTIVIBRATION STIHL<\/div>\n<p>POUR UN TRAVAIL PLUS CONFORTABLE. La puissance de votre outil g\u00e9n\u00e8re des vibrations particuli\u00e8rement perceptibles au niveau de la poign\u00e9e. Les \u00e9l\u00e9ments tampons et ressorts du syst\u00e8me antivibrations STIHL r\u00e9duisent la transmission des vibrations du moteur\u2026<\/td>\n<\/tr>\n<tr>\n<td>\n<div>Fonctionnement \u00e0 levier unique<\/div>\n<p>Les fonctions de la machine, telles que le d\u00e9marrage \u00e0 froid et \u00e0 chaud, le fonctionnement et l&#039;arr\u00eat, sont contr\u00f4l\u00e9es par un seul levier. Cela rend l&#039;utilisation particuli\u00e8rement confortable et s\u00fbre, car la main droite peut rester sur la poign\u00e9e en permanence. (Image similaire)<\/td>\n<\/tr>\n<tr>\n<td>\n<div>COMPENSATEUR<\/div>\n<p>EXIGENCES D&#039;ENTRETIEN R\u00c9DUITES. Un syst\u00e8me de r\u00e9gulation int\u00e9gr\u00e9 au carburateur, le compensateur, assure une \u00e9galisation de la pression qui, malgr\u00e9 l&#039;encrassement croissant du filtre \u00e0 air, maintient les performances du moteur, la qualit\u00e9 des gaz d&#039;\u00e9chappement et la consommation de carburant pratiquement inchang\u00e9es sur une longue p\u00e9riode.<\/td>\n<\/tr>\n<tr>\n<td>\n<div>Syst\u00e8me STIHL Ematic<\/div>\n<p>R\u00c9DUIT LA CONSOMMATION D&#039;HUILE. Le syst\u00e8me STIHL Ematic se compose d&#039;un guide-cha\u00eene STIHL Ematic ou Ematic S, d&#039;une cha\u00eene STIHL Oilomatic et d&#039;une pompe \u00e0 huile \u00e0 d\u00e9bit r\u00e9glable. Il garantit que l&#039;huile de cha\u00eene arrive exactement l\u00e0 o\u00f9 elle est n\u00e9cessaire pour la lubrification.<\/td>\n<\/tr>\n<tr>\n<td>\n<div>TECHNOLOGIE \u00c0 QUATRE CANAUX STIHL<\/div>\n<p>POUR UNE CONSOMMATION DE CARBURANT R\u00c9DUITE ET DES PERFORMANCES \u00c9LEV\u00c9ES. Gr\u00e2ce \u00e0 la technologie \u00e0 quatre canaux STIHL, votre outil consomme tr\u00e8s peu de carburant et offre des performances exceptionnelles. Les quatre canaux de transfert dirigent le m\u00e9lange air-carburant de mani\u00e8re cibl\u00e9e et comprim\u00e9e.<\/td>\n<\/tr>\n<tr>\n<td>\n<div>PR\u00c9CHAUFFAGE DU CARBURATEUR<\/div>\n<p>POUR UN FONCTIONNEMENT FIABLE, M\u00caME PAR TEMPS FROID. Gr\u00e2ce au pr\u00e9chauffage du carburateur, vous pouvez travailler en toute fiabilit\u00e9 avec votre tron\u00e7onneuse, m\u00eame en hiver. D&#039;un simple geste, vous passez du mode \u00e9t\u00e9 au mode hiver. En hiver\u2026<\/td>\n<\/tr>\n<\/tbody>\n<\/table>\n<\/div>","protected":false},"excerpt":{"rendered":"<p>La tron\u00e7onneuse \u00e0 essence STIHL MS 311 est l&#039;outil id\u00e9al pour\u00a0<strong>Abattage de bois de chauffage dans des peuplements de taille moyenne<\/strong>Les agriculteurs et les horticulteurs, en particulier, sont bien \u00e9quip\u00e9s avec cette puissante tron\u00e7onneuse. Le moteur STIHL 2-MIX affiche une puissance impressionnante de 3,1 kW (4,2 ch).<\/p>\n<p>La pr\u00e9-s\u00e9paration prolonge la dur\u00e9e de fonctionnement, car les grosses particules sont \u00e9limin\u00e9es avant d&#039;atteindre le filtre, r\u00e9duisant ainsi le besoin de nettoyage. En optant pour le filtre \u00e0 air HD2 (en option), votre tron\u00e7onneuse thermique STIHL MS 311 b\u00e9n\u00e9ficie m\u00eame d&#039;un syst\u00e8me de filtration longue dur\u00e9e. Pour prot\u00e9ger vos muscles et vos articulations, le\u00a0<strong>Syst\u00e8me anti-vibrations STIHL<\/strong>\u00a0Vibrations du moteur. Ces caract\u00e9ristiques vous aideront \u00e9galement \u00e0 travailler efficacement avec la tron\u00e7onneuse thermique STIHL MS 311\u00a0:<\/p>\n<ul>\n<li>Le\u00a0<strong>soupape de d\u00e9compression<\/strong>\u00a0R\u00e9duit la force de traction n\u00e9cessaire sur le c\u00e2ble du d\u00e9marreur. Cela facilite le d\u00e9marrage et prot\u00e8ge le moteur.<\/li>\n<li>\u00c0 travers le\u00a0<strong>Fonctionnement \u00e0 levier unique<\/strong>\u00a0Ayez toujours votre main droite sur la poign\u00e9e, ce qui\u00a0<strong>Utilisation particuli\u00e8rement confortable<\/strong>\u00a0et le rend s\u00fbr.<\/li>\n<li>Pour garantir une lubrification optimale de votre tron\u00e7onneuse, le syst\u00e8me STIHL Ematic dirige l&#039;huile de cha\u00eene pr\u00e9cis\u00e9ment l\u00e0 o\u00f9 elle est n\u00e9cessaire. Cela garantit \u00e9galement une consommation d&#039;huile \u00e9conomique.<\/li>\n<\/ul>\n<p>Si vous souhaitez acheter l&#039;\u00e9quipement de base appropri\u00e9 pour l&#039;\u00e9quipement de protection individuelle avec cette tron\u00e7onneuse, l&#039;option propos\u00e9e\u00a0<strong>Kit de fonctions STIHL MS<\/strong>\u00a0Plusieurs personnes peuvent l&#039;utiliser confortablement, car tous les composants sont bien adapt\u00e9s \u00e0 diff\u00e9rentes tailles de corps et peuvent \u00eatre rapidement mis en place et retir\u00e9s.<\/p>\n<p><strong>Ce produit est soumis \u00e0 une inspection pr\u00e9-livraison gratuite conform\u00e9ment aux directives de STIHL. Il sera livr\u00e9 \u00e0 votre adresse assembl\u00e9, pr\u00eat \u00e0 l&#039;emploi et accompagn\u00e9 du rapport d&#039;inspection pr\u00e9-livraison Husqvarna.<\/strong><\/p>","protected":false},"featured_media":1734,"template":"","meta":[],"product_brand":[],"product_cat":[34],"product_tag":[],"product_country":[1501],"class_list":{"0":"post-1733","1":"product","2":"type-product","3":"status-publish","4":"has-post-thumbnail","6":"product_cat-motorsage-thermische-motorsage","7":"product_country-germany","9":"first","10":"instock","11":"sale","12":"taxable","13":"shipping-taxable","14":"purchasable","15":"product-type-simple"},"_links":{"self":[{"href":"https:\/\/routinesfashione.com\/fr\/wp-json\/wp\/v2\/product\/1733","targetHints":{"allow":["GET"]}}],"collection":[{"href":"https:\/\/routinesfashione.com\/fr\/wp-json\/wp\/v2\/product"}],"about":[{"href":"https:\/\/routinesfashione.com\/fr\/wp-json\/wp\/v2\/types\/product"}],"wp:featuredmedia":[{"embeddable":true,"href":"https:\/\/routinesfashione.com\/fr\/wp-json\/wp\/v2\/media\/1734"}],"wp:attachment":[{"href":"https:\/\/routinesfashione.com\/fr\/wp-json\/wp\/v2\/media?parent=1733"}],"wp:term":[{"taxonomy":"product_brand","embeddable":true,"href":"https:\/\/routinesfashione.com\/fr\/wp-json\/wp\/v2\/product_brand?post=1733"},{"taxonomy":"product_cat","embeddable":true,"href":"https:\/\/routinesfashione.com\/fr\/wp-json\/wp\/v2\/product_cat?post=1733"},{"taxonomy":"product_tag","embeddable":true,"href":"https:\/\/routinesfashione.com\/fr\/wp-json\/wp\/v2\/product_tag?post=1733"},{"taxonomy":"product_country","embeddable":true,"href":"https:\/\/routinesfashione.com\/fr\/wp-json\/wp\/v2\/product_country?post=1733"}],"curies":[{"name":"wp","href":"https:\/\/api.w.org\/{rel}","templated":true}]}}