{"id":1750,"date":"2025-09-30T20:11:36","date_gmt":"2025-09-30T20:11:36","guid":{"rendered":"https:\/\/lightgray-crow-170497.hostingersite.com\/?post_type=product&#038;p=1750"},"modified":"2025-09-30T21:16:22","modified_gmt":"2025-09-30T21:16:22","slug":"stihl-ms-400-c-m-rs-schienenlaenge-40cm","status":"publish","type":"product","link":"https:\/\/routinesfashione.com\/fr\/produit\/stihl-ms-400-c-m-rs-schienenlaenge-40cm\/","title":{"rendered":"STIHL MS 400 CM, RS, longueur de guide-cha\u00eene 40 cm"},"content":{"rendered":"<h2>Donn\u00e9es techniques<\/h2>\n<div class=\"table-wrapper\">\n<table cellspacing=\"2\" cellpadding=\"2\">\n<tbody>\n<tr>\n<td>d\u00e9placement<\/td>\n<td>66,8 cm\u00b3<\/td>\n<\/tr>\n<tr>\n<td>Performance<\/td>\n<td>4 kW \/ 5,4 PS<\/td>\n<\/tr>\n<tr>\n<td>Poids<\/td>\n<td>5,8 kg<\/td>\n<\/tr>\n<tr>\n<td>Longueur du rail<\/td>\n<td>40-45 cm<\/td>\n<\/tr>\n<tr>\n<td>Rapport puissance\/poids<\/td>\n<td>1,4 kg\/kW<\/td>\n<\/tr>\n<tr>\n<td>Poids du syst\u00e8me<\/td>\n<td>6,97 \/ 7,13 kg<\/td>\n<\/tr>\n<tr>\n<td>Poids du syst\u00e8me (kg)<\/td>\n<td>6,97 \/ 7,13 kg<\/td>\n<\/tr>\n<tr>\n<td>Niveau de pression acoustique<\/td>\n<td>107 dB(A)<\/td>\n<\/tr>\n<tr>\n<td>Niveau de puissance acoustique<\/td>\n<td>118 dB(A)<\/td>\n<\/tr>\n<tr>\n<td>Valeur de vibration gauche\/droite<\/td>\n<td>3,5\/3,5 m\/s\u00b2<\/td>\n<\/tr>\n<tr>\n<td>CO2<\/td>\n<td>656 g\/kWh<\/td>\n<\/tr>\n<tr>\n<td>Pas de cha\u00eene de scie<\/td>\n<td>3\/8 &quot;<\/td>\n<\/tr>\n<\/tbody>\n<\/table>\n<\/div>\n<p>\u00a0<\/p>\n<div class=\"table-wrapper\">\n<table class=\"HBOUserAttributes\">\n<tbody>\n<tr>\n<td class=\"AttributeGroupHeader\" colspan=\"2\"><\/td>\n<\/tr>\n<tr>\n<td class=\"AttributeName VerticalAlignMiddle AttributeBorder\"><\/td>\n<td class=\"AttributeContent AttributeBorder\"><\/td>\n<\/tr>\n<tr>\n<td class=\"AttributeName VerticalAlignMiddle AttributeBorder\">EAN:<\/td>\n<td class=\"AttributeContent AttributeBorder\">0886661568390<\/td>\n<\/tr>\n<\/tbody>\n<\/table>\n<\/div>\n<div class=\"table-wrapper\">\n<table cellspacing=\"2\" cellpadding=\"2\">\n<tbody>\n<tr>\n<td>\n<div>STIHL M-Tronic (M)<\/div>\n<p>Le syst\u00e8me STIHL M-Tronic garantit un d\u00e9marrage facile en quelques mouvements, sans changement de vitesse. Le syst\u00e8me de gestion moteur enti\u00e8rement \u00e9lectronique avec fonction m\u00e9moire r\u00e9gule le calage de l&#039;allumage et le dosage du carburant. Gr\u00e2ce \u00e0 la d\u00e9tection de d\u00e9marrage \u00e0 froid\/\u00e0 chaud, le syst\u00e8me M-Tronic garantit\u2026<\/td>\n<\/tr>\n<tr>\n<td>\n<div>STIHL M-Tronic (FT)<\/div>\n<p>UN TRAVAIL FIABLE ET DES PERFORMANCES EXCEPTIONNELLES. Avec STIHL M-Tronic, profitez des meilleures performances de votre outil d\u00e8s le d\u00e9marrage. Le syst\u00e8me de gestion moteur enti\u00e8rement \u00e9lectronique r\u00e9gule le calage de l&#039;allumage et la pression d&#039;essence en toute situation.<\/td>\n<\/tr>\n<tr>\n<td>\n<div>STIHL M-TRONIC<\/div>\n<p>UN TRAVAIL FIABLE ET DES PERFORMANCES EXCEPTIONNELLES. Avec STIHL M-Tronic, profitez des meilleures performances de votre outil d\u00e8s le d\u00e9marrage. Le syst\u00e8me de gestion moteur enti\u00e8rement \u00e9lectronique r\u00e9gule le calage de l&#039;allumage et la pression d&#039;essence en toute situation.<\/td>\n<\/tr>\n<tr>\n<td>\n<div>Tension lat\u00e9rale de la cha\u00eene<\/div>\n<p>La vis de tension est actionn\u00e9e lat\u00e9ralement \u00e0 travers le carter du pignon. Cela \u00e9vite tout contact des mains avec la cha\u00eene tranchante et les extr\u00e9mit\u00e9s de la but\u00e9e \u00e0 griffes. (Image similaire)<\/td>\n<\/tr>\n<tr>\n<td>\n<div>Pompe \u00e0 huile \u00e0 d\u00e9bit r\u00e9glable<\/div>\n<p>Permet un d\u00e9bit d&#039;huile pr\u00e9cis et adapt\u00e9 aux besoins. Une r\u00e9duction du d\u00e9bit d&#039;huile jusqu&#039;\u00e0 50 lTP3T est possible en position E. Pour les coupes tr\u00e8s longues ou pour le bois tr\u00e8s sec, un volume d&#039;huile suppl\u00e9mentaire doit \u00eatre ajout\u00e9 par l&#039;utilisateur.<\/td>\n<\/tr>\n<tr>\n<td>\n<div>Moteur STIHL 2-MIX<\/div>\n<p>Le moteur STIHL 2-MIX est \u00e0 la fois puissant et \u00e9conomique. La s\u00e9paration des gaz d&#039;\u00e9chappement et des gaz frais minimise les pertes par balayage, augmentant ainsi les performances tout en r\u00e9duisant la consommation de carburant.<\/td>\n<\/tr>\n<tr>\n<td>\n<div>Filtre HD2<\/div>\n<p>Le filtre HD2, fabriqu\u00e9 en poly\u00e9thyl\u00e8ne, poss\u00e8de des pores jusqu&#039;\u00e0 701 ppm plus fins que les filtres en non-tiss\u00e9 et en polyamide, filtrant ainsi m\u00eame les poussi\u00e8res les plus fines. Il est \u00e9galement ol\u00e9ofuge et hydrofuge, ce qui le rend tr\u00e8s facile \u00e0 nettoyer. Le filtre \u00e0 base de PET\u2026<\/td>\n<\/tr>\n<tr>\n<td>\n<div>Levier combin\u00e9<\/div>\n<p>Gr\u00e2ce \u00e0 la d\u00e9tection \u00e9lectronique des d\u00e9marrages \u00e0 froid et \u00e0 chaud par M-Tronic, une seule position de d\u00e9marrage sur le levier combin\u00e9 est n\u00e9cessaire. La quantit\u00e9 exacte de carburant est fournie. Vous n&#039;avez pas besoin de conna\u00eetre l&#039;\u00e9tat de fonctionnement de votre tron\u00e7onneuse et pouvez imm\u00e9diatement acc\u00e9l\u00e9rer \u00e0 plein r\u00e9gime.<\/td>\n<\/tr>\n<tr>\n<td>\n<div>Levier combin\u00e9 avec fonction d&#039;arr\u00eat<\/div>\n<p>UTILISATION SIMPLIFI\u00c9E. Une seule position de d\u00e9marrage est requise sur le levier combin\u00e9. Apr\u00e8s l&#039;arr\u00eat, le levier revient automatiquement en position de fonctionnement gr\u00e2ce \u00e0 la fonction d&#039;arr\u00eat. La machine chaude peut ainsi \u00eatre red\u00e9marr\u00e9e imm\u00e9diatement.<\/td>\n<\/tr>\n<tr>\n<td>\n<div>D\u00e9compression manuelle<\/div>\n<p>D\u00c9MARRAGE SANS EFFORT. La soupape de d\u00e9compression facilite le d\u00e9marrage de votre moteur. Au d\u00e9marrage, l&#039;ouverture de la soupape lib\u00e8re une partie du m\u00e9lange comprim\u00e9 du cylindre. Cela prot\u00e8ge le syst\u00e8me de d\u00e9marrage et r\u00e9duit l&#039;effort sur le c\u00e2ble du lanceur.<\/td>\n<\/tr>\n<tr>\n<td>\n<div>soupape de d\u00e9compression<\/div>\n<p>La soupape de d\u00e9compression permet \u00e0 une partie du m\u00e9lange comprim\u00e9 de s&#039;\u00e9chapper du cylindre lors du d\u00e9marrage. Cela r\u00e9duit consid\u00e9rablement la force de traction n\u00e9cessaire sur le c\u00e2ble du lanceur. Cela all\u00e8ge la charge de travail de l&#039;op\u00e9rateur et l&#039;ensemble du syst\u00e8me de d\u00e9marrage.<\/td>\n<\/tr>\n<tr>\n<td>\n<div>STIHL ElastoStart<\/div>\n<p>Sous l&#039;effet de la pression de compression, des pics de force soudains se produisent au d\u00e9marrage des moteurs thermiques, sollicitant muscles et articulations. Un \u00e9l\u00e9ment amortisseur int\u00e9gr\u00e9 \u00e0 la poign\u00e9e de d\u00e9marrage sp\u00e9ciale ElastoStart absorbe la force en fonction de la pression de compression.<\/td>\n<\/tr>\n<tr>\n<td>\n<div>Bouchon de r\u00e9servoir sans outil<\/div>\n<p>UTILISATION RAPIDE ET FACILE. Gr\u00e2ce au bouchon de r\u00e9servoir sans outil, vous pouvez ouvrir et fermer les r\u00e9servoirs d&#039;huile et de carburant en quelques gestes gr\u00e2ce \u00e0 la fermeture \u00e0 ba\u00efonnette.<\/td>\n<\/tr>\n<tr>\n<td>\n<div>Bouchons de r\u00e9servoir sans outil<\/div>\n<p>Fermetures sp\u00e9ciales brevet\u00e9es pour r\u00e9servoirs de carburant et d&#039;huile. Les r\u00e9servoirs des outils \u00e9lectriques \u00e9quip\u00e9s de ces fermetures s&#039;ouvrent et se ferment rapidement, sans effort et sans outils. (Image similaire)<\/td>\n<\/tr>\n<tr>\n<td>\n<div>Syst\u00e8me de filtre \u00e0 air longue dur\u00e9e avec pr\u00e9-s\u00e9paration<\/div>\n<p>Das innovative Langzeit-Luftfiltersystem sorgt f\u00fcr eine erheblich l\u00e4ngere Filterstandzeit. Denn es entfernt durch Vorabscheidung grobe Schmutzpartikel und entlastet so den eigentlichen Filter. Sie k\u00f6nnen Ihre S\u00e4ge im Vergleich zu den Vorg\u00e4ngern do\u2026<\/td>\n<\/tr>\n<tr>\n<td>\n<div>Syst\u00e8me de filtre \u00e0 air longue dur\u00e9e pour tron\u00e7onneuses<\/div>\n<p>DUR\u00c9E DE VIE DU FILTRE PROLONG\u00c9E. La pr\u00e9-s\u00e9paration \u00e9limine les particules grossi\u00e8res et plus grosses du flux d&#039;air avant qu&#039;elles n&#039;atteignent le filtre. Le filtre HD2 \u00e9loigne m\u00eame les poussi\u00e8res fines du moteur, garantissant ainsi\u2026<\/td>\n<\/tr>\n<tr>\n<td>\n<div>SYST\u00c8ME DE FILTRE \u00c0 AIR LONGUE DUR\u00c9E POUR TRON\u00c7ONNEUSES<\/div>\n<p>DUR\u00c9E DE VIE DU FILTRE PROLONG\u00c9E. La pr\u00e9-s\u00e9paration \u00e9limine les particules grossi\u00e8res et plus grosses du flux d&#039;air avant qu&#039;elles n&#039;atteignent le filtre. Le filtre HD2 \u00e9loigne m\u00eame les poussi\u00e8res fines du moteur, garantissant ainsi\u2026<\/td>\n<\/tr>\n<tr>\n<td>\n<div>BOUCHON DE R\u00c9SERVOIR SANS OUTIL POUR HUILE ET CARBURANT<\/div>\n<p>UTILISATION RAPIDE ET FACILE. Gr\u00e2ce au bouchon de r\u00e9servoir sans outil, vous pouvez ouvrir et fermer les r\u00e9servoirs d&#039;huile et de carburant en quelques gestes gr\u00e2ce \u00e0 la fermeture \u00e0 ba\u00efonnette.<\/td>\n<\/tr>\n<tr>\n<td>\n<div>Syst\u00e8me anti-vibrations STIHL<\/div>\n<p>De fortes vibrations au niveau des poign\u00e9es des outils \u00e9lectriques peuvent, \u00e0 long terme, entra\u00eener des probl\u00e8mes circulatoires au niveau des mains et des bras. C&#039;est pourquoi STIHL a d\u00e9velopp\u00e9 un syst\u00e8me anti-vibrations de haute qualit\u00e9. Les outils \u00e9lectriques \u00e9quip\u00e9s du syst\u00e8me AV sont \u00e9quip\u00e9s d&#039;amortisseurs de vibrations sur les poign\u00e9es\u2026<\/td>\n<\/tr>\n<tr>\n<td>\n<div>compensateur<\/div>\n<p>Le compensateur STIHL, un syst\u00e8me de r\u00e9gulation int\u00e9gr\u00e9 au carburateur, garantit des performances du moteur, une qualit\u00e9 d&#039;\u00e9chappement et une consommation de carburant quasi constantes sur une longue p\u00e9riode, malgr\u00e9 un encrassement croissant du filtre \u00e0 air. Ce n&#039;est qu&#039;en cas de changement notable...<\/td>\n<\/tr>\n<tr>\n<td>\n<div>Noix captives<\/div>\n<p>Lors du changement de l&#039;accessoire de coupe, les \u00e9crous du carter de pignon ne peuvent plus \u00eatre perdus. (Image similaire)<\/td>\n<\/tr>\n<tr>\n<td>\n<div>Syst\u00e8me Ematic<\/div>\n<p>Le syst\u00e8me STIHL Ematic se compose d&#039;un guide-cha\u00eene STIHL Ematic ou Ematic S, d&#039;une cha\u00eene STIHL Oilomatic et d&#039;une pompe \u00e0 huile \u00e0 d\u00e9bit r\u00e9glable ou r\u00e9duit. La conception sp\u00e9ciale du guide-cha\u00eene et de la cha\u00eene garantit que chaque goutte d&#039;huile de cha\u00eene\u2026<\/td>\n<\/tr>\n<tr>\n<td>\n<div>Syst\u00e8me STIHL Ematic<\/div>\n<p>R\u00c9DUIT LA CONSOMMATION D&#039;HUILE. Le syst\u00e8me STIHL Ematic se compose d&#039;un guide-cha\u00eene STIHL Ematic ou Ematic S, d&#039;une cha\u00eene STIHL Oilomatic et d&#039;une pompe \u00e0 huile \u00e0 d\u00e9bit r\u00e9glable. Il garantit que l&#039;huile de cha\u00eene arrive exactement l\u00e0 o\u00f9 elle est n\u00e9cessaire pour la lubrification.<\/td>\n<\/tr>\n<tr>\n<td>\n<div>STIHL Vier-Kanal-Technik<\/div>\n<p>Vier \u00dcberstr\u00f6mkan\u00e4le verwirbeln das Kraftstoff-Luft-Gemisch vor der Z\u00fcndung. So wird der Kraftstoff optimal verbrannt und der Wirkungsgrad des Motors deutlich erh\u00f6ht. Das Ergebnis: weniger Verbrauch und ein hohes Drehmoment \u00fcber einen weiten Drehz\u2026<\/td>\n<\/tr>\n<tr>\n<td>\n<div>Pr\u00e9chauffage du carburateur<\/div>\n<p>Les tron\u00e7onneuses STIHL avec pr\u00e9chauffage du carburateur sont fiables m\u00eame pendant les mois les plus froids\u00a0: en mode hiver, l&#039;air d&#039;admission pr\u00e9chauff\u00e9 circule autour du carburateur. Cela emp\u00eache le givrage. Pour passer du mode \u00e9t\u00e9 au mode hiver, il suffit de\u2026<\/td>\n<\/tr>\n<tr>\n<td>\n<div>Magnesium-Kolben<\/div>\n<p>Der extrem leichte Kolben aus Magnesium sorgt f\u00fcr ein ausgezeichnetes Leistungsgewicht und eine hohe Lebensdauer. Der Kolben ist f\u00fcr eine hohe Maximaldrehzahl optimiert.<\/td>\n<\/tr>\n<\/tbody>\n<\/table>\n<\/div>","protected":false},"excerpt":{"rendered":"<p>La puissante tron\u00e7onneuse MS 400 CM est la premi\u00e8re au monde \u00e0 \u00eatre \u00e9quip\u00e9e d&#039;un piston en magn\u00e9sium. Sa conception l\u00e9g\u00e8re et constante lui conf\u00e8re un rapport puissance\/poids exceptionnellement faible, inf\u00e9rieur \u00e0 1,45 kg\/kW. La MS 400 CM est \u00e9quip\u00e9e pour la premi\u00e8re fois du nouveau moteur STIHL de 67 cm\u00b3 d\u00e9veloppant 4,0 kW. Cette puissante machine \u00e9quip\u00e9e de la technologie STIHL M-Tronic est facile \u00e0 d\u00e9marrer et bien \u00e9quip\u00e9e. Gr\u00e2ce \u00e0 ses acc\u00e9l\u00e9rations rapides, la MS 400 CM excelle dans l&#039;abattage, l&#039;\u00e9branchage et la transformation du bois dans les peuplements de taille moyenne.<\/p>\n<p><strong>Ce produit est soumis \u00e0 une inspection pr\u00e9-livraison gratuite conform\u00e9ment aux directives de STIHL. Il sera livr\u00e9 \u00e0 votre adresse assembl\u00e9, pr\u00eat \u00e0 l&#039;emploi et accompagn\u00e9 du rapport d&#039;inspection pr\u00e9-livraison Husqvarna.<\/strong><\/p>","protected":false},"featured_media":1751,"template":"","meta":[],"product_brand":[],"product_cat":[34],"product_tag":[],"product_country":[1501],"class_list":{"0":"post-1750","1":"product","2":"type-product","3":"status-publish","4":"has-post-thumbnail","6":"product_cat-motorsage-thermische-motorsage","7":"product_country-germany","9":"first","10":"instock","11":"sale","12":"taxable","13":"shipping-taxable","14":"purchasable","15":"product-type-simple"},"_links":{"self":[{"href":"https:\/\/routinesfashione.com\/fr\/wp-json\/wp\/v2\/product\/1750","targetHints":{"allow":["GET"]}}],"collection":[{"href":"https:\/\/routinesfashione.com\/fr\/wp-json\/wp\/v2\/product"}],"about":[{"href":"https:\/\/routinesfashione.com\/fr\/wp-json\/wp\/v2\/types\/product"}],"wp:featuredmedia":[{"embeddable":true,"href":"https:\/\/routinesfashione.com\/fr\/wp-json\/wp\/v2\/media\/1751"}],"wp:attachment":[{"href":"https:\/\/routinesfashione.com\/fr\/wp-json\/wp\/v2\/media?parent=1750"}],"wp:term":[{"taxonomy":"product_brand","embeddable":true,"href":"https:\/\/routinesfashione.com\/fr\/wp-json\/wp\/v2\/product_brand?post=1750"},{"taxonomy":"product_cat","embeddable":true,"href":"https:\/\/routinesfashione.com\/fr\/wp-json\/wp\/v2\/product_cat?post=1750"},{"taxonomy":"product_tag","embeddable":true,"href":"https:\/\/routinesfashione.com\/fr\/wp-json\/wp\/v2\/product_tag?post=1750"},{"taxonomy":"product_country","embeddable":true,"href":"https:\/\/routinesfashione.com\/fr\/wp-json\/wp\/v2\/product_country?post=1750"}],"curies":[{"name":"wp","href":"https:\/\/api.w.org\/{rel}","templated":true}]}}