{"id":1811,"date":"2025-09-30T20:11:35","date_gmt":"2025-09-30T20:11:35","guid":{"rendered":"https:\/\/lightgray-crow-170497.hostingersite.com\/?post_type=product&#038;p=1811"},"modified":"2025-09-30T21:16:27","modified_gmt":"2025-09-30T21:16:27","slug":"stihl-ms-462-c-m-rs-schienenlaenge-50cm-es-light","status":"publish","type":"product","link":"https:\/\/routinesfashione.com\/fr\/produit\/stihl-ms-462-c-m-rs-schienenlaenge-50cm-es-light\/","title":{"rendered":"STIHL MS 462 CM, RS, longueur de guide-cha\u00eene 50 cm, ES Light"},"content":{"rendered":"<h2>Donn\u00e9es techniques<\/h2>\n<div class=\"table-wrapper\">\n<table cellspacing=\"2\" cellpadding=\"2\">\n<tbody>\n<tr>\n<td>Longueur du rail<\/td>\n<td>40-50 cm<\/td>\n<\/tr>\n<tr>\n<td>d\u00e9placement<\/td>\n<td>72,2 cm\u00b3<\/td>\n<\/tr>\n<tr>\n<td>Performance<\/td>\n<td>4,4 kW \/ 6 ch<\/td>\n<\/tr>\n<tr>\n<td>Poids<\/td>\n<td>6 kg<\/td>\n<\/tr>\n<tr>\n<td>Rapport puissance\/poids<\/td>\n<td>1,4 kg\/kW<\/td>\n<\/tr>\n<tr>\n<td>Poids du syst\u00e8me (kg)<\/td>\n<td>7,17 \/ 7,27 \/ 7,33 kg<\/td>\n<\/tr>\n<tr>\n<td>Poids du syst\u00e8me<\/td>\n<td>7,17 \/ 7,27 \/ 7,33 kg<\/td>\n<\/tr>\n<tr>\n<td>Niveau de pression acoustique<\/td>\n<td>108 dB(A)<\/td>\n<\/tr>\n<tr>\n<td>Niveau de puissance acoustique<\/td>\n<td>119 dB(A)<\/td>\n<\/tr>\n<tr>\n<td>Valeur de vibration gauche\/droite<\/td>\n<td>4,8\/3,6 m\/s\u00b2<\/td>\n<\/tr>\n<tr>\n<td>CO2<\/td>\n<td>697 g\/kWh<\/td>\n<\/tr>\n<tr>\n<td>Pas de cha\u00eene de scie<\/td>\n<td>3\/8 &quot;<\/td>\n<\/tr>\n<tr>\n<td>Type de cha\u00eene de scie STIHL Oilomatic<\/td>\n<td>RS<\/td>\n<\/tr>\n<\/tbody>\n<\/table>\n<\/div>\n<p>\u00a0<\/p>\n<div class=\"table-wrapper\">\n<table class=\"HBOUserAttributes\">\n<tbody>\n<tr>\n<td class=\"AttributeGroupHeader\" colspan=\"2\"><\/td>\n<\/tr>\n<tr>\n<td class=\"AttributeName VerticalAlignMiddle AttributeBorder\"><\/td>\n<td class=\"AttributeContent AttributeBorder\"><\/td>\n<\/tr>\n<tr>\n<td class=\"AttributeName VerticalAlignMiddle AttributeBorder\">EAN:<\/td>\n<td class=\"AttributeContent AttributeBorder\">0886661388189<\/td>\n<\/tr>\n<\/tbody>\n<\/table>\n<\/div>\n<div class=\"table-wrapper\">\n<table cellspacing=\"2\" cellpadding=\"2\">\n<tbody>\n<tr>\n<td><img decoding=\"async\" src=\"https:\/\/cdn.shopify.com\/s\/files\/1\/0401\/7353\/5398\/t\/186\/assets\/STIHL_M-Tronic_M.jpg?v=1689168138\" alt=\"STIHL M-Tronic (M)\" width=\"200\" \/><\/td>\n<td>\n<div>STIHL M-Tronic (M)<\/div>\n<p>STIHL M-Tronic garantit un d\u00e9marrage facile en quelques coups et sans changement de vitesse. Le syst\u00e8me de gestion moteur enti\u00e8rement \u00e9lectronique avec fonction m\u00e9moire r\u00e9gule le calage de l&#039;allumage et le dosage du carburant. Gr\u00e2ce \u00e0 la d\u00e9tection de d\u00e9marrage \u00e0 froid\/\u00e0 chaud, M-Tronic garantit des performances moteur optimales, une vitesse de pointe constante et une excellente acc\u00e9l\u00e9ration. (Image similaire)<\/td>\n<\/tr>\n<tr>\n<td><\/td>\n<td>\n<div>STIHL M-TRONIC<\/div>\n<p>UN TRAVAIL FIABLE ET DES PERFORMANCES EXCEPTIONNELLES. Avec STIHL M-Tronic, profitez des meilleures performances de votre outil d\u00e8s le d\u00e9marrage. Le syst\u00e8me de gestion moteur enti\u00e8rement \u00e9lectronique r\u00e9gule le calage de l&#039;allumage et la pression d&#039;essence en toute situation.<\/td>\n<\/tr>\n<tr>\n<td><\/td>\n<td>\n<div>STIHL M-Tronic (FT)<\/div>\n<p>UN TRAVAIL FIABLE ET DES PERFORMANCES EXCEPTIONNELLES. Avec STIHL M-Tronic, profitez des meilleures performances de votre outil d\u00e8s le d\u00e9marrage. Le syst\u00e8me de gestion moteur enti\u00e8rement \u00e9lectronique r\u00e9gule le calage de l&#039;allumage et la pression d&#039;essence en toute situation.<\/td>\n<\/tr>\n<tr>\n<td><img decoding=\"async\" src=\"https:\/\/cdn.shopify.com\/s\/files\/1\/0401\/7353\/5398\/t\/186\/assets\/Seitliche-Kettenspannung.jpg?v=1689168014\" alt=\"Seitliche Kettenspannung\" width=\"200\" \/><\/td>\n<td>\n<div>Tension lat\u00e9rale de la cha\u00eene<\/div>\n<p>La vis de tension est actionn\u00e9e lat\u00e9ralement \u00e0 travers le carter du pignon. Cela \u00e9vite tout contact des mains avec la cha\u00eene tranchante et les extr\u00e9mit\u00e9s de la but\u00e9e \u00e0 griffes. (Image similaire)<\/td>\n<\/tr>\n<tr>\n<td><\/td>\n<td>\n<div>Fonction d&#039;\u00e9talonnage conviviale<\/div>\n<p>OPTIMISER LE FONCTIONNEMENT. Votre tron\u00e7onneuse s&#039;ajuste automatiquement pour des performances optimales pendant que vous travaillez. L&#039;\u00e9talonnage acc\u00e9l\u00e8re ce processus. Ceci est utile, par exemple, \u00e0 une altitude diff\u00e9rente o\u00f9 la pression atmosph\u00e9rique est diff\u00e9rente\u2026<\/td>\n<\/tr>\n<tr>\n<td><img decoding=\"async\" src=\"https:\/\/cdn.shopify.com\/s\/files\/1\/0401\/7353\/5398\/t\/186\/assets\/BedienerfreundlicheKalibrierfkt.jpg?v=1689167077\" alt=\"Bedienerfreundliche Kalibrierfunktion\" width=\"200\" \/><\/td>\n<td>\n<div>Fonction d&#039;\u00e9talonnage conviviale<\/div>\n<p>Pendant le travail, le syst\u00e8me STIHL M-Tronic ajuste le moteur \u00e0 des performances optimales en permanence. Lorsque les conditions environnementales changent, par exemple en haute montagne, la fonction de calibrage permet un r\u00e9glage rapide du M-Tronic, m\u00eame sans scier de bois\u00a0: le calibrage prend environ 72\u00a0secondes \u00e0 compter du d\u00e9marrage de la machine.<\/td>\n<\/tr>\n<tr>\n<td><\/td>\n<td>\n<div>Syst\u00e8me STIHL Ematic<\/div>\n<p>R\u00c9DUIT LA CONSOMMATION D&#039;HUILE. Le syst\u00e8me STIHL Ematic se compose d&#039;un guide-cha\u00eene STIHL Ematic ou Ematic S, d&#039;une cha\u00eene STIHL Oilomatic et d&#039;une pompe \u00e0 huile \u00e0 d\u00e9bit r\u00e9glable. Il garantit que l&#039;huile de cha\u00eene arrive exactement l\u00e0 o\u00f9 elle est n\u00e9cessaire pour la lubrification.<\/td>\n<\/tr>\n<tr>\n<td><img decoding=\"async\" src=\"https:\/\/cdn.shopify.com\/s\/files\/1\/0401\/7353\/5398\/t\/186\/assets\/STIHL_Ematic_mit_neuem_oelpumpensystem.jpg?v=1689168116\" alt=\"STIHL Ematic mit neuem \u00d6lpumpensystem\" width=\"200\" \/><\/td>\n<td>\n<div>STIHL Ematic avec nouveau syst\u00e8me de pompe \u00e0 huile<\/div>\n<p>Le nouveau syst\u00e8me de pompe \u00e0 huile permet un d\u00e9bit d&#039;huile accru, particuli\u00e8rement avantageux en conditions poussi\u00e9reuses ou lors de l&#039;utilisation de longs rails de guidage.<\/td>\n<\/tr>\n<tr>\n<td><img decoding=\"async\" src=\"https:\/\/cdn.shopify.com\/s\/files\/1\/0401\/7353\/5398\/t\/186\/assets\/GeringesLeistungsgewicht.jpg?v=1689167262\" alt=\"Geringes Leistungsgewicht\" width=\"200\" \/><\/td>\n<td>\n<div>Faible rapport puissance\/poids<\/div>\n<p>La STIHL MS 462 CM est la tron\u00e7onneuse professionnelle la plus l\u00e9g\u00e8re de sa cat\u00e9gorie. Des composants sp\u00e9cifiques, tels que le cylindre \u00e0 ailettes de refroidissement inclin\u00e9es, le carter de pignon compact, le carter moteur l\u00e9ger, le volant moteur optimis\u00e9 et le guide-cha\u00eene Rollomatic ES Light, garantissent un poids sensiblement r\u00e9duit.<\/td>\n<\/tr>\n<tr>\n<td><img decoding=\"async\" src=\"https:\/\/cdn.shopify.com\/s\/files\/1\/0401\/7353\/5398\/t\/186\/assets\/STIHL-2-MIX-Motor.jpg?v=1689168145\" alt=\"STIHL 2-MIX-Motor\" width=\"200\" \/><\/td>\n<td>\n<div>Moteur STIHL 2-MIX<\/div>\n<p>Le moteur \u00e0 deux temps avec technologie STIHL 2-MIX permet d&#039;\u00e9conomiser jusqu&#039;\u00e0 20 litres de carburant et de r\u00e9duire les \u00e9missions de gaz d&#039;\u00e9chappement jusqu&#039;\u00e0 70 litres par rapport aux moteurs \u00e0 deux temps STIHL de m\u00eame puissance sans technologie 2-MIX.<\/td>\n<\/tr>\n<tr>\n<td><\/td>\n<td>\n<div>Syst\u00e8me de filtre \u00e0 air longue dur\u00e9e pour tron\u00e7onneuses<\/div>\n<p>DUR\u00c9E DE VIE DU FILTRE PROLONG\u00c9E. La pr\u00e9-s\u00e9paration \u00e9limine les particules grossi\u00e8res et plus grosses du flux d&#039;air avant qu&#039;elles n&#039;atteignent le filtre. Le filtre HD2 \u00e9loigne m\u00eame les poussi\u00e8res fines du moteur, garantissant ainsi\u2026<\/td>\n<\/tr>\n<tr>\n<td><img decoding=\"async\" src=\"https:\/\/cdn.shopify.com\/s\/files\/1\/0401\/7353\/5398\/t\/186\/assets\/HD2_Filter_mit_Radialdichtung.jpg?v=1689167291\" alt=\"HD2-Filter mit Radialdichtung\" width=\"200\" \/><\/td>\n<td>\n<div>Filtre HD2 avec joint radial<\/div>\n<p>Le nouveau filtre \u00e0 air HD2 en mat\u00e9riau PET avec joint radial emp\u00eache l&#039;aspiration de poussi\u00e8res fines. Le joint herm\u00e9tique augmente la dur\u00e9e de vie du moteur et r\u00e9duit l&#039;usure.<\/td>\n<\/tr>\n<tr>\n<td><\/td>\n<td>\n<div>Levier combin\u00e9 avec fonction d&#039;arr\u00eat<\/div>\n<p>UTILISATION SIMPLIFI\u00c9E. Une seule position de d\u00e9marrage est requise sur le levier combin\u00e9. Apr\u00e8s l&#039;arr\u00eat, le levier revient automatiquement en position de fonctionnement gr\u00e2ce \u00e0 la fonction d&#039;arr\u00eat. La machine chaude peut ainsi \u00eatre red\u00e9marr\u00e9e imm\u00e9diatement.<\/td>\n<\/tr>\n<tr>\n<td><img decoding=\"async\" src=\"https:\/\/cdn.shopify.com\/s\/files\/1\/0401\/7353\/5398\/t\/186\/assets\/Kombihebel_mit_Stopptaster_Funktion.jpg?v=1689167626\" alt=\"Kombihebel mit Stopptaster-Funktion\" width=\"200\" \/><\/td>\n<td>\n<div>Levier combin\u00e9 avec fonction bouton d&#039;arr\u00eat<\/div>\n<p>Avec la tron\u00e7onneuse STIHL M-Tronic, une seule position de d\u00e9marrage sur le levier de commande suffit pour un d\u00e9marrage \u00e0 froid. Vous pouvez imm\u00e9diatement acc\u00e9l\u00e9rer \u00e0 fond. Apr\u00e8s l&#039;arr\u00eat, le levier de commande revient automatiquement en position de fonctionnement gr\u00e2ce au bouton d&#039;arr\u00eat. Cela permet de red\u00e9marrer imm\u00e9diatement la machine chaude.<\/td>\n<\/tr>\n<tr>\n<td><\/td>\n<td>\n<div>D\u00e9compression manuelle<\/div>\n<p>D\u00c9MARRAGE SANS EFFORT. La soupape de d\u00e9compression facilite le d\u00e9marrage de votre moteur. Au d\u00e9marrage, l&#039;ouverture de la soupape lib\u00e8re une partie du m\u00e9lange comprim\u00e9 du cylindre. Cela prot\u00e8ge le syst\u00e8me de d\u00e9marrage et r\u00e9duit l&#039;effort sur le c\u00e2ble du lanceur.<\/td>\n<\/tr>\n<tr>\n<td><img decoding=\"async\" src=\"https:\/\/cdn.shopify.com\/s\/files\/1\/0401\/7353\/5398\/t\/186\/assets\/Dekompressionsventil.jpg?v=1689167113\" alt=\"Dekompressionsventil\" width=\"200\" \/><\/td>\n<td>\n<div>soupape de d\u00e9compression<\/div>\n<p>La soupape de d\u00e9compression permet \u00e0 une partie du m\u00e9lange comprim\u00e9 de s&#039;\u00e9chapper du cylindre lors du d\u00e9marrage. Cela r\u00e9duit consid\u00e9rablement la force de traction n\u00e9cessaire sur le c\u00e2ble du lanceur. Cela soulage l&#039;op\u00e9rateur et prot\u00e8ge l&#039;ensemble du syst\u00e8me de d\u00e9marrage de l&#039;outil \u00e9lectrique. (Image similaire)<\/td>\n<\/tr>\n<tr>\n<td><img decoding=\"async\" src=\"https:\/\/cdn.shopify.com\/s\/files\/1\/0401\/7353\/5398\/t\/186\/assets\/STIHL_ElastoStart_Saegen.jpg?v=1689168112\" alt=\"STIHL ElastoStart\" width=\"200\" \/><\/td>\n<td>\n<div>STIHL ElastoStart<\/div>\n<p>Sous l&#039;effet de la pression de compression, des pics de force soudains se produisent au d\u00e9marrage des moteurs \u00e0 combustion, sollicitant muscles et articulations. Un \u00e9l\u00e9ment amortisseur int\u00e9gr\u00e9 \u00e0 la poign\u00e9e de d\u00e9marrage sp\u00e9ciale ElastoStart absorbe et rel\u00e2che alternativement la force en fonction de la compression. Cela garantit un d\u00e9marrage en douceur, sans pics de force soudains. (Image similaire)<\/td>\n<\/tr>\n<tr>\n<td><img decoding=\"async\" src=\"https:\/\/cdn.shopify.com\/s\/files\/1\/0401\/7353\/5398\/t\/186\/assets\/Werkzeuglose-Tankverschluesse.jpg?v=1689168285\" alt=\"Werkzeuglose Tankverschl\u00fcsse\" width=\"200\" \/><\/td>\n<td>\n<div>Bouchons de r\u00e9servoir sans outil<\/div>\n<p>Fermetures sp\u00e9ciales brevet\u00e9es pour r\u00e9servoirs de carburant et d&#039;huile. Les r\u00e9servoirs des outils \u00e9lectriques \u00e9quip\u00e9s de ces fermetures s&#039;ouvrent et se ferment rapidement, sans effort et sans outils. (Image similaire)<\/td>\n<\/tr>\n<tr>\n<td><\/td>\n<td>\n<div>Bouchon de r\u00e9servoir sans outil<\/div>\n<p>UTILISATION RAPIDE ET FACILE. Gr\u00e2ce au bouchon de r\u00e9servoir sans outil, vous pouvez ouvrir et fermer les r\u00e9servoirs d&#039;huile et de carburant en quelques gestes gr\u00e2ce \u00e0 la fermeture \u00e0 ba\u00efonnette.<\/td>\n<\/tr>\n<tr>\n<td><\/td>\n<td>\n<div>SYST\u00c8ME DE FILTRE \u00c0 AIR LONGUE DUR\u00c9E POUR TRON\u00c7ONNEUSES<\/div>\n<p>DUR\u00c9E DE VIE DU FILTRE PROLONG\u00c9E. La pr\u00e9-s\u00e9paration \u00e9limine les particules grossi\u00e8res et plus grosses du flux d&#039;air avant qu&#039;elles n&#039;atteignent le filtre. Le filtre HD2 \u00e9loigne m\u00eame les poussi\u00e8res fines du moteur, garantissant ainsi\u2026<\/td>\n<\/tr>\n<tr>\n<td><img decoding=\"async\" src=\"https:\/\/cdn.shopify.com\/s\/files\/1\/0401\/7353\/5398\/t\/186\/assets\/Langzeit-Luftfiltersystem-mit-Vorabscheidung.jpg?v=1689167684\" alt=\"Langzeit-Luftfiltersystem mit Vorabscheidung\" width=\"200\" \/><\/td>\n<td>\n<div>Syst\u00e8me de filtre \u00e0 air longue dur\u00e9e avec pr\u00e9-s\u00e9paration<\/div>\n<p>Le syst\u00e8me innovant de filtre \u00e0 air longue dur\u00e9e garantit une dur\u00e9e de vie nettement plus longue du filtre. Il \u00e9limine les grosses particules de salet\u00e9 par pr\u00e9-s\u00e9paration, r\u00e9duisant ainsi la sollicitation du filtre. Vous pouvez ainsi utiliser votre scie deux fois plus longtemps sans avoir \u00e0 nettoyer le filtre qu&#039;avec les mod\u00e8les pr\u00e9c\u00e9dents. (Image similaire)<\/td>\n<\/tr>\n<tr>\n<td><img decoding=\"async\" src=\"https:\/\/cdn.shopify.com\/s\/files\/1\/0401\/7353\/5398\/t\/186\/assets\/Optimierter_Kettenraddeckel_MS462.jpg?v=1689167837\" alt=\"Optimierter Kettenraddeckel\" width=\"200\" \/><\/td>\n<td>\n<div>Couvercle de pignon optimis\u00e9<\/div>\n<p>Le couvercle de pignon plus plat et plus \u00e9troit avec bandes coulissantes int\u00e9gr\u00e9es et bord de guidage r\u00e9duit l&#039;effort requis lors de l&#039;\u00e9branchage et assure une excellente \u00e9vacuation des copeaux.<\/td>\n<\/tr>\n<tr>\n<td><\/td>\n<td>\n<div>BOUCHON DE R\u00c9SERVOIR SANS OUTIL POUR HUILE ET CARBURANT<\/div>\n<p>UTILISATION RAPIDE ET FACILE. Gr\u00e2ce au bouchon de r\u00e9servoir sans outil, vous pouvez ouvrir et fermer les r\u00e9servoirs d&#039;huile et de carburant en quelques gestes gr\u00e2ce \u00e0 la fermeture \u00e0 ba\u00efonnette.<\/td>\n<\/tr>\n<tr>\n<td><img decoding=\"async\" src=\"https:\/\/cdn.shopify.com\/s\/files\/1\/0401\/7353\/5398\/t\/186\/assets\/STIHL-Antivibrationssystem.jpg?v=1689168147\" alt=\"STIHL Antivibrationssystem\" width=\"200\" \/><\/td>\n<td>\n<div>Syst\u00e8me anti-vibrations STIHL<\/div>\n<p>Les fortes vibrations au niveau des poign\u00e9es des outils \u00e9lectriques peuvent, \u00e0 long terme, entra\u00eener des probl\u00e8mes circulatoires au niveau des mains et des bras. STIHL a donc d\u00e9velopp\u00e9 un syst\u00e8me antivibrations de haute qualit\u00e9. Sur les outils \u00e9lectriques \u00e9quip\u00e9s du syst\u00e8me AV, les vibrations g\u00e9n\u00e9r\u00e9es par le moteur et l&#039;outil sont consid\u00e9rablement r\u00e9duites au niveau des poign\u00e9es. (Image similaire)<\/td>\n<\/tr>\n<tr>\n<td><img decoding=\"async\" src=\"https:\/\/cdn.shopify.com\/s\/files\/1\/0401\/7353\/5398\/t\/186\/assets\/Kompensator.jpg?v=1689167639\" alt=\"Kompensator\" width=\"200\" \/><\/td>\n<td>\n<div>compensateur<\/div>\n<p>Le compensateur STIHL, une unit\u00e9 de commande int\u00e9gr\u00e9e au carburateur, veille \u00e0 ce que le m\u00e9lange d&#039;air ne devienne pas trop riche lorsque le filtre \u00e0 air est encrass\u00e9. Cela permet de maintenir des performances constantes sur une longue p\u00e9riode. Le filtre ne doit \u00eatre nettoy\u00e9 qu&#039;une fois sa surface encrass\u00e9e, ce qui permet un fonctionnement ininterrompu, m\u00eame pendant de tr\u00e8s longues p\u00e9riodes. (Image similaire)<\/td>\n<\/tr>\n<tr>\n<td><img decoding=\"async\" src=\"https:\/\/cdn.shopify.com\/s\/files\/1\/0401\/7353\/5398\/t\/186\/assets\/Verliersichere_Muttern_2.jpg?v=1689168245\" alt=\"Verliersichere Muttern\" width=\"200\" \/><\/td>\n<td>\n<div>Noix captives<\/div>\n<p>Lors du changement de l&#039;accessoire de coupe, les \u00e9crous du couvercle du pignon ne peuvent plus \u00eatre perdus.<\/td>\n<\/tr>\n<tr>\n<td><img decoding=\"async\" src=\"https:\/\/cdn.shopify.com\/s\/files\/1\/0401\/7353\/5398\/t\/186\/assets\/Optimierter_Krallenanschlag_MS462.jpg?v=1689167839\" alt=\"Optimierter Krallenanschlag\" width=\"200\" \/><\/td>\n<td>\n<div>But\u00e9e de griffe optimis\u00e9e<\/div>\n<p>La longueur des dents de la but\u00e9e \u00e0 griffes a \u00e9t\u00e9 ajust\u00e9e au rayon des arbres. La scie adh\u00e8re mieux au bois lors de la coupe et de l&#039;abattage.<\/td>\n<\/tr>\n<tr>\n<td><img decoding=\"async\" src=\"https:\/\/cdn.shopify.com\/s\/files\/1\/0401\/7353\/5398\/t\/186\/assets\/Stechleiste_MS462.jpg?v=1689168061\" alt=\"Stechleiste\" width=\"200\" \/><\/td>\n<td>\n<div>Barre \u00e0 rainurer<\/div>\n<p>Pour faciliter les coupes en plong\u00e9e, un marquage est appliqu\u00e9 sur le carter du ventilateur. Cela garantit un meilleur contr\u00f4le directionnel et un guidage plus s\u00fbr de la machine lors des coupes en plong\u00e9e.<\/td>\n<\/tr>\n<\/tbody>\n<\/table>\n<\/div>","protected":false},"excerpt":{"rendered":"<p>Pour reconna\u00eetre et \u00e9valuer les dangers d&#039;une tron\u00e7onneuse, une formation est n\u00e9cessaire. De plus, les exigences en mati\u00e8re de v\u00eatements de s\u00e9curit\u00e9 doivent \u00eatre respect\u00e9es. Pour toute question, nous vous recommandons de venir chercher l&#039;\u00e9quipement sur place.<\/p>\n<p>La tron\u00e7onneuse haute performance la plus l\u00e9g\u00e8re de sa cat\u00e9gorie de cylindr\u00e9e 70 cm\u00b3. Extr\u00eamement maniable et dot\u00e9e d&#039;excellentes acc\u00e9l\u00e9rations. Id\u00e9ale pour l&#039;abattage et l&#039;\u00e9branchage dans les peuplements moyens \u00e0 denses. \u00c9quip\u00e9e d&#039;une transmission M-Tronic et d&#039;un filtre HD2 \u00e0 haute efficacit\u00e9 de filtration. Des \u00e9crous captifs sur le carter de pignon simplifient le changement de cha\u00eene, des bouchons de r\u00e9servoir sans outil permettent un remplissage facile et s\u00fbr des liquides de fonctionnement, et un moteur 2-MIX \u00e9conomique.<\/p>\n<p><strong>Ce produit est soumis \u00e0 une inspection pr\u00e9-livraison gratuite conform\u00e9ment aux directives de STIHL. Il sera livr\u00e9 \u00e0 votre adresse assembl\u00e9, pr\u00eat \u00e0 l&#039;emploi et accompagn\u00e9 du rapport d&#039;inspection pr\u00e9-livraison Husqvarna.<\/strong><\/p>","protected":false},"featured_media":1812,"template":"","meta":[],"product_brand":[],"product_cat":[34],"product_tag":[],"product_country":[1501],"class_list":{"0":"post-1811","1":"product","2":"type-product","3":"status-publish","4":"has-post-thumbnail","6":"product_cat-motorsage-thermische-motorsage","7":"product_country-germany","9":"first","10":"instock","11":"sale","12":"taxable","13":"shipping-taxable","14":"purchasable","15":"product-type-simple"},"_links":{"self":[{"href":"https:\/\/routinesfashione.com\/fr\/wp-json\/wp\/v2\/product\/1811","targetHints":{"allow":["GET"]}}],"collection":[{"href":"https:\/\/routinesfashione.com\/fr\/wp-json\/wp\/v2\/product"}],"about":[{"href":"https:\/\/routinesfashione.com\/fr\/wp-json\/wp\/v2\/types\/product"}],"wp:featuredmedia":[{"embeddable":true,"href":"https:\/\/routinesfashione.com\/fr\/wp-json\/wp\/v2\/media\/1812"}],"wp:attachment":[{"href":"https:\/\/routinesfashione.com\/fr\/wp-json\/wp\/v2\/media?parent=1811"}],"wp:term":[{"taxonomy":"product_brand","embeddable":true,"href":"https:\/\/routinesfashione.com\/fr\/wp-json\/wp\/v2\/product_brand?post=1811"},{"taxonomy":"product_cat","embeddable":true,"href":"https:\/\/routinesfashione.com\/fr\/wp-json\/wp\/v2\/product_cat?post=1811"},{"taxonomy":"product_tag","embeddable":true,"href":"https:\/\/routinesfashione.com\/fr\/wp-json\/wp\/v2\/product_tag?post=1811"},{"taxonomy":"product_country","embeddable":true,"href":"https:\/\/routinesfashione.com\/fr\/wp-json\/wp\/v2\/product_country?post=1811"}],"curies":[{"name":"wp","href":"https:\/\/api.w.org\/{rel}","templated":true}]}}