{"id":18473,"date":"2025-08-08T23:20:25","date_gmt":"2025-08-08T23:20:25","guid":{"rendered":"https:\/\/lightgray-crow-170497.hostingersite.com\/?post_type=product&#038;p=18473"},"modified":"2025-09-30T21:14:37","modified_gmt":"2025-09-30T21:14:37","slug":"robot-de-cocina-moulinex-hf800a13-cuisine-companion-2","status":"publish","type":"product","link":"https:\/\/routinesfashione.com\/fr\/produit\/robot-de-cocina-moulinex-hf800a13-cuisine-companion-2\/","title":{"rendered":"Robot de Cocina Moulinex HF800A13 Cuisine Companion"},"content":{"rendered":"<ul class=\"a-unordered-list a-vertical a-spacing-mini\">\n<li class=\"a-spacing-mini\"><span class=\"a-list-item\">Procesador de alimentos con capacidad de 4,5 L con bol de acero inoxidable apto para unas 6\/8 personas muy vers\u00e1til, adecuado para batir, amasar, mezclar, cocinar al vapor, salsas y sopas, y postres.<\/span><\/li>\n<li class=\"a-spacing-mini\"><span class=\"a-list-item\">Seis programas directos para salsas, dos para sopas, tres para cocci\u00f3n lenta, dos para vapor, tres programas para masas, uno para postres y el modo manual para crear tus propias recetas.<\/span><\/li>\n<li class=\"a-spacing-mini\"><span class=\"a-list-item\">Cinco utensilios que sustituyen a 12 elementos de cocina consiguiendo resultados \u00f3ptimos: cuchilla multihoja, cuchilla multihoja dentada para amasar\/moler, batidora, amasadora, vaporera, fijaci\u00f3n base XL<\/span><\/li>\n<li class=\"a-spacing-mini\"><span class=\"a-list-item\">Accesorios incluidos: cuchilla picadora, batidor, batidora, amasadora\/trituradora, cesta vaporera; Limpieza: recipiente, tapa, tap\u00f3n y accesorios aptos para lavavajillas<\/span><\/li>\n<li class=\"a-spacing-mini\"><span class=\"a-list-item\">Las dimensiones son 31 x 35 x 32 cm.<\/span><\/li>\n<li class=\"a-spacing-mini\"><span class=\"a-list-item\">Inspiraci\u00f3n diaria para el \u00e9xito en la cocina a trav\u00e9s de las recetas web decuisinecompanion.es; para disfrutar de una amplia variedad de men\u00fas para cualquier ocasi\u00f3n<\/span><br \/>\n<table class=\"a-normal a-spacing-micro\">\n<tbody>\n<tr class=\"a-spacing-small po-brand\">\n<td class=\"a-span3\"><span class=\"a-size-base a-text-bold\">Nombre de marca<\/span><\/td>\n<td class=\"a-span9\"><span class=\"a-size-base po-break-word\">Moulinex<\/span><\/td>\n<\/tr>\n<tr class=\"a-spacing-small po-special_feature\">\n<td class=\"a-span3\"><span class=\"a-size-base a-text-bold\">Caracter\u00edsticas especiales<\/span><\/td>\n<td class=\"a-span9\"><span class=\"a-size-base po-break-word\">Programable<\/span><\/td>\n<\/tr>\n<tr class=\"a-spacing-small po-color\">\n<td class=\"a-span3\"><span class=\"a-size-base a-text-bold\">Couleur<\/span><\/td>\n<td class=\"a-span9\"><span class=\"a-size-base po-break-word\">Blanco<\/span><\/td>\n<\/tr>\n<tr class=\"a-spacing-small po-bowl_capacity\">\n<td class=\"a-span3\"><span class=\"a-size-base a-text-bold\">Capacidad del recipiente<\/span><\/td>\n<td class=\"a-span9\"><span class=\"a-size-base po-break-word\">4,5 litros<\/span><\/td>\n<\/tr>\n<tr class=\"a-spacing-small po-recommended_uses_for_product\">\n<td class=\"a-span3\"><span class=\"a-size-base a-text-bold\">Usos recomendados del producto<\/span><\/td>\n<td class=\"a-span9\"><span class=\"a-size-base po-break-word\">Amasar, mezclar, cocinar al vapor, licuar, moler<\/span><\/td>\n<\/tr>\n<tr class=\"a-spacing-small po-number_of_speeds\">\n<td class=\"a-span3\"><span class=\"a-size-base a-text-bold\">N\u00famero de velocidades<\/span><\/td>\n<td class=\"a-span9\"><span class=\"a-size-base po-break-word\">12<\/span><\/td>\n<\/tr>\n<tr class=\"a-spacing-small po-care_instructions\">\n<td class=\"a-span3\"><span class=\"a-size-base a-text-bold\">Instrucciones de cuidado del producto<\/span><\/td>\n<td class=\"a-span9\"><span class=\"a-size-base po-break-word\">Lavar a mano (parte principal) y apto para lavavajillas (accesorios)<\/span><\/td>\n<\/tr>\n<tr class=\"a-spacing-small po-included_components\">\n<td class=\"a-span3\"><span class=\"a-size-base a-text-bold\">Componentes incluidos<\/span><\/td>\n<td class=\"a-span9\"><span class=\"a-size-base po-break-word\">cuchilla picadora, batidor, batidora, amasadora\/trituradora, cesta de vapor<\/span><\/td>\n<\/tr>\n<tr class=\"a-spacing-small po-model_name\">\n<td class=\"a-span3\"><span class=\"a-size-base a-text-bold\">Nombre del modelo<\/span><\/td>\n<td class=\"a-span9\"><span class=\"a-size-base po-break-word\">HF 800 Compa\u00f1ero de cocina<\/span><\/td>\n<\/tr>\n<tr class=\"a-spacing-small po-is_dishwasher_safe\">\n<td class=\"a-span3\"><span class=\"a-size-base a-text-bold\">\u00bfEl art\u00edculo es apto para lavavajillas?<\/span><\/td>\n<td class=\"a-span9\"><span class=\"a-size-base po-break-word\">No<\/span><\/td>\n<\/tr>\n<\/tbody>\n<\/table>\n<\/li>\n<\/ul>","protected":false},"excerpt":{"rendered":"<p>Procesador de alimentos con capacidad de 4,5 L con bol de acero inoxidable apto para unas 6\/8 personas muy vers\u00e1til,<\/p>","protected":false},"featured_media":18474,"template":"","meta":[],"product_brand":[],"product_cat":[74],"product_tag":[75],"product_country":[1505],"class_list":{"0":"post-18473","1":"product","2":"type-product","3":"status-publish","4":"has-post-thumbnail","6":"product_cat-kitchen-appliances","7":"product_tag-kitchen-appliances","8":"product_country-spain","10":"first","11":"instock","12":"sale","13":"taxable","14":"shipping-taxable","15":"purchasable","16":"product-type-simple"},"_links":{"self":[{"href":"https:\/\/routinesfashione.com\/fr\/wp-json\/wp\/v2\/product\/18473","targetHints":{"allow":["GET"]}}],"collection":[{"href":"https:\/\/routinesfashione.com\/fr\/wp-json\/wp\/v2\/product"}],"about":[{"href":"https:\/\/routinesfashione.com\/fr\/wp-json\/wp\/v2\/types\/product"}],"wp:featuredmedia":[{"embeddable":true,"href":"https:\/\/routinesfashione.com\/fr\/wp-json\/wp\/v2\/media\/18474"}],"wp:attachment":[{"href":"https:\/\/routinesfashione.com\/fr\/wp-json\/wp\/v2\/media?parent=18473"}],"wp:term":[{"taxonomy":"product_brand","embeddable":true,"href":"https:\/\/routinesfashione.com\/fr\/wp-json\/wp\/v2\/product_brand?post=18473"},{"taxonomy":"product_cat","embeddable":true,"href":"https:\/\/routinesfashione.com\/fr\/wp-json\/wp\/v2\/product_cat?post=18473"},{"taxonomy":"product_tag","embeddable":true,"href":"https:\/\/routinesfashione.com\/fr\/wp-json\/wp\/v2\/product_tag?post=18473"},{"taxonomy":"product_country","embeddable":true,"href":"https:\/\/routinesfashione.com\/fr\/wp-json\/wp\/v2\/product_country?post=18473"}],"curies":[{"name":"wp","href":"https:\/\/api.w.org\/{rel}","templated":true}]}}