{"id":186,"date":"2025-09-30T20:55:55","date_gmt":"2025-09-30T20:55:55","guid":{"rendered":"https:\/\/lightgray-crow-170497.hostingersite.com\/?post_type=product&#038;p=186"},"modified":"2025-09-30T20:55:55","modified_gmt":"2025-09-30T20:55:55","slug":"geotech-pro-tlp-120-plateau-de-coupe-pour-tracteur-3-rotors-a-1-lame","status":"publish","type":"product","link":"https:\/\/routinesfashione.com\/fr\/produit\/geotech-pro-tlp-120-plateau-de-coupe-pour-tracteur-3-rotors-a-1-lame\/","title":{"rendered":"Geotech Pro TLP 120 \u2013 Plateau de coup\u00e9 pour tracteur 3 rotors \u00e0 1 lame"},"content":{"rendered":"<p><span dir=\"auto\" style=\"vertical-align: inherit;\">Le Broyeur\u00a0<\/span><strong><span dir=\"auto\" style=\"vertical-align: inherit;\">TLP 120<\/span><\/strong><span dir=\"auto\" style=\"vertical-align: inherit;\">\u00a0Il s&#039;agit d&#039;un appareil d&#039;entra\u00eenement pour les espaces verts, les terrains de football, de golf et les parcs publics. Sa structure l\u00e9g\u00e8re et \u00e9lastique, compatible avec la vitesse du rotor, garantit une grande pr\u00e9cision et un travail soign\u00e9.<\/span><\/p>\n<p><span dir=\"auto\" style=\"vertical-align: inherit;\">Il y a une\u00a0<\/span><strong><span dir=\"auto\" style=\"vertical-align: inherit;\">amplitude de coupe de 120 cm\u00a0<\/span><\/strong><span dir=\"auto\" style=\"vertical-align: inherit;\">Cela peut \u00eatre r\u00e9gl\u00e9 en haute qualit\u00e9 sur les roues\u00a0<\/span><strong><span dir=\"auto\" style=\"vertical-align: inherit;\">divers postes<\/span><\/strong><span dir=\"auto\" style=\"vertical-align: inherit;\">\u00a0qui varie\u00a0<\/span><strong><span dir=\"auto\" style=\"vertical-align: inherit;\">de 30 \u00e0 70 mm<\/span><\/strong><span dir=\"auto\" style=\"vertical-align: inherit;\">.<\/span><\/p>\n<p><span dir=\"auto\" style=\"vertical-align: inherit;\">Modalit\u00e9 d&#039;\u00e9jection post\u00e9rieure, avec carter de protection int\u00e9gr\u00e9.<\/span><\/p>\n<p><span dir=\"auto\" style=\"vertical-align: inherit;\">Adapt\u00e9 \u00e0\u00a0<\/span><strong><span dir=\"auto\" style=\"vertical-align: inherit;\">tracteurs de 12-25 CV.<\/span><\/strong><\/p>\n<p><span dir=\"auto\" style=\"vertical-align: inherit;\">Il est muni de\u00a0<\/span><strong><span dir=\"auto\" style=\"vertical-align: inherit;\">3 rotors avec<\/span><\/strong>\u00a0<strong><span dir=\"auto\" style=\"vertical-align: inherit;\">1 lame chacun<\/span><\/strong><span dir=\"auto\" style=\"vertical-align: inherit;\">;Assurant en durabilit\u00e9 et hautes performances.<\/span><\/p>\n<p><strong><span dir=\"auto\" style=\"vertical-align: inherit;\">DONNEES TECHNIQUES (en r\u00e9sum\u00e9):<\/span><\/strong><\/p>\n<ul>\n<li><span dir=\"auto\" style=\"vertical-align: inherit;\">Largeur travail efficace : 120 cm<\/span><\/li>\n<li><span dir=\"auto\" style=\"vertical-align: inherit;\">Largeur hors-tout : 125 cm<\/span><\/li>\n<li><span dir=\"auto\" style=\"vertical-align: inherit;\">Poids : 145 kg<\/span><\/li>\n<li><span dir=\"auto\" style=\"vertical-align: inherit;\">Consultation pour tracteurs : de 12 \u00e0 25 CV<\/span><\/li>\n<li><span dir=\"auto\" style=\"vertical-align: inherit;\">Attache 3 points<\/span><\/li>\n<li><span dir=\"auto\" style=\"vertical-align: inherit;\">Transmission par courroie avec r\u00e9ducteur en fonte<\/span><\/li>\n<li><span dir=\"auto\" style=\"vertical-align: inherit;\">\u00c9jection post\u00e9rieure<\/span><\/li>\n<li><span dir=\"auto\" style=\"vertical-align: inherit;\">Roues pivotantes r\u00e9glables en hauteur<\/span><\/li>\n<\/ul>","protected":false},"excerpt":{"rendered":"<p>Le broyeur\u00a0TLP 120\u00a0est un appareil \u00e9tudi\u00e9 pour l\u2019entretien des espaces verts, terrains de football, golf et parcs publics. Il a<\/p>","protected":false},"featured_media":12953,"template":"","meta":[],"product_brand":[],"product_cat":[61],"product_tag":[],"product_country":[1503],"class_list":{"0":"post-186","1":"product","2":"type-product","3":"status-publish","4":"has-post-thumbnail","6":"product_cat-sale-france","7":"product_country-france","9":"first","10":"instock","11":"sale","12":"taxable","13":"shipping-taxable","14":"purchasable","15":"product-type-simple"},"_links":{"self":[{"href":"https:\/\/routinesfashione.com\/fr\/wp-json\/wp\/v2\/product\/186","targetHints":{"allow":["GET"]}}],"collection":[{"href":"https:\/\/routinesfashione.com\/fr\/wp-json\/wp\/v2\/product"}],"about":[{"href":"https:\/\/routinesfashione.com\/fr\/wp-json\/wp\/v2\/types\/product"}],"wp:featuredmedia":[{"embeddable":true,"href":"https:\/\/routinesfashione.com\/fr\/wp-json\/wp\/v2\/media\/12953"}],"wp:attachment":[{"href":"https:\/\/routinesfashione.com\/fr\/wp-json\/wp\/v2\/media?parent=186"}],"wp:term":[{"taxonomy":"product_brand","embeddable":true,"href":"https:\/\/routinesfashione.com\/fr\/wp-json\/wp\/v2\/product_brand?post=186"},{"taxonomy":"product_cat","embeddable":true,"href":"https:\/\/routinesfashione.com\/fr\/wp-json\/wp\/v2\/product_cat?post=186"},{"taxonomy":"product_tag","embeddable":true,"href":"https:\/\/routinesfashione.com\/fr\/wp-json\/wp\/v2\/product_tag?post=186"},{"taxonomy":"product_country","embeddable":true,"href":"https:\/\/routinesfashione.com\/fr\/wp-json\/wp\/v2\/product_country?post=186"}],"curies":[{"name":"wp","href":"https:\/\/api.w.org\/{rel}","templated":true}]}}