{"id":18826,"date":"2025-08-09T16:43:59","date_gmt":"2025-08-09T16:43:59","guid":{"rendered":"https:\/\/lightgray-crow-170497.hostingersite.com\/?post_type=product&#038;p=18826"},"modified":"2025-09-30T21:14:40","modified_gmt":"2025-09-30T21:14:40","slug":"timbela-casa-de-almacenamiento-jardin-142x204x200-cm-2-22-m2","status":"publish","type":"product","link":"https:\/\/routinesfashione.com\/fr\/produit\/timbela-casa-de-almacenamiento-jardin-142x204x200-cm-2-22-m2\/","title":{"rendered":"Timbela Casa de almacenamiento jard\u00edn 142x204x200 cm\/2.22 m2"},"content":{"rendered":"<h1 class=\"a-size-base-plus a-text-bold\">Acerca de este producto<\/h1>\n<ul class=\"a-unordered-list a-vertical a-spacing-mini\">\n<li class=\"a-spacing-mini\"><span class=\"a-list-item\">PEQUE\u00d1O COBERTIZO DE MADERA, PERFECTO PARA ESPACIOS COMPACTOS. Dep\u00f3sito exterior (2.22 m2). Se ajusta perfectamente a vallas, paredes o \u00e1rboles. Soluci\u00f3n de almacenamiento multiuso para botes de basura, herramientas, juguetes o almacenamiento exterior de bicicletas.<\/span><\/li>\n<li class=\"a-spacing-mini\"><span class=\"a-list-item\">CASETA DE MADERA PARA JARD\u00cdN CONFIABLE. Directamente del fabricante. Paneles de 19 mm de alta calidad, madera natural. Combinaci\u00f3n de construcci\u00f3n cruzada y machihembrada proporciona una bodega de jard\u00edn robusta y duradera en el tiempo.<\/span><\/li>\n<li class=\"a-spacing-mini\"><span class=\"a-list-item\">COBERTIZO DE JARD\u00cdN F\u00c1CIL DE MONTAR. Armar su nueva caseta de jard\u00edn es un juego gracias a la madera precortada y a las detalladas instrucciones de montaje. Se incluyen paneles de techo, fieltro, fijaciones, puerta doble con ventanas, cerrojo y accesorios.<\/span><\/li>\n<li class=\"a-spacing-mini\"><span class=\"a-list-item\">TECHO IMPERMEABLE. A diferencia de un cobertizo con techo plano, la lluvia se escurre manteniendo sus pertenencias secas en el interior. Gracias al resistente tejado inclinado OSB-3, su caseta de almacenamiento de jard\u00edn le proteger\u00e1 del clima.<\/span><\/li>\n<li class=\"a-spacing-mini\"><span class=\"a-list-item\">ALMACENAMIENTO AL AIRE LIBRE CON GRAN ACCESIBILIDAD. Gracias a las puertas dobles con altura de 1,76 m, nunca tendr\u00e1 problemas para entrar y salir de este almac\u00e9n de madera para exteriores. Las dos ventanas de plexigl\u00e1s ayudan a la luminosidad y la visibilidad.<\/span><\/li>\n<\/ul>","protected":false},"excerpt":{"rendered":"<p>Acerca de este producto PEQUE\u00d1O COBERTIZO DE MADERA, PERFECTO PARA ESPACIOS COMPACTOS. Dep\u00f3sito exterior (2.22 m2). Se ajusta perfectamente a<\/p>","protected":false},"featured_media":18827,"template":"","meta":[],"product_brand":[],"product_cat":[76],"product_tag":[77],"product_country":[1505],"class_list":{"0":"post-18826","1":"product","2":"type-product","3":"status-publish","4":"has-post-thumbnail","6":"product_cat-shed","7":"product_tag-shed","8":"product_country-spain","10":"first","11":"instock","12":"sale","13":"taxable","14":"shipping-taxable","15":"purchasable","16":"product-type-simple"},"_links":{"self":[{"href":"https:\/\/routinesfashione.com\/fr\/wp-json\/wp\/v2\/product\/18826","targetHints":{"allow":["GET"]}}],"collection":[{"href":"https:\/\/routinesfashione.com\/fr\/wp-json\/wp\/v2\/product"}],"about":[{"href":"https:\/\/routinesfashione.com\/fr\/wp-json\/wp\/v2\/types\/product"}],"wp:featuredmedia":[{"embeddable":true,"href":"https:\/\/routinesfashione.com\/fr\/wp-json\/wp\/v2\/media\/18827"}],"wp:attachment":[{"href":"https:\/\/routinesfashione.com\/fr\/wp-json\/wp\/v2\/media?parent=18826"}],"wp:term":[{"taxonomy":"product_brand","embeddable":true,"href":"https:\/\/routinesfashione.com\/fr\/wp-json\/wp\/v2\/product_brand?post=18826"},{"taxonomy":"product_cat","embeddable":true,"href":"https:\/\/routinesfashione.com\/fr\/wp-json\/wp\/v2\/product_cat?post=18826"},{"taxonomy":"product_tag","embeddable":true,"href":"https:\/\/routinesfashione.com\/fr\/wp-json\/wp\/v2\/product_tag?post=18826"},{"taxonomy":"product_country","embeddable":true,"href":"https:\/\/routinesfashione.com\/fr\/wp-json\/wp\/v2\/product_country?post=18826"}],"curies":[{"name":"wp","href":"https:\/\/api.w.org\/{rel}","templated":true}]}}