{"id":19035,"date":"2025-08-09T19:16:49","date_gmt":"2025-08-09T19:16:49","guid":{"rendered":"https:\/\/lightgray-crow-170497.hostingersite.com\/?post_type=product&#038;p=19035"},"modified":"2025-09-30T21:14:53","modified_gmt":"2025-09-30T21:14:53","slug":"outsunny-cobertizo-de-jardin-exterior-45-m%c2%b2-260x194x200-cm-con","status":"publish","type":"product","link":"https:\/\/routinesfashione.com\/fr\/produit\/outsunny-cobertizo-de-jardin-exterior-45-m%c2%b2-260x194x200-cm-con\/","title":{"rendered":"Outsunny Cobertizo de Jard\u00edn Exterior 4,5 m\u00b2 260x194x200 cm con"},"content":{"rendered":"<div id=\"featurebullets_feature_div\" class=\"celwidget\" data-feature-name=\"featurebullets\" data-csa-c-type=\"widget\" data-csa-c-content-id=\"featurebullets\" data-csa-c-slot-id=\"featurebullets_feature_div\" data-csa-c-asin=\"B0FDKN31Y3\" data-csa-c-is-in-initial-active-row=\"false\" data-csa-c-id=\"7bk3px-cujkxl-rd3uqa-l9cmip\" data-cel-widget=\"featurebullets_feature_div\">\n<div id=\"feature-bullets\" class=\"a-section a-spacing-medium a-spacing-top-small\">\n<ul>\n<li><span class=\"a-list-item\">AMPLIO ESPACIO DE ALMACENAMIENTO: Este cobertizo de jard\u00edn es ideal para guardar herramientas, ropa de abrigo, muebles y m\u00e1s. Su dise\u00f1o independiente permite colocarlo f\u00e1cilmente donde lo necesites, ya sea en el patio o junto a una pared<\/span><\/li>\n<\/ul>\n<ul class=\"a-unordered-list a-vertical a-spacing-mini\">\n<li class=\"a-spacing-mini\"><span class=\"a-list-item\">ENTRADA DE LUZ NATURAL: Los paneles lightsky delanteros transparentes de la caseta dejan pasar la luz natural, iluminando el interior durante el d\u00eda. As\u00ed puedes ver mejor sin necesidad de instalar luces ni abrir las puertas constantemente<\/span><\/li>\n<li class=\"a-spacing-mini\"><span class=\"a-list-item\">ESTRUCTURA DE ACERO CORRUGADO: Hecho de acero galvanizado, este cobertizo exterior ofrece una estructura robusta y resistente, ideal para el exterior y perfecta para mantener a salvo tus herramientas y accesorios de jard\u00edn<\/span><\/li>\n<li class=\"a-spacing-mini\"><span class=\"a-list-item\">PUERTA DOBLE CON APERTURA AMPLIA: Esta caseta de jard\u00edn exterior cuenta con una pr\u00e1ctica puerta doble que permite un acceso f\u00e1cil incluso con objetos grandes como bicicletas o muebles. Los tiradores tienen orificios para a\u00f1adir un candado (no incluido)<\/span><\/li>\n<li class=\"a-spacing-mini\"><span class=\"a-list-item\">MEDIDAS Y MONTAJE: 260x194x179\/200 cm (LxANxAL) y la puerta 94&#215;173 cm (ANxAL). El montaje requiere tres personas y unas cuatro horas. Es recomendable usar guantes y evitar d\u00edas ventosos para montarlo con seguridad<\/span><\/li>\n<\/ul>\n<\/div>\n<\/div>\n<div id=\"handmadeArtisanCard_feature_div\" class=\"celwidget\" data-feature-name=\"handmadeArtisanCard\" data-csa-c-type=\"widget\" data-csa-c-content-id=\"handmadeArtisanCard\" data-csa-c-slot-id=\"handmadeArtisanCard_feature_div\" data-csa-c-asin=\"B0FDKN31Y3\" data-csa-c-is-in-initial-active-row=\"false\" data-csa-c-id=\"uhpmtd-7n2o7q-48pdyq-jfxxlm\" data-cel-widget=\"handmadeArtisanCard_feature_div\">\n<table class=\"a-normal a-spacing-micro\">\n<tbody>\n<tr class=\"a-spacing-small po-brand\">\n<td class=\"a-span3\"><span class=\"a-size-base a-text-bold\">Marca<\/span><\/td>\n<td class=\"a-span9\"><span class=\"a-size-base po-break-word\">Outsunny<\/span><\/td>\n<\/tr>\n<tr class=\"a-spacing-small po-color\">\n<td class=\"a-span3\"><span class=\"a-size-base a-text-bold\">Couleur<\/span><\/td>\n<td class=\"a-span9\"><span class=\"a-size-base po-break-word\">Verde Oscuro<\/span><\/td>\n<\/tr>\n<tr class=\"a-spacing-small po-material\">\n<td class=\"a-span3\"><span class=\"a-size-base a-text-bold\">mat\u00e9riel<\/span><\/td>\n<td class=\"a-span9\"><span class=\"a-size-base po-break-word\">Acero aleado<\/span><\/td>\n<\/tr>\n<tr class=\"a-spacing-small po-item_depth_width_height\">\n<td class=\"a-span3\"><span class=\"a-size-base a-text-bold\">Dimensiones del producto<\/span><\/td>\n<td class=\"a-span9\"><span class=\"a-size-base po-break-word\">1,94f. x 2,6an. x 2al. metros<\/span><\/td>\n<\/tr>\n<tr class=\"a-spacing-small po-item_weight\">\n<td class=\"a-span3\"><span class=\"a-size-base a-text-bold\">Peso del producto<\/span><\/td>\n<td class=\"a-span9\"><span class=\"a-size-base po-break-word\">67,5 Kilogramos<\/span><\/td>\n<\/tr>\n<tr class=\"a-spacing-small po-style\">\n<td class=\"a-span3\"><span class=\"a-size-base a-text-bold\">Estilo<\/span><\/td>\n<td class=\"a-span9\"><span class=\"a-size-base po-break-word\">Jard\u00edn<\/span><\/td>\n<\/tr>\n<tr class=\"a-spacing-small po-base.material\">\n<td class=\"a-span3\"><span class=\"a-size-base a-text-bold\">Material de la base<\/span><\/td>\n<td class=\"a-span9\"><span class=\"a-size-base po-break-word\">Metal<\/span><\/td>\n<\/tr>\n<tr class=\"a-spacing-small po-top.material\">\n<td class=\"a-span3\"><span class=\"a-size-base a-text-bold\">Tipo de material de la parte superior<\/span><\/td>\n<td class=\"a-span9\"><span class=\"a-size-base po-break-word\">Metal<\/span><\/td>\n<\/tr>\n<tr class=\"a-spacing-small po-water_resistance_level\">\n<td class=\"a-span3\"><span class=\"a-size-base a-text-bold\">Nivel de resistencia al agua<\/span><\/td>\n<td class=\"a-span9\"><span class=\"a-size-base po-break-word\">Resistente al agua<\/span><\/td>\n<\/tr>\n<tr class=\"a-spacing-small po-chamber.depth\">\n<td class=\"a-span3\"><span class=\"a-size-base a-text-bold\">Profundidad de la c\u00e1mara<\/span><\/td>\n<td class=\"a-span9\"><span class=\"a-size-base po-break-word\">183 Cent\u00edmetros<\/span><\/td>\n<\/tr>\n<\/tbody>\n<\/table>\n<\/div>","protected":false},"excerpt":{"rendered":"<p>AMPLIO ESPACIO DE ALMACENAMIENTO: Este cobertizo de jard\u00edn es ideal para guardar herramientas, ropa de abrigo, muebles y m\u00e1s. Su<\/p>","protected":false},"featured_media":19036,"template":"","meta":[],"product_brand":[],"product_cat":[76],"product_tag":[77],"product_country":[1505],"class_list":{"0":"post-19035","1":"product","2":"type-product","3":"status-publish","4":"has-post-thumbnail","6":"product_cat-shed","7":"product_tag-shed","8":"product_country-spain","10":"first","11":"instock","12":"sale","13":"taxable","14":"shipping-taxable","15":"purchasable","16":"product-type-simple"},"_links":{"self":[{"href":"https:\/\/routinesfashione.com\/fr\/wp-json\/wp\/v2\/product\/19035","targetHints":{"allow":["GET"]}}],"collection":[{"href":"https:\/\/routinesfashione.com\/fr\/wp-json\/wp\/v2\/product"}],"about":[{"href":"https:\/\/routinesfashione.com\/fr\/wp-json\/wp\/v2\/types\/product"}],"wp:featuredmedia":[{"embeddable":true,"href":"https:\/\/routinesfashione.com\/fr\/wp-json\/wp\/v2\/media\/19036"}],"wp:attachment":[{"href":"https:\/\/routinesfashione.com\/fr\/wp-json\/wp\/v2\/media?parent=19035"}],"wp:term":[{"taxonomy":"product_brand","embeddable":true,"href":"https:\/\/routinesfashione.com\/fr\/wp-json\/wp\/v2\/product_brand?post=19035"},{"taxonomy":"product_cat","embeddable":true,"href":"https:\/\/routinesfashione.com\/fr\/wp-json\/wp\/v2\/product_cat?post=19035"},{"taxonomy":"product_tag","embeddable":true,"href":"https:\/\/routinesfashione.com\/fr\/wp-json\/wp\/v2\/product_tag?post=19035"},{"taxonomy":"product_country","embeddable":true,"href":"https:\/\/routinesfashione.com\/fr\/wp-json\/wp\/v2\/product_country?post=19035"}],"curies":[{"name":"wp","href":"https:\/\/api.w.org\/{rel}","templated":true}]}}