{"id":19064,"date":"2025-08-09T19:42:10","date_gmt":"2025-08-09T19:42:10","guid":{"rendered":"https:\/\/lightgray-crow-170497.hostingersite.com\/?post_type=product&#038;p=19064"},"modified":"2025-09-30T21:14:56","modified_gmt":"2025-09-30T21:14:56","slug":"casa-metalica-rosas-1085-m%c2%b2","status":"publish","type":"product","link":"https:\/\/routinesfashione.com\/fr\/produit\/casa-metalica-rosas-1085-m%c2%b2\/","title":{"rendered":"Casa Met\u00e1lica &#8222;ROSAS&#8220; 10,85 m\u00b2"},"content":{"rendered":"<div id=\"product-description-short-7154\" class=\"rte-content product-description desktop-short-descr mb-4\">Caseta de metal para jard\u00edn color verde y blanco &#8211; Dimensiones de punta a punta: 3,19 x 3,40 x 2,10 &#8211; Kit de anclaje para concreto incluido.<\/div>\n<div class=\"rte-content\">La caseta de jard\u00edn perfecta<br \/>\n<strong>M\u00c1S ESPACIO<\/strong><br \/>\nLa caseta de jard\u00edn Rosas es la soluci\u00f3n ideal para todas sus necesidades de almacenamiento.<br \/>\nColocado en su jard\u00edn, este cobertizo le permite guardar su material de exterior, su cortac\u00e9sped, sus muebles de jard\u00edn, sus herramientas de bricolaje, pero tambi\u00e9n las bicicletas de sus hijos o su material de camping.<strong>ACERO GALVANIZADO<\/strong><br \/>\nPara un uso prolongado y en las mejores condiciones, esta caseta de jard\u00edn tiene una estructura reforzada de acero galvanizado.<br \/>\nLa galvanizaci\u00f3n ofrece una protecci\u00f3n muy eficaz contra los elementos.<br \/>\nEs resistente a la corrosi\u00f3n, los rayos UV, la abrasi\u00f3n, la erosi\u00f3n, etc.<br \/>\nEste cobertizo ha sido totalmente dise\u00f1ado para ofrecerle un espacio de almacenamiento exterior fiable y eficaz.<strong>VENTILACI\u00d3N \u00d3PTIMA<\/strong><br \/>\nPara evitar los malos olores y la degradaci\u00f3n de sus enseres, la caseta de jard\u00edn met\u00e1lica Rosas est\u00e1 equipada con 4 rejillas de ventilaci\u00f3n.<br \/>\nEstas rejillas garantizan una renovaci\u00f3n constante del aire en el interior de la nave.<\/p>\n<p><strong>UN PR\u00c1CTICO SISTEMA DE APERTURA<\/strong><br \/>\nEl cobertizo de jard\u00edn Rosas tambi\u00e9n tiene una apertura de doble puerta.<br \/>\nLa ventaja de esta puerta es su sistema de deslizamiento.<br \/>\nAs\u00ed podr\u00e1 optimizar el espacio tanto en jardines grandes como peque\u00f1os.<br \/>\nGracias a su funci\u00f3n corredera, esta puerta doble puede abrirse f\u00e1cilmente, independientemente del espacio que ocupe en la parte delantera.<\/p>\n<div class=\"\">\n<div class=\"feature_title\"><strong>Puerta<\/strong><\/div>\n<ul>\n<li class=\"\">\n<ul>\n<li class=\"name featureli d-flex justify-content-between\">\n<div class=\"featurename col bold\">Tipo de puerta\u00a0:<\/div>\n<div class=\"value featurevalue col\">2 puertas corredizas<\/div>\n<\/li>\n<li class=\"name featureli d-flex justify-content-between bg-white\">\n<div class=\"featurename col bold\">Medidas de la puerta\u00a0:<\/div>\n<div class=\"value featurevalue col\">138x162cm<\/div>\n<\/li>\n<li class=\"name featureli d-flex justify-content-between\">\n<div class=\"featurename col bold\">Tipo de cierre\u00a0:<\/div>\n<div class=\"value featurevalue col\">Asa de puerta<\/div>\n<\/li>\n<\/ul>\n<\/li>\n<\/ul>\n<\/div>\n<div class=\"\">\n<div class=\"feature_title\"><strong>mat\u00e9riel<\/strong><\/div>\n<ul>\n<li class=\"\">\n<ul>\n<li class=\"name featureli d-flex justify-content-between\">\n<div class=\"featurename col bold\">Estructura\u00a0:<\/div>\n<div class=\"value featurevalue col\">Zinc<\/div>\n<\/li>\n<li class=\"name featureli d-flex justify-content-between bg-white\">\n<div class=\"featurename col bold\">Pared:<\/div>\n<div class=\"value featurevalue col\">Acero<\/div>\n<\/li>\n<\/ul>\n<\/li>\n<\/ul>\n<\/div>\n<div class=\"\">\n<div class=\"feature_title\"><strong>Informaci\u00f3n adicional<\/strong><\/div>\n<ul>\n<li class=\"\">\n<ul>\n<li class=\"name featureli d-flex justify-content-between\">\n<div class=\"featurename col bold\">Peso maximo soportado\u00a0:<\/div>\n<div class=\"value featurevalue col\">60 kg\/m\u00b2<\/div>\n<\/li>\n<li class=\"name featureli d-flex justify-content-between bg-white\">\n<div class=\"featurename col bold\">Ventana\u00a0:<\/div>\n<div class=\"value featurevalue col\">4 rejas de aeraci\u00f3n<\/div>\n<\/li>\n<li class=\"name featureli d-flex justify-content-between\">\n<div class=\"featurename col bold\">Resistencia al viento\u00a0:<\/div>\n<div class=\"value featurevalue col\">20 metros por segundo<\/div>\n<\/li>\n<li class=\"name featureli d-flex justify-content-between bg-white\">\n<div class=\"featurename col bold\">Kit de anclaje\u00a0:<\/div>\n<div class=\"value featurevalue col\">Incluido\/ Fundaci\u00f3n no incluida<\/div>\n<\/li>\n<\/ul>\n<\/li>\n<\/ul>\n<\/div>\n<div class=\"\">\n<div class=\"feature_title\"><strong>Medidas<\/strong><\/div>\n<ul>\n<li class=\"\">\n<ul>\n<li class=\"name featureli d-flex justify-content-between\">\n<div class=\"featurename col bold\">Exteriores\u00a0:<\/div>\n<div class=\"value featurevalue col\">L 3,09 x 3,30 m<\/div>\n<\/li>\n<li class=\"name featureli d-flex justify-content-between bg-white\">\n<div class=\"featurename col bold\">Interiores:<\/div>\n<div class=\"value featurevalue col\">Largo 3,05 cm largo 3,26 m<\/div>\n<\/li>\n<li class=\"name featureli d-flex justify-content-between\">\n<div class=\"featurename col bold\">Altura de cumbrera\u00a0:<\/div>\n<div class=\"value featurevalue col\">2,10 metros<\/div>\n<\/li>\n<li class=\"name featureli d-flex justify-content-between bg-white\">\n<div class=\"featurename col bold\">Medidas:<\/div>\n<div class=\"value featurevalue col\">309x330x210cm<\/div>\n<\/li>\n<li class=\"name featureli d-flex justify-content-between\">\n<div class=\"featurename col bold\">Superficie (m\u00b2):<\/div>\n<div class=\"value featurevalue col\">10,85<\/div>\n<\/li>\n<li class=\"name featureli d-flex justify-content-between bg-white\">\n<div class=\"featurename col bold\">Superficie exterior al suelo (m\u00b2)\u00a0:<\/div>\n<div class=\"value featurevalue col\">10,20<\/div>\n<\/li>\n<li class=\"name featureli d-flex justify-content-between\">\n<div class=\"featurename col bold\">Altura de la pared\u00a0:<\/div>\n<div class=\"value featurevalue col\">1,65 metros<\/div>\n<\/li>\n<li class=\"name featureli d-flex justify-content-between bg-white\">\n<div class=\"featurename col bold\">Espesor de la pared\u00a0:<\/div>\n<div class=\"value featurevalue col\">0,25 mil\u00edmetros<\/div>\n<\/li>\n<\/ul>\n<\/li>\n<\/ul>\n<\/div>\n<div class=\"\">\n<div class=\"feature_title\"><strong>Paneles solares<\/strong><\/div>\n<ul>\n<li class=\"\">\n<ul>\n<li class=\"name featureli d-flex justify-content-between\">\n<div class=\"featurename col bold\">Peso:<\/div>\n<div class=\"value featurevalue col\">94,2 kilos<\/div>\n<\/li>\n<li class=\"name featureli d-flex justify-content-between bg-white\">\n<div class=\"featurename col bold\">Embalaje\u00a0:<\/div>\n<div class=\"value featurevalue col\">2 bultos: &#8211; 1,84 x 0,82 x 0,13 m, 82 kg &#8211; 1,85 x 0,25 x 0,18 m, 27 kg<\/div>\n<\/li>\n<\/ul>\n<\/li>\n<\/ul>\n<\/div>\n<div class=\"\">\n<div class=\"feature_title\"><strong>Couleur<\/strong><\/div>\n<ul>\n<li class=\"\">\n<ul>\n<li class=\"name featureli d-flex justify-content-between\">\n<div class=\"featurename col bold\">Color :<\/div>\n<div class=\"value featurevalue col\">Verde y blanco<\/div>\n<\/li>\n<li class=\"name featureli d-flex justify-content-between bg-white\">\n<div class=\"featurename col bold\">Pared:<\/div>\n<div class=\"value featurevalue col\">Verde<\/div>\n<\/li>\n<li class=\"name featureli d-flex justify-content-between\">\n<div class=\"featurename col bold\">Techo\u00a0:<\/div>\n<div class=\"value featurevalue col\">Blanco<\/div>\n<\/li>\n<li class=\"name featureli d-flex justify-content-between bg-white\">\n<div class=\"featurename col bold\">Puerta\u00a0:<\/div>\n<div class=\"value featurevalue col\">Verde<\/div>\n<\/li>\n<\/ul>\n<\/li>\n<\/ul>\n<\/div>\n<div class=\"\">\n<div class=\"feature_title\"><strong>Ventajas del producto<\/strong><\/div>\n<ul>\n<li class=\"\">\n<ul>\n<li class=\"name featureli d-flex justify-content-between\">\n<div class=\"featurename col bold\">Env\u00edo\u00a0:<\/div>\n<div class=\"value featurevalue col\">6 d\u00edas laborables<\/div>\n<\/li>\n<li class=\"name featureli d-flex justify-content-between bg-white\">\n<div class=\"featurename col bold\">Declaraci\u00f3n de obra\u00a0:<\/div>\n<div class=\"value featurevalue col\">Consultar con la alcald\u00eda<\/div>\n<\/li>\n<\/ul>\n<\/li>\n<\/ul>\n<\/div>\n<div class=\"\">\n<div class=\"feature_title\"><strong>Paneles solares<\/strong><\/div>\n<ul>\n<li class=\"\">\n<ul>\n<li class=\"name featureli d-flex justify-content-between\">\n<div class=\"featurename col bold\">Color :<\/div>\n<div class=\"value featurevalue col\">Verde<\/div>\n<\/li>\n<li class=\"name featureli d-flex justify-content-between bg-white\">\n<div class=\"featurename col bold\">Medidas:<\/div>\n<div class=\"value featurevalue col\">5 &#8211; 10 m\u00b2<\/div>\n<\/li>\n<\/ul>\n<\/li>\n<\/ul>\n<\/div>\n<div class=\"variation_guarantee\">\n<div class=\"variation_extra_info_text\">\n<ul>\n<li class=\"name featureli d-flex garentie\">\n<div class=\"featurename col bold\">Garantizar<\/div>\n<div class=\"value featurevalue col\">10 a\u00f1os anticorrosi\u00f3n<\/div>\n<\/li>\n<\/ul>\n<\/div>\n<\/div>\n<\/div>","protected":false},"excerpt":{"rendered":"<p>Caseta de metal para jard\u00edn color verde y blanco &#8211; Dimensiones de punta a punta: 3,19 x 3,40 x 2,10<\/p>","protected":false},"featured_media":19065,"template":"","meta":[],"product_brand":[],"product_cat":[76],"product_tag":[77],"product_country":[1505],"class_list":{"0":"post-19064","1":"product","2":"type-product","3":"status-publish","4":"has-post-thumbnail","6":"product_cat-shed","7":"product_tag-shed","8":"product_country-spain","10":"first","11":"instock","12":"sale","13":"taxable","14":"shipping-taxable","15":"purchasable","16":"product-type-simple"},"_links":{"self":[{"href":"https:\/\/routinesfashione.com\/fr\/wp-json\/wp\/v2\/product\/19064","targetHints":{"allow":["GET"]}}],"collection":[{"href":"https:\/\/routinesfashione.com\/fr\/wp-json\/wp\/v2\/product"}],"about":[{"href":"https:\/\/routinesfashione.com\/fr\/wp-json\/wp\/v2\/types\/product"}],"wp:featuredmedia":[{"embeddable":true,"href":"https:\/\/routinesfashione.com\/fr\/wp-json\/wp\/v2\/media\/19065"}],"wp:attachment":[{"href":"https:\/\/routinesfashione.com\/fr\/wp-json\/wp\/v2\/media?parent=19064"}],"wp:term":[{"taxonomy":"product_brand","embeddable":true,"href":"https:\/\/routinesfashione.com\/fr\/wp-json\/wp\/v2\/product_brand?post=19064"},{"taxonomy":"product_cat","embeddable":true,"href":"https:\/\/routinesfashione.com\/fr\/wp-json\/wp\/v2\/product_cat?post=19064"},{"taxonomy":"product_tag","embeddable":true,"href":"https:\/\/routinesfashione.com\/fr\/wp-json\/wp\/v2\/product_tag?post=19064"},{"taxonomy":"product_country","embeddable":true,"href":"https:\/\/routinesfashione.com\/fr\/wp-json\/wp\/v2\/product_country?post=19064"}],"curies":[{"name":"wp","href":"https:\/\/api.w.org\/{rel}","templated":true}]}}