{"id":19070,"date":"2025-08-09T19:39:17","date_gmt":"2025-08-09T19:39:17","guid":{"rendered":"https:\/\/lightgray-crow-170497.hostingersite.com\/?post_type=product&#038;p=19070"},"modified":"2025-09-30T21:14:56","modified_gmt":"2025-09-30T21:14:56","slug":"vidaxl-cenador-con-cortinas-acero-gris-taupe-3x3-m","status":"publish","type":"product","link":"https:\/\/routinesfashione.com\/fr\/produit\/vidaxl-cenador-con-cortinas-acero-gris-taupe-3x3-m\/","title":{"rendered":"vidaXL Cenador con cortinas acero gris taupe 3&#215;3 m"},"content":{"rendered":"<div class=\"description\">\n<div class=\"value content text-base\">\n<p>Este cenador ser\u00e1 un refugio ideal para reuniones familiares, barbacoas, picnics vespertinos, acampadas y fiestas de cumplea\u00f1os.<\/p>\n<p>&nbsp;<\/p>\n<p>La carpa para fiestas tiene una construcci\u00f3n de acero con recubrimiento en polvo, que es estable y duradera. El techo de poli\u00e9ster con revestimiento de PA hace que sea resistente al agua y a los rayos UV. Adem\u00e1s, viene con cortinas laterales para mayor privacidad y sombra.<\/p>\n<\/div>\n<\/div>\n<div class=\"product-specifications details\">\n<h2 class=\"title text-md font-weight-bold\">Especificaciones<\/h2>\n<div class=\"value content text-base\">\n<ul>\n<li>Color: Gris topo<\/li>\n<li>Material: Acero, tela (100% poli\u00e9ster)<\/li>\n<li>Dimensiones: 3 x 3 x 2,3 m (largo x ancho x alto)<\/li>\n<li>Incluye 3 paredes laterales<\/li>\n<li>Techo con revestimiento PA antirrayos UV<\/li>\n<li>Requiere montaje: S\u00ed<\/li>\n<li>EAN:8720286153116<\/li>\n<li>SKU:313897<\/li>\n<li>Marca: vidaXL<\/li>\n<\/ul>\n<\/div>\n<\/div>","protected":false},"excerpt":{"rendered":"<p>Este cenador ser\u00e1 un refugio ideal para reuniones familiares, barbacoas, picnics vespertinos, acampadas y fiestas de cumplea\u00f1os. &nbsp; La carpa<\/p>","protected":false},"featured_media":19071,"template":"","meta":[],"product_brand":[],"product_cat":[78],"product_tag":[79],"product_country":[1505],"class_list":{"0":"post-19070","1":"product","2":"type-product","3":"status-publish","4":"has-post-thumbnail","6":"product_cat-gazebos-pergolas","7":"product_tag-gazebos-pergolas","8":"product_country-spain","10":"first","11":"instock","12":"sale","13":"taxable","14":"shipping-taxable","15":"purchasable","16":"product-type-simple"},"_links":{"self":[{"href":"https:\/\/routinesfashione.com\/fr\/wp-json\/wp\/v2\/product\/19070","targetHints":{"allow":["GET"]}}],"collection":[{"href":"https:\/\/routinesfashione.com\/fr\/wp-json\/wp\/v2\/product"}],"about":[{"href":"https:\/\/routinesfashione.com\/fr\/wp-json\/wp\/v2\/types\/product"}],"wp:featuredmedia":[{"embeddable":true,"href":"https:\/\/routinesfashione.com\/fr\/wp-json\/wp\/v2\/media\/19071"}],"wp:attachment":[{"href":"https:\/\/routinesfashione.com\/fr\/wp-json\/wp\/v2\/media?parent=19070"}],"wp:term":[{"taxonomy":"product_brand","embeddable":true,"href":"https:\/\/routinesfashione.com\/fr\/wp-json\/wp\/v2\/product_brand?post=19070"},{"taxonomy":"product_cat","embeddable":true,"href":"https:\/\/routinesfashione.com\/fr\/wp-json\/wp\/v2\/product_cat?post=19070"},{"taxonomy":"product_tag","embeddable":true,"href":"https:\/\/routinesfashione.com\/fr\/wp-json\/wp\/v2\/product_tag?post=19070"},{"taxonomy":"product_country","embeddable":true,"href":"https:\/\/routinesfashione.com\/fr\/wp-json\/wp\/v2\/product_country?post=19070"}],"curies":[{"name":"wp","href":"https:\/\/api.w.org\/{rel}","templated":true}]}}