{"id":191,"date":"2025-09-30T20:55:55","date_gmt":"2025-09-30T20:55:55","guid":{"rendered":"https:\/\/lightgray-crow-170497.hostingersite.com\/?post_type=product&#038;p=191"},"modified":"2025-09-30T20:55:55","modified_gmt":"2025-09-30T20:55:55","slug":"makita-dlm481pt2-lxt-2x18-v-accu-grasmaaier-48-cm","status":"publish","type":"product","link":"https:\/\/routinesfashione.com\/fr\/produit\/makita-dlm481pt2-lxt-2x18-v-accu-grasmaaier-48-cm\/","title":{"rendered":"Makita DLM481PT2 LXT 2&#215;18 V accu Grasmaaier 48 cm"},"content":{"rendered":"<h3 data-start=\"159\" data-end=\"194\"><strong data-start=\"166\" data-end=\"192\">Description du produit<\/strong><\/h3>\n<p data-start=\"195\" data-end=\"748\">La <strong data-start=\"198\" data-end=\"218\">Makita DLM481PT2<\/strong> est une tondeuse \u00e0 gazon sans fil hautes performances de la gamme <strong data-start=\"285\" data-end=\"292\">LXT<\/strong>, aliment\u00e9e par deux batteries 18 V (36 V au total). Avec sa largeur de coupe de 48 cm et son moteur sans balais, elle assure une tonte efficace, silencieuse et \u00e9cologique pour des surfaces moyennes \u00e0 grandes. Livr\u00e9e avec deux batteries 18 V 5,0 Ah et un double chargeur, elle offre puissance, autonomie et confort d\u2019utilisation. Son syst\u00e8me 3-en-1 (ramassage, mulching, \u00e9jection arri\u00e8re) en fait un outil polyvalent pour un gazon parfaitement entretenu.<\/p>\n<hr data-start=\"750\" data-end=\"753\" \/>\n<h3 data-start=\"755\" data-end=\"795\"><strong data-start=\"762\" data-end=\"793\">Caract\u00e9ristiques techniques<\/strong><\/h3>\n<div class=\"_tableContainer_1rjym_1\">\n<div class=\"group _tableWrapper_1rjym_13 flex w-fit flex-col-reverse\" tabindex=\"-1\">\n<table class=\"w-fit min-w-(--thread-content-width)\" data-start=\"797\" data-end=\"1616\">\n<thead data-start=\"797\" data-end=\"833\">\n<tr data-start=\"797\" data-end=\"833\">\n<th data-start=\"797\" data-end=\"819\" data-col-size=\"sm\"><strong data-start=\"799\" data-end=\"818\">Caract\u00e9ristiques<\/strong><\/th>\n<th data-start=\"819\" data-end=\"833\" data-col-size=\"md\"><strong data-start=\"821\" data-end=\"831\">D\u00e9tail<\/strong><\/th>\n<\/tr>\n<\/thead>\n<tbody data-start=\"871\" data-end=\"1616\">\n<tr data-start=\"871\" data-end=\"911\">\n<td data-start=\"871\" data-end=\"882\" data-col-size=\"sm\"><strong data-start=\"873\" data-end=\"881\">Taper<\/strong><\/td>\n<td data-start=\"882\" data-end=\"911\" data-col-size=\"md\">Tondeuse \u00e0 gazon sans fil<\/td>\n<\/tr>\n<tr data-start=\"912\" data-end=\"949\">\n<td data-start=\"912\" data-end=\"925\" data-col-size=\"sm\"><strong data-start=\"914\" data-end=\"924\">Mod\u00e8le<\/strong><\/td>\n<td data-start=\"925\" data-end=\"949\" data-col-size=\"md\">Makita DLM481PT2 LXT<\/td>\n<\/tr>\n<tr data-start=\"950\" data-end=\"1026\">\n<td data-start=\"950\" data-end=\"969\" data-col-size=\"sm\"><strong data-start=\"952\" data-end=\"968\">Pension<\/strong><\/td>\n<td data-start=\"969\" data-end=\"1026\" data-col-size=\"md\">2 batteries 18 V Lithium-ion (36 V) \u2013 5,0 Ah incluses<\/td>\n<\/tr>\n<tr data-start=\"1027\" data-end=\"1075\">\n<td data-start=\"1027\" data-end=\"1042\" data-col-size=\"sm\"><strong data-start=\"1029\" data-end=\"1041\">Chargeur<\/strong><\/td>\n<td data-start=\"1042\" data-end=\"1075\" data-col-size=\"md\">Double chargeur rapide inclus<\/td>\n<\/tr>\n<tr data-start=\"1076\" data-end=\"1108\">\n<td data-start=\"1076\" data-end=\"1099\" data-col-size=\"sm\"><strong data-start=\"1078\" data-end=\"1098\">Largeur de mignonne<\/strong><\/td>\n<td data-start=\"1099\" data-end=\"1108\" data-col-size=\"md\">48 cm<\/td>\n<\/tr>\n<tr data-start=\"1109\" data-end=\"1187\">\n<td data-start=\"1109\" data-end=\"1140\" data-col-size=\"sm\"><strong data-start=\"1111\" data-end=\"1139\">R\u00e9glage de la hauteur de coupe<\/strong><\/td>\n<td data-start=\"1140\" data-end=\"1187\" data-col-size=\"md\">Centralis\u00e9, env. 20 \u2013 100 mm (10 positions)<\/td>\n<\/tr>\n<tr data-start=\"1188\" data-end=\"1239\">\n<td data-start=\"1188\" data-end=\"1223\" data-col-size=\"sm\"><strong data-start=\"1190\" data-end=\"1222\">Capacit\u00e9 du bac de ramassage<\/strong><\/td>\n<td data-start=\"1223\" data-end=\"1239\" data-col-size=\"md\">62 L environ<\/td>\n<\/tr>\n<tr data-start=\"1240\" data-end=\"1297\">\n<td data-start=\"1240\" data-end=\"1256\" data-col-size=\"sm\"><strong data-start=\"1242\" data-end=\"1255\">Fonctions<\/strong><\/td>\n<td data-start=\"1256\" data-end=\"1297\" data-col-size=\"md\">Ramassage, \u00e9jection arri\u00e8re, mulching<\/td>\n<\/tr>\n<tr data-start=\"1298\" data-end=\"1338\">\n<td data-start=\"1298\" data-end=\"1311\" data-col-size=\"sm\"><strong data-start=\"1300\" data-end=\"1310\">Moteur<\/strong><\/td>\n<td data-start=\"1311\" data-end=\"1338\" data-col-size=\"md\">Sans balais (Brushless)<\/td>\n<\/tr>\n<tr data-start=\"1339\" data-end=\"1413\">\n<td data-start=\"1339\" data-end=\"1352\" data-col-size=\"sm\"><strong data-start=\"1341\" data-end=\"1351\">Guidon<\/strong><\/td>\n<td data-start=\"1352\" data-end=\"1413\" data-col-size=\"md\">Ergonomique, r\u00e9glable et repliable pour rangement compact<\/td>\n<\/tr>\n<tr data-start=\"1414\" data-end=\"1462\">\n<td data-start=\"1414\" data-end=\"1426\" data-col-size=\"sm\"><strong data-start=\"1416\" data-end=\"1425\">Poids<\/strong><\/td>\n<td data-start=\"1426\" data-end=\"1462\" data-col-size=\"md\">Env. 27 \u2013 30 kg (hors batteries)<\/td>\n<\/tr>\n<tr data-start=\"1463\" data-end=\"1554\">\n<td data-start=\"1463\" data-end=\"1479\" data-col-size=\"sm\"><strong data-start=\"1465\" data-end=\"1478\">autonomie<\/strong><\/td>\n<td data-start=\"1479\" data-end=\"1554\" data-col-size=\"md\">Selon type de pelouse et conditions (env. 45 min avec batteries 5,0 Ah)<\/td>\n<\/tr>\n<\/tbody>\n<\/table>\n<\/div>\n<\/div>","protected":false},"excerpt":{"rendered":"<p>Description du produit La Makita DLM481PT2 est une tondeuse \u00e0 gazon sans fil hautes performances de la gamme LXT, aliment\u00e9e<\/p>","protected":false},"featured_media":19463,"template":"","meta":[],"product_brand":[],"product_cat":[64],"product_tag":[65],"product_country":[1503],"class_list":{"0":"post-191","1":"product","2":"type-product","3":"status-publish","4":"has-post-thumbnail","6":"product_cat-movers","7":"product_tag-movers","8":"product_country-france","10":"first","11":"instock","12":"sale","13":"taxable","14":"shipping-taxable","15":"purchasable","16":"product-type-simple"},"_links":{"self":[{"href":"https:\/\/routinesfashione.com\/fr\/wp-json\/wp\/v2\/product\/191","targetHints":{"allow":["GET"]}}],"collection":[{"href":"https:\/\/routinesfashione.com\/fr\/wp-json\/wp\/v2\/product"}],"about":[{"href":"https:\/\/routinesfashione.com\/fr\/wp-json\/wp\/v2\/types\/product"}],"wp:featuredmedia":[{"embeddable":true,"href":"https:\/\/routinesfashione.com\/fr\/wp-json\/wp\/v2\/media\/19463"}],"wp:attachment":[{"href":"https:\/\/routinesfashione.com\/fr\/wp-json\/wp\/v2\/media?parent=191"}],"wp:term":[{"taxonomy":"product_brand","embeddable":true,"href":"https:\/\/routinesfashione.com\/fr\/wp-json\/wp\/v2\/product_brand?post=191"},{"taxonomy":"product_cat","embeddable":true,"href":"https:\/\/routinesfashione.com\/fr\/wp-json\/wp\/v2\/product_cat?post=191"},{"taxonomy":"product_tag","embeddable":true,"href":"https:\/\/routinesfashione.com\/fr\/wp-json\/wp\/v2\/product_tag?post=191"},{"taxonomy":"product_country","embeddable":true,"href":"https:\/\/routinesfashione.com\/fr\/wp-json\/wp\/v2\/product_country?post=191"}],"curies":[{"name":"wp","href":"https:\/\/api.w.org\/{rel}","templated":true}]}}