{"id":193,"date":"2025-09-30T20:55:55","date_gmt":"2025-09-30T20:55:55","guid":{"rendered":"https:\/\/lightgray-crow-170497.hostingersite.com\/?post_type=product&#038;p=193"},"modified":"2025-09-30T20:55:55","modified_gmt":"2025-09-30T20:55:55","slug":"stiga-combi-748-v-4-in-1-self-propelled-variable-speed-lawn-mower","status":"publish","type":"product","link":"https:\/\/routinesfashione.com\/fr\/produit\/stiga-combi-748-v-4-in-1-self-propelled-variable-speed-lawn-mower\/","title":{"rendered":"Tondeuse \u00e0 gazon autopropuls\u00e9e \u00e0 vitesse variable 4 en 1 Stiga Combi 748 V"},"content":{"rendered":"<h3 data-start=\"172\" data-end=\"207\"><strong data-start=\"179\" data-end=\"205\">Description du produit<\/strong><\/h3>\n<p data-start=\"208\" data-end=\"726\">La <strong data-start=\"211\" data-end=\"232\">Stiga Combi 748 V<\/strong> est une tondeuse \u00e0 gazon thermique autopropuls\u00e9e 4-en-1, con\u00e7ue pour offrir puissance, polyvalence et confort. Avec sa <strong data-start=\"352\" data-end=\"372\">vitesse variable<\/strong>, elle s\u2019adapte parfaitement \u00e0 votre rythme de travail et aux conditions du terrain. Son carter robuste et sa largeur de coupe g\u00e9n\u00e9reuse de 46 cm assurent une tonte rapide et efficace. Gr\u00e2ce \u00e0 ses quatre modes de tonte \u2013 ramassage, \u00e9jection arri\u00e8re, \u00e9jection lat\u00e9rale et mulching \u2013 elle offre une flexibilit\u00e9 optimale pour l\u2019entretien de votre pelouse.<\/p>\n<hr data-start=\"728\" data-end=\"731\" \/>\n<h3 data-start=\"733\" data-end=\"773\"><strong data-start=\"740\" data-end=\"771\">Caract\u00e9ristiques techniques<\/strong><\/h3>\n<div class=\"_tableContainer_1rjym_1\">\n<div class=\"group _tableWrapper_1rjym_13 flex w-fit flex-col-reverse\" tabindex=\"-1\">\n<table class=\"w-fit min-w-(--thread-content-width)\" data-start=\"775\" data-end=\"1609\">\n<thead data-start=\"775\" data-end=\"811\">\n<tr data-start=\"775\" data-end=\"811\">\n<th data-start=\"775\" data-end=\"797\" data-col-size=\"sm\"><strong data-start=\"777\" data-end=\"796\">Caract\u00e9ristiques<\/strong><\/th>\n<th data-start=\"797\" data-end=\"811\" data-col-size=\"md\"><strong data-start=\"799\" data-end=\"809\">D\u00e9tail<\/strong><\/th>\n<\/tr>\n<\/thead>\n<tbody data-start=\"849\" data-end=\"1609\">\n<tr data-start=\"849\" data-end=\"903\">\n<td data-start=\"849\" data-end=\"860\" data-col-size=\"sm\"><strong data-start=\"851\" data-end=\"859\">Taper<\/strong><\/td>\n<td data-start=\"860\" data-end=\"903\" data-col-size=\"md\">Tondeuse thermique autopropuls\u00e9e 4-en-1<\/td>\n<\/tr>\n<tr data-start=\"904\" data-end=\"938\">\n<td data-start=\"904\" data-end=\"917\" data-col-size=\"sm\"><strong data-start=\"906\" data-end=\"916\">Mod\u00e8le<\/strong><\/td>\n<td data-start=\"917\" data-end=\"938\" data-col-size=\"md\">Stiga Combi 748 V<\/td>\n<\/tr>\n<tr data-start=\"939\" data-end=\"990\">\n<td data-start=\"939\" data-end=\"962\" data-col-size=\"sm\"><strong data-start=\"941\" data-end=\"961\">Source d\u2019\u00e9nergie<\/strong><\/td>\n<td data-start=\"962\" data-end=\"990\" data-col-size=\"md\">Essence \u2013 moteur 4 temps<\/td>\n<\/tr>\n<tr data-start=\"991\" data-end=\"1056\">\n<td data-start=\"991\" data-end=\"1012\" data-col-size=\"sm\"><strong data-start=\"993\" data-end=\"1011\">Type de moteur<\/strong><\/td>\n<td data-start=\"1012\" data-end=\"1056\" data-col-size=\"md\">STIGA ST 140 OHV Autochoke ou \u00e9quivalent<\/td>\n<\/tr>\n<tr data-start=\"1057\" data-end=\"1092\">\n<td data-start=\"1057\" data-end=\"1073\" data-col-size=\"sm\"><strong data-start=\"1059\" data-end=\"1072\">Cylindree<\/strong><\/td>\n<td data-start=\"1073\" data-end=\"1092\" data-col-size=\"md\">Environ 139 cm\u00b3<\/td>\n<\/tr>\n<tr data-start=\"1093\" data-end=\"1125\">\n<td data-start=\"1093\" data-end=\"1116\" data-col-size=\"sm\"><strong data-start=\"1095\" data-end=\"1115\">Largeur de mignonne<\/strong><\/td>\n<td data-start=\"1116\" data-end=\"1125\" data-col-size=\"md\">46 cm<\/td>\n<\/tr>\n<tr data-start=\"1126\" data-end=\"1202\">\n<td data-start=\"1126\" data-end=\"1157\" data-col-size=\"sm\"><strong data-start=\"1128\" data-end=\"1156\">R\u00e9glage de la hauteur de coupe<\/strong><\/td>\n<td data-start=\"1157\" data-end=\"1202\" data-col-size=\"md\">Centralis\u00e9, env. 22 \u2013 80 mm (6 positions)<\/td>\n<\/tr>\n<tr data-start=\"1203\" data-end=\"1288\">\n<td data-start=\"1203\" data-end=\"1219\" data-col-size=\"sm\"><strong data-start=\"1205\" data-end=\"1218\">Fonctions<\/strong><\/td>\n<td data-start=\"1219\" data-end=\"1288\" data-col-size=\"md\">4-en-1 : ramassage, \u00e9jection arri\u00e8re, \u00e9jection lat\u00e9rale, mulching<\/td>\n<\/tr>\n<tr data-start=\"1289\" data-end=\"1340\">\n<td data-start=\"1289\" data-end=\"1324\" data-col-size=\"sm\"><strong data-start=\"1291\" data-end=\"1323\">Capacit\u00e9 du bac de ramassage<\/strong><\/td>\n<td data-start=\"1324\" data-end=\"1340\" data-col-size=\"md\">60 L environ<\/td>\n<\/tr>\n<tr data-start=\"1341\" data-end=\"1403\">\n<td data-start=\"1341\" data-end=\"1368\" data-col-size=\"sm\"><strong data-start=\"1343\" data-end=\"1367\">Syst\u00e8me d\u2019avancement<\/strong><\/td>\n<td data-start=\"1368\" data-end=\"1403\" data-col-size=\"md\">Autopropuls\u00e9e, vitesse variable<\/td>\n<\/tr>\n<tr data-start=\"1404\" data-end=\"1446\">\n<td data-start=\"1404\" data-end=\"1429\" data-col-size=\"sm\"><strong data-start=\"1406\" data-end=\"1428\">Mat\u00e9riau du carter<\/strong><\/td>\n<td data-start=\"1429\" data-end=\"1446\" data-col-size=\"md\">Acier robuste<\/td>\n<\/tr>\n<tr data-start=\"1447\" data-end=\"1498\">\n<td data-start=\"1447\" data-end=\"1460\" data-col-size=\"sm\"><strong data-start=\"1449\" data-end=\"1459\">Guidon<\/strong><\/td>\n<td data-start=\"1460\" data-end=\"1498\" data-col-size=\"md\">Ergonomique, r\u00e9glable et repliable<\/td>\n<\/tr>\n<tr data-start=\"1499\" data-end=\"1547\">\n<td data-start=\"1499\" data-end=\"1511\" data-col-size=\"sm\"><strong data-start=\"1501\" data-end=\"1510\">Poids<\/strong><\/td>\n<td data-start=\"1511\" data-end=\"1547\" data-col-size=\"md\">30 \u2013 35 kg (selon configuration)<\/td>\n<\/tr>\n<tr data-start=\"1548\" data-end=\"1609\">\n<td data-start=\"1548\" data-end=\"1578\" data-col-size=\"sm\"><strong data-start=\"1550\" data-end=\"1577\">Utilisation recommand\u00e9e<\/strong><\/td>\n<td data-start=\"1578\" data-end=\"1609\" data-col-size=\"md\">Pelouses moyennes \u00e0 grandes<\/td>\n<\/tr>\n<\/tbody>\n<\/table>\n<\/div>\n<\/div>","protected":false},"excerpt":{"rendered":"<p>Description du produit La Stiga Combi 748 V est une tondeuse \u00e0 gazon thermique autopropuls\u00e9e 4-en-1, con\u00e7ue pour offrir puissance,<\/p>","protected":false},"featured_media":19469,"template":"","meta":[],"product_brand":[],"product_cat":[64],"product_tag":[65],"product_country":[1503],"class_list":{"0":"post-193","1":"product","2":"type-product","3":"status-publish","4":"has-post-thumbnail","6":"product_cat-movers","7":"product_tag-movers","8":"product_country-france","10":"first","11":"instock","12":"sale","13":"taxable","14":"shipping-taxable","15":"purchasable","16":"product-type-simple"},"_links":{"self":[{"href":"https:\/\/routinesfashione.com\/fr\/wp-json\/wp\/v2\/product\/193","targetHints":{"allow":["GET"]}}],"collection":[{"href":"https:\/\/routinesfashione.com\/fr\/wp-json\/wp\/v2\/product"}],"about":[{"href":"https:\/\/routinesfashione.com\/fr\/wp-json\/wp\/v2\/types\/product"}],"wp:featuredmedia":[{"embeddable":true,"href":"https:\/\/routinesfashione.com\/fr\/wp-json\/wp\/v2\/media\/19469"}],"wp:attachment":[{"href":"https:\/\/routinesfashione.com\/fr\/wp-json\/wp\/v2\/media?parent=193"}],"wp:term":[{"taxonomy":"product_brand","embeddable":true,"href":"https:\/\/routinesfashione.com\/fr\/wp-json\/wp\/v2\/product_brand?post=193"},{"taxonomy":"product_cat","embeddable":true,"href":"https:\/\/routinesfashione.com\/fr\/wp-json\/wp\/v2\/product_cat?post=193"},{"taxonomy":"product_tag","embeddable":true,"href":"https:\/\/routinesfashione.com\/fr\/wp-json\/wp\/v2\/product_tag?post=193"},{"taxonomy":"product_country","embeddable":true,"href":"https:\/\/routinesfashione.com\/fr\/wp-json\/wp\/v2\/product_country?post=193"}],"curies":[{"name":"wp","href":"https:\/\/api.w.org\/{rel}","templated":true}]}}