{"id":19367,"date":"2025-09-30T20:36:49","date_gmt":"2025-09-30T20:36:49","guid":{"rendered":"https:\/\/lightgray-crow-170497.hostingersite.com\/?post_type=product&#038;p=19367"},"modified":"2025-09-30T20:36:49","modified_gmt":"2025-09-30T20:36:49","slug":"stiga-combi-748-s-self-propelled-petrol-lawn-mower","status":"publish","type":"product","link":"https:\/\/routinesfashione.com\/fr\/produit\/stiga-combi-748-s-self-propelled-petrol-lawn-mower\/","title":{"rendered":"Tondeuse \u00e0 gazon autotract\u00e9e \u00e0 essence Stiga Combi 748 S"},"content":{"rendered":"<h3 data-start=\"155\" data-end=\"190\"><strong data-start=\"162\" data-end=\"188\">Description du produit<\/strong><\/h3>\n<p data-start=\"191\" data-end=\"487\">La <strong data-start=\"194\" data-end=\"215\">Stiga Combi 748 S<\/strong> est une tondeuse \u00e0 gazon autotract\u00e9e puissante et polyvalente, id\u00e9ale pour les pelouses de taille moyenne \u00e0 grande. \u00c9quip\u00e9e d\u2019un moteur thermique performant STIGA ST 140 OHV Autochoke, elle assure une coupe efficace et r\u00e9guli\u00e8re m\u00eame sur des terrains l\u00e9g\u00e8rement pentus.<\/p>\n<p data-start=\"489\" data-end=\"863\">Gr\u00e2ce \u00e0 sa largeur de coupe de 46 cm et \u00e0 ses quatre syst\u00e8mes de coupe int\u00e9gr\u00e9s (ramassage, mulching, \u00e9jection arri\u00e8re et \u00e9jection lat\u00e9rale), elle s\u2019adapte \u00e0 tous vos besoins d\u2019entretien du gazon. Son ch\u00e2ssis en acier robuste et ses roues \u00e0 roulements \u00e0 billes offrent confort et maniabilit\u00e9, tandis que la fonction autotract\u00e9e r\u00e9duit consid\u00e9rablement l\u2019effort de pouss\u00e9e.<\/p>\n<hr data-start=\"865\" data-end=\"868\" \/>\n<h3 data-start=\"870\" data-end=\"910\"><strong data-start=\"877\" data-end=\"908\">Caract\u00e9ristiques techniques<\/strong><\/h3>\n<ul data-start=\"912\" data-end=\"1853\">\n<li data-start=\"912\" data-end=\"960\">\n<p data-start=\"914\" data-end=\"960\"><strong data-start=\"914\" data-end=\"934\">Type de tondeuse<\/strong> : Autotract\u00e9e \u00e0 essence<\/p>\n<\/li>\n<li data-start=\"961\" data-end=\"1050\">\n<p data-start=\"963\" data-end=\"1050\"><strong data-start=\"963\" data-end=\"994\">Surface de tonte conseill\u00e9e<\/strong> : Moyenne \u00e0 grande (jusqu\u2019\u00e0 environ 1 200 \u2013 1 500 m\u00b2)<\/p>\n<\/li>\n<li data-start=\"1051\" data-end=\"1104\">\n<p data-start=\"1053\" data-end=\"1104\"><strong data-start=\"1053\" data-end=\"1063\">Moteur<\/strong> : STIGA ST 140 OHV Autochoke (139 cm\u00b3)<\/p>\n<\/li>\n<li data-start=\"1105\" data-end=\"1137\">\n<p data-start=\"1107\" data-end=\"1137\"><strong data-start=\"1107\" data-end=\"1127\">Largeur de mignonne<\/strong> : 46 cm<\/p>\n<\/li>\n<li data-start=\"1138\" data-end=\"1200\">\n<p data-start=\"1140\" data-end=\"1200\"><strong data-start=\"1140\" data-end=\"1160\">Hauteur de coupe<\/strong> : 6 positions, r\u00e9glable de 22 \u00e0 80 mm<\/p>\n<\/li>\n<li data-start=\"1201\" data-end=\"1315\">\n<p data-start=\"1203\" data-end=\"1228\"><strong data-start=\"1203\" data-end=\"1224\">Syst\u00e8mes de coupe<\/strong> :<\/p>\n<ul data-start=\"1231\" data-end=\"1315\">\n<li data-start=\"1231\" data-end=\"1253\">\n<p data-start=\"1233\" data-end=\"1253\">Ramassage dans bac<\/p>\n<\/li>\n<li data-start=\"1256\" data-end=\"1268\">\n<p data-start=\"1258\" data-end=\"1268\">Paillage<\/p>\n<\/li>\n<li data-start=\"1271\" data-end=\"1291\">\n<p data-start=\"1273\" data-end=\"1291\">\u00c9jection arri\u00e8re<\/p>\n<\/li>\n<li data-start=\"1294\" data-end=\"1315\">\n<p data-start=\"1296\" data-end=\"1315\">\u00c9jection lat\u00e9rale<\/p>\n<\/li>\n<\/ul>\n<\/li>\n<li data-start=\"1316\" data-end=\"1374\">\n<p data-start=\"1318\" data-end=\"1374\"><strong data-start=\"1318\" data-end=\"1338\">Bac de ramassage<\/strong> : 60 L avec t\u00e9moin de remplissage<\/p>\n<\/li>\n<li data-start=\"1375\" data-end=\"1417\">\n<p data-start=\"1377\" data-end=\"1417\"><strong data-start=\"1377\" data-end=\"1389\">Traction<\/strong> : Autotract\u00e9e (1 vitesse)<\/p>\n<\/li>\n<li data-start=\"1418\" data-end=\"1478\">\n<p data-start=\"1420\" data-end=\"1478\"><strong data-start=\"1420\" data-end=\"1431\">Ch\u00e2ssis<\/strong> : Acier robuste pour une longue dur\u00e9e de vie<\/p>\n<\/li>\n<li data-start=\"1479\" data-end=\"1545\">\n<p data-start=\"1481\" data-end=\"1545\"><strong data-start=\"1481\" data-end=\"1490\">Roues<\/strong> : Roulements \u00e0 billes (200 mm avant, 280 mm arri\u00e8re)<\/p>\n<\/li>\n<li data-start=\"1546\" data-end=\"1617\">\n<p data-start=\"1548\" data-end=\"1617\"><strong data-start=\"1548\" data-end=\"1559\">Poign\u00e9e<\/strong> : R\u00e9glable et pliable pour confort et rangement compact<\/p>\n<\/li>\n<li data-start=\"1618\" data-end=\"1654\">\n<p data-start=\"1620\" data-end=\"1654\"><strong data-start=\"1620\" data-end=\"1633\">D\u00e9marrage<\/strong> : Manuel (lanceur)<\/p>\n<\/li>\n<li data-start=\"1655\" data-end=\"1710\">\n<p data-start=\"1657\" data-end=\"1710\"><strong data-start=\"1657\" data-end=\"1674\">Lubrification<\/strong> : Huile moteur incluse selon pack<\/p>\n<\/li>\n<li data-start=\"1711\" data-end=\"1754\">\n<p data-start=\"1713\" data-end=\"1754\"><strong data-start=\"1713\" data-end=\"1725\">S\u00e9curit\u00e9<\/strong> : Commande de frein moteur<\/p>\n<\/li>\n<li data-start=\"1755\" data-end=\"1803\">\n<p data-start=\"1757\" data-end=\"1803\"><strong data-start=\"1757\" data-end=\"1766\">Poids<\/strong> : Environ 30 \u2013 33 kg selon version<\/p>\n<\/li>\n<li data-start=\"1804\" data-end=\"1853\">\n<p data-start=\"1806\" data-end=\"1853\"><strong data-start=\"1806\" data-end=\"1817\">Couleur<\/strong> : Jaune et noir (signature Stiga)<\/p>\n<\/li>\n<\/ul>","protected":false},"excerpt":{"rendered":"<p>Description du produit La Stiga Combi 748 S est une tondeuse \u00e0 gazon autotract\u00e9e puissante et polyvalente, id\u00e9ale pour les<\/p>","protected":false},"featured_media":19368,"template":"","meta":[],"product_brand":[],"product_cat":[64],"product_tag":[65],"product_country":[1503],"class_list":{"0":"post-19367","1":"product","2":"type-product","3":"status-publish","4":"has-post-thumbnail","6":"product_cat-movers","7":"product_tag-movers","8":"product_country-france","10":"first","11":"instock","12":"sale","13":"taxable","14":"shipping-taxable","15":"purchasable","16":"product-type-simple"},"_links":{"self":[{"href":"https:\/\/routinesfashione.com\/fr\/wp-json\/wp\/v2\/product\/19367","targetHints":{"allow":["GET"]}}],"collection":[{"href":"https:\/\/routinesfashione.com\/fr\/wp-json\/wp\/v2\/product"}],"about":[{"href":"https:\/\/routinesfashione.com\/fr\/wp-json\/wp\/v2\/types\/product"}],"wp:featuredmedia":[{"embeddable":true,"href":"https:\/\/routinesfashione.com\/fr\/wp-json\/wp\/v2\/media\/19368"}],"wp:attachment":[{"href":"https:\/\/routinesfashione.com\/fr\/wp-json\/wp\/v2\/media?parent=19367"}],"wp:term":[{"taxonomy":"product_brand","embeddable":true,"href":"https:\/\/routinesfashione.com\/fr\/wp-json\/wp\/v2\/product_brand?post=19367"},{"taxonomy":"product_cat","embeddable":true,"href":"https:\/\/routinesfashione.com\/fr\/wp-json\/wp\/v2\/product_cat?post=19367"},{"taxonomy":"product_tag","embeddable":true,"href":"https:\/\/routinesfashione.com\/fr\/wp-json\/wp\/v2\/product_tag?post=19367"},{"taxonomy":"product_country","embeddable":true,"href":"https:\/\/routinesfashione.com\/fr\/wp-json\/wp\/v2\/product_country?post=19367"}],"curies":[{"name":"wp","href":"https:\/\/api.w.org\/{rel}","templated":true}]}}