{"id":19535,"date":"2025-09-30T20:36:48","date_gmt":"2025-09-30T20:36:48","guid":{"rendered":"https:\/\/lightgray-crow-170497.hostingersite.com\/?post_type=product&#038;p=19535"},"modified":"2025-09-30T20:36:48","modified_gmt":"2025-09-30T20:36:48","slug":"cordless-mower-makita-dlm432ct2","status":"publish","type":"product","link":"https:\/\/routinesfashione.com\/fr\/produit\/cordless-mower-makita-dlm432ct2\/","title":{"rendered":"Tondeuse sans fil Makita DLM432CT2"},"content":{"rendered":"<h3 data-start=\"142\" data-end=\"174\"><strong data-start=\"146\" data-end=\"172\">Description du produit<\/strong><\/h3>\n<p data-start=\"175\" data-end=\"769\">La <strong data-start=\"178\" data-end=\"198\">Makita DLM432CT2<\/strong> est une tondeuse \u00e0 gazon <strong data-start=\"224\" data-end=\"236\">sans fil<\/strong> id\u00e9ale pour les jardins de taille moyenne. Elle fonctionne avec <strong data-start=\"301\" data-end=\"331\">deux batteries 18 V Li-ion<\/strong> (soit 36 V combin\u00e9s) pour offrir une puissance comparable \u00e0 celle d\u2019un mod\u00e8le thermique, mais sans \u00e9missions ni entretien complexe. Elle est \u00e9quip\u00e9e d\u2019un moteur performant, d\u2019une largeur de coupe de <strong data-start=\"531\" data-end=\"540\">43 cm<\/strong>, et d\u2019un bac de ramassage de grande capacit\u00e9. Le r\u00e9glage de la hauteur de coupe est centralis\u00e9 sur plusieurs positions. Elle est \u00e9galement \u00e9quip\u00e9e d\u2019un guidon pliable et ergonomique pour faciliter le rangement et le transport.<\/p>\n<hr data-start=\"771\" data-end=\"774\" \/>\n<h3 data-start=\"776\" data-end=\"813\"><strong data-start=\"780\" data-end=\"811\">Caract\u00e9ristiques techniques<\/strong><\/h3>\n<ul data-start=\"814\" data-end=\"1733\">\n<li data-start=\"814\" data-end=\"837\">\n<p data-start=\"816\" data-end=\"837\"><strong data-start=\"816\" data-end=\"826\">Marque<\/strong> : Makita<\/p>\n<\/li>\n<li data-start=\"838\" data-end=\"864\">\n<p data-start=\"840\" data-end=\"864\"><strong data-start=\"840\" data-end=\"850\">Mod\u00e8le<\/strong> : DLM432CT2<\/p>\n<\/li>\n<li data-start=\"865\" data-end=\"915\">\n<p data-start=\"867\" data-end=\"915\"><strong data-start=\"867\" data-end=\"875\">Taper<\/strong> : Tondeuse \u00e0 gazon sans fil (pouss\u00e9e)<\/p>\n<\/li>\n<li data-start=\"916\" data-end=\"961\">\n<p data-start=\"918\" data-end=\"961\"><strong data-start=\"918\" data-end=\"934\">Pension<\/strong> : 2 \u00d7 18 V = 36 V Li-ion<\/p>\n<\/li>\n<li data-start=\"962\" data-end=\"1019\">\n<p data-start=\"964\" data-end=\"1019\"><strong data-start=\"964\" data-end=\"986\">Batteries incluses<\/strong> : 2 \u00d7 5,0 Ah + chargeur double<\/p>\n<\/li>\n<li data-start=\"1020\" data-end=\"1052\">\n<p data-start=\"1022\" data-end=\"1052\"><strong data-start=\"1022\" data-end=\"1042\">Largeur de mignonne<\/strong> : 43 cm<\/p>\n<\/li>\n<li data-start=\"1053\" data-end=\"1112\">\n<p data-start=\"1055\" data-end=\"1112\"><strong data-start=\"1055\" data-end=\"1075\">Hauteur de coupe<\/strong> : 13 positions, environ 20 \u00e0 75 mm<\/p>\n<\/li>\n<li data-start=\"1113\" data-end=\"1163\">\n<p data-start=\"1115\" data-end=\"1163\"><strong data-start=\"1115\" data-end=\"1147\">Capacit\u00e9 du bac de ramassage<\/strong> : ~ 50 litres<\/p>\n<\/li>\n<li data-start=\"1164\" data-end=\"1255\">\n<p data-start=\"1166\" data-end=\"1255\"><strong data-start=\"1166\" data-end=\"1188\">Surface conseill\u00e9e<\/strong> : jusqu\u2019\u00e0 950 m\u00b2 selon capacit\u00e9 batteries et conditions de tonte<\/p>\n<\/li>\n<li data-start=\"1256\" data-end=\"1305\">\n<p data-start=\"1258\" data-end=\"1305\"><strong data-start=\"1258\" data-end=\"1286\">Vitesse \u00e0 vide du moteur<\/strong> : ~ 3 600 tr\/min<\/p>\n<\/li>\n<li data-start=\"1306\" data-end=\"1344\">\n<p data-start=\"1308\" data-end=\"1344\"><strong data-start=\"1308\" data-end=\"1332\">Poids avec batteries<\/strong> : ~ 17 kg<\/p>\n<\/li>\n<li data-start=\"1345\" data-end=\"1438\">\n<p data-start=\"1347\" data-end=\"1438\"><strong data-start=\"1347\" data-end=\"1364\">Niveau sonore<\/strong> : pression acoustique ~ 81 dB(A) \/ puissance sonore garantie ~ 91 dB(A)<\/p>\n<\/li>\n<li data-start=\"1439\" data-end=\"1470\">\n<p data-start=\"1441\" data-end=\"1470\"><strong data-start=\"1441\" data-end=\"1455\">Vibrations<\/strong> : ~ 2,5 m\/s\u00b2<\/p>\n<\/li>\n<li data-start=\"1471\" data-end=\"1567\">\n<p data-start=\"1473\" data-end=\"1567\"><strong data-start=\"1473\" data-end=\"1495\">Fonctions de coupe<\/strong> : Ramassage + \u00e9jection arri\u00e8re (mulching possible avec kit en option)<\/p>\n<\/li>\n<li data-start=\"1568\" data-end=\"1626\">\n<p data-start=\"1570\" data-end=\"1626\"><strong data-start=\"1570\" data-end=\"1580\">Guidon<\/strong> : pliable, ergonomique, r\u00e9glable en hauteur<\/p>\n<\/li>\n<li data-start=\"1627\" data-end=\"1687\">\n<p data-start=\"1629\" data-end=\"1687\"><strong data-start=\"1629\" data-end=\"1641\">S\u00e9curit\u00e9<\/strong> : bouton de verrouillage et cl\u00e9 de s\u00e9curit\u00e9<\/p>\n<\/li>\n<li data-start=\"1688\" data-end=\"1733\">\n<p data-start=\"1690\" data-end=\"1733\"><strong data-start=\"1690\" data-end=\"1712\">Mat\u00e9riau du carter<\/strong> : polym\u00e8re robuste<\/p>\n<\/li>\n<\/ul>","protected":false},"excerpt":{"rendered":"<p>Description du produit La Makita DLM432CT2 est une tondeuse \u00e0 gazon sans fil id\u00e9ale pour les jardins de taille moyenne.<\/p>","protected":false},"featured_media":19536,"template":"","meta":[],"product_brand":[],"product_cat":[64],"product_tag":[65],"product_country":[1503],"class_list":{"0":"post-19535","1":"product","2":"type-product","3":"status-publish","4":"has-post-thumbnail","6":"product_cat-movers","7":"product_tag-movers","8":"product_country-france","10":"first","11":"instock","12":"sale","13":"taxable","14":"shipping-taxable","15":"purchasable","16":"product-type-simple"},"_links":{"self":[{"href":"https:\/\/routinesfashione.com\/fr\/wp-json\/wp\/v2\/product\/19535","targetHints":{"allow":["GET"]}}],"collection":[{"href":"https:\/\/routinesfashione.com\/fr\/wp-json\/wp\/v2\/product"}],"about":[{"href":"https:\/\/routinesfashione.com\/fr\/wp-json\/wp\/v2\/types\/product"}],"wp:featuredmedia":[{"embeddable":true,"href":"https:\/\/routinesfashione.com\/fr\/wp-json\/wp\/v2\/media\/19536"}],"wp:attachment":[{"href":"https:\/\/routinesfashione.com\/fr\/wp-json\/wp\/v2\/media?parent=19535"}],"wp:term":[{"taxonomy":"product_brand","embeddable":true,"href":"https:\/\/routinesfashione.com\/fr\/wp-json\/wp\/v2\/product_brand?post=19535"},{"taxonomy":"product_cat","embeddable":true,"href":"https:\/\/routinesfashione.com\/fr\/wp-json\/wp\/v2\/product_cat?post=19535"},{"taxonomy":"product_tag","embeddable":true,"href":"https:\/\/routinesfashione.com\/fr\/wp-json\/wp\/v2\/product_tag?post=19535"},{"taxonomy":"product_country","embeddable":true,"href":"https:\/\/routinesfashione.com\/fr\/wp-json\/wp\/v2\/product_country?post=19535"}],"curies":[{"name":"wp","href":"https:\/\/api.w.org\/{rel}","templated":true}]}}